{"id":2122,"date":"2024-06-06T10:00:03","date_gmt":"2024-06-06T07:00:03","guid":{"rendered":"https:\/\/xn--sykett-gua.fi\/?page_id=2122"},"modified":"2025-07-30T15:07:42","modified_gmt":"2025-07-30T12:07:42","slug":"member-services","status":"publish","type":"page","link":"https:\/\/xn--sykett-gua.fi\/joensuu\/en\/member-services\/","title":{"rendered":"Member services"},"content":{"rendered":"\t\t<div data-elementor-type=\"wp-page\" data-elementor-id=\"2122\" class=\"elementor elementor-2122\" data-elementor-post-type=\"page\">\n\t\t\t\t<div data-particle_enable=\"false\" data-particle-mobile-disabled=\"false\" class=\"elementor-element elementor-element-1ea1e94 e-flex e-con-boxed e-con e-parent\" data-id=\"1ea1e94\" data-element_type=\"container\" data-e-type=\"container\" data-settings=\"{&quot;background_background&quot;:&quot;classic&quot;}\">\n\t\t\t\t\t<div class=\"e-con-inner\">\n\t\t<div data-particle_enable=\"false\" data-particle-mobile-disabled=\"false\" class=\"elementor-element elementor-element-633daca e-flex e-con-boxed e-con e-child\" data-id=\"633daca\" data-element_type=\"container\" data-e-type=\"container\">\n\t\t\t\t\t<div class=\"e-con-inner\">\n\t\t\t\t<div class=\"elementor-element elementor-element-6d936c2 elementor-widget__width-inherit elementor-widget elementor-widget-text-editor\" data-id=\"6d936c2\" data-element_type=\"widget\" data-e-type=\"widget\" data-widget_type=\"text-editor.default\">\n\t\t\t\t<div class=\"elementor-widget-container\">\n\t\t\t\t\t\t\t\t\t<p>The SYKETT\u00c4 sports offerings include group exercise classes, ball sports and other exercise turns, as well as access to gyms. We also organize sports courses.<\/p>\t\t\t\t\t\t\t\t<\/div>\n\t\t\t\t<\/div>\n\t\t\t\t<div class=\"elementor-element elementor-element-2dc3004 elementor-widget elementor-widget-button\" data-id=\"2dc3004\" data-element_type=\"widget\" data-e-type=\"widget\" data-widget_type=\"button.default\">\n\t\t\t\t<div class=\"elementor-widget-container\">\n\t\t\t\t\t\t\t\t\t<div class=\"elementor-button-wrapper\">\n\t\t\t\t\t<a class=\"elementor-button elementor-button-link elementor-size-sm\" href=\"\/joensuu\/en\" target=\"_blank\">\n\t\t\t\t\t\t<span class=\"elementor-button-content-wrapper\">\n\t\t\t\t\t\t\t\t\t<span class=\"elementor-button-text\">Sports Calendar<\/span>\n\t\t\t\t\t<\/span>\n\t\t\t\t\t<\/a>\n\t\t\t\t<\/div>\n\t\t\t\t\t\t\t\t<\/div>\n\t\t\t\t<\/div>\n\t\t\t\t\t<\/div>\n\t\t\t\t<\/div>\n\t\t<div data-particle_enable=\"false\" data-particle-mobile-disabled=\"false\" class=\"elementor-element elementor-element-9d7c6db e-flex e-con-boxed e-con e-child\" data-id=\"9d7c6db\" data-element_type=\"container\" data-e-type=\"container\">\n\t\t\t\t\t<div class=\"e-con-inner\">\n\t\t\t\t<div class=\"elementor-element elementor-element-187bbf5 elementor-widget elementor-widget-image\" data-id=\"187bbf5\" data-element_type=\"widget\" data-e-type=\"widget\" data-widget_type=\"image.default\">\n\t\t\t\t<div class=\"elementor-widget-container\">\n\t\t\t\t\t\t\t\t\t\t\t\t\t\t\t<img fetchpriority=\"high\" decoding=\"async\" width=\"296\" height=\"360\" src=\"https:\/\/xn--sykett-gua.fi\/joensuu\/wp-content\/uploads\/sites\/3\/2024\/09\/SUSI-JA-POLLO-PINKKI-ORANSSI-PANTA.png\" class=\"attachment-large size-large wp-image-3733\" alt=\"\" srcset=\"https:\/\/xn--sykett-gua.fi\/joensuu\/wp-content\/uploads\/sites\/3\/2024\/09\/SUSI-JA-POLLO-PINKKI-ORANSSI-PANTA.png 296w, https:\/\/xn--sykett-gua.fi\/joensuu\/wp-content\/uploads\/sites\/3\/2024\/09\/SUSI-JA-POLLO-PINKKI-ORANSSI-PANTA-247x300.png 247w\" sizes=\"(max-width: 296px) 100vw, 296px\" \/>\t\t\t\t\t\t\t\t\t\t\t\t\t\t\t<\/div>\n\t\t\t\t<\/div>\n\t\t\t\t\t<\/div>\n\t\t\t\t<\/div>\n\t\t\t\t\t<\/div>\n\t\t\t\t<\/div>\n\t\t<div data-particle_enable=\"false\" data-particle-mobile-disabled=\"false\" class=\"elementor-element elementor-element-3c970e6 e-grid e-con-boxed e-con e-parent\" data-id=\"3c970e6\" data-element_type=\"container\" data-e-type=\"container\">\n\t\t\t\t\t<div class=\"e-con-inner\">\n\t\t<div data-particle_enable=\"false\" data-particle-mobile-disabled=\"false\" class=\"elementor-element elementor-element-e0e6179 e-flex e-con-boxed e-con e-child\" data-id=\"e0e6179\" data-element_type=\"container\" data-e-type=\"container\">\n\t\t\t\t\t<div class=\"e-con-inner\">\n\t\t\t\t<div class=\"elementor-element elementor-element-32e273d elementor-widget elementor-widget-heading\" data-id=\"32e273d\" data-element_type=\"widget\" data-e-type=\"widget\" data-widget_type=\"heading.default\">\n\t\t\t\t<div class=\"elementor-widget-container\">\n\t\t\t\t\t<h2 class=\"elementor-heading-title elementor-size-default\">Group Exercise Classes<\/h2>\t\t\t\t<\/div>\n\t\t\t\t<\/div>\n\t\t\t\t<div class=\"elementor-element elementor-element-7caf8d5 elementor-widget elementor-widget-image\" data-id=\"7caf8d5\" data-element_type=\"widget\" data-e-type=\"widget\" data-widget_type=\"image.default\">\n\t\t\t\t<div class=\"elementor-widget-container\">\n\t\t\t\t\t\t\t\t\t\t\t\t\t\t\t<img decoding=\"async\" width=\"800\" height=\"534\" src=\"https:\/\/xn--sykett-gua.fi\/joensuu\/wp-content\/uploads\/sites\/3\/2024\/11\/MG_7886-1024x683.jpg\" class=\"attachment-large size-large wp-image-5010\" alt=\"Ryhm\u00e4liikuntatunti\" srcset=\"https:\/\/xn--sykett-gua.fi\/joensuu\/wp-content\/uploads\/sites\/3\/2024\/11\/MG_7886-1024x683.jpg 1024w, https:\/\/xn--sykett-gua.fi\/joensuu\/wp-content\/uploads\/sites\/3\/2024\/11\/MG_7886-300x200.jpg 300w, https:\/\/xn--sykett-gua.fi\/joensuu\/wp-content\/uploads\/sites\/3\/2024\/11\/MG_7886-768x512.jpg 768w, https:\/\/xn--sykett-gua.fi\/joensuu\/wp-content\/uploads\/sites\/3\/2024\/11\/MG_7886-1536x1024.jpg 1536w, https:\/\/xn--sykett-gua.fi\/joensuu\/wp-content\/uploads\/sites\/3\/2024\/11\/MG_7886.jpg 1920w\" sizes=\"(max-width: 800px) 100vw, 800px\" \/>\t\t\t\t\t\t\t\t\t\t\t\t\t\t\t<\/div>\n\t\t\t\t<\/div>\n\t\t\t\t<div class=\"elementor-element elementor-element-6e33424 elementor-widget elementor-widget-text-editor\" data-id=\"6e33424\" data-element_type=\"widget\" data-e-type=\"widget\" data-widget_type=\"text-editor.default\">\n\t\t\t\t<div class=\"elementor-widget-container\">\n\t\t\t\t\t\t\t\t\t<p>From the group exercise offerings, you&#8217;ll find options such as dance classes, strength training classes, body conditioning classes, martial arts classes, and gym workouts.<\/p><p>Be sure to check out the <em>Low Level<\/em>\u00a0(Gentle Start) classes too!<\/p>\t\t\t\t\t\t\t\t<\/div>\n\t\t\t\t<\/div>\n\t\t\t\t<div class=\"elementor-element elementor-element-ef55a7f elementor-widget elementor-widget-button\" data-id=\"ef55a7f\" data-element_type=\"widget\" data-e-type=\"widget\" data-widget_type=\"button.default\">\n\t\t\t\t<div class=\"elementor-widget-container\">\n\t\t\t\t\t\t\t\t\t<div class=\"elementor-button-wrapper\">\n\t\t\t\t\t<a class=\"elementor-button elementor-button-link elementor-size-sm\" href=\"\/joensuu\/en\/member-services\/group-exercise-classes\/\" target=\"_blank\">\n\t\t\t\t\t\t<span class=\"elementor-button-content-wrapper\">\n\t\t\t\t\t\t\t\t\t<span class=\"elementor-button-text\"> Explore the offerings!<\/span>\n\t\t\t\t\t<\/span>\n\t\t\t\t\t<\/a>\n\t\t\t\t<\/div>\n\t\t\t\t\t\t\t\t<\/div>\n\t\t\t\t<\/div>\n\t\t\t\t\t<\/div>\n\t\t\t\t<\/div>\n\t\t<div data-particle_enable=\"false\" data-particle-mobile-disabled=\"false\" class=\"elementor-element elementor-element-3f65277 e-con-full e-flex e-con e-child\" data-id=\"3f65277\" data-element_type=\"container\" data-e-type=\"container\">\n\t\t\t\t<div class=\"elementor-element elementor-element-16e80b8 elementor-widget elementor-widget-heading\" data-id=\"16e80b8\" data-element_type=\"widget\" data-e-type=\"widget\" data-widget_type=\"heading.default\">\n\t\t\t\t<div class=\"elementor-widget-container\">\n\t\t\t\t\t<h2 class=\"elementor-heading-title elementor-size-default\">Ball Sports and Other Exercise Turns<\/h2>\t\t\t\t<\/div>\n\t\t\t\t<\/div>\n\t\t\t\t<div class=\"elementor-element elementor-element-733654b elementor-widget elementor-widget-image\" data-id=\"733654b\" data-element_type=\"widget\" data-e-type=\"widget\" data-widget_type=\"image.default\">\n\t\t\t\t<div class=\"elementor-widget-container\">\n\t\t\t\t\t\t\t\t\t\t\t\t\t\t\t<img decoding=\"async\" width=\"800\" height=\"534\" src=\"https:\/\/xn--sykett-gua.fi\/joensuu\/wp-content\/uploads\/sites\/3\/2024\/11\/MG_8921-1024x683.jpg\" class=\"attachment-large size-large wp-image-5006\" alt=\"S\u00e4hlynpelaajat pelin py\u00f6rteiss\u00e4.\" srcset=\"https:\/\/xn--sykett-gua.fi\/joensuu\/wp-content\/uploads\/sites\/3\/2024\/11\/MG_8921-1024x683.jpg 1024w, https:\/\/xn--sykett-gua.fi\/joensuu\/wp-content\/uploads\/sites\/3\/2024\/11\/MG_8921-300x200.jpg 300w, https:\/\/xn--sykett-gua.fi\/joensuu\/wp-content\/uploads\/sites\/3\/2024\/11\/MG_8921-768x512.jpg 768w, https:\/\/xn--sykett-gua.fi\/joensuu\/wp-content\/uploads\/sites\/3\/2024\/11\/MG_8921-1536x1024.jpg 1536w, https:\/\/xn--sykett-gua.fi\/joensuu\/wp-content\/uploads\/sites\/3\/2024\/11\/MG_8921.jpg 1920w\" sizes=\"(max-width: 800px) 100vw, 800px\" \/>\t\t\t\t\t\t\t\t\t\t\t\t\t\t\t<\/div>\n\t\t\t\t<\/div>\n\t\t\t\t<div class=\"elementor-element elementor-element-61ad5a0 elementor-widget elementor-widget-text-editor\" data-id=\"61ad5a0\" data-element_type=\"widget\" data-e-type=\"widget\" data-widget_type=\"text-editor.default\">\n\t\t\t\t<div class=\"elementor-widget-container\">\n\t\t\t\t\t\t\t\t\t<p>Explore the SYKETT\u00c4 ball sports and other exercise turns. Here, you&#8217;ll also find information about regular, open and family turns.<\/p>\t\t\t\t\t\t\t\t<\/div>\n\t\t\t\t<\/div>\n\t\t\t\t<div class=\"elementor-element elementor-element-eb35cdf elementor-widget elementor-widget-button\" data-id=\"eb35cdf\" data-element_type=\"widget\" data-e-type=\"widget\" data-widget_type=\"button.default\">\n\t\t\t\t<div class=\"elementor-widget-container\">\n\t\t\t\t\t\t\t\t\t<div class=\"elementor-button-wrapper\">\n\t\t\t\t\t<a class=\"elementor-button elementor-button-link elementor-size-sm\" href=\"\/joensuu\/en\/member-services\/ball-sports-and-other-exercise-turns\/\" target=\"_blank\">\n\t\t\t\t\t\t<span class=\"elementor-button-content-wrapper\">\n\t\t\t\t\t\t\t\t\t<span class=\"elementor-button-text\"> Explore the offerings!<\/span>\n\t\t\t\t\t<\/span>\n\t\t\t\t\t<\/a>\n\t\t\t\t<\/div>\n\t\t\t\t\t\t\t\t<\/div>\n\t\t\t\t<\/div>\n\t\t\t\t<\/div>\n\t\t<div data-particle_enable=\"false\" data-particle-mobile-disabled=\"false\" class=\"elementor-element elementor-element-5ca4f5a e-con-full e-flex e-con e-child\" data-id=\"5ca4f5a\" data-element_type=\"container\" data-e-type=\"container\">\n\t\t\t\t<div class=\"elementor-element elementor-element-a78db02 elementor-widget elementor-widget-heading\" data-id=\"a78db02\" data-element_type=\"widget\" data-e-type=\"widget\" data-widget_type=\"heading.default\">\n\t\t\t\t<div class=\"elementor-widget-container\">\n\t\t\t\t\t<h2 class=\"elementor-heading-title elementor-size-default\">Gym Turns<\/h2>\t\t\t\t<\/div>\n\t\t\t\t<\/div>\n\t\t\t\t<div class=\"elementor-element elementor-element-8697f6f elementor-widget elementor-widget-image\" data-id=\"8697f6f\" data-element_type=\"widget\" data-e-type=\"widget\" data-widget_type=\"image.default\">\n\t\t\t\t<div class=\"elementor-widget-container\">\n\t\t\t\t\t\t\t\t\t\t\t\t\t\t\t<img loading=\"lazy\" decoding=\"async\" width=\"800\" height=\"534\" src=\"https:\/\/xn--sykett-gua.fi\/joensuu\/wp-content\/uploads\/sites\/3\/2024\/11\/MG_2350-1024x683.jpg\" class=\"attachment-large size-large wp-image-5018\" alt=\"Kuntosalilaitteita pelisalissa\" srcset=\"https:\/\/xn--sykett-gua.fi\/joensuu\/wp-content\/uploads\/sites\/3\/2024\/11\/MG_2350-1024x683.jpg 1024w, https:\/\/xn--sykett-gua.fi\/joensuu\/wp-content\/uploads\/sites\/3\/2024\/11\/MG_2350-300x200.jpg 300w, https:\/\/xn--sykett-gua.fi\/joensuu\/wp-content\/uploads\/sites\/3\/2024\/11\/MG_2350-768x512.jpg 768w, https:\/\/xn--sykett-gua.fi\/joensuu\/wp-content\/uploads\/sites\/3\/2024\/11\/MG_2350-1536x1024.jpg 1536w, https:\/\/xn--sykett-gua.fi\/joensuu\/wp-content\/uploads\/sites\/3\/2024\/11\/MG_2350.jpg 1920w\" sizes=\"(max-width: 800px) 100vw, 800px\" \/>\t\t\t\t\t\t\t\t\t\t\t\t\t\t\t<\/div>\n\t\t\t\t<\/div>\n\t\t\t\t<div class=\"elementor-element elementor-element-3974a83 elementor-widget elementor-widget-text-editor\" data-id=\"3974a83\" data-element_type=\"widget\" data-e-type=\"widget\" data-widget_type=\"text-editor.default\">\n\t\t\t\t<div class=\"elementor-widget-container\">\n\t\t\t\t\t\t\t\t\t<p>SYKETT\u00c4 University Sports offers access to four gyms: Portti54, Aurora Gym, Tikkarinne Gym, and Joensuu Arena Gym.<\/p>\t\t\t\t\t\t\t\t<\/div>\n\t\t\t\t<\/div>\n\t\t\t\t<div class=\"elementor-element elementor-element-6fc029a elementor-widget elementor-widget-button\" data-id=\"6fc029a\" data-element_type=\"widget\" data-e-type=\"widget\" data-widget_type=\"button.default\">\n\t\t\t\t<div class=\"elementor-widget-container\">\n\t\t\t\t\t\t\t\t\t<div class=\"elementor-button-wrapper\">\n\t\t\t\t\t<a class=\"elementor-button elementor-button-link elementor-size-sm\" href=\"\/joensuu\/en\/facilities\/gyms\/\" target=\"_blank\">\n\t\t\t\t\t\t<span class=\"elementor-button-content-wrapper\">\n\t\t\t\t\t\t\t\t\t<span class=\"elementor-button-text\"> Explore the gyms!<\/span>\n\t\t\t\t\t<\/span>\n\t\t\t\t\t<\/a>\n\t\t\t\t<\/div>\n\t\t\t\t\t\t\t\t<\/div>\n\t\t\t\t<\/div>\n\t\t\t\t<\/div>\n\t\t<div data-particle_enable=\"false\" data-particle-mobile-disabled=\"false\" class=\"elementor-element elementor-element-ea600d7 e-con-full e-flex e-con e-child\" data-id=\"ea600d7\" data-element_type=\"container\" data-e-type=\"container\">\n\t\t\t\t<div class=\"elementor-element elementor-element-bd4e647 elementor-widget elementor-widget-heading\" data-id=\"bd4e647\" data-element_type=\"widget\" data-e-type=\"widget\" data-widget_type=\"heading.default\">\n\t\t\t\t<div class=\"elementor-widget-container\">\n\t\t\t\t\t<h2 class=\"elementor-heading-title elementor-size-default\">Sports Courses<\/h2>\t\t\t\t<\/div>\n\t\t\t\t<\/div>\n\t\t\t\t<div class=\"elementor-element elementor-element-bdc6c7d elementor-widget elementor-widget-image\" data-id=\"bdc6c7d\" data-element_type=\"widget\" data-e-type=\"widget\" data-widget_type=\"image.default\">\n\t\t\t\t<div class=\"elementor-widget-container\">\n\t\t\t\t\t\t\t\t\t\t\t\t\t\t\t<img loading=\"lazy\" decoding=\"async\" width=\"800\" height=\"534\" src=\"https:\/\/xn--sykett-gua.fi\/joensuu\/wp-content\/uploads\/sites\/3\/2024\/11\/MG_5316-1024x683.jpg\" class=\"attachment-large size-large wp-image-5003\" alt=\"Ilmajoogaa liinojen varassa\" srcset=\"https:\/\/xn--sykett-gua.fi\/joensuu\/wp-content\/uploads\/sites\/3\/2024\/11\/MG_5316-1024x683.jpg 1024w, https:\/\/xn--sykett-gua.fi\/joensuu\/wp-content\/uploads\/sites\/3\/2024\/11\/MG_5316-300x200.jpg 300w, https:\/\/xn--sykett-gua.fi\/joensuu\/wp-content\/uploads\/sites\/3\/2024\/11\/MG_5316-768x512.jpg 768w, https:\/\/xn--sykett-gua.fi\/joensuu\/wp-content\/uploads\/sites\/3\/2024\/11\/MG_5316-1536x1024.jpg 1536w, https:\/\/xn--sykett-gua.fi\/joensuu\/wp-content\/uploads\/sites\/3\/2024\/11\/MG_5316.jpg 1920w\" sizes=\"(max-width: 800px) 100vw, 800px\" \/>\t\t\t\t\t\t\t\t\t\t\t\t\t\t\t<\/div>\n\t\t\t\t<\/div>\n\t\t\t\t<div class=\"elementor-element elementor-element-ec4f4fd elementor-widget elementor-widget-text-editor\" data-id=\"ec4f4fd\" data-element_type=\"widget\" data-e-type=\"widget\" data-widget_type=\"text-editor.default\">\n\t\t\t\t<div class=\"elementor-widget-container\">\n\t\t\t\t\t\t\t\t\t<p>SYKETT\u00c4 organizes sports courses both in the autumn and spring. The courses are usually free or may require a small participation fee. You can join the courses with both memberships.<\/p>\t\t\t\t\t\t\t\t<\/div>\n\t\t\t\t<\/div>\n\t\t\t\t<div class=\"elementor-element elementor-element-1fcadc9 elementor-widget elementor-widget-button\" data-id=\"1fcadc9\" data-element_type=\"widget\" data-e-type=\"widget\" data-widget_type=\"button.default\">\n\t\t\t\t<div class=\"elementor-widget-container\">\n\t\t\t\t\t\t\t\t\t<div class=\"elementor-button-wrapper\">\n\t\t\t\t\t<a class=\"elementor-button elementor-button-link elementor-size-sm\" href=\"\/joensuu\/en\/member-services\/sports-courses\/\" target=\"_blank\">\n\t\t\t\t\t\t<span class=\"elementor-button-content-wrapper\">\n\t\t\t\t\t\t\t\t\t<span class=\"elementor-button-text\">Explore the courses!<\/span>\n\t\t\t\t\t<\/span>\n\t\t\t\t\t<\/a>\n\t\t\t\t<\/div>\n\t\t\t\t\t\t\t\t<\/div>\n\t\t\t\t<\/div>\n\t\t\t\t<\/div>\n\t\t\t\t\t<\/div>\n\t\t\t\t<\/div>\n\t\t\t\t<\/div>\n\t\t","protected":false},"excerpt":{"rendered":"<p>The SYKETT\u00c4 sports offerings include group exercise classes, ball sports and other exercise turns, as well as access to gyms. We also organize sports courses. Sports Calendar Group Exercise Classes From the group exercise offerings, you&#8217;ll find options such as dance classes, strength training classes, body conditioning classes, martial arts classes, and gym workouts. Be [&hellip;]<\/p>\n","protected":false},"author":3,"featured_media":0,"parent":0,"menu_order":0,"comment_status":"closed","ping_status":"closed","template":"","meta":{"iawp_total_views":566,"footnotes":""},"class_list":["post-2122","page","type-page","status-publish","hentry"],"yoast_head":"<!-- This site is optimized with the Yoast SEO plugin v27.3 - https:\/\/yoast.com\/product\/yoast-seo-wordpress\/ -->\n<title>Member services - SYKETT\u00c4 Joensuu<\/title>\n<meta name=\"description\" content=\"The SYKETT\u00c4 sports offerings include group exercise classes, ball sports and activity sessions, as well as access to gyms. We also organize sports courses.\" \/>\n<meta name=\"robots\" content=\"index, follow, max-snippet:-1, max-image-preview:large, max-video-preview:-1\" \/>\n<link rel=\"canonical\" href=\"https:\/\/xn--sykett-gua.fi\/joensuu\/en\/member-services\/\" \/>\n<meta property=\"og:locale\" content=\"fi_FI\" \/>\n<meta property=\"og:type\" content=\"article\" \/>\n<meta property=\"og:title\" content=\"Member services - SYKETT\u00c4 Joensuu\" \/>\n<meta property=\"og:description\" content=\"The SYKETT\u00c4 sports offerings include group exercise classes, ball sports and activity sessions, as well as access to gyms. We also organize sports courses.\" \/>\n<meta property=\"og:url\" content=\"https:\/\/xn--sykett-gua.fi\/joensuu\/en\/member-services\/\" \/>\n<meta property=\"og:site_name\" content=\"SYKETT\u00c4 Joensuu\" \/>\n<meta property=\"article:modified_time\" content=\"2025-07-30T12:07:42+00:00\" \/>\n<meta property=\"og:image\" content=\"https:\/\/xn--sykett-gua.fi\/joensuu\/wp-content\/uploads\/sites\/3\/2024\/09\/SUSI-JA-POLLO-PINKKI-ORANSSI-PANTA.png\" \/>\n\t<meta property=\"og:image:width\" content=\"296\" \/>\n\t<meta property=\"og:image:height\" content=\"360\" \/>\n\t<meta property=\"og:image:type\" content=\"image\/png\" \/>\n<meta name=\"twitter:card\" content=\"summary_large_image\" \/>\n<meta name=\"twitter:label1\" content=\"Arvioitu lukuaika\" \/>\n\t<meta name=\"twitter:data1\" content=\"2 minuuttia\" \/>\n<script type=\"application\/ld+json\" class=\"yoast-schema-graph\">{\"@context\":\"https:\\\/\\\/schema.org\",\"@graph\":[{\"@type\":\"WebPage\",\"@id\":\"https:\\\/\\\/xn--sykett-gua.fi\\\/joensuu\\\/en\\\/member-services\\\/\",\"url\":\"https:\\\/\\\/xn--sykett-gua.fi\\\/joensuu\\\/en\\\/member-services\\\/\",\"name\":\"Member services - SYKETT\u00c4 Joensuu\",\"isPartOf\":{\"@id\":\"https:\\\/\\\/xn--sykett-gua.fi\\\/joensuu\\\/#website\"},\"primaryImageOfPage\":{\"@id\":\"https:\\\/\\\/xn--sykett-gua.fi\\\/joensuu\\\/en\\\/member-services\\\/#primaryimage\"},\"image\":{\"@id\":\"https:\\\/\\\/xn--sykett-gua.fi\\\/joensuu\\\/en\\\/member-services\\\/#primaryimage\"},\"thumbnailUrl\":\"https:\\\/\\\/xn--sykett-gua.fi\\\/joensuu\\\/wp-content\\\/uploads\\\/sites\\\/3\\\/2024\\\/09\\\/SUSI-JA-POLLO-PINKKI-ORANSSI-PANTA.png\",\"datePublished\":\"2024-06-06T07:00:03+00:00\",\"dateModified\":\"2025-07-30T12:07:42+00:00\",\"description\":\"The SYKETT\u00c4 sports offerings include group exercise classes, ball sports and activity sessions, as well as access to gyms. We also organize sports courses.\",\"breadcrumb\":{\"@id\":\"https:\\\/\\\/xn--sykett-gua.fi\\\/joensuu\\\/en\\\/member-services\\\/#breadcrumb\"},\"inLanguage\":\"fi\",\"potentialAction\":[{\"@type\":\"ReadAction\",\"target\":[\"https:\\\/\\\/xn--sykett-gua.fi\\\/joensuu\\\/en\\\/member-services\\\/\"]}]},{\"@type\":\"ImageObject\",\"inLanguage\":\"fi\",\"@id\":\"https:\\\/\\\/xn--sykett-gua.fi\\\/joensuu\\\/en\\\/member-services\\\/#primaryimage\",\"url\":\"https:\\\/\\\/xn--sykett-gua.fi\\\/joensuu\\\/wp-content\\\/uploads\\\/sites\\\/3\\\/2024\\\/09\\\/SUSI-JA-POLLO-PINKKI-ORANSSI-PANTA.png\",\"contentUrl\":\"https:\\\/\\\/xn--sykett-gua.fi\\\/joensuu\\\/wp-content\\\/uploads\\\/sites\\\/3\\\/2024\\\/09\\\/SUSI-JA-POLLO-PINKKI-ORANSSI-PANTA.png\",\"width\":296,\"height\":360},{\"@type\":\"BreadcrumbList\",\"@id\":\"https:\\\/\\\/xn--sykett-gua.fi\\\/joensuu\\\/en\\\/member-services\\\/#breadcrumb\",\"itemListElement\":[{\"@type\":\"ListItem\",\"position\":1,\"name\":\"Etusivu\",\"item\":\"https:\\\/\\\/xn--sykett-gua.fi\\\/joensuu\\\/fi\\\/joensuu\\\/\"},{\"@type\":\"ListItem\",\"position\":2,\"name\":\"Member services\"}]},{\"@type\":\"WebSite\",\"@id\":\"https:\\\/\\\/xn--sykett-gua.fi\\\/joensuu\\\/#website\",\"url\":\"https:\\\/\\\/xn--sykett-gua.fi\\\/joensuu\\\/\",\"name\":\"SYKETT\u00c4 Joensuu\",\"description\":\"\",\"publisher\":{\"@id\":\"https:\\\/\\\/xn--sykett-gua.fi\\\/joensuu\\\/#organization\"},\"potentialAction\":[{\"@type\":\"SearchAction\",\"target\":{\"@type\":\"EntryPoint\",\"urlTemplate\":\"https:\\\/\\\/xn--sykett-gua.fi\\\/joensuu\\\/?s={search_term_string}\"},\"query-input\":{\"@type\":\"PropertyValueSpecification\",\"valueRequired\":true,\"valueName\":\"search_term_string\"}}],\"inLanguage\":\"fi\"},{\"@type\":\"Organization\",\"@id\":\"https:\\\/\\\/xn--sykett-gua.fi\\\/joensuu\\\/#organization\",\"name\":\"SYKETT\u00c4 Joensuu\",\"url\":\"https:\\\/\\\/xn--sykett-gua.fi\\\/joensuu\\\/\",\"logo\":{\"@type\":\"ImageObject\",\"inLanguage\":\"fi\",\"@id\":\"https:\\\/\\\/xn--sykett-gua.fi\\\/joensuu\\\/#\\\/schema\\\/logo\\\/image\\\/\",\"url\":\"https:\\\/\\\/xn--sykett-gua.fi\\\/joensuu\\\/wp-content\\\/uploads\\\/sites\\\/3\\\/2024\\\/06\\\/Asset-2@2x-2.png\",\"contentUrl\":\"https:\\\/\\\/xn--sykett-gua.fi\\\/joensuu\\\/wp-content\\\/uploads\\\/sites\\\/3\\\/2024\\\/06\\\/Asset-2@2x-2.png\",\"width\":1003,\"height\":373,\"caption\":\"SYKETT\u00c4 Joensuu\"},\"image\":{\"@id\":\"https:\\\/\\\/xn--sykett-gua.fi\\\/joensuu\\\/#\\\/schema\\\/logo\\\/image\\\/\"}}]}<\/script>\n<!-- \/ Yoast SEO plugin. -->","yoast_head_json":{"title":"Member services - SYKETT\u00c4 Joensuu","description":"The SYKETT\u00c4 sports offerings include group exercise classes, ball sports and activity sessions, as well as access to gyms. We also organize sports courses.","robots":{"index":"index","follow":"follow","max-snippet":"max-snippet:-1","max-image-preview":"max-image-preview:large","max-video-preview":"max-video-preview:-1"},"canonical":"https:\/\/xn--sykett-gua.fi\/joensuu\/en\/member-services\/","og_locale":"fi_FI","og_type":"article","og_title":"Member services - SYKETT\u00c4 Joensuu","og_description":"The SYKETT\u00c4 sports offerings include group exercise classes, ball sports and activity sessions, as well as access to gyms. We also organize sports courses.","og_url":"https:\/\/xn--sykett-gua.fi\/joensuu\/en\/member-services\/","og_site_name":"SYKETT\u00c4 Joensuu","article_modified_time":"2025-07-30T12:07:42+00:00","og_image":[{"width":296,"height":360,"url":"https:\/\/xn--sykett-gua.fi\/joensuu\/wp-content\/uploads\/sites\/3\/2024\/09\/SUSI-JA-POLLO-PINKKI-ORANSSI-PANTA.png","type":"image\/png"}],"twitter_card":"summary_large_image","twitter_misc":{"Arvioitu lukuaika":"2 minuuttia"},"schema":{"@context":"https:\/\/schema.org","@graph":[{"@type":"WebPage","@id":"https:\/\/xn--sykett-gua.fi\/joensuu\/en\/member-services\/","url":"https:\/\/xn--sykett-gua.fi\/joensuu\/en\/member-services\/","name":"Member services - SYKETT\u00c4 Joensuu","isPartOf":{"@id":"https:\/\/xn--sykett-gua.fi\/joensuu\/#website"},"primaryImageOfPage":{"@id":"https:\/\/xn--sykett-gua.fi\/joensuu\/en\/member-services\/#primaryimage"},"image":{"@id":"https:\/\/xn--sykett-gua.fi\/joensuu\/en\/member-services\/#primaryimage"},"thumbnailUrl":"https:\/\/xn--sykett-gua.fi\/joensuu\/wp-content\/uploads\/sites\/3\/2024\/09\/SUSI-JA-POLLO-PINKKI-ORANSSI-PANTA.png","datePublished":"2024-06-06T07:00:03+00:00","dateModified":"2025-07-30T12:07:42+00:00","description":"The SYKETT\u00c4 sports offerings include group exercise classes, ball sports and activity sessions, as well as access to gyms. We also organize sports courses.","breadcrumb":{"@id":"https:\/\/xn--sykett-gua.fi\/joensuu\/en\/member-services\/#breadcrumb"},"inLanguage":"fi","potentialAction":[{"@type":"ReadAction","target":["https:\/\/xn--sykett-gua.fi\/joensuu\/en\/member-services\/"]}]},{"@type":"ImageObject","inLanguage":"fi","@id":"https:\/\/xn--sykett-gua.fi\/joensuu\/en\/member-services\/#primaryimage","url":"https:\/\/xn--sykett-gua.fi\/joensuu\/wp-content\/uploads\/sites\/3\/2024\/09\/SUSI-JA-POLLO-PINKKI-ORANSSI-PANTA.png","contentUrl":"https:\/\/xn--sykett-gua.fi\/joensuu\/wp-content\/uploads\/sites\/3\/2024\/09\/SUSI-JA-POLLO-PINKKI-ORANSSI-PANTA.png","width":296,"height":360},{"@type":"BreadcrumbList","@id":"https:\/\/xn--sykett-gua.fi\/joensuu\/en\/member-services\/#breadcrumb","itemListElement":[{"@type":"ListItem","position":1,"name":"Etusivu","item":"https:\/\/xn--sykett-gua.fi\/joensuu\/fi\/joensuu\/"},{"@type":"ListItem","position":2,"name":"Member services"}]},{"@type":"WebSite","@id":"https:\/\/xn--sykett-gua.fi\/joensuu\/#website","url":"https:\/\/xn--sykett-gua.fi\/joensuu\/","name":"SYKETT\u00c4 Joensuu","description":"","publisher":{"@id":"https:\/\/xn--sykett-gua.fi\/joensuu\/#organization"},"potentialAction":[{"@type":"SearchAction","target":{"@type":"EntryPoint","urlTemplate":"https:\/\/xn--sykett-gua.fi\/joensuu\/?s={search_term_string}"},"query-input":{"@type":"PropertyValueSpecification","valueRequired":true,"valueName":"search_term_string"}}],"inLanguage":"fi"},{"@type":"Organization","@id":"https:\/\/xn--sykett-gua.fi\/joensuu\/#organization","name":"SYKETT\u00c4 Joensuu","url":"https:\/\/xn--sykett-gua.fi\/joensuu\/","logo":{"@type":"ImageObject","inLanguage":"fi","@id":"https:\/\/xn--sykett-gua.fi\/joensuu\/#\/schema\/logo\/image\/","url":"https:\/\/xn--sykett-gua.fi\/joensuu\/wp-content\/uploads\/sites\/3\/2024\/06\/Asset-2@2x-2.png","contentUrl":"https:\/\/xn--sykett-gua.fi\/joensuu\/wp-content\/uploads\/sites\/3\/2024\/06\/Asset-2@2x-2.png","width":1003,"height":373,"caption":"SYKETT\u00c4 Joensuu"},"image":{"@id":"https:\/\/xn--sykett-gua.fi\/joensuu\/#\/schema\/logo\/image\/"}}]}},"_links":{"self":[{"href":"https:\/\/xn--sykett-gua.fi\/joensuu\/wp-json\/wp\/v2\/pages\/2122","targetHints":{"allow":["GET"]}}],"collection":[{"href":"https:\/\/xn--sykett-gua.fi\/joensuu\/wp-json\/wp\/v2\/pages"}],"about":[{"href":"https:\/\/xn--sykett-gua.fi\/joensuu\/wp-json\/wp\/v2\/types\/page"}],"author":[{"embeddable":true,"href":"https:\/\/xn--sykett-gua.fi\/joensuu\/wp-json\/wp\/v2\/users\/3"}],"replies":[{"embeddable":true,"href":"https:\/\/xn--sykett-gua.fi\/joensuu\/wp-json\/wp\/v2\/comments?post=2122"}],"version-history":[{"count":55,"href":"https:\/\/xn--sykett-gua.fi\/joensuu\/wp-json\/wp\/v2\/pages\/2122\/revisions"}],"predecessor-version":[{"id":8374,"href":"https:\/\/xn--sykett-gua.fi\/joensuu\/wp-json\/wp\/v2\/pages\/2122\/revisions\/8374"}],"wp:attachment":[{"href":"https:\/\/xn--sykett-gua.fi\/joensuu\/wp-json\/wp\/v2\/media?parent=2122"}],"curies":[{"name":"wp","href":"https:\/\/api.w.org\/{rel}","templated":true}]}}