{"id":2127,"date":"2024-06-06T10:09:16","date_gmt":"2024-06-06T07:09:16","guid":{"rendered":"https:\/\/xn--sykett-gua.fi\/?page_id=2127"},"modified":"2025-06-27T14:01:06","modified_gmt":"2025-06-27T11:01:06","slug":"offers-for-syketta-users","status":"publish","type":"page","link":"https:\/\/xn--sykett-gua.fi\/joensuu\/en\/member-services\/offers-for-syketta-users\/","title":{"rendered":"Offers for SYKETT\u00c4 Users"},"content":{"rendered":"\t\t<div data-elementor-type=\"wp-page\" data-elementor-id=\"2127\" class=\"elementor elementor-2127\" data-elementor-post-type=\"page\">\n\t\t\t\t<div data-particle_enable=\"false\" data-particle-mobile-disabled=\"false\" class=\"elementor-element elementor-element-ca807f5 e-flex e-con-boxed e-con e-parent\" data-id=\"ca807f5\" data-element_type=\"container\" data-e-type=\"container\">\n\t\t\t\t\t<div class=\"e-con-inner\">\n\t\t<div data-particle_enable=\"false\" data-particle-mobile-disabled=\"false\" class=\"elementor-element elementor-element-d61e8b1 e-flex e-con-boxed e-con e-child\" data-id=\"d61e8b1\" data-element_type=\"container\" data-e-type=\"container\">\n\t\t\t\t\t<div class=\"e-con-inner\">\n\t\t\t\t<div class=\"elementor-element elementor-element-f14f299 elementor-widget elementor-widget-text-editor\" data-id=\"f14f299\" data-element_type=\"widget\" data-e-type=\"widget\" data-widget_type=\"text-editor.default\">\n\t\t\t\t<div class=\"elementor-widget-container\">\n\t\t\t\t\t\t\t\t\t<h2>Kuntokeskus Energy (Fitness Center Energy)<\/h2><p>We offer SYKETT\u00c4 users group exercise classes for a price of 4,90 \u20ac\/class, after 3 pm 7,90 \u20ac\/class.<\/p><p>Reception Opening Hours:<br \/>Mondays to Thursdays, 9 am to 7 pm<br \/>Fridays, 9 am to 5 pm<br \/>Saturdays, 10 am to 2 pm<\/p><p>Contact Information:<br \/>Energy Joensuu, Metropol<br \/>010 4206650<br \/>Torikatu 31<br \/>80100 Joensuu<br \/>Shopping center Metropol<\/p><p>Read more:<br \/><a href=\"https:\/\/www.kuntokeskusenergy.com\/?lang=en\" target=\"_blank\" rel=\"noopener noreferrer\">Kuntokeskus Energy<\/a><\/p>\t\t\t\t\t\t\t\t<\/div>\n\t\t\t\t<\/div>\n\t\t\t\t\t<\/div>\n\t\t\t\t<\/div>\n\t\t<div data-particle_enable=\"false\" data-particle-mobile-disabled=\"false\" class=\"elementor-element elementor-element-9c20363 e-flex e-con-boxed e-con e-child\" data-id=\"9c20363\" data-element_type=\"container\" data-e-type=\"container\">\n\t\t\t\t\t<div class=\"e-con-inner\">\n\t\t\t\t<div class=\"elementor-element elementor-element-16832d9 elementor-widget elementor-widget-text-editor\" data-id=\"16832d9\" data-element_type=\"widget\" data-e-type=\"widget\" data-widget_type=\"text-editor.default\">\n\t\t\t\t<div class=\"elementor-widget-container\">\n\t\t\t\t\t\t\t\t\t<h2>Helena Tanskanen, Neural Pathway Massage Therapist<\/h2><p>Neural pathway massage:<br \/>60\u20ac \/ 90-120 min<\/p><p>Indian scalp massage:<br \/>20 \u20ac \/ 30 min<br \/>33 \u20ac \/ 50 min<\/p><p>Hot stone massage:<br \/>39 \u20ac \/ 60 min<\/p><p>Wellness massage:<br \/>37 \u20ac \/ 60 min<\/p><p>Foot massage:<br \/>30 \u20ac \/ 45 min<\/p><p>Welcome!<\/p><p>Contact Information:<br \/>Helena Tanskanen, neural pathway massage therapist<br \/>Suvenraitti 2b<br \/>80910 Kulho<br \/>044 9842359<\/p><p>Driving Instructions:<br \/>Driving to Kulho takes about 15 minutes. You can also get to Kulho by taking bus number 4 to the Kulho terminus. Follow the guideposts that say \u2018Hermoratahieronta\u2019, it takes about 5 minutes by foot.<\/p>\t\t\t\t\t\t\t\t<\/div>\n\t\t\t\t<\/div>\n\t\t\t\t\t<\/div>\n\t\t\t\t<\/div>\n\t\t\t\t\t<\/div>\n\t\t\t\t<\/div>\n\t\t\t\t<\/div>\n\t\t","protected":false},"excerpt":{"rendered":"<p>Kuntokeskus Energy (Fitness Center Energy) We offer SYKETT\u00c4 users group exercise classes for a price of 4,90 \u20ac\/class, after 3 pm 7,90 \u20ac\/class. Reception Opening Hours:Mondays to Thursdays, 9 am to 7 pmFridays, 9 am to 5 pmSaturdays, 10 am to 2 pm Contact Information:Energy Joensuu, Metropol010 4206650Torikatu 3180100 JoensuuShopping center Metropol Read more:Kuntokeskus Energy [&hellip;]<\/p>\n","protected":false},"author":3,"featured_media":0,"parent":2122,"menu_order":0,"comment_status":"closed","ping_status":"closed","template":"","meta":{"iawp_total_views":20,"footnotes":""},"class_list":["post-2127","page","type-page","status-publish","hentry"],"yoast_head":"<!-- This site is optimized with the Yoast SEO plugin v27.5 - https:\/\/yoast.com\/product\/yoast-seo-wordpress\/ -->\n<title>Offers for SYKETT\u00c4 Users - SYKETT\u00c4 Joensuu<\/title>\n<meta name=\"description\" content=\"Offers for SYKETT\u00c4 Users.\" \/>\n<meta name=\"robots\" content=\"index, follow, max-snippet:-1, max-image-preview:large, max-video-preview:-1\" \/>\n<link rel=\"canonical\" href=\"https:\/\/xn--sykett-gua.fi\/joensuu\/en\/member-services\/offers-for-syketta-users\/\" \/>\n<meta property=\"og:locale\" content=\"fi_FI\" \/>\n<meta property=\"og:type\" content=\"article\" \/>\n<meta property=\"og:title\" content=\"Offers for SYKETT\u00c4 Users - SYKETT\u00c4 Joensuu\" \/>\n<meta property=\"og:description\" content=\"Offers for SYKETT\u00c4 Users.\" \/>\n<meta property=\"og:url\" content=\"https:\/\/xn--sykett-gua.fi\/joensuu\/en\/member-services\/offers-for-syketta-users\/\" \/>\n<meta property=\"og:site_name\" content=\"SYKETT\u00c4 Joensuu\" \/>\n<meta property=\"article:modified_time\" content=\"2025-06-27T11:01:06+00:00\" \/>\n<meta name=\"twitter:card\" content=\"summary_large_image\" \/>\n<meta name=\"twitter:label1\" content=\"Arvioitu lukuaika\" \/>\n\t<meta name=\"twitter:data1\" content=\"2 minuuttia\" \/>\n<script type=\"application\/ld+json\" class=\"yoast-schema-graph\">{\"@context\":\"https:\\\/\\\/schema.org\",\"@graph\":[{\"@type\":\"WebPage\",\"@id\":\"https:\\\/\\\/xn--sykett-gua.fi\\\/joensuu\\\/en\\\/member-services\\\/offers-for-syketta-users\\\/\",\"url\":\"https:\\\/\\\/xn--sykett-gua.fi\\\/joensuu\\\/en\\\/member-services\\\/offers-for-syketta-users\\\/\",\"name\":\"Offers for SYKETT\u00c4 Users - SYKETT\u00c4 Joensuu\",\"isPartOf\":{\"@id\":\"https:\\\/\\\/xn--sykett-gua.fi\\\/joensuu\\\/#website\"},\"datePublished\":\"2024-06-06T07:09:16+00:00\",\"dateModified\":\"2025-06-27T11:01:06+00:00\",\"description\":\"Offers for SYKETT\u00c4 Users.\",\"breadcrumb\":{\"@id\":\"https:\\\/\\\/xn--sykett-gua.fi\\\/joensuu\\\/en\\\/member-services\\\/offers-for-syketta-users\\\/#breadcrumb\"},\"inLanguage\":\"fi\",\"potentialAction\":[{\"@type\":\"ReadAction\",\"target\":[\"https:\\\/\\\/xn--sykett-gua.fi\\\/joensuu\\\/en\\\/member-services\\\/offers-for-syketta-users\\\/\"]}]},{\"@type\":\"BreadcrumbList\",\"@id\":\"https:\\\/\\\/xn--sykett-gua.fi\\\/joensuu\\\/en\\\/member-services\\\/offers-for-syketta-users\\\/#breadcrumb\",\"itemListElement\":[{\"@type\":\"ListItem\",\"position\":1,\"name\":\"Etusivu\",\"item\":\"https:\\\/\\\/xn--sykett-gua.fi\\\/joensuu\\\/fi\\\/joensuu\\\/\"},{\"@type\":\"ListItem\",\"position\":2,\"name\":\"Member services\",\"item\":\"https:\\\/\\\/xn--sykett-gua.fi\\\/joensuu\\\/en\\\/member-services\\\/\"},{\"@type\":\"ListItem\",\"position\":3,\"name\":\"Offers for SYKETT\u00c4 Users\"}]},{\"@type\":\"WebSite\",\"@id\":\"https:\\\/\\\/xn--sykett-gua.fi\\\/joensuu\\\/#website\",\"url\":\"https:\\\/\\\/xn--sykett-gua.fi\\\/joensuu\\\/\",\"name\":\"SYKETT\u00c4 Joensuu\",\"description\":\"\",\"publisher\":{\"@id\":\"https:\\\/\\\/xn--sykett-gua.fi\\\/joensuu\\\/#organization\"},\"potentialAction\":[{\"@type\":\"SearchAction\",\"target\":{\"@type\":\"EntryPoint\",\"urlTemplate\":\"https:\\\/\\\/xn--sykett-gua.fi\\\/joensuu\\\/?s={search_term_string}\"},\"query-input\":{\"@type\":\"PropertyValueSpecification\",\"valueRequired\":true,\"valueName\":\"search_term_string\"}}],\"inLanguage\":\"fi\"},{\"@type\":\"Organization\",\"@id\":\"https:\\\/\\\/xn--sykett-gua.fi\\\/joensuu\\\/#organization\",\"name\":\"SYKETT\u00c4 Joensuu\",\"url\":\"https:\\\/\\\/xn--sykett-gua.fi\\\/joensuu\\\/\",\"logo\":{\"@type\":\"ImageObject\",\"inLanguage\":\"fi\",\"@id\":\"https:\\\/\\\/xn--sykett-gua.fi\\\/joensuu\\\/#\\\/schema\\\/logo\\\/image\\\/\",\"url\":\"https:\\\/\\\/xn--sykett-gua.fi\\\/joensuu\\\/wp-content\\\/uploads\\\/sites\\\/3\\\/2024\\\/06\\\/Asset-2@2x-2.png\",\"contentUrl\":\"https:\\\/\\\/xn--sykett-gua.fi\\\/joensuu\\\/wp-content\\\/uploads\\\/sites\\\/3\\\/2024\\\/06\\\/Asset-2@2x-2.png\",\"width\":1003,\"height\":373,\"caption\":\"SYKETT\u00c4 Joensuu\"},\"image\":{\"@id\":\"https:\\\/\\\/xn--sykett-gua.fi\\\/joensuu\\\/#\\\/schema\\\/logo\\\/image\\\/\"}}]}<\/script>\n<!-- \/ Yoast SEO plugin. -->","yoast_head_json":{"title":"Offers for SYKETT\u00c4 Users - SYKETT\u00c4 Joensuu","description":"Offers for SYKETT\u00c4 Users.","robots":{"index":"index","follow":"follow","max-snippet":"max-snippet:-1","max-image-preview":"max-image-preview:large","max-video-preview":"max-video-preview:-1"},"canonical":"https:\/\/xn--sykett-gua.fi\/joensuu\/en\/member-services\/offers-for-syketta-users\/","og_locale":"fi_FI","og_type":"article","og_title":"Offers for SYKETT\u00c4 Users - SYKETT\u00c4 Joensuu","og_description":"Offers for SYKETT\u00c4 Users.","og_url":"https:\/\/xn--sykett-gua.fi\/joensuu\/en\/member-services\/offers-for-syketta-users\/","og_site_name":"SYKETT\u00c4 Joensuu","article_modified_time":"2025-06-27T11:01:06+00:00","twitter_card":"summary_large_image","twitter_misc":{"Arvioitu lukuaika":"2 minuuttia"},"schema":{"@context":"https:\/\/schema.org","@graph":[{"@type":"WebPage","@id":"https:\/\/xn--sykett-gua.fi\/joensuu\/en\/member-services\/offers-for-syketta-users\/","url":"https:\/\/xn--sykett-gua.fi\/joensuu\/en\/member-services\/offers-for-syketta-users\/","name":"Offers for SYKETT\u00c4 Users - SYKETT\u00c4 Joensuu","isPartOf":{"@id":"https:\/\/xn--sykett-gua.fi\/joensuu\/#website"},"datePublished":"2024-06-06T07:09:16+00:00","dateModified":"2025-06-27T11:01:06+00:00","description":"Offers for SYKETT\u00c4 Users.","breadcrumb":{"@id":"https:\/\/xn--sykett-gua.fi\/joensuu\/en\/member-services\/offers-for-syketta-users\/#breadcrumb"},"inLanguage":"fi","potentialAction":[{"@type":"ReadAction","target":["https:\/\/xn--sykett-gua.fi\/joensuu\/en\/member-services\/offers-for-syketta-users\/"]}]},{"@type":"BreadcrumbList","@id":"https:\/\/xn--sykett-gua.fi\/joensuu\/en\/member-services\/offers-for-syketta-users\/#breadcrumb","itemListElement":[{"@type":"ListItem","position":1,"name":"Etusivu","item":"https:\/\/xn--sykett-gua.fi\/joensuu\/fi\/joensuu\/"},{"@type":"ListItem","position":2,"name":"Member services","item":"https:\/\/xn--sykett-gua.fi\/joensuu\/en\/member-services\/"},{"@type":"ListItem","position":3,"name":"Offers for SYKETT\u00c4 Users"}]},{"@type":"WebSite","@id":"https:\/\/xn--sykett-gua.fi\/joensuu\/#website","url":"https:\/\/xn--sykett-gua.fi\/joensuu\/","name":"SYKETT\u00c4 Joensuu","description":"","publisher":{"@id":"https:\/\/xn--sykett-gua.fi\/joensuu\/#organization"},"potentialAction":[{"@type":"SearchAction","target":{"@type":"EntryPoint","urlTemplate":"https:\/\/xn--sykett-gua.fi\/joensuu\/?s={search_term_string}"},"query-input":{"@type":"PropertyValueSpecification","valueRequired":true,"valueName":"search_term_string"}}],"inLanguage":"fi"},{"@type":"Organization","@id":"https:\/\/xn--sykett-gua.fi\/joensuu\/#organization","name":"SYKETT\u00c4 Joensuu","url":"https:\/\/xn--sykett-gua.fi\/joensuu\/","logo":{"@type":"ImageObject","inLanguage":"fi","@id":"https:\/\/xn--sykett-gua.fi\/joensuu\/#\/schema\/logo\/image\/","url":"https:\/\/xn--sykett-gua.fi\/joensuu\/wp-content\/uploads\/sites\/3\/2024\/06\/Asset-2@2x-2.png","contentUrl":"https:\/\/xn--sykett-gua.fi\/joensuu\/wp-content\/uploads\/sites\/3\/2024\/06\/Asset-2@2x-2.png","width":1003,"height":373,"caption":"SYKETT\u00c4 Joensuu"},"image":{"@id":"https:\/\/xn--sykett-gua.fi\/joensuu\/#\/schema\/logo\/image\/"}}]}},"_links":{"self":[{"href":"https:\/\/xn--sykett-gua.fi\/joensuu\/wp-json\/wp\/v2\/pages\/2127","targetHints":{"allow":["GET"]}}],"collection":[{"href":"https:\/\/xn--sykett-gua.fi\/joensuu\/wp-json\/wp\/v2\/pages"}],"about":[{"href":"https:\/\/xn--sykett-gua.fi\/joensuu\/wp-json\/wp\/v2\/types\/page"}],"author":[{"embeddable":true,"href":"https:\/\/xn--sykett-gua.fi\/joensuu\/wp-json\/wp\/v2\/users\/3"}],"replies":[{"embeddable":true,"href":"https:\/\/xn--sykett-gua.fi\/joensuu\/wp-json\/wp\/v2\/comments?post=2127"}],"version-history":[{"count":9,"href":"https:\/\/xn--sykett-gua.fi\/joensuu\/wp-json\/wp\/v2\/pages\/2127\/revisions"}],"predecessor-version":[{"id":7927,"href":"https:\/\/xn--sykett-gua.fi\/joensuu\/wp-json\/wp\/v2\/pages\/2127\/revisions\/7927"}],"up":[{"embeddable":true,"href":"https:\/\/xn--sykett-gua.fi\/joensuu\/wp-json\/wp\/v2\/pages\/2122"}],"wp:attachment":[{"href":"https:\/\/xn--sykett-gua.fi\/joensuu\/wp-json\/wp\/v2\/media?parent=2127"}],"curies":[{"name":"wp","href":"https:\/\/api.w.org\/{rel}","templated":true}]}}