{"id":2177,"date":"2024-06-06T11:28:04","date_gmt":"2024-06-06T08:28:04","guid":{"rendered":"https:\/\/xn--sykett-gua.fi\/?page_id=2177"},"modified":"2025-07-31T10:14:32","modified_gmt":"2025-07-31T07:14:32","slug":"lansikatu-school","status":"publish","type":"page","link":"https:\/\/xn--sykett-gua.fi\/joensuu\/en\/facilities\/lansikatu-school\/","title":{"rendered":"L\u00e4nsikatu School"},"content":{"rendered":"\t\t<div data-elementor-type=\"wp-page\" data-elementor-id=\"2177\" class=\"elementor elementor-2177\" data-elementor-post-type=\"page\">\n\t\t\t\t<div data-particle_enable=\"false\" data-particle-mobile-disabled=\"false\" class=\"elementor-element elementor-element-b26ac3a e-flex e-con-boxed e-con e-parent\" data-id=\"b26ac3a\" data-element_type=\"container\" data-e-type=\"container\">\n\t\t\t\t\t<div class=\"e-con-inner\">\n\t\t<div data-particle_enable=\"false\" data-particle-mobile-disabled=\"false\" class=\"elementor-element elementor-element-af44f95 e-flex e-con-boxed e-con e-child\" data-id=\"af44f95\" data-element_type=\"container\" data-e-type=\"container\">\n\t\t\t\t\t<div class=\"e-con-inner\">\n\t\t\t\t<div class=\"elementor-element elementor-element-b9c6a54 elementor-widget elementor-widget-image\" data-id=\"b9c6a54\" data-element_type=\"widget\" data-e-type=\"widget\" data-widget_type=\"image.default\">\n\t\t\t\t<div class=\"elementor-widget-container\">\n\t\t\t\t\t\t\t\t\t\t\t\t\t\t\t<img fetchpriority=\"high\" decoding=\"async\" width=\"800\" height=\"348\" src=\"https:\/\/xn--sykett-gua.fi\/joensuu\/wp-content\/uploads\/sites\/3\/2024\/10\/lansikadun-koulu.png\" class=\"attachment-large size-large wp-image-4066\" alt=\"L\u00e4nsikadun koulun julkisivu.\" srcset=\"https:\/\/xn--sykett-gua.fi\/joensuu\/wp-content\/uploads\/sites\/3\/2024\/10\/lansikadun-koulu.png 880w, https:\/\/xn--sykett-gua.fi\/joensuu\/wp-content\/uploads\/sites\/3\/2024\/10\/lansikadun-koulu-300x131.png 300w, https:\/\/xn--sykett-gua.fi\/joensuu\/wp-content\/uploads\/sites\/3\/2024\/10\/lansikadun-koulu-768x334.png 768w\" sizes=\"(max-width: 800px) 100vw, 800px\" \/>\t\t\t\t\t\t\t\t\t\t\t\t\t\t\t<\/div>\n\t\t\t\t<\/div>\n\t\t\t\t<div class=\"elementor-element elementor-element-4eaeb53 elementor-widget__width-initial elementor-widget elementor-widget-text-editor\" data-id=\"4eaeb53\" data-element_type=\"widget\" data-e-type=\"widget\" data-widget_type=\"text-editor.default\">\n\t\t\t\t<div class=\"elementor-widget-container\">\n\t\t\t\t\t\t\t\t\t<p><strong>Services<\/strong>: Sports hall<br \/><strong>Instructions<\/strong>: Sports hall entrance from the door B from L\u00e4nsikatu side<br \/><strong>Opening hours:<\/strong>\u00a0Evenings and weekends, check the\u00a0sports calendar<br \/><strong>Changing rooms<\/strong>: Two for women and two for men<br \/><strong>Showers<\/strong>: Showers and toilets are in the changing rooms<br \/><strong>Equipment<\/strong>: Goals and nets (basketball, volleyball, floorball, badminton)<\/p>\t\t\t\t\t\t\t\t<\/div>\n\t\t\t\t<\/div>\n\t\t\t\t<div class=\"elementor-element elementor-element-2a29a95 elementor-widget elementor-widget-button\" data-id=\"2a29a95\" data-element_type=\"widget\" data-e-type=\"widget\" data-widget_type=\"button.default\">\n\t\t\t\t<div class=\"elementor-widget-container\">\n\t\t\t\t\t\t\t\t\t<div class=\"elementor-button-wrapper\">\n\t\t\t\t\t<a class=\"elementor-button elementor-button-link elementor-size-sm\" href=\"https:\/\/xn--sykett-gua.fi\/joensuu\/en\/joensuu-en\/\" target=\"_blank\">\n\t\t\t\t\t\t<span class=\"elementor-button-content-wrapper\">\n\t\t\t\t\t\t\t\t\t<span class=\"elementor-button-text\">Sports calendar<\/span>\n\t\t\t\t\t<\/span>\n\t\t\t\t\t<\/a>\n\t\t\t\t<\/div>\n\t\t\t\t\t\t\t\t<\/div>\n\t\t\t\t<\/div>\n\t\t\t\t\t<\/div>\n\t\t\t\t<\/div>\n\t\t<div data-particle_enable=\"false\" data-particle-mobile-disabled=\"false\" class=\"elementor-element elementor-element-6d83e4c e-flex e-con-boxed e-con e-child\" data-id=\"6d83e4c\" data-element_type=\"container\" data-e-type=\"container\">\n\t\t\t\t\t<div class=\"e-con-inner\">\n\t\t\t\t<div class=\"elementor-element elementor-element-43e294d elementor-widget elementor-widget-text-editor\" data-id=\"43e294d\" data-element_type=\"widget\" data-e-type=\"widget\" data-widget_type=\"text-editor.default\">\n\t\t\t\t<div class=\"elementor-widget-container\">\n\t\t\t\t\t\t\t\t\t<h2>Location<\/h2><p>L\u00e4nsikatu school is located on the University of Eastern Finland campus in the address <b>Tulliportinkatu 1, 80130 Joensuu<\/b>. The gymnasium is accessible via the B door on L\u00e4nsikatu. Changing rooms are located to the right of the entrance.<\/p>\t\t\t\t\t\t\t\t<\/div>\n\t\t\t\t<\/div>\n\t\t\t\t<div class=\"elementor-element elementor-element-b5aa9d7 elementor-widget elementor-widget-google_maps\" data-id=\"b5aa9d7\" data-element_type=\"widget\" data-e-type=\"widget\" data-widget_type=\"google_maps.default\">\n\t\t\t\t<div class=\"elementor-widget-container\">\n\t\t\t\t\t\t\t<div class=\"elementor-custom-embed\">\n\t\t\t<iframe loading=\"lazy\"\n\t\t\t\t\tsrc=\"https:\/\/maps.google.com\/maps?q=Tulliportinkatu%201%2C%2080130%20Joensuu&#038;t=m&#038;z=13&#038;output=embed&#038;iwloc=near\"\n\t\t\t\t\ttitle=\"Tulliportinkatu 1, 80130 Joensuu\"\n\t\t\t\t\taria-label=\"Tulliportinkatu 1, 80130 Joensuu\"\n\t\t\t><\/iframe>\n\t\t<\/div>\n\t\t\t\t\t\t<\/div>\n\t\t\t\t<\/div>\n\t\t\t\t\t<\/div>\n\t\t\t\t<\/div>\n\t\t\t\t\t<\/div>\n\t\t\t\t<\/div>\n\t\t<div data-particle_enable=\"false\" data-particle-mobile-disabled=\"false\" class=\"elementor-element elementor-element-97b81bb e-flex e-con-boxed e-con e-parent\" data-id=\"97b81bb\" data-element_type=\"container\" data-e-type=\"container\">\n\t\t\t\t\t<div class=\"e-con-inner\">\n\t\t<div data-particle_enable=\"false\" data-particle-mobile-disabled=\"false\" class=\"elementor-element elementor-element-3ec0443 e-flex e-con-boxed e-con e-child\" data-id=\"3ec0443\" data-element_type=\"container\" data-e-type=\"container\">\n\t\t\t\t\t<div class=\"e-con-inner\">\n\t\t\t\t<div class=\"elementor-element elementor-element-0300894 elementor-widget elementor-widget-text-editor\" data-id=\"0300894\" data-element_type=\"widget\" data-e-type=\"widget\" data-widget_type=\"text-editor.default\">\n\t\t\t\t<div class=\"elementor-widget-container\">\n\t\t\t\t\t\t\t\t\t<h2>Basic Information<\/h2><p>The L\u00e4nsikatu school gymnasium has a parquet floor and the gymnasium can be divided in four with screens. The gymnasium is suitable for both ball sports (e.g. floorball, basketball, badminton, futsal) and group exercise. Wall bars can be found at the end of the gymnasium, with mirrors on the other side of the bars. The gymnasium has a PA system. SYKETT\u00c4 users are free to use the goals and nets stored in the gymnasium. SYKETT\u00c4 users may not use the school\u2019s other equipment.<\/p><p>Note:<\/p><ul><li>Only indoor sports slippers or shoes may be worn in the gymnasium. Do not wear outdoor shoes or shoes that leave marks on the floor in the gymnasium.<\/li><li>Playing in the changing rooms, storage rooms and hallways is forbidden<\/li><li>Be careful not to damage the floor when setting up nets. Use the hooks to lift up the column groove covers.<\/li><li>Return all equipment to their proper places, unless you are certain that the next group will need them<\/li><li>The last user to leave in the evening must turn off the lights. The light switches are located in a closet on the gymnasium wall.<\/li><li>If you are not certain whether other users are coming after you, turn off the lights<\/li><\/ul>\t\t\t\t\t\t\t\t<\/div>\n\t\t\t\t<\/div>\n\t\t\t\t\t<\/div>\n\t\t\t\t<\/div>\n\t\t<div data-particle_enable=\"false\" data-particle-mobile-disabled=\"false\" class=\"elementor-element elementor-element-51f06d8 e-flex e-con-boxed e-con e-child\" data-id=\"51f06d8\" data-element_type=\"container\" data-e-type=\"container\">\n\t\t\t\t\t<div class=\"e-con-inner\">\n\t\t\t\t<div class=\"elementor-element elementor-element-3be1b15 elementor-widget elementor-widget-text-editor\" data-id=\"3be1b15\" data-element_type=\"widget\" data-e-type=\"widget\" data-widget_type=\"text-editor.default\">\n\t\t\t\t<div class=\"elementor-widget-container\">\n\t\t\t\t\t\t\t\t\t<h2>Opening Hours<\/h2><p>The entrance is electronically timed to stay unlocked for evening users. During weekends (Friday to Sunday) the entrance is open only when there are enrollments in gymnasium made via the sports calendar. If no-one has enrolled on sports events by Friday noon, the entrances of the school will be automatically locked. <strong>Remember to enroll on weekend turns in time!<\/strong><\/p>\t\t\t\t\t\t\t\t<\/div>\n\t\t\t\t<\/div>\n\t\t\t\t\t<\/div>\n\t\t\t\t<\/div>\n\t\t\t\t\t<\/div>\n\t\t\t\t<\/div>\n\t\t\t\t<\/div>\n\t\t","protected":false},"excerpt":{"rendered":"<p>Services: Sports hallInstructions: Sports hall entrance from the door B from L\u00e4nsikatu sideOpening hours:\u00a0Evenings and weekends, check the\u00a0sports calendarChanging rooms: Two for women and two for menShowers: Showers and toilets are in the changing roomsEquipment: Goals and nets (basketball, volleyball, floorball, badminton) Sports calendar Location L\u00e4nsikatu school is located on the University of Eastern Finland [&hellip;]<\/p>\n","protected":false},"author":3,"featured_media":0,"parent":2148,"menu_order":0,"comment_status":"closed","ping_status":"closed","template":"","meta":{"iawp_total_views":92,"footnotes":""},"class_list":["post-2177","page","type-page","status-publish","hentry"],"yoast_head":"<!-- This site is optimized with the Yoast SEO plugin v27.3 - https:\/\/yoast.com\/product\/yoast-seo-wordpress\/ -->\n<title>L\u00e4nsikatu School - SYKETT\u00c4 Joensuu<\/title>\n<meta name=\"description\" content=\"L\u00e4nsikatu school is located on the University of Eastern Finland campus in the address Tulliportinkatu 1, 80130 Joensuu.\" \/>\n<meta name=\"robots\" content=\"index, follow, max-snippet:-1, max-image-preview:large, max-video-preview:-1\" \/>\n<link rel=\"canonical\" href=\"https:\/\/xn--sykett-gua.fi\/joensuu\/en\/facilities\/lansikatu-school\/\" \/>\n<meta property=\"og:locale\" content=\"fi_FI\" \/>\n<meta property=\"og:type\" content=\"article\" \/>\n<meta property=\"og:title\" content=\"L\u00e4nsikatu School - SYKETT\u00c4 Joensuu\" \/>\n<meta property=\"og:description\" content=\"L\u00e4nsikatu school is located on the University of Eastern Finland campus in the address Tulliportinkatu 1, 80130 Joensuu.\" \/>\n<meta property=\"og:url\" content=\"https:\/\/xn--sykett-gua.fi\/joensuu\/en\/facilities\/lansikatu-school\/\" \/>\n<meta property=\"og:site_name\" content=\"SYKETT\u00c4 Joensuu\" \/>\n<meta property=\"article:modified_time\" content=\"2025-07-31T07:14:32+00:00\" \/>\n<meta property=\"og:image\" content=\"https:\/\/xn--sykett-gua.fi\/joensuu\/wp-content\/uploads\/sites\/3\/2024\/10\/lansikadun-koulu.png\" \/>\n\t<meta property=\"og:image:width\" content=\"880\" \/>\n\t<meta property=\"og:image:height\" content=\"383\" \/>\n\t<meta property=\"og:image:type\" content=\"image\/png\" \/>\n<meta name=\"twitter:card\" content=\"summary_large_image\" \/>\n<meta name=\"twitter:label1\" content=\"Arvioitu lukuaika\" \/>\n\t<meta name=\"twitter:data1\" content=\"3 minuuttia\" \/>\n<script type=\"application\/ld+json\" class=\"yoast-schema-graph\">{\"@context\":\"https:\\\/\\\/schema.org\",\"@graph\":[{\"@type\":\"WebPage\",\"@id\":\"https:\\\/\\\/xn--sykett-gua.fi\\\/joensuu\\\/en\\\/facilities\\\/lansikatu-school\\\/\",\"url\":\"https:\\\/\\\/xn--sykett-gua.fi\\\/joensuu\\\/en\\\/facilities\\\/lansikatu-school\\\/\",\"name\":\"L\u00e4nsikatu School - SYKETT\u00c4 Joensuu\",\"isPartOf\":{\"@id\":\"https:\\\/\\\/xn--sykett-gua.fi\\\/joensuu\\\/#website\"},\"primaryImageOfPage\":{\"@id\":\"https:\\\/\\\/xn--sykett-gua.fi\\\/joensuu\\\/en\\\/facilities\\\/lansikatu-school\\\/#primaryimage\"},\"image\":{\"@id\":\"https:\\\/\\\/xn--sykett-gua.fi\\\/joensuu\\\/en\\\/facilities\\\/lansikatu-school\\\/#primaryimage\"},\"thumbnailUrl\":\"https:\\\/\\\/xn--sykett-gua.fi\\\/joensuu\\\/wp-content\\\/uploads\\\/sites\\\/3\\\/2024\\\/10\\\/lansikadun-koulu.png\",\"datePublished\":\"2024-06-06T08:28:04+00:00\",\"dateModified\":\"2025-07-31T07:14:32+00:00\",\"description\":\"L\u00e4nsikatu school is located on the University of Eastern Finland campus in the address Tulliportinkatu 1, 80130 Joensuu.\",\"breadcrumb\":{\"@id\":\"https:\\\/\\\/xn--sykett-gua.fi\\\/joensuu\\\/en\\\/facilities\\\/lansikatu-school\\\/#breadcrumb\"},\"inLanguage\":\"fi\",\"potentialAction\":[{\"@type\":\"ReadAction\",\"target\":[\"https:\\\/\\\/xn--sykett-gua.fi\\\/joensuu\\\/en\\\/facilities\\\/lansikatu-school\\\/\"]}]},{\"@type\":\"ImageObject\",\"inLanguage\":\"fi\",\"@id\":\"https:\\\/\\\/xn--sykett-gua.fi\\\/joensuu\\\/en\\\/facilities\\\/lansikatu-school\\\/#primaryimage\",\"url\":\"https:\\\/\\\/xn--sykett-gua.fi\\\/joensuu\\\/wp-content\\\/uploads\\\/sites\\\/3\\\/2024\\\/10\\\/lansikadun-koulu.png\",\"contentUrl\":\"https:\\\/\\\/xn--sykett-gua.fi\\\/joensuu\\\/wp-content\\\/uploads\\\/sites\\\/3\\\/2024\\\/10\\\/lansikadun-koulu.png\",\"width\":880,\"height\":383,\"caption\":\"L\u00e4nsikadun koulun julkisivu.\"},{\"@type\":\"BreadcrumbList\",\"@id\":\"https:\\\/\\\/xn--sykett-gua.fi\\\/joensuu\\\/en\\\/facilities\\\/lansikatu-school\\\/#breadcrumb\",\"itemListElement\":[{\"@type\":\"ListItem\",\"position\":1,\"name\":\"Etusivu\",\"item\":\"https:\\\/\\\/xn--sykett-gua.fi\\\/joensuu\\\/fi\\\/joensuu\\\/\"},{\"@type\":\"ListItem\",\"position\":2,\"name\":\"Facilities\",\"item\":\"https:\\\/\\\/xn--sykett-gua.fi\\\/joensuu\\\/en\\\/facilities\\\/\"},{\"@type\":\"ListItem\",\"position\":3,\"name\":\"L\u00e4nsikatu School\"}]},{\"@type\":\"WebSite\",\"@id\":\"https:\\\/\\\/xn--sykett-gua.fi\\\/joensuu\\\/#website\",\"url\":\"https:\\\/\\\/xn--sykett-gua.fi\\\/joensuu\\\/\",\"name\":\"SYKETT\u00c4 Joensuu\",\"description\":\"\",\"publisher\":{\"@id\":\"https:\\\/\\\/xn--sykett-gua.fi\\\/joensuu\\\/#organization\"},\"potentialAction\":[{\"@type\":\"SearchAction\",\"target\":{\"@type\":\"EntryPoint\",\"urlTemplate\":\"https:\\\/\\\/xn--sykett-gua.fi\\\/joensuu\\\/?s={search_term_string}\"},\"query-input\":{\"@type\":\"PropertyValueSpecification\",\"valueRequired\":true,\"valueName\":\"search_term_string\"}}],\"inLanguage\":\"fi\"},{\"@type\":\"Organization\",\"@id\":\"https:\\\/\\\/xn--sykett-gua.fi\\\/joensuu\\\/#organization\",\"name\":\"SYKETT\u00c4 Joensuu\",\"url\":\"https:\\\/\\\/xn--sykett-gua.fi\\\/joensuu\\\/\",\"logo\":{\"@type\":\"ImageObject\",\"inLanguage\":\"fi\",\"@id\":\"https:\\\/\\\/xn--sykett-gua.fi\\\/joensuu\\\/#\\\/schema\\\/logo\\\/image\\\/\",\"url\":\"https:\\\/\\\/xn--sykett-gua.fi\\\/joensuu\\\/wp-content\\\/uploads\\\/sites\\\/3\\\/2024\\\/06\\\/Asset-2@2x-2.png\",\"contentUrl\":\"https:\\\/\\\/xn--sykett-gua.fi\\\/joensuu\\\/wp-content\\\/uploads\\\/sites\\\/3\\\/2024\\\/06\\\/Asset-2@2x-2.png\",\"width\":1003,\"height\":373,\"caption\":\"SYKETT\u00c4 Joensuu\"},\"image\":{\"@id\":\"https:\\\/\\\/xn--sykett-gua.fi\\\/joensuu\\\/#\\\/schema\\\/logo\\\/image\\\/\"}}]}<\/script>\n<!-- \/ Yoast SEO plugin. -->","yoast_head_json":{"title":"L\u00e4nsikatu School - SYKETT\u00c4 Joensuu","description":"L\u00e4nsikatu school is located on the University of Eastern Finland campus in the address Tulliportinkatu 1, 80130 Joensuu.","robots":{"index":"index","follow":"follow","max-snippet":"max-snippet:-1","max-image-preview":"max-image-preview:large","max-video-preview":"max-video-preview:-1"},"canonical":"https:\/\/xn--sykett-gua.fi\/joensuu\/en\/facilities\/lansikatu-school\/","og_locale":"fi_FI","og_type":"article","og_title":"L\u00e4nsikatu School - SYKETT\u00c4 Joensuu","og_description":"L\u00e4nsikatu school is located on the University of Eastern Finland campus in the address Tulliportinkatu 1, 80130 Joensuu.","og_url":"https:\/\/xn--sykett-gua.fi\/joensuu\/en\/facilities\/lansikatu-school\/","og_site_name":"SYKETT\u00c4 Joensuu","article_modified_time":"2025-07-31T07:14:32+00:00","og_image":[{"width":880,"height":383,"url":"https:\/\/xn--sykett-gua.fi\/joensuu\/wp-content\/uploads\/sites\/3\/2024\/10\/lansikadun-koulu.png","type":"image\/png"}],"twitter_card":"summary_large_image","twitter_misc":{"Arvioitu lukuaika":"3 minuuttia"},"schema":{"@context":"https:\/\/schema.org","@graph":[{"@type":"WebPage","@id":"https:\/\/xn--sykett-gua.fi\/joensuu\/en\/facilities\/lansikatu-school\/","url":"https:\/\/xn--sykett-gua.fi\/joensuu\/en\/facilities\/lansikatu-school\/","name":"L\u00e4nsikatu School - SYKETT\u00c4 Joensuu","isPartOf":{"@id":"https:\/\/xn--sykett-gua.fi\/joensuu\/#website"},"primaryImageOfPage":{"@id":"https:\/\/xn--sykett-gua.fi\/joensuu\/en\/facilities\/lansikatu-school\/#primaryimage"},"image":{"@id":"https:\/\/xn--sykett-gua.fi\/joensuu\/en\/facilities\/lansikatu-school\/#primaryimage"},"thumbnailUrl":"https:\/\/xn--sykett-gua.fi\/joensuu\/wp-content\/uploads\/sites\/3\/2024\/10\/lansikadun-koulu.png","datePublished":"2024-06-06T08:28:04+00:00","dateModified":"2025-07-31T07:14:32+00:00","description":"L\u00e4nsikatu school is located on the University of Eastern Finland campus in the address Tulliportinkatu 1, 80130 Joensuu.","breadcrumb":{"@id":"https:\/\/xn--sykett-gua.fi\/joensuu\/en\/facilities\/lansikatu-school\/#breadcrumb"},"inLanguage":"fi","potentialAction":[{"@type":"ReadAction","target":["https:\/\/xn--sykett-gua.fi\/joensuu\/en\/facilities\/lansikatu-school\/"]}]},{"@type":"ImageObject","inLanguage":"fi","@id":"https:\/\/xn--sykett-gua.fi\/joensuu\/en\/facilities\/lansikatu-school\/#primaryimage","url":"https:\/\/xn--sykett-gua.fi\/joensuu\/wp-content\/uploads\/sites\/3\/2024\/10\/lansikadun-koulu.png","contentUrl":"https:\/\/xn--sykett-gua.fi\/joensuu\/wp-content\/uploads\/sites\/3\/2024\/10\/lansikadun-koulu.png","width":880,"height":383,"caption":"L\u00e4nsikadun koulun julkisivu."},{"@type":"BreadcrumbList","@id":"https:\/\/xn--sykett-gua.fi\/joensuu\/en\/facilities\/lansikatu-school\/#breadcrumb","itemListElement":[{"@type":"ListItem","position":1,"name":"Etusivu","item":"https:\/\/xn--sykett-gua.fi\/joensuu\/fi\/joensuu\/"},{"@type":"ListItem","position":2,"name":"Facilities","item":"https:\/\/xn--sykett-gua.fi\/joensuu\/en\/facilities\/"},{"@type":"ListItem","position":3,"name":"L\u00e4nsikatu School"}]},{"@type":"WebSite","@id":"https:\/\/xn--sykett-gua.fi\/joensuu\/#website","url":"https:\/\/xn--sykett-gua.fi\/joensuu\/","name":"SYKETT\u00c4 Joensuu","description":"","publisher":{"@id":"https:\/\/xn--sykett-gua.fi\/joensuu\/#organization"},"potentialAction":[{"@type":"SearchAction","target":{"@type":"EntryPoint","urlTemplate":"https:\/\/xn--sykett-gua.fi\/joensuu\/?s={search_term_string}"},"query-input":{"@type":"PropertyValueSpecification","valueRequired":true,"valueName":"search_term_string"}}],"inLanguage":"fi"},{"@type":"Organization","@id":"https:\/\/xn--sykett-gua.fi\/joensuu\/#organization","name":"SYKETT\u00c4 Joensuu","url":"https:\/\/xn--sykett-gua.fi\/joensuu\/","logo":{"@type":"ImageObject","inLanguage":"fi","@id":"https:\/\/xn--sykett-gua.fi\/joensuu\/#\/schema\/logo\/image\/","url":"https:\/\/xn--sykett-gua.fi\/joensuu\/wp-content\/uploads\/sites\/3\/2024\/06\/Asset-2@2x-2.png","contentUrl":"https:\/\/xn--sykett-gua.fi\/joensuu\/wp-content\/uploads\/sites\/3\/2024\/06\/Asset-2@2x-2.png","width":1003,"height":373,"caption":"SYKETT\u00c4 Joensuu"},"image":{"@id":"https:\/\/xn--sykett-gua.fi\/joensuu\/#\/schema\/logo\/image\/"}}]}},"_links":{"self":[{"href":"https:\/\/xn--sykett-gua.fi\/joensuu\/wp-json\/wp\/v2\/pages\/2177","targetHints":{"allow":["GET"]}}],"collection":[{"href":"https:\/\/xn--sykett-gua.fi\/joensuu\/wp-json\/wp\/v2\/pages"}],"about":[{"href":"https:\/\/xn--sykett-gua.fi\/joensuu\/wp-json\/wp\/v2\/types\/page"}],"author":[{"embeddable":true,"href":"https:\/\/xn--sykett-gua.fi\/joensuu\/wp-json\/wp\/v2\/users\/3"}],"replies":[{"embeddable":true,"href":"https:\/\/xn--sykett-gua.fi\/joensuu\/wp-json\/wp\/v2\/comments?post=2177"}],"version-history":[{"count":14,"href":"https:\/\/xn--sykett-gua.fi\/joensuu\/wp-json\/wp\/v2\/pages\/2177\/revisions"}],"predecessor-version":[{"id":8503,"href":"https:\/\/xn--sykett-gua.fi\/joensuu\/wp-json\/wp\/v2\/pages\/2177\/revisions\/8503"}],"up":[{"embeddable":true,"href":"https:\/\/xn--sykett-gua.fi\/joensuu\/wp-json\/wp\/v2\/pages\/2148"}],"wp:attachment":[{"href":"https:\/\/xn--sykett-gua.fi\/joensuu\/wp-json\/wp\/v2\/media?parent=2177"}],"curies":[{"name":"wp","href":"https:\/\/api.w.org\/{rel}","templated":true}]}}