{"id":2182,"date":"2024-06-06T11:35:37","date_gmt":"2024-06-06T08:35:37","guid":{"rendered":"https:\/\/xn--sykett-gua.fi\/?page_id=2182"},"modified":"2025-07-31T11:25:13","modified_gmt":"2025-07-31T08:25:13","slug":"mehtimaki-hall","status":"publish","type":"page","link":"https:\/\/xn--sykett-gua.fi\/joensuu\/en\/facilities\/mehtimaki-hall\/","title":{"rendered":"Mehtim\u00e4ki Hall"},"content":{"rendered":"\t\t<div data-elementor-type=\"wp-page\" data-elementor-id=\"2182\" class=\"elementor elementor-2182\" data-elementor-post-type=\"page\">\n\t\t\t\t<div data-particle_enable=\"false\" data-particle-mobile-disabled=\"false\" class=\"elementor-element elementor-element-4b5153e e-flex e-con-boxed e-con e-parent\" data-id=\"4b5153e\" data-element_type=\"container\" data-e-type=\"container\">\n\t\t\t\t\t<div class=\"e-con-inner\">\n\t\t<div data-particle_enable=\"false\" data-particle-mobile-disabled=\"false\" class=\"elementor-element elementor-element-96a11f3 e-flex e-con-boxed e-con e-child\" data-id=\"96a11f3\" data-element_type=\"container\" data-e-type=\"container\">\n\t\t\t\t\t<div class=\"e-con-inner\">\n\t\t\t\t<div class=\"elementor-element elementor-element-7ebf014 elementor-widget elementor-widget-image\" data-id=\"7ebf014\" data-element_type=\"widget\" data-e-type=\"widget\" data-widget_type=\"image.default\">\n\t\t\t\t<div class=\"elementor-widget-container\">\n\t\t\t\t\t\t\t\t\t\t\t\t\t\t\t<img fetchpriority=\"high\" decoding=\"async\" width=\"800\" height=\"348\" src=\"https:\/\/xn--sykett-gua.fi\/joensuu\/wp-content\/uploads\/sites\/3\/2024\/10\/tulliportinkadun-koulu.png\" class=\"attachment-large size-large wp-image-4072\" alt=\"Tulliportikadun koulu ja urheilukentt\u00e4 sen edess\u00e4.\" srcset=\"https:\/\/xn--sykett-gua.fi\/joensuu\/wp-content\/uploads\/sites\/3\/2024\/10\/tulliportinkadun-koulu.png 880w, https:\/\/xn--sykett-gua.fi\/joensuu\/wp-content\/uploads\/sites\/3\/2024\/10\/tulliportinkadun-koulu-300x131.png 300w, https:\/\/xn--sykett-gua.fi\/joensuu\/wp-content\/uploads\/sites\/3\/2024\/10\/tulliportinkadun-koulu-768x334.png 768w\" sizes=\"(max-width: 800px) 100vw, 800px\" \/>\t\t\t\t\t\t\t\t\t\t\t\t\t\t\t<\/div>\n\t\t\t\t<\/div>\n\t\t\t\t<div class=\"elementor-element elementor-element-8542f6d elementor-widget elementor-widget-text-editor\" data-id=\"8542f6d\" data-element_type=\"widget\" data-e-type=\"widget\" data-widget_type=\"text-editor.default\">\n\t\t\t\t<div class=\"elementor-widget-container\">\n\t\t\t\t\t\t\t\t\t<p><strong>Services<\/strong>: Group exercise room (pedagogical room) and ball sports block (UEF block)<br \/><strong>Instructions<\/strong>: Access to ball sports block from the front of the building via door A through the changing rooms using a door code, access to group exercise room from the back of the building via doors F and E using door codes. Use event specific access codes, which are mentioned in the event description.<br \/><strong>Opening hours<\/strong>: Evenings and weekends, check the\u00a0sports calendar<br \/><strong>Changing rooms<\/strong>: In the right side of the main lobby, changing rooms for women and men. In group exercise room changing rooms are located on the 2nd floor.<br \/><strong>Showers<\/strong>: Showers and restrooms are in the changing rooms<br \/><strong>Equipment<\/strong>: Goals and nets (basketball, volleyball, roundnet, badminton)<\/p>\t\t\t\t\t\t\t\t<\/div>\n\t\t\t\t<\/div>\n\t\t\t\t<div class=\"elementor-element elementor-element-c3038b8 elementor-widget elementor-widget-button\" data-id=\"c3038b8\" data-element_type=\"widget\" data-e-type=\"widget\" data-widget_type=\"button.default\">\n\t\t\t\t<div class=\"elementor-widget-container\">\n\t\t\t\t\t\t\t\t\t<div class=\"elementor-button-wrapper\">\n\t\t\t\t\t<a class=\"elementor-button elementor-button-link elementor-size-sm\" href=\"https:\/\/xn--sykett-gua.fi\/joensuu\/en\/joensuu-en\/\" target=\"_blank\">\n\t\t\t\t\t\t<span class=\"elementor-button-content-wrapper\">\n\t\t\t\t\t\t\t\t\t<span class=\"elementor-button-text\">Sports calendar<\/span>\n\t\t\t\t\t<\/span>\n\t\t\t\t\t<\/a>\n\t\t\t\t<\/div>\n\t\t\t\t\t\t\t\t<\/div>\n\t\t\t\t<\/div>\n\t\t\t\t\t<\/div>\n\t\t\t\t<\/div>\n\t\t<div data-particle_enable=\"false\" data-particle-mobile-disabled=\"false\" class=\"elementor-element elementor-element-3a69fb8 e-flex e-con-boxed e-con e-child\" data-id=\"3a69fb8\" data-element_type=\"container\" data-e-type=\"container\">\n\t\t\t\t\t<div class=\"e-con-inner\">\n\t\t\t\t<div class=\"elementor-element elementor-element-10d19e9b elementor-widget elementor-widget-text-editor\" data-id=\"10d19e9b\" data-element_type=\"widget\" data-e-type=\"widget\" data-widget_type=\"text-editor.default\">\n\t\t\t\t<div class=\"elementor-widget-container\">\n\t\t\t\t\t\t\t\t\t<h2>Location<\/h2><p>Mehtim\u00e4ki hall (Motonet Areena) is located in the address <b>Kisapolku 1, 80110 Joensuu<\/b>. In Mehtim\u00e4ki hall we are using a pedagogical room and a UEF block. There can also be ball sports turns in blocks 1 and 2. The entrances of the hall are locked, but classes and turns can be accessed with a door code, which can be found in the class descriptions in the sports calendar. The same door code also allows access to the changing rooms.<\/p>\t\t\t\t\t\t\t\t<\/div>\n\t\t\t\t<\/div>\n\t\t\t\t<div class=\"elementor-element elementor-element-8d8d427 elementor-widget elementor-widget-google_maps\" data-id=\"8d8d427\" data-element_type=\"widget\" data-e-type=\"widget\" data-widget_type=\"google_maps.default\">\n\t\t\t\t<div class=\"elementor-widget-container\">\n\t\t\t\t\t\t\t<div class=\"elementor-custom-embed\">\n\t\t\t<iframe loading=\"lazy\"\n\t\t\t\t\tsrc=\"https:\/\/maps.google.com\/maps?q=Kisapolku%201%2C%2080110%20Joensuu&#038;t=m&#038;z=13&#038;output=embed&#038;iwloc=near\"\n\t\t\t\t\ttitle=\"Kisapolku 1, 80110 Joensuu\"\n\t\t\t\t\taria-label=\"Kisapolku 1, 80110 Joensuu\"\n\t\t\t><\/iframe>\n\t\t<\/div>\n\t\t\t\t\t\t<\/div>\n\t\t\t\t<\/div>\n\t\t\t\t\t<\/div>\n\t\t\t\t<\/div>\n\t\t\t\t\t<\/div>\n\t\t\t\t<\/div>\n\t\t<div data-particle_enable=\"false\" data-particle-mobile-disabled=\"false\" class=\"elementor-element elementor-element-1d8947e2 e-flex e-con-boxed e-con e-parent\" data-id=\"1d8947e2\" data-element_type=\"container\" data-e-type=\"container\" data-settings=\"{&quot;background_background&quot;:&quot;classic&quot;}\">\n\t\t\t\t\t<div class=\"e-con-inner\">\n\t\t<div data-particle_enable=\"false\" data-particle-mobile-disabled=\"false\" class=\"elementor-element elementor-element-527941fb e-flex e-con-boxed e-con e-child\" data-id=\"527941fb\" data-element_type=\"container\" data-e-type=\"container\">\n\t\t\t\t\t<div class=\"e-con-inner\">\n\t\t\t\t<div class=\"elementor-element elementor-element-1f2db10c elementor-widget elementor-widget-text-editor\" data-id=\"1f2db10c\" data-element_type=\"widget\" data-e-type=\"widget\" data-widget_type=\"text-editor.default\">\n\t\t\t\t<div class=\"elementor-widget-container\">\n\t\t\t\t\t\t\t\t\t<h2>Mehtim\u00e4ki Hall Pedagogical Room<\/h2><p>The pedagogical room is located at the back of Mehtim\u00e4ki hall. The pedagogical room is accessible from the back of the building on the university side. Door F leads to the women\u2019s changing rooms and door E leads to the men\u2019s changing rooms. The room can be accessed from both sides. Changing rooms and showers are located on the second floor.<\/p><h3>Basic Information<\/h3><p>The room is suitable for different group exercise classes. Wall bars can be found in one wall of the room, with mirrors on the other side of the bars. The room has a PA system. Equipment for group exercise classes can be found in the room: rubber bands, exercise sticks, fysio balls, hula hoops, step boards, pump sets and kettlebells.<\/p><p>Note:<\/p><ul><li>The entrances of the hall are locked, but group exercise classes can be accessed with a door code, which can be found in the class descriptions in the sports calendar.<\/li><li>Only indoor sports slippers or shoes may be worn in the hall. Do not wear outdoor shoes or shoes that leave marks on the floor in the room.<\/li><li>The lockers in the changing rooms are free to use. Instructions for use: Insert the code of your choice into the locker and turn it into the lock. When opening, enter your own code into the door, and the door will open automatically.<\/li><\/ul>\t\t\t\t\t\t\t\t<\/div>\n\t\t\t\t<\/div>\n\t\t\t\t<div class=\"elementor-element elementor-element-81c765d elementor-widget elementor-widget-video\" data-id=\"81c765d\" data-element_type=\"widget\" data-e-type=\"widget\" data-settings=\"{&quot;youtube_url&quot;:&quot;https:\\\/\\\/youtu.be\\\/H9qRIm1sMVI&quot;,&quot;video_type&quot;:&quot;youtube&quot;,&quot;controls&quot;:&quot;yes&quot;}\" data-widget_type=\"video.default\">\n\t\t\t\t<div class=\"elementor-widget-container\">\n\t\t\t\t\t\t\t<div class=\"elementor-wrapper elementor-open-inline\">\n\t\t\t<div class=\"elementor-video\"><\/div>\t\t<\/div>\n\t\t\t\t\t\t<\/div>\n\t\t\t\t<\/div>\n\t\t\t\t\t<\/div>\n\t\t\t\t<\/div>\n\t\t<div data-particle_enable=\"false\" data-particle-mobile-disabled=\"false\" class=\"elementor-element elementor-element-5235ee0f e-flex e-con-boxed e-con e-child\" data-id=\"5235ee0f\" data-element_type=\"container\" data-e-type=\"container\">\n\t\t\t\t\t<div class=\"e-con-inner\">\n\t\t\t\t<div class=\"elementor-element elementor-element-19e0194f elementor-widget elementor-widget-text-editor\" data-id=\"19e0194f\" data-element_type=\"widget\" data-e-type=\"widget\" data-widget_type=\"text-editor.default\">\n\t\t\t\t<div class=\"elementor-widget-container\">\n\t\t\t\t\t\t\t\t\t<h2>Mehtim\u00e4ki Hall UEF Block<\/h2><p>UEF block is located in the large hall part of Mehtim\u00e4ki hall. The UEF block is accessible from door A on the right side of the main entrance, from the Kuntokeidas side. The changing rooms and showers are located in the corridor to the right of the lobby. Door code also allows access to the changing rooms. Access to the block is through the changing rooms. The block is located in the hall on the right.<\/p><h3>Basic Information<\/h3><p>UEF block has a parquet floor. The block is suitable for badminton and volleyball. SYKETT\u00c4 users are free to use the nets and poles stored under the stands. SYKETT\u00c4 users may not use the hall\u2019s other equipment.<\/p><p>Note:<\/p><ul><li>The entrances of the hall are locked, but ball sports turns can be accessed with a door code, which can be found in the class descriptions in the sports calendar.<\/li><li>The same door code also allows access to the changing rooms.<\/li><li>Only indoor sports slippers or shoes may be worn in the hall. Do not wear outdoor shoes or shoes that leave marks on the floor in the room.<\/li><li>Users must exit the hall by 10 pm<\/li><li>The lockers in the changing rooms are free to use. Instructions for use: Insert the code of your choice into the locker and turn it into the lock. When opening, enter your own code into the door, and the door will open automatically.<\/li><li>The light switches are located at the block entrances.<\/li><li>If you are not certain whether other users are coming after you, turn off the lights.<\/li><\/ul>\t\t\t\t\t\t\t\t<\/div>\n\t\t\t\t<\/div>\n\t\t\t\t<div class=\"elementor-element elementor-element-878ab92 elementor-widget elementor-widget-video\" data-id=\"878ab92\" data-element_type=\"widget\" data-e-type=\"widget\" data-settings=\"{&quot;youtube_url&quot;:&quot;https:\\\/\\\/youtu.be\\\/TghkiZMF73I&quot;,&quot;video_type&quot;:&quot;youtube&quot;,&quot;controls&quot;:&quot;yes&quot;}\" data-widget_type=\"video.default\">\n\t\t\t\t<div class=\"elementor-widget-container\">\n\t\t\t\t\t\t\t<div class=\"elementor-wrapper elementor-open-inline\">\n\t\t\t<div class=\"elementor-video\"><\/div>\t\t<\/div>\n\t\t\t\t\t\t<\/div>\n\t\t\t\t<\/div>\n\t\t\t\t\t<\/div>\n\t\t\t\t<\/div>\n\t\t\t\t\t<\/div>\n\t\t\t\t<\/div>\n\t\t<div data-particle_enable=\"false\" data-particle-mobile-disabled=\"false\" class=\"elementor-element elementor-element-62de498f e-flex e-con-boxed e-con e-parent\" data-id=\"62de498f\" data-element_type=\"container\" data-e-type=\"container\">\n\t\t\t\t\t<div class=\"e-con-inner\">\n\t\t<div data-particle_enable=\"false\" data-particle-mobile-disabled=\"false\" class=\"elementor-element elementor-element-32770eed e-flex e-con-boxed e-con e-child\" data-id=\"32770eed\" data-element_type=\"container\" data-e-type=\"container\">\n\t\t\t\t\t<div class=\"e-con-inner\">\n\t\t\t\t<div class=\"elementor-element elementor-element-6da5cea3 elementor-widget elementor-widget-text-editor\" data-id=\"6da5cea3\" data-element_type=\"widget\" data-e-type=\"widget\" data-widget_type=\"text-editor.default\">\n\t\t\t\t<div class=\"elementor-widget-container\">\n\t\t\t\t\t\t\t\t\t<h2>Mehtim\u00e4ki hall blocks 1 and 2<\/h2><p>Blocks 1 and 2 are located in the large hall part of Mehtim\u00e4ki hall. The blocks are accessible from door A on the right side of the main entrance, from the Kuntokeidas side. The changing rooms and showers are located in the corridor to the left of the lobby. Door code also allows access to the changing rooms. Access to the blocks is through the changing rooms. Blocks are located in the hall on the left and center.<\/p><h3>Basic information<\/h3><p>Blocks have a parquet floor. Blocks are suitable for basketball and volleyball. SYKETT\u00c4 users are free to use the nets and poles stored under the stands. SYKETT\u00c4 users may not use the hall\u2019s other equipment.<\/p><p>Note:<\/p><ul><li>The entrances of the hall are locked, but ball sports turns can be accessed with a door code, which can be found in the class descriptions in the sports calendar.<\/li><li>The same door code also allows access to the changing rooms.<\/li><li>Only indoor sports slippers or shoes may be worn in the hall. Do not wear outdoor shoes or shoes that leave marks on the floor in the room.<\/li><li>Users must exit the hall by 10 pm<\/li><li>The lockers in the changing rooms are free to use. Instructions for use: Insert the code of your choice into the locker and turn it into the lock. When opening, enter your own code into the door, and the door will open automatically.<\/li><li>The light switches are located at the block entrances.<\/li><li>If you are not certain whether other users are coming after you, turn off the lights.<\/li><\/ul>\t\t\t\t\t\t\t\t<\/div>\n\t\t\t\t<\/div>\n\t\t\t\t<div class=\"elementor-element elementor-element-a30c203 elementor-widget elementor-widget-video\" data-id=\"a30c203\" data-element_type=\"widget\" data-e-type=\"widget\" data-settings=\"{&quot;youtube_url&quot;:&quot;https:\\\/\\\/youtu.be\\\/Ngc8hjWct58&quot;,&quot;video_type&quot;:&quot;youtube&quot;,&quot;controls&quot;:&quot;yes&quot;}\" data-widget_type=\"video.default\">\n\t\t\t\t<div class=\"elementor-widget-container\">\n\t\t\t\t\t\t\t<div class=\"elementor-wrapper elementor-open-inline\">\n\t\t\t<div class=\"elementor-video\"><\/div>\t\t<\/div>\n\t\t\t\t\t\t<\/div>\n\t\t\t\t<\/div>\n\t\t\t\t\t<\/div>\n\t\t\t\t<\/div>\n\t\t<div data-particle_enable=\"false\" data-particle-mobile-disabled=\"false\" class=\"elementor-element elementor-element-c9a874c e-flex e-con-boxed e-con e-child\" data-id=\"c9a874c\" data-element_type=\"container\" data-e-type=\"container\">\n\t\t\t\t\t<div class=\"e-con-inner\">\n\t\t\t\t<div class=\"elementor-element elementor-element-74937d41 elementor-widget elementor-widget-image\" data-id=\"74937d41\" data-element_type=\"widget\" data-e-type=\"widget\" data-widget_type=\"image.default\">\n\t\t\t\t<div class=\"elementor-widget-container\">\n\t\t\t\t\t\t\t\t\t\t\t\t\t\t\t<img decoding=\"async\" width=\"552\" height=\"575\" src=\"https:\/\/xn--sykett-gua.fi\/joensuu\/wp-content\/uploads\/sites\/3\/2024\/06\/syketta-grafiikkaa-joensuu.gif\" class=\"attachment-large size-large wp-image-3037\" alt=\"\" \/>\t\t\t\t\t\t\t\t\t\t\t\t\t\t\t<\/div>\n\t\t\t\t<\/div>\n\t\t\t\t\t<\/div>\n\t\t\t\t<\/div>\n\t\t\t\t\t<\/div>\n\t\t\t\t<\/div>\n\t\t\t\t<\/div>\n\t\t","protected":false},"excerpt":{"rendered":"<p>Services: Group exercise room (pedagogical room) and ball sports block (UEF block)Instructions: Access to ball sports block from the front of the building via door A through the changing rooms using a door code, access to group exercise room from the back of the building via doors F and E using door codes. Use event [&hellip;]<\/p>\n","protected":false},"author":3,"featured_media":0,"parent":2148,"menu_order":0,"comment_status":"closed","ping_status":"closed","template":"","meta":{"iawp_total_views":71,"footnotes":""},"class_list":["post-2182","page","type-page","status-publish","hentry"],"yoast_head":"<!-- This site is optimized with the Yoast SEO plugin v27.3 - https:\/\/yoast.com\/product\/yoast-seo-wordpress\/ -->\n<title>Mehtim\u00e4ki Hall - SYKETT\u00c4 Joensuu<\/title>\n<meta name=\"description\" content=\"Mehtim\u00e4ki hall (Motonet Areena) is located in the address Kisapolku 1, 80110 Joensuu.\" \/>\n<meta name=\"robots\" content=\"index, follow, max-snippet:-1, max-image-preview:large, max-video-preview:-1\" \/>\n<link rel=\"canonical\" href=\"https:\/\/xn--sykett-gua.fi\/joensuu\/en\/facilities\/mehtimaki-hall\/\" \/>\n<meta property=\"og:locale\" content=\"fi_FI\" \/>\n<meta property=\"og:type\" content=\"article\" \/>\n<meta property=\"og:title\" content=\"Mehtim\u00e4ki Hall - SYKETT\u00c4 Joensuu\" \/>\n<meta property=\"og:description\" content=\"Mehtim\u00e4ki hall (Motonet Areena) is located in the address Kisapolku 1, 80110 Joensuu.\" \/>\n<meta property=\"og:url\" content=\"https:\/\/xn--sykett-gua.fi\/joensuu\/en\/facilities\/mehtimaki-hall\/\" \/>\n<meta property=\"og:site_name\" content=\"SYKETT\u00c4 Joensuu\" \/>\n<meta property=\"article:modified_time\" content=\"2025-07-31T08:25:13+00:00\" \/>\n<meta property=\"og:image\" content=\"https:\/\/xn--sykett-gua.fi\/joensuu\/wp-content\/uploads\/sites\/3\/2024\/10\/tulliportinkadun-koulu.png\" \/>\n\t<meta property=\"og:image:width\" content=\"880\" \/>\n\t<meta property=\"og:image:height\" content=\"383\" \/>\n\t<meta property=\"og:image:type\" content=\"image\/png\" \/>\n<meta name=\"twitter:card\" content=\"summary_large_image\" \/>\n<meta name=\"twitter:label1\" content=\"Arvioitu lukuaika\" \/>\n\t<meta name=\"twitter:data1\" content=\"7 minuuttia\" \/>\n<script type=\"application\/ld+json\" class=\"yoast-schema-graph\">{\"@context\":\"https:\\\/\\\/schema.org\",\"@graph\":[{\"@type\":\"WebPage\",\"@id\":\"https:\\\/\\\/xn--sykett-gua.fi\\\/joensuu\\\/en\\\/facilities\\\/mehtimaki-hall\\\/\",\"url\":\"https:\\\/\\\/xn--sykett-gua.fi\\\/joensuu\\\/en\\\/facilities\\\/mehtimaki-hall\\\/\",\"name\":\"Mehtim\u00e4ki Hall - SYKETT\u00c4 Joensuu\",\"isPartOf\":{\"@id\":\"https:\\\/\\\/xn--sykett-gua.fi\\\/joensuu\\\/#website\"},\"primaryImageOfPage\":{\"@id\":\"https:\\\/\\\/xn--sykett-gua.fi\\\/joensuu\\\/en\\\/facilities\\\/mehtimaki-hall\\\/#primaryimage\"},\"image\":{\"@id\":\"https:\\\/\\\/xn--sykett-gua.fi\\\/joensuu\\\/en\\\/facilities\\\/mehtimaki-hall\\\/#primaryimage\"},\"thumbnailUrl\":\"https:\\\/\\\/xn--sykett-gua.fi\\\/joensuu\\\/wp-content\\\/uploads\\\/sites\\\/3\\\/2024\\\/10\\\/tulliportinkadun-koulu.png\",\"datePublished\":\"2024-06-06T08:35:37+00:00\",\"dateModified\":\"2025-07-31T08:25:13+00:00\",\"description\":\"Mehtim\u00e4ki hall (Motonet Areena) is located in the address Kisapolku 1, 80110 Joensuu.\",\"breadcrumb\":{\"@id\":\"https:\\\/\\\/xn--sykett-gua.fi\\\/joensuu\\\/en\\\/facilities\\\/mehtimaki-hall\\\/#breadcrumb\"},\"inLanguage\":\"fi\",\"potentialAction\":[{\"@type\":\"ReadAction\",\"target\":[\"https:\\\/\\\/xn--sykett-gua.fi\\\/joensuu\\\/en\\\/facilities\\\/mehtimaki-hall\\\/\"]}]},{\"@type\":\"ImageObject\",\"inLanguage\":\"fi\",\"@id\":\"https:\\\/\\\/xn--sykett-gua.fi\\\/joensuu\\\/en\\\/facilities\\\/mehtimaki-hall\\\/#primaryimage\",\"url\":\"https:\\\/\\\/xn--sykett-gua.fi\\\/joensuu\\\/wp-content\\\/uploads\\\/sites\\\/3\\\/2024\\\/10\\\/tulliportinkadun-koulu.png\",\"contentUrl\":\"https:\\\/\\\/xn--sykett-gua.fi\\\/joensuu\\\/wp-content\\\/uploads\\\/sites\\\/3\\\/2024\\\/10\\\/tulliportinkadun-koulu.png\",\"width\":880,\"height\":383,\"caption\":\"Tulliportikadun koulu ja urheilukentt\u00e4 sen edess\u00e4.\"},{\"@type\":\"BreadcrumbList\",\"@id\":\"https:\\\/\\\/xn--sykett-gua.fi\\\/joensuu\\\/en\\\/facilities\\\/mehtimaki-hall\\\/#breadcrumb\",\"itemListElement\":[{\"@type\":\"ListItem\",\"position\":1,\"name\":\"Etusivu\",\"item\":\"https:\\\/\\\/xn--sykett-gua.fi\\\/joensuu\\\/fi\\\/joensuu\\\/\"},{\"@type\":\"ListItem\",\"position\":2,\"name\":\"Facilities\",\"item\":\"https:\\\/\\\/xn--sykett-gua.fi\\\/joensuu\\\/en\\\/facilities\\\/\"},{\"@type\":\"ListItem\",\"position\":3,\"name\":\"Mehtim\u00e4ki Hall\"}]},{\"@type\":\"WebSite\",\"@id\":\"https:\\\/\\\/xn--sykett-gua.fi\\\/joensuu\\\/#website\",\"url\":\"https:\\\/\\\/xn--sykett-gua.fi\\\/joensuu\\\/\",\"name\":\"SYKETT\u00c4 Joensuu\",\"description\":\"\",\"publisher\":{\"@id\":\"https:\\\/\\\/xn--sykett-gua.fi\\\/joensuu\\\/#organization\"},\"potentialAction\":[{\"@type\":\"SearchAction\",\"target\":{\"@type\":\"EntryPoint\",\"urlTemplate\":\"https:\\\/\\\/xn--sykett-gua.fi\\\/joensuu\\\/?s={search_term_string}\"},\"query-input\":{\"@type\":\"PropertyValueSpecification\",\"valueRequired\":true,\"valueName\":\"search_term_string\"}}],\"inLanguage\":\"fi\"},{\"@type\":\"Organization\",\"@id\":\"https:\\\/\\\/xn--sykett-gua.fi\\\/joensuu\\\/#organization\",\"name\":\"SYKETT\u00c4 Joensuu\",\"url\":\"https:\\\/\\\/xn--sykett-gua.fi\\\/joensuu\\\/\",\"logo\":{\"@type\":\"ImageObject\",\"inLanguage\":\"fi\",\"@id\":\"https:\\\/\\\/xn--sykett-gua.fi\\\/joensuu\\\/#\\\/schema\\\/logo\\\/image\\\/\",\"url\":\"https:\\\/\\\/xn--sykett-gua.fi\\\/joensuu\\\/wp-content\\\/uploads\\\/sites\\\/3\\\/2024\\\/06\\\/Asset-2@2x-2.png\",\"contentUrl\":\"https:\\\/\\\/xn--sykett-gua.fi\\\/joensuu\\\/wp-content\\\/uploads\\\/sites\\\/3\\\/2024\\\/06\\\/Asset-2@2x-2.png\",\"width\":1003,\"height\":373,\"caption\":\"SYKETT\u00c4 Joensuu\"},\"image\":{\"@id\":\"https:\\\/\\\/xn--sykett-gua.fi\\\/joensuu\\\/#\\\/schema\\\/logo\\\/image\\\/\"}}]}<\/script>\n<!-- \/ Yoast SEO plugin. -->","yoast_head_json":{"title":"Mehtim\u00e4ki Hall - SYKETT\u00c4 Joensuu","description":"Mehtim\u00e4ki hall (Motonet Areena) is located in the address Kisapolku 1, 80110 Joensuu.","robots":{"index":"index","follow":"follow","max-snippet":"max-snippet:-1","max-image-preview":"max-image-preview:large","max-video-preview":"max-video-preview:-1"},"canonical":"https:\/\/xn--sykett-gua.fi\/joensuu\/en\/facilities\/mehtimaki-hall\/","og_locale":"fi_FI","og_type":"article","og_title":"Mehtim\u00e4ki Hall - SYKETT\u00c4 Joensuu","og_description":"Mehtim\u00e4ki hall (Motonet Areena) is located in the address Kisapolku 1, 80110 Joensuu.","og_url":"https:\/\/xn--sykett-gua.fi\/joensuu\/en\/facilities\/mehtimaki-hall\/","og_site_name":"SYKETT\u00c4 Joensuu","article_modified_time":"2025-07-31T08:25:13+00:00","og_image":[{"width":880,"height":383,"url":"https:\/\/xn--sykett-gua.fi\/joensuu\/wp-content\/uploads\/sites\/3\/2024\/10\/tulliportinkadun-koulu.png","type":"image\/png"}],"twitter_card":"summary_large_image","twitter_misc":{"Arvioitu lukuaika":"7 minuuttia"},"schema":{"@context":"https:\/\/schema.org","@graph":[{"@type":"WebPage","@id":"https:\/\/xn--sykett-gua.fi\/joensuu\/en\/facilities\/mehtimaki-hall\/","url":"https:\/\/xn--sykett-gua.fi\/joensuu\/en\/facilities\/mehtimaki-hall\/","name":"Mehtim\u00e4ki Hall - SYKETT\u00c4 Joensuu","isPartOf":{"@id":"https:\/\/xn--sykett-gua.fi\/joensuu\/#website"},"primaryImageOfPage":{"@id":"https:\/\/xn--sykett-gua.fi\/joensuu\/en\/facilities\/mehtimaki-hall\/#primaryimage"},"image":{"@id":"https:\/\/xn--sykett-gua.fi\/joensuu\/en\/facilities\/mehtimaki-hall\/#primaryimage"},"thumbnailUrl":"https:\/\/xn--sykett-gua.fi\/joensuu\/wp-content\/uploads\/sites\/3\/2024\/10\/tulliportinkadun-koulu.png","datePublished":"2024-06-06T08:35:37+00:00","dateModified":"2025-07-31T08:25:13+00:00","description":"Mehtim\u00e4ki hall (Motonet Areena) is located in the address Kisapolku 1, 80110 Joensuu.","breadcrumb":{"@id":"https:\/\/xn--sykett-gua.fi\/joensuu\/en\/facilities\/mehtimaki-hall\/#breadcrumb"},"inLanguage":"fi","potentialAction":[{"@type":"ReadAction","target":["https:\/\/xn--sykett-gua.fi\/joensuu\/en\/facilities\/mehtimaki-hall\/"]}]},{"@type":"ImageObject","inLanguage":"fi","@id":"https:\/\/xn--sykett-gua.fi\/joensuu\/en\/facilities\/mehtimaki-hall\/#primaryimage","url":"https:\/\/xn--sykett-gua.fi\/joensuu\/wp-content\/uploads\/sites\/3\/2024\/10\/tulliportinkadun-koulu.png","contentUrl":"https:\/\/xn--sykett-gua.fi\/joensuu\/wp-content\/uploads\/sites\/3\/2024\/10\/tulliportinkadun-koulu.png","width":880,"height":383,"caption":"Tulliportikadun koulu ja urheilukentt\u00e4 sen edess\u00e4."},{"@type":"BreadcrumbList","@id":"https:\/\/xn--sykett-gua.fi\/joensuu\/en\/facilities\/mehtimaki-hall\/#breadcrumb","itemListElement":[{"@type":"ListItem","position":1,"name":"Etusivu","item":"https:\/\/xn--sykett-gua.fi\/joensuu\/fi\/joensuu\/"},{"@type":"ListItem","position":2,"name":"Facilities","item":"https:\/\/xn--sykett-gua.fi\/joensuu\/en\/facilities\/"},{"@type":"ListItem","position":3,"name":"Mehtim\u00e4ki Hall"}]},{"@type":"WebSite","@id":"https:\/\/xn--sykett-gua.fi\/joensuu\/#website","url":"https:\/\/xn--sykett-gua.fi\/joensuu\/","name":"SYKETT\u00c4 Joensuu","description":"","publisher":{"@id":"https:\/\/xn--sykett-gua.fi\/joensuu\/#organization"},"potentialAction":[{"@type":"SearchAction","target":{"@type":"EntryPoint","urlTemplate":"https:\/\/xn--sykett-gua.fi\/joensuu\/?s={search_term_string}"},"query-input":{"@type":"PropertyValueSpecification","valueRequired":true,"valueName":"search_term_string"}}],"inLanguage":"fi"},{"@type":"Organization","@id":"https:\/\/xn--sykett-gua.fi\/joensuu\/#organization","name":"SYKETT\u00c4 Joensuu","url":"https:\/\/xn--sykett-gua.fi\/joensuu\/","logo":{"@type":"ImageObject","inLanguage":"fi","@id":"https:\/\/xn--sykett-gua.fi\/joensuu\/#\/schema\/logo\/image\/","url":"https:\/\/xn--sykett-gua.fi\/joensuu\/wp-content\/uploads\/sites\/3\/2024\/06\/Asset-2@2x-2.png","contentUrl":"https:\/\/xn--sykett-gua.fi\/joensuu\/wp-content\/uploads\/sites\/3\/2024\/06\/Asset-2@2x-2.png","width":1003,"height":373,"caption":"SYKETT\u00c4 Joensuu"},"image":{"@id":"https:\/\/xn--sykett-gua.fi\/joensuu\/#\/schema\/logo\/image\/"}}]}},"_links":{"self":[{"href":"https:\/\/xn--sykett-gua.fi\/joensuu\/wp-json\/wp\/v2\/pages\/2182","targetHints":{"allow":["GET"]}}],"collection":[{"href":"https:\/\/xn--sykett-gua.fi\/joensuu\/wp-json\/wp\/v2\/pages"}],"about":[{"href":"https:\/\/xn--sykett-gua.fi\/joensuu\/wp-json\/wp\/v2\/types\/page"}],"author":[{"embeddable":true,"href":"https:\/\/xn--sykett-gua.fi\/joensuu\/wp-json\/wp\/v2\/users\/3"}],"replies":[{"embeddable":true,"href":"https:\/\/xn--sykett-gua.fi\/joensuu\/wp-json\/wp\/v2\/comments?post=2182"}],"version-history":[{"count":17,"href":"https:\/\/xn--sykett-gua.fi\/joensuu\/wp-json\/wp\/v2\/pages\/2182\/revisions"}],"predecessor-version":[{"id":8537,"href":"https:\/\/xn--sykett-gua.fi\/joensuu\/wp-json\/wp\/v2\/pages\/2182\/revisions\/8537"}],"up":[{"embeddable":true,"href":"https:\/\/xn--sykett-gua.fi\/joensuu\/wp-json\/wp\/v2\/pages\/2148"}],"wp:attachment":[{"href":"https:\/\/xn--sykett-gua.fi\/joensuu\/wp-json\/wp\/v2\/media?parent=2182"}],"curies":[{"name":"wp","href":"https:\/\/api.w.org\/{rel}","templated":true}]}}