{"id":2192,"date":"2024-06-06T11:49:43","date_gmt":"2024-06-06T08:49:43","guid":{"rendered":"https:\/\/xn--sykett-gua.fi\/?page_id=2192"},"modified":"2025-07-31T10:24:04","modified_gmt":"2025-07-31T07:24:04","slug":"rantakyla-university-teaching-training-school","status":"publish","type":"page","link":"https:\/\/xn--sykett-gua.fi\/joensuu\/en\/facilities\/rantakyla-university-teaching-training-school\/","title":{"rendered":"Rantakyl\u00e4 University Teaching Training School"},"content":{"rendered":"\t\t<div data-elementor-type=\"wp-page\" data-elementor-id=\"2192\" class=\"elementor elementor-2192\" data-elementor-post-type=\"page\">\n\t\t\t\t<div data-particle_enable=\"false\" data-particle-mobile-disabled=\"false\" class=\"elementor-element elementor-element-1e24422 e-flex e-con-boxed e-con e-parent\" data-id=\"1e24422\" data-element_type=\"container\" data-e-type=\"container\">\n\t\t\t\t\t<div class=\"e-con-inner\">\n\t\t<div data-particle_enable=\"false\" data-particle-mobile-disabled=\"false\" class=\"elementor-element elementor-element-349cc8f e-flex e-con-boxed e-con e-child\" data-id=\"349cc8f\" data-element_type=\"container\" data-e-type=\"container\">\n\t\t\t\t\t<div class=\"e-con-inner\">\n\t\t\t\t<div class=\"elementor-element elementor-element-28b7d98 elementor-widget elementor-widget-image\" data-id=\"28b7d98\" data-element_type=\"widget\" data-e-type=\"widget\" data-widget_type=\"image.default\">\n\t\t\t\t<div class=\"elementor-widget-container\">\n\t\t\t\t\t\t\t\t\t\t\t\t\t\t\t<img fetchpriority=\"high\" decoding=\"async\" width=\"800\" height=\"348\" src=\"https:\/\/xn--sykett-gua.fi\/joensuu\/wp-content\/uploads\/sites\/3\/2024\/10\/rantakylan-normaalikoulu-1.jpg\" class=\"attachment-large size-large wp-image-4110\" alt=\"Rantakyl\u00e4n normaalikoulun julkisivu\" srcset=\"https:\/\/xn--sykett-gua.fi\/joensuu\/wp-content\/uploads\/sites\/3\/2024\/10\/rantakylan-normaalikoulu-1.jpg 880w, https:\/\/xn--sykett-gua.fi\/joensuu\/wp-content\/uploads\/sites\/3\/2024\/10\/rantakylan-normaalikoulu-1-300x131.jpg 300w, https:\/\/xn--sykett-gua.fi\/joensuu\/wp-content\/uploads\/sites\/3\/2024\/10\/rantakylan-normaalikoulu-1-768x334.jpg 768w\" sizes=\"(max-width: 800px) 100vw, 800px\" \/>\t\t\t\t\t\t\t\t\t\t\t\t\t\t\t<\/div>\n\t\t\t\t<\/div>\n\t\t\t\t<div class=\"elementor-element elementor-element-1090a77 elementor-widget__width-initial elementor-widget elementor-widget-text-editor\" data-id=\"1090a77\" data-element_type=\"widget\" data-e-type=\"widget\" data-widget_type=\"text-editor.default\">\n\t\t\t\t<div class=\"elementor-widget-container\">\n\t\t\t\t\t\t\t\t\t<div class=\"flex max-w-full flex-col flex-grow\"><div class=\"min-h-8 text-message flex w-full flex-col items-end gap-2 whitespace-normal break-words [.text-message+&amp;]:mt-5\" dir=\"auto\" data-message-author-role=\"assistant\" data-message-id=\"8be848de-455f-4e2e-a902-613cd18437a3\" data-message-model-slug=\"gpt-4o\"><div class=\"flex w-full flex-col gap-1 empty:hidden first:pt-[3px]\"><div class=\"markdown prose w-full break-words dark:prose-invert light\"><p><strong>Services:<\/strong> Gymnasium<br \/><strong>Access Instructions:<\/strong> The gymnasium can be accessed through the D-door on the right side of the school<br \/><strong>Opening Hours:<\/strong> Evenings, check the sports calendar for details<br \/><strong>Changing Rooms:<\/strong> One for women and one for men<br \/><strong>Washing Facilities:<\/strong> Showers and restrooms are available in the changing rooms<br \/><strong>Equipment:<\/strong> No equipment available for use<\/p><\/div><\/div><\/div><\/div>\t\t\t\t\t\t\t\t<\/div>\n\t\t\t\t<\/div>\n\t\t\t\t\t<\/div>\n\t\t\t\t<\/div>\n\t\t<div data-particle_enable=\"false\" data-particle-mobile-disabled=\"false\" class=\"elementor-element elementor-element-cb24660 e-flex e-con-boxed e-con e-child\" data-id=\"cb24660\" data-element_type=\"container\" data-e-type=\"container\">\n\t\t\t\t\t<div class=\"e-con-inner\">\n\t\t\t\t<div class=\"elementor-element elementor-element-43e294d elementor-widget elementor-widget-text-editor\" data-id=\"43e294d\" data-element_type=\"widget\" data-e-type=\"widget\" data-widget_type=\"text-editor.default\">\n\t\t\t\t<div class=\"elementor-widget-container\">\n\t\t\t\t\t\t\t\t\t<h2>Location<\/h2>\n<p>Rantakyl\u00e4 University Teaching Training School is located in the address <strong>Pataluodonkatu 6, 80160 Joensuu.<\/strong> The gymnasium is accessible via the D door on the right side of the school. Changing rooms are located in front of the entrance. The gymnasium is accessible via changing rooms.<\/p>\t\t\t\t\t\t\t\t<\/div>\n\t\t\t\t<\/div>\n\t\t\t\t<div class=\"elementor-element elementor-element-15fd082 elementor-widget elementor-widget-google_maps\" data-id=\"15fd082\" data-element_type=\"widget\" data-e-type=\"widget\" data-widget_type=\"google_maps.default\">\n\t\t\t\t<div class=\"elementor-widget-container\">\n\t\t\t\t\t\t\t<div class=\"elementor-custom-embed\">\n\t\t\t<iframe loading=\"lazy\"\n\t\t\t\t\tsrc=\"https:\/\/maps.google.com\/maps?q=Pataluodonkatu%206%2C%2080160%20Joensuu&#038;t=m&#038;z=13&#038;output=embed&#038;iwloc=near\"\n\t\t\t\t\ttitle=\"Pataluodonkatu 6, 80160 Joensuu\"\n\t\t\t\t\taria-label=\"Pataluodonkatu 6, 80160 Joensuu\"\n\t\t\t><\/iframe>\n\t\t<\/div>\n\t\t\t\t\t\t<\/div>\n\t\t\t\t<\/div>\n\t\t\t\t\t<\/div>\n\t\t\t\t<\/div>\n\t\t\t\t\t<\/div>\n\t\t\t\t<\/div>\n\t\t<div data-particle_enable=\"false\" data-particle-mobile-disabled=\"false\" class=\"elementor-element elementor-element-97b81bb e-flex e-con-boxed e-con e-parent\" data-id=\"97b81bb\" data-element_type=\"container\" data-e-type=\"container\" data-settings=\"{&quot;background_background&quot;:&quot;classic&quot;}\">\n\t\t\t\t\t<div class=\"e-con-inner\">\n\t\t<div data-particle_enable=\"false\" data-particle-mobile-disabled=\"false\" class=\"elementor-element elementor-element-3ec0443 e-flex e-con-boxed e-con e-child\" data-id=\"3ec0443\" data-element_type=\"container\" data-e-type=\"container\">\n\t\t\t\t\t<div class=\"e-con-inner\">\n\t\t\t\t<div class=\"elementor-element elementor-element-0300894 elementor-widget elementor-widget-text-editor\" data-id=\"0300894\" data-element_type=\"widget\" data-e-type=\"widget\" data-widget_type=\"text-editor.default\">\n\t\t\t\t<div class=\"elementor-widget-container\">\n\t\t\t\t\t\t\t\t\t<h2>Basic Information<\/h2><p>The gymnasium of Rantakyl\u00e4 University Teaching Training School is suitable for group exercise. The gymnasium has a PA system and fixed mirrors. SYKETT\u00c4 users may not use the school\u2019s equipment.<\/p><p>Note:<\/p><ul><li>D door of Rantakyl\u00e4 University Teaching Training School is locked. Group exercise class instructors will arrive to open the entrance 5 minutes before the class starts, so be sure to arrive on time to the class.<\/li><li>Only indoor sports slippers or shoes may be worn in the gymnasium. Do not wear outdoor shoes or shoes that leave marks on the floor in the gymnasium.<\/li><\/ul>\t\t\t\t\t\t\t\t<\/div>\n\t\t\t\t<\/div>\n\t\t\t\t\t<\/div>\n\t\t\t\t<\/div>\n\t\t<div data-particle_enable=\"false\" data-particle-mobile-disabled=\"false\" class=\"elementor-element elementor-element-51f06d8 e-flex e-con-boxed e-con e-child\" data-id=\"51f06d8\" data-element_type=\"container\" data-e-type=\"container\">\n\t\t\t\t\t<div class=\"e-con-inner\">\n\t\t\t\t\t<\/div>\n\t\t\t\t<\/div>\n\t\t\t\t\t<\/div>\n\t\t\t\t<\/div>\n\t\t\t\t<\/div>\n\t\t","protected":false},"excerpt":{"rendered":"<p>Services: GymnasiumAccess Instructions: The gymnasium can be accessed through the D-door on the right side of the schoolOpening Hours: Evenings, check the sports calendar for detailsChanging Rooms: One for women and one for menWashing Facilities: Showers and restrooms are available in the changing roomsEquipment: No equipment available for use Location Rantakyl\u00e4 University Teaching Training School [&hellip;]<\/p>\n","protected":false},"author":3,"featured_media":0,"parent":2148,"menu_order":0,"comment_status":"closed","ping_status":"closed","template":"","meta":{"iawp_total_views":63,"footnotes":""},"class_list":["post-2192","page","type-page","status-publish","hentry"],"yoast_head":"<!-- This site is optimized with the Yoast SEO plugin v27.3 - https:\/\/yoast.com\/product\/yoast-seo-wordpress\/ -->\n<title>Rantakyl\u00e4 University Teaching Training School - SYKETT\u00c4 Joensuu<\/title>\n<meta name=\"description\" content=\"Rantakyl\u00e4 University Teaching Training School is located in the address Pataluodonkatu 6, 80160 Joensuu.\" \/>\n<meta name=\"robots\" content=\"index, follow, max-snippet:-1, max-image-preview:large, max-video-preview:-1\" \/>\n<link rel=\"canonical\" href=\"https:\/\/xn--sykett-gua.fi\/joensuu\/en\/facilities\/rantakyla-university-teaching-training-school\/\" \/>\n<meta property=\"og:locale\" content=\"fi_FI\" \/>\n<meta property=\"og:type\" content=\"article\" \/>\n<meta property=\"og:title\" content=\"Rantakyl\u00e4 University Teaching Training School - SYKETT\u00c4 Joensuu\" \/>\n<meta property=\"og:description\" content=\"Rantakyl\u00e4 University Teaching Training School is located in the address Pataluodonkatu 6, 80160 Joensuu.\" \/>\n<meta property=\"og:url\" content=\"https:\/\/xn--sykett-gua.fi\/joensuu\/en\/facilities\/rantakyla-university-teaching-training-school\/\" \/>\n<meta property=\"og:site_name\" content=\"SYKETT\u00c4 Joensuu\" \/>\n<meta property=\"article:modified_time\" content=\"2025-07-31T07:24:04+00:00\" \/>\n<meta property=\"og:image\" content=\"https:\/\/xn--sykett-gua.fi\/joensuu\/wp-content\/uploads\/sites\/3\/2024\/10\/rantakylan-normaalikoulu-1.jpg\" \/>\n\t<meta property=\"og:image:width\" content=\"880\" \/>\n\t<meta property=\"og:image:height\" content=\"383\" \/>\n\t<meta property=\"og:image:type\" content=\"image\/jpeg\" \/>\n<meta name=\"twitter:card\" content=\"summary_large_image\" \/>\n<meta name=\"twitter:label1\" content=\"Arvioitu lukuaika\" \/>\n\t<meta name=\"twitter:data1\" content=\"2 minuuttia\" \/>\n<script type=\"application\/ld+json\" class=\"yoast-schema-graph\">{\"@context\":\"https:\\\/\\\/schema.org\",\"@graph\":[{\"@type\":\"WebPage\",\"@id\":\"https:\\\/\\\/xn--sykett-gua.fi\\\/joensuu\\\/en\\\/facilities\\\/rantakyla-university-teaching-training-school\\\/\",\"url\":\"https:\\\/\\\/xn--sykett-gua.fi\\\/joensuu\\\/en\\\/facilities\\\/rantakyla-university-teaching-training-school\\\/\",\"name\":\"Rantakyl\u00e4 University Teaching Training School - SYKETT\u00c4 Joensuu\",\"isPartOf\":{\"@id\":\"https:\\\/\\\/xn--sykett-gua.fi\\\/joensuu\\\/#website\"},\"primaryImageOfPage\":{\"@id\":\"https:\\\/\\\/xn--sykett-gua.fi\\\/joensuu\\\/en\\\/facilities\\\/rantakyla-university-teaching-training-school\\\/#primaryimage\"},\"image\":{\"@id\":\"https:\\\/\\\/xn--sykett-gua.fi\\\/joensuu\\\/en\\\/facilities\\\/rantakyla-university-teaching-training-school\\\/#primaryimage\"},\"thumbnailUrl\":\"https:\\\/\\\/xn--sykett-gua.fi\\\/joensuu\\\/wp-content\\\/uploads\\\/sites\\\/3\\\/2024\\\/10\\\/rantakylan-normaalikoulu-1.jpg\",\"datePublished\":\"2024-06-06T08:49:43+00:00\",\"dateModified\":\"2025-07-31T07:24:04+00:00\",\"description\":\"Rantakyl\u00e4 University Teaching Training School is located in the address Pataluodonkatu 6, 80160 Joensuu.\",\"breadcrumb\":{\"@id\":\"https:\\\/\\\/xn--sykett-gua.fi\\\/joensuu\\\/en\\\/facilities\\\/rantakyla-university-teaching-training-school\\\/#breadcrumb\"},\"inLanguage\":\"fi\",\"potentialAction\":[{\"@type\":\"ReadAction\",\"target\":[\"https:\\\/\\\/xn--sykett-gua.fi\\\/joensuu\\\/en\\\/facilities\\\/rantakyla-university-teaching-training-school\\\/\"]}]},{\"@type\":\"ImageObject\",\"inLanguage\":\"fi\",\"@id\":\"https:\\\/\\\/xn--sykett-gua.fi\\\/joensuu\\\/en\\\/facilities\\\/rantakyla-university-teaching-training-school\\\/#primaryimage\",\"url\":\"https:\\\/\\\/xn--sykett-gua.fi\\\/joensuu\\\/wp-content\\\/uploads\\\/sites\\\/3\\\/2024\\\/10\\\/rantakylan-normaalikoulu-1.jpg\",\"contentUrl\":\"https:\\\/\\\/xn--sykett-gua.fi\\\/joensuu\\\/wp-content\\\/uploads\\\/sites\\\/3\\\/2024\\\/10\\\/rantakylan-normaalikoulu-1.jpg\",\"width\":880,\"height\":383,\"caption\":\"Rantakyl\u00e4n normaalikoulun julkisivu\"},{\"@type\":\"BreadcrumbList\",\"@id\":\"https:\\\/\\\/xn--sykett-gua.fi\\\/joensuu\\\/en\\\/facilities\\\/rantakyla-university-teaching-training-school\\\/#breadcrumb\",\"itemListElement\":[{\"@type\":\"ListItem\",\"position\":1,\"name\":\"Etusivu\",\"item\":\"https:\\\/\\\/xn--sykett-gua.fi\\\/joensuu\\\/fi\\\/joensuu\\\/\"},{\"@type\":\"ListItem\",\"position\":2,\"name\":\"Facilities\",\"item\":\"https:\\\/\\\/xn--sykett-gua.fi\\\/joensuu\\\/en\\\/facilities\\\/\"},{\"@type\":\"ListItem\",\"position\":3,\"name\":\"Rantakyl\u00e4 University Teaching Training School\"}]},{\"@type\":\"WebSite\",\"@id\":\"https:\\\/\\\/xn--sykett-gua.fi\\\/joensuu\\\/#website\",\"url\":\"https:\\\/\\\/xn--sykett-gua.fi\\\/joensuu\\\/\",\"name\":\"SYKETT\u00c4 Joensuu\",\"description\":\"\",\"publisher\":{\"@id\":\"https:\\\/\\\/xn--sykett-gua.fi\\\/joensuu\\\/#organization\"},\"potentialAction\":[{\"@type\":\"SearchAction\",\"target\":{\"@type\":\"EntryPoint\",\"urlTemplate\":\"https:\\\/\\\/xn--sykett-gua.fi\\\/joensuu\\\/?s={search_term_string}\"},\"query-input\":{\"@type\":\"PropertyValueSpecification\",\"valueRequired\":true,\"valueName\":\"search_term_string\"}}],\"inLanguage\":\"fi\"},{\"@type\":\"Organization\",\"@id\":\"https:\\\/\\\/xn--sykett-gua.fi\\\/joensuu\\\/#organization\",\"name\":\"SYKETT\u00c4 Joensuu\",\"url\":\"https:\\\/\\\/xn--sykett-gua.fi\\\/joensuu\\\/\",\"logo\":{\"@type\":\"ImageObject\",\"inLanguage\":\"fi\",\"@id\":\"https:\\\/\\\/xn--sykett-gua.fi\\\/joensuu\\\/#\\\/schema\\\/logo\\\/image\\\/\",\"url\":\"https:\\\/\\\/xn--sykett-gua.fi\\\/joensuu\\\/wp-content\\\/uploads\\\/sites\\\/3\\\/2024\\\/06\\\/Asset-2@2x-2.png\",\"contentUrl\":\"https:\\\/\\\/xn--sykett-gua.fi\\\/joensuu\\\/wp-content\\\/uploads\\\/sites\\\/3\\\/2024\\\/06\\\/Asset-2@2x-2.png\",\"width\":1003,\"height\":373,\"caption\":\"SYKETT\u00c4 Joensuu\"},\"image\":{\"@id\":\"https:\\\/\\\/xn--sykett-gua.fi\\\/joensuu\\\/#\\\/schema\\\/logo\\\/image\\\/\"}}]}<\/script>\n<!-- \/ Yoast SEO plugin. -->","yoast_head_json":{"title":"Rantakyl\u00e4 University Teaching Training School - SYKETT\u00c4 Joensuu","description":"Rantakyl\u00e4 University Teaching Training School is located in the address Pataluodonkatu 6, 80160 Joensuu.","robots":{"index":"index","follow":"follow","max-snippet":"max-snippet:-1","max-image-preview":"max-image-preview:large","max-video-preview":"max-video-preview:-1"},"canonical":"https:\/\/xn--sykett-gua.fi\/joensuu\/en\/facilities\/rantakyla-university-teaching-training-school\/","og_locale":"fi_FI","og_type":"article","og_title":"Rantakyl\u00e4 University Teaching Training School - SYKETT\u00c4 Joensuu","og_description":"Rantakyl\u00e4 University Teaching Training School is located in the address Pataluodonkatu 6, 80160 Joensuu.","og_url":"https:\/\/xn--sykett-gua.fi\/joensuu\/en\/facilities\/rantakyla-university-teaching-training-school\/","og_site_name":"SYKETT\u00c4 Joensuu","article_modified_time":"2025-07-31T07:24:04+00:00","og_image":[{"width":880,"height":383,"url":"https:\/\/xn--sykett-gua.fi\/joensuu\/wp-content\/uploads\/sites\/3\/2024\/10\/rantakylan-normaalikoulu-1.jpg","type":"image\/jpeg"}],"twitter_card":"summary_large_image","twitter_misc":{"Arvioitu lukuaika":"2 minuuttia"},"schema":{"@context":"https:\/\/schema.org","@graph":[{"@type":"WebPage","@id":"https:\/\/xn--sykett-gua.fi\/joensuu\/en\/facilities\/rantakyla-university-teaching-training-school\/","url":"https:\/\/xn--sykett-gua.fi\/joensuu\/en\/facilities\/rantakyla-university-teaching-training-school\/","name":"Rantakyl\u00e4 University Teaching Training School - SYKETT\u00c4 Joensuu","isPartOf":{"@id":"https:\/\/xn--sykett-gua.fi\/joensuu\/#website"},"primaryImageOfPage":{"@id":"https:\/\/xn--sykett-gua.fi\/joensuu\/en\/facilities\/rantakyla-university-teaching-training-school\/#primaryimage"},"image":{"@id":"https:\/\/xn--sykett-gua.fi\/joensuu\/en\/facilities\/rantakyla-university-teaching-training-school\/#primaryimage"},"thumbnailUrl":"https:\/\/xn--sykett-gua.fi\/joensuu\/wp-content\/uploads\/sites\/3\/2024\/10\/rantakylan-normaalikoulu-1.jpg","datePublished":"2024-06-06T08:49:43+00:00","dateModified":"2025-07-31T07:24:04+00:00","description":"Rantakyl\u00e4 University Teaching Training School is located in the address Pataluodonkatu 6, 80160 Joensuu.","breadcrumb":{"@id":"https:\/\/xn--sykett-gua.fi\/joensuu\/en\/facilities\/rantakyla-university-teaching-training-school\/#breadcrumb"},"inLanguage":"fi","potentialAction":[{"@type":"ReadAction","target":["https:\/\/xn--sykett-gua.fi\/joensuu\/en\/facilities\/rantakyla-university-teaching-training-school\/"]}]},{"@type":"ImageObject","inLanguage":"fi","@id":"https:\/\/xn--sykett-gua.fi\/joensuu\/en\/facilities\/rantakyla-university-teaching-training-school\/#primaryimage","url":"https:\/\/xn--sykett-gua.fi\/joensuu\/wp-content\/uploads\/sites\/3\/2024\/10\/rantakylan-normaalikoulu-1.jpg","contentUrl":"https:\/\/xn--sykett-gua.fi\/joensuu\/wp-content\/uploads\/sites\/3\/2024\/10\/rantakylan-normaalikoulu-1.jpg","width":880,"height":383,"caption":"Rantakyl\u00e4n normaalikoulun julkisivu"},{"@type":"BreadcrumbList","@id":"https:\/\/xn--sykett-gua.fi\/joensuu\/en\/facilities\/rantakyla-university-teaching-training-school\/#breadcrumb","itemListElement":[{"@type":"ListItem","position":1,"name":"Etusivu","item":"https:\/\/xn--sykett-gua.fi\/joensuu\/fi\/joensuu\/"},{"@type":"ListItem","position":2,"name":"Facilities","item":"https:\/\/xn--sykett-gua.fi\/joensuu\/en\/facilities\/"},{"@type":"ListItem","position":3,"name":"Rantakyl\u00e4 University Teaching Training School"}]},{"@type":"WebSite","@id":"https:\/\/xn--sykett-gua.fi\/joensuu\/#website","url":"https:\/\/xn--sykett-gua.fi\/joensuu\/","name":"SYKETT\u00c4 Joensuu","description":"","publisher":{"@id":"https:\/\/xn--sykett-gua.fi\/joensuu\/#organization"},"potentialAction":[{"@type":"SearchAction","target":{"@type":"EntryPoint","urlTemplate":"https:\/\/xn--sykett-gua.fi\/joensuu\/?s={search_term_string}"},"query-input":{"@type":"PropertyValueSpecification","valueRequired":true,"valueName":"search_term_string"}}],"inLanguage":"fi"},{"@type":"Organization","@id":"https:\/\/xn--sykett-gua.fi\/joensuu\/#organization","name":"SYKETT\u00c4 Joensuu","url":"https:\/\/xn--sykett-gua.fi\/joensuu\/","logo":{"@type":"ImageObject","inLanguage":"fi","@id":"https:\/\/xn--sykett-gua.fi\/joensuu\/#\/schema\/logo\/image\/","url":"https:\/\/xn--sykett-gua.fi\/joensuu\/wp-content\/uploads\/sites\/3\/2024\/06\/Asset-2@2x-2.png","contentUrl":"https:\/\/xn--sykett-gua.fi\/joensuu\/wp-content\/uploads\/sites\/3\/2024\/06\/Asset-2@2x-2.png","width":1003,"height":373,"caption":"SYKETT\u00c4 Joensuu"},"image":{"@id":"https:\/\/xn--sykett-gua.fi\/joensuu\/#\/schema\/logo\/image\/"}}]}},"_links":{"self":[{"href":"https:\/\/xn--sykett-gua.fi\/joensuu\/wp-json\/wp\/v2\/pages\/2192","targetHints":{"allow":["GET"]}}],"collection":[{"href":"https:\/\/xn--sykett-gua.fi\/joensuu\/wp-json\/wp\/v2\/pages"}],"about":[{"href":"https:\/\/xn--sykett-gua.fi\/joensuu\/wp-json\/wp\/v2\/types\/page"}],"author":[{"embeddable":true,"href":"https:\/\/xn--sykett-gua.fi\/joensuu\/wp-json\/wp\/v2\/users\/3"}],"replies":[{"embeddable":true,"href":"https:\/\/xn--sykett-gua.fi\/joensuu\/wp-json\/wp\/v2\/comments?post=2192"}],"version-history":[{"count":16,"href":"https:\/\/xn--sykett-gua.fi\/joensuu\/wp-json\/wp\/v2\/pages\/2192\/revisions"}],"predecessor-version":[{"id":8516,"href":"https:\/\/xn--sykett-gua.fi\/joensuu\/wp-json\/wp\/v2\/pages\/2192\/revisions\/8516"}],"up":[{"embeddable":true,"href":"https:\/\/xn--sykett-gua.fi\/joensuu\/wp-json\/wp\/v2\/pages\/2148"}],"wp:attachment":[{"href":"https:\/\/xn--sykett-gua.fi\/joensuu\/wp-json\/wp\/v2\/media?parent=2192"}],"curies":[{"name":"wp","href":"https:\/\/api.w.org\/{rel}","templated":true}]}}