{"id":3009,"date":"2024-06-11T12:14:28","date_gmt":"2024-06-11T09:14:28","guid":{"rendered":"https:\/\/xn--sykett-gua.fi\/joensuu\/muut-palvelut\/"},"modified":"2025-07-31T12:54:10","modified_gmt":"2025-07-31T09:54:10","slug":"palvelut","status":"publish","type":"page","link":"https:\/\/xn--sykett-gua.fi\/joensuu\/palvelut\/","title":{"rendered":"Palvelut"},"content":{"rendered":"\t\t<div data-elementor-type=\"wp-page\" data-elementor-id=\"3009\" class=\"elementor elementor-3009\" data-elementor-post-type=\"page\">\n\t\t\t\t<div data-particle_enable=\"false\" data-particle-mobile-disabled=\"false\" class=\"elementor-element elementor-element-2a50a32b e-flex e-con-boxed e-con e-parent\" data-id=\"2a50a32b\" data-element_type=\"container\" data-e-type=\"container\" data-settings=\"{&quot;background_background&quot;:&quot;classic&quot;}\">\n\t\t\t\t\t<div class=\"e-con-inner\">\n\t\t<div data-particle_enable=\"false\" data-particle-mobile-disabled=\"false\" class=\"elementor-element elementor-element-7aa8c961 e-flex e-con-boxed e-con e-child\" data-id=\"7aa8c961\" data-element_type=\"container\" data-e-type=\"container\">\n\t\t\t\t\t<div class=\"e-con-inner\">\n\t\t\t\t<div class=\"elementor-element elementor-element-ddf01f4 elementor-widget__width-initial elementor-widget elementor-widget-text-editor\" data-id=\"ddf01f4\" data-element_type=\"widget\" data-e-type=\"widget\" data-widget_type=\"text-editor.default\">\n\t\t\t\t<div class=\"elementor-widget-container\">\n\t\t\t\t\t\t\t\t\t<p>Monipuolisen ja edullisen liikuntatarjonnan lis\u00e4ksi SYKETT\u00c4-korkeakoululiikunta tarjoaa my\u00f6s liikunnallista el\u00e4m\u00e4ntapaa edist\u00e4vi\u00e4 palveluja. Kaikki palvelut ovat SYKETT\u00c4-k\u00e4ytt\u00e4jille ilmaisia.<\/p>\t\t\t\t\t\t\t\t<\/div>\n\t\t\t\t<\/div>\n\t\t\t\t\t<\/div>\n\t\t\t\t<\/div>\n\t\t\t\t\t<\/div>\n\t\t\t\t<\/div>\n\t\t<div data-particle_enable=\"false\" data-particle-mobile-disabled=\"false\" class=\"elementor-element elementor-element-a31bed3 e-grid e-con-boxed e-con e-parent\" data-id=\"a31bed3\" data-element_type=\"container\" data-e-type=\"container\">\n\t\t\t\t\t<div class=\"e-con-inner\">\n\t\t<div data-particle_enable=\"false\" data-particle-mobile-disabled=\"false\" class=\"elementor-element elementor-element-c880254 e-con-full e-flex e-con e-child\" data-id=\"c880254\" data-element_type=\"container\" data-e-type=\"container\">\n\t\t\t\t<div class=\"elementor-element elementor-element-8f3f85c elementor-widget elementor-widget-image\" data-id=\"8f3f85c\" data-element_type=\"widget\" data-e-type=\"widget\" data-widget_type=\"image.default\">\n\t\t\t\t<div class=\"elementor-widget-container\">\n\t\t\t\t\t\t\t\t\t\t\t\t\t\t\t<img fetchpriority=\"high\" decoding=\"async\" width=\"800\" height=\"534\" src=\"https:\/\/xn--sykett-gua.fi\/joensuu\/wp-content\/uploads\/sites\/3\/2024\/11\/MG_9605-e1730789320938-1024x683.jpg\" class=\"attachment-large size-large wp-image-5005\" alt=\"Liikuntakaverin kanssa voi pelata vaikka sulkapalloa!\" srcset=\"https:\/\/xn--sykett-gua.fi\/joensuu\/wp-content\/uploads\/sites\/3\/2024\/11\/MG_9605-e1730789320938-1024x683.jpg 1024w, https:\/\/xn--sykett-gua.fi\/joensuu\/wp-content\/uploads\/sites\/3\/2024\/11\/MG_9605-e1730789320938-300x200.jpg 300w, https:\/\/xn--sykett-gua.fi\/joensuu\/wp-content\/uploads\/sites\/3\/2024\/11\/MG_9605-e1730789320938-768x512.jpg 768w, https:\/\/xn--sykett-gua.fi\/joensuu\/wp-content\/uploads\/sites\/3\/2024\/11\/MG_9605-e1730789320938-1536x1024.jpg 1536w, https:\/\/xn--sykett-gua.fi\/joensuu\/wp-content\/uploads\/sites\/3\/2024\/11\/MG_9605-e1730789320938.jpg 1920w\" sizes=\"(max-width: 800px) 100vw, 800px\" \/>\t\t\t\t\t\t\t\t\t\t\t\t\t\t\t<\/div>\n\t\t\t\t<\/div>\n\t\t\t\t<div class=\"elementor-element elementor-element-0719908 elementor-widget elementor-widget-text-editor\" data-id=\"0719908\" data-element_type=\"widget\" data-e-type=\"widget\" data-widget_type=\"text-editor.default\">\n\t\t\t\t<div class=\"elementor-widget-container\">\n\t\t\t\t\t\t\t\t\t<h2>Liikuntakaveri Linder<\/h2><p>Liikuntakaveri on SYKETT\u00c4-korkeakoululiikunnan tarjoama palvelu kaikille Joensuun korkeakouluopiskelijoille, jotka haluavat harrastaa liikuntaa, mutta kaipaavat siihen kaveria. Sinulla ei tarvitse olla voimassa olevaa SYKETT\u00c4-j\u00e4senyytt\u00e4 osallistuaksesi liikuntakaveripalveluun.<\/p>\t\t\t\t\t\t\t\t<\/div>\n\t\t\t\t<\/div>\n\t\t\t\t<div class=\"elementor-element elementor-element-aff09e4 elementor-widget elementor-widget-button\" data-id=\"aff09e4\" data-element_type=\"widget\" data-e-type=\"widget\" data-widget_type=\"button.default\">\n\t\t\t\t<div class=\"elementor-widget-container\">\n\t\t\t\t\t\t\t\t\t<div class=\"elementor-button-wrapper\">\n\t\t\t\t\t<a class=\"elementor-button elementor-button-link elementor-size-sm\" href=\"\/joensuu\/palvelut\/liikuntakaveri-linder\/\" target=\"_blank\">\n\t\t\t\t\t\t<span class=\"elementor-button-content-wrapper\">\n\t\t\t\t\t\t\t\t\t<span class=\"elementor-button-text\">Lue lis\u00e4\u00e4<\/span>\n\t\t\t\t\t<\/span>\n\t\t\t\t\t<\/a>\n\t\t\t\t<\/div>\n\t\t\t\t\t\t\t\t<\/div>\n\t\t\t\t<\/div>\n\t\t\t\t<\/div>\n\t\t<div data-particle_enable=\"false\" data-particle-mobile-disabled=\"false\" class=\"elementor-element elementor-element-42a631d e-con-full e-flex e-con e-child\" data-id=\"42a631d\" data-element_type=\"container\" data-e-type=\"container\">\n\t\t\t\t<div class=\"elementor-element elementor-element-569a737 elementor-widget elementor-widget-image\" data-id=\"569a737\" data-element_type=\"widget\" data-e-type=\"widget\" data-widget_type=\"image.default\">\n\t\t\t\t<div class=\"elementor-widget-container\">\n\t\t\t\t\t\t\t\t\t\t\t\t\t\t\t<img decoding=\"async\" width=\"800\" height=\"534\" src=\"https:\/\/xn--sykett-gua.fi\/joensuu\/wp-content\/uploads\/sites\/3\/2024\/11\/MG_1812-1024x683.jpg\" class=\"attachment-large size-large wp-image-4998\" alt=\"\" srcset=\"https:\/\/xn--sykett-gua.fi\/joensuu\/wp-content\/uploads\/sites\/3\/2024\/11\/MG_1812-1024x683.jpg 1024w, https:\/\/xn--sykett-gua.fi\/joensuu\/wp-content\/uploads\/sites\/3\/2024\/11\/MG_1812-300x200.jpg 300w, https:\/\/xn--sykett-gua.fi\/joensuu\/wp-content\/uploads\/sites\/3\/2024\/11\/MG_1812-768x512.jpg 768w, https:\/\/xn--sykett-gua.fi\/joensuu\/wp-content\/uploads\/sites\/3\/2024\/11\/MG_1812-1536x1024.jpg 1536w, https:\/\/xn--sykett-gua.fi\/joensuu\/wp-content\/uploads\/sites\/3\/2024\/11\/MG_1812.jpg 1920w\" sizes=\"(max-width: 800px) 100vw, 800px\" \/>\t\t\t\t\t\t\t\t\t\t\t\t\t\t\t<\/div>\n\t\t\t\t<\/div>\n\t\t\t\t<div class=\"elementor-element elementor-element-ee8eadf elementor-widget elementor-widget-text-editor\" data-id=\"ee8eadf\" data-element_type=\"widget\" data-e-type=\"widget\" data-widget_type=\"text-editor.default\">\n\t\t\t\t<div class=\"elementor-widget-container\">\n\t\t\t\t\t\t\t\t\t<h2>Liikuntaneuvonta<\/h2><div class=\"group\/conversation-turn relative flex w-full min-w-0 flex-col agent-turn\"><div class=\"flex-col gap-1 md:gap-3\"><div class=\"flex max-w-full flex-col flex-grow\"><div class=\"min-h-8 text-message flex w-full flex-col items-end gap-2 whitespace-normal break-words [.text-message+&amp;]:mt-5\" dir=\"auto\" data-message-author-role=\"assistant\" data-message-id=\"d5a29bf5-b833-4ca7-9b1c-d420fe300531\" data-message-model-slug=\"gpt-4o\"><div class=\"flex w-full flex-col gap-1 empty:hidden first:pt-[3px]\"><div class=\"markdown prose w-full break-words dark:prose-invert light\"><p>SYKETT\u00c4-liikuntaneuvonta tarjoaa yksil\u00f6- ja ryhm\u00e4ohjausta tukemaan opiskelijoiden hyvinvointitavoitteita liikunnan, ravitsemuksen ja itsetuntemuksen avulla. Yksil\u00f6ohjaus keskittyy henkil\u00f6kohtaisiin tarpeisiin, kun taas Hyvinvointia arkeen -ryhm\u00e4ss\u00e4 luodaan yhdess\u00e4 kest\u00e4vi\u00e4 arjen rutiineja.<\/p><\/div><\/div><\/div><\/div><\/div><\/div>\t\t\t\t\t\t\t\t<\/div>\n\t\t\t\t<\/div>\n\t\t\t\t<div class=\"elementor-element elementor-element-d847b4c elementor-widget elementor-widget-button\" data-id=\"d847b4c\" data-element_type=\"widget\" data-e-type=\"widget\" data-widget_type=\"button.default\">\n\t\t\t\t<div class=\"elementor-widget-container\">\n\t\t\t\t\t\t\t\t\t<div class=\"elementor-button-wrapper\">\n\t\t\t\t\t<a class=\"elementor-button elementor-button-link elementor-size-sm\" href=\"\/joensuu\/palvelut\/liikuntaneuvonta\/\" target=\"_blank\">\n\t\t\t\t\t\t<span class=\"elementor-button-content-wrapper\">\n\t\t\t\t\t\t\t\t\t<span class=\"elementor-button-text\">Lue lis\u00e4\u00e4<\/span>\n\t\t\t\t\t<\/span>\n\t\t\t\t\t<\/a>\n\t\t\t\t<\/div>\n\t\t\t\t\t\t\t\t<\/div>\n\t\t\t\t<\/div>\n\t\t\t\t<\/div>\n\t\t<div data-particle_enable=\"false\" data-particle-mobile-disabled=\"false\" class=\"elementor-element elementor-element-3429be0 e-con-full e-flex e-con e-child\" data-id=\"3429be0\" data-element_type=\"container\" data-e-type=\"container\">\n\t\t\t\t<div class=\"elementor-element elementor-element-916e7ef elementor-widget elementor-widget-image\" data-id=\"916e7ef\" data-element_type=\"widget\" data-e-type=\"widget\" data-widget_type=\"image.default\">\n\t\t\t\t<div class=\"elementor-widget-container\">\n\t\t\t\t\t\t\t\t\t\t\t\t\t\t\t<img decoding=\"async\" width=\"800\" height=\"534\" src=\"https:\/\/xn--sykett-gua.fi\/joensuu\/wp-content\/uploads\/sites\/3\/2024\/11\/MG_1725-1024x683.jpg\" class=\"attachment-large size-large wp-image-4997\" alt=\"\" srcset=\"https:\/\/xn--sykett-gua.fi\/joensuu\/wp-content\/uploads\/sites\/3\/2024\/11\/MG_1725-1024x683.jpg 1024w, https:\/\/xn--sykett-gua.fi\/joensuu\/wp-content\/uploads\/sites\/3\/2024\/11\/MG_1725-300x200.jpg 300w, https:\/\/xn--sykett-gua.fi\/joensuu\/wp-content\/uploads\/sites\/3\/2024\/11\/MG_1725-768x512.jpg 768w, https:\/\/xn--sykett-gua.fi\/joensuu\/wp-content\/uploads\/sites\/3\/2024\/11\/MG_1725-1536x1024.jpg 1536w, https:\/\/xn--sykett-gua.fi\/joensuu\/wp-content\/uploads\/sites\/3\/2024\/11\/MG_1725.jpg 1920w\" sizes=\"(max-width: 800px) 100vw, 800px\" \/>\t\t\t\t\t\t\t\t\t\t\t\t\t\t\t<\/div>\n\t\t\t\t<\/div>\n\t\t\t\t<div class=\"elementor-element elementor-element-4f553dd elementor-widget elementor-widget-text-editor\" data-id=\"4f553dd\" data-element_type=\"widget\" data-e-type=\"widget\" data-widget_type=\"text-editor.default\">\n\t\t\t\t<div class=\"elementor-widget-container\">\n\t\t\t\t\t\t\t\t\t<h2>Liikuntav\u00e4lineiden lainaus<\/h2><p>Kaikki SYKETT\u00c4-k\u00e4ytt\u00e4j\u00e4t voivat lainata liikuntav\u00e4lineit\u00e4 veloituksetta. V\u00e4lineet l\u00f6ytyv\u00e4t ISYYn toimistolta. Liikuntav\u00e4lineiden laina-aika on yksi viikko.<\/p>\t\t\t\t\t\t\t\t<\/div>\n\t\t\t\t<\/div>\n\t\t\t\t<div class=\"elementor-element elementor-element-cb182e2 elementor-widget elementor-widget-button\" data-id=\"cb182e2\" data-element_type=\"widget\" data-e-type=\"widget\" data-widget_type=\"button.default\">\n\t\t\t\t<div class=\"elementor-widget-container\">\n\t\t\t\t\t\t\t\t\t<div class=\"elementor-button-wrapper\">\n\t\t\t\t\t<a class=\"elementor-button elementor-button-link elementor-size-sm\" href=\"\/joensuu\/palvelut\/liikuntavalineiden-lainaus\/\" target=\"_blank\">\n\t\t\t\t\t\t<span class=\"elementor-button-content-wrapper\">\n\t\t\t\t\t\t\t\t\t<span class=\"elementor-button-text\">Lue lis\u00e4\u00e4<\/span>\n\t\t\t\t\t<\/span>\n\t\t\t\t\t<\/a>\n\t\t\t\t<\/div>\n\t\t\t\t\t\t\t\t<\/div>\n\t\t\t\t<\/div>\n\t\t\t\t<\/div>\n\t\t<div data-particle_enable=\"false\" data-particle-mobile-disabled=\"false\" class=\"elementor-element elementor-element-6b2f952 e-con-full e-flex e-con e-child\" data-id=\"6b2f952\" data-element_type=\"container\" data-e-type=\"container\">\n\t\t\t\t<div class=\"elementor-element elementor-element-c3b5183 elementor-widget elementor-widget-image\" data-id=\"c3b5183\" data-element_type=\"widget\" data-e-type=\"widget\" data-widget_type=\"image.default\">\n\t\t\t\t<div class=\"elementor-widget-container\">\n\t\t\t\t\t\t\t\t\t\t\t\t\t\t\t<img decoding=\"async\" src=\"https:\/\/xn--sykett-gua.fi\/joensuu\/wp-content\/uploads\/sites\/3\/elementor\/thumbs\/banneri_18-r1n4h2xi2ra61crxynrzqtve61azpefo5uwvhkfi8m.png\" title=\"banneri_18\" alt=\"banneri_18\" loading=\"lazy\" \/>\t\t\t\t\t\t\t\t\t\t\t\t\t\t\t<\/div>\n\t\t\t\t<\/div>\n\t\t\t\t<div class=\"elementor-element elementor-element-3aaddb2 elementor-widget elementor-widget-text-editor\" data-id=\"3aaddb2\" data-element_type=\"widget\" data-e-type=\"widget\" data-widget_type=\"text-editor.default\">\n\t\t\t\t<div class=\"elementor-widget-container\">\n\t\t\t\t\t\t\t\t\t<h2>Kuntosaliohjaus<\/h2><p>Haluaisitko aloittaa kuntosaliharjoittelun ensimm\u00e4ist\u00e4 kertaa tai pitk\u00e4n tauon j\u00e4lkeen, mutta laitteet, suoritustekniikat ja kuntosaliohjelman koostaminen mietitytt\u00e4v\u00e4t?<\/p>\t\t\t\t\t\t\t\t<\/div>\n\t\t\t\t<\/div>\n\t\t\t\t<div class=\"elementor-element elementor-element-e718243 elementor-widget elementor-widget-button\" data-id=\"e718243\" data-element_type=\"widget\" data-e-type=\"widget\" data-widget_type=\"button.default\">\n\t\t\t\t<div class=\"elementor-widget-container\">\n\t\t\t\t\t\t\t\t\t<div class=\"elementor-button-wrapper\">\n\t\t\t\t\t<a class=\"elementor-button elementor-button-link elementor-size-sm\" href=\"\/joensuu\/palvelut\/kuntosaliohjaus\" target=\"_blank\">\n\t\t\t\t\t\t<span class=\"elementor-button-content-wrapper\">\n\t\t\t\t\t\t\t\t\t<span class=\"elementor-button-text\">Lue lis\u00e4\u00e4<\/span>\n\t\t\t\t\t<\/span>\n\t\t\t\t\t<\/a>\n\t\t\t\t<\/div>\n\t\t\t\t\t\t\t\t<\/div>\n\t\t\t\t<\/div>\n\t\t\t\t<\/div>\n\t\t<div data-particle_enable=\"false\" data-particle-mobile-disabled=\"false\" class=\"elementor-element elementor-element-22d1f9d e-con-full e-flex e-con e-child\" data-id=\"22d1f9d\" data-element_type=\"container\" data-e-type=\"container\">\n\t\t\t\t<div class=\"elementor-element elementor-element-33a4137 elementor-widget elementor-widget-image\" data-id=\"33a4137\" data-element_type=\"widget\" data-e-type=\"widget\" data-widget_type=\"image.default\">\n\t\t\t\t<div class=\"elementor-widget-container\">\n\t\t\t\t\t\t\t\t\t\t\t\t\t\t\t<img loading=\"lazy\" decoding=\"async\" width=\"800\" height=\"534\" src=\"https:\/\/xn--sykett-gua.fi\/joensuu\/wp-content\/uploads\/sites\/3\/2024\/11\/MG_1741-1024x683.jpg\" class=\"attachment-large size-large wp-image-5008\" alt=\"\" srcset=\"https:\/\/xn--sykett-gua.fi\/joensuu\/wp-content\/uploads\/sites\/3\/2024\/11\/MG_1741-1024x683.jpg 1024w, https:\/\/xn--sykett-gua.fi\/joensuu\/wp-content\/uploads\/sites\/3\/2024\/11\/MG_1741-300x200.jpg 300w, https:\/\/xn--sykett-gua.fi\/joensuu\/wp-content\/uploads\/sites\/3\/2024\/11\/MG_1741-768x512.jpg 768w, https:\/\/xn--sykett-gua.fi\/joensuu\/wp-content\/uploads\/sites\/3\/2024\/11\/MG_1741-1536x1024.jpg 1536w, https:\/\/xn--sykett-gua.fi\/joensuu\/wp-content\/uploads\/sites\/3\/2024\/11\/MG_1741.jpg 1920w\" sizes=\"(max-width: 800px) 100vw, 800px\" \/>\t\t\t\t\t\t\t\t\t\t\t\t\t\t\t<\/div>\n\t\t\t\t<\/div>\n\t\t\t\t<div class=\"elementor-element elementor-element-4084fca elementor-widget elementor-widget-text-editor\" data-id=\"4084fca\" data-element_type=\"widget\" data-e-type=\"widget\" data-widget_type=\"text-editor.default\">\n\t\t\t\t<div class=\"elementor-widget-container\">\n\t\t\t\t\t\t\t\t\t<h2>Kuntotestaus<\/h2><p>SYKETT\u00c4 j\u00e4rjest\u00e4\u00e4 kuntotestip\u00e4iv\u00e4n kahdesti vuodessa yhteisty\u00f6ss\u00e4 ISLOn, Pokalin ja Karelia-amk:n<br \/>TARMOn kanssa. Tarjolla on kaksi testivaihtoehtoa: matalan kynnyksen testi ja aktiiviliikkujan testi, joista voit valita itsellesi sopivan.<\/p>\t\t\t\t\t\t\t\t<\/div>\n\t\t\t\t<\/div>\n\t\t\t\t<div class=\"elementor-element elementor-element-f340fb0 elementor-widget elementor-widget-button\" data-id=\"f340fb0\" data-element_type=\"widget\" data-e-type=\"widget\" data-widget_type=\"button.default\">\n\t\t\t\t<div class=\"elementor-widget-container\">\n\t\t\t\t\t\t\t\t\t<div class=\"elementor-button-wrapper\">\n\t\t\t\t\t<a class=\"elementor-button elementor-button-link elementor-size-sm\" href=\"\/joensuu\/palvelut\/kuntotestaus\/\" target=\"_blank\">\n\t\t\t\t\t\t<span class=\"elementor-button-content-wrapper\">\n\t\t\t\t\t\t\t\t\t<span class=\"elementor-button-text\">Lue lis\u00e4\u00e4<\/span>\n\t\t\t\t\t<\/span>\n\t\t\t\t\t<\/a>\n\t\t\t\t<\/div>\n\t\t\t\t\t\t\t\t<\/div>\n\t\t\t\t<\/div>\n\t\t\t\t<\/div>\n\t\t\t\t\t<\/div>\n\t\t\t\t<\/div>\n\t\t\t\t<\/div>\n\t\t","protected":false},"excerpt":{"rendered":"<p>Monipuolisen ja edullisen liikuntatarjonnan lis\u00e4ksi SYKETT\u00c4-korkeakoululiikunta tarjoaa my\u00f6s liikunnallista el\u00e4m\u00e4ntapaa edist\u00e4vi\u00e4 palveluja. Kaikki palvelut ovat SYKETT\u00c4-k\u00e4ytt\u00e4jille ilmaisia. Liikuntakaveri Linder Liikuntakaveri on SYKETT\u00c4-korkeakoululiikunnan tarjoama palvelu kaikille Joensuun korkeakouluopiskelijoille, jotka haluavat harrastaa liikuntaa, mutta kaipaavat siihen kaveria. Sinulla ei tarvitse olla voimassa olevaa SYKETT\u00c4-j\u00e4senyytt\u00e4 osallistuaksesi liikuntakaveripalveluun. Lue lis\u00e4\u00e4 Liikuntaneuvonta SYKETT\u00c4-liikuntaneuvonta tarjoaa yksil\u00f6- ja ryhm\u00e4ohjausta tukemaan opiskelijoiden hyvinvointitavoitteita [&hellip;]<\/p>\n","protected":false},"author":3,"featured_media":0,"parent":0,"menu_order":0,"comment_status":"closed","ping_status":"closed","template":"","meta":{"iawp_total_views":1594,"footnotes":""},"class_list":["post-3009","page","type-page","status-publish","hentry"],"yoast_head":"<!-- This site is optimized with the Yoast SEO plugin v27.3 - https:\/\/yoast.com\/product\/yoast-seo-wordpress\/ -->\n<title>Palvelut - SYKETT\u00c4 Joensuu<\/title>\n<meta name=\"description\" content=\"Liikuntatarjonnan lis\u00e4ksi SYKETT\u00c4-korkeakoululiikunta tarjoaa my\u00f6s terveellist\u00e4 ja liikunnallista el\u00e4m\u00e4ntapaa edist\u00e4vi\u00e4 palveluja.\" \/>\n<meta name=\"robots\" content=\"index, follow, max-snippet:-1, max-image-preview:large, max-video-preview:-1\" \/>\n<link rel=\"canonical\" href=\"https:\/\/xn--sykett-gua.fi\/joensuu\/palvelut\/\" \/>\n<meta property=\"og:locale\" content=\"fi_FI\" \/>\n<meta property=\"og:type\" content=\"article\" \/>\n<meta property=\"og:title\" content=\"Palvelut - SYKETT\u00c4 Joensuu\" \/>\n<meta property=\"og:description\" content=\"Liikuntatarjonnan lis\u00e4ksi SYKETT\u00c4-korkeakoululiikunta tarjoaa my\u00f6s terveellist\u00e4 ja liikunnallista el\u00e4m\u00e4ntapaa edist\u00e4vi\u00e4 palveluja.\" \/>\n<meta property=\"og:url\" content=\"https:\/\/xn--sykett-gua.fi\/joensuu\/palvelut\/\" \/>\n<meta property=\"og:site_name\" content=\"SYKETT\u00c4 Joensuu\" \/>\n<meta property=\"article:modified_time\" content=\"2025-07-31T09:54:10+00:00\" \/>\n<meta property=\"og:image\" content=\"https:\/\/xn--sykett-gua.fi\/joensuu\/wp-content\/uploads\/sites\/3\/2024\/11\/MG_9605-e1730789320938.jpg\" \/>\n\t<meta property=\"og:image:width\" content=\"1920\" \/>\n\t<meta property=\"og:image:height\" content=\"1280\" \/>\n\t<meta property=\"og:image:type\" content=\"image\/jpeg\" \/>\n<meta name=\"twitter:card\" content=\"summary_large_image\" \/>\n<meta name=\"twitter:label1\" content=\"Arvioitu lukuaika\" \/>\n\t<meta name=\"twitter:data1\" content=\"2 minuuttia\" \/>\n<script type=\"application\/ld+json\" class=\"yoast-schema-graph\">{\"@context\":\"https:\\\/\\\/schema.org\",\"@graph\":[{\"@type\":\"WebPage\",\"@id\":\"https:\\\/\\\/xn--sykett-gua.fi\\\/joensuu\\\/palvelut\\\/\",\"url\":\"https:\\\/\\\/xn--sykett-gua.fi\\\/joensuu\\\/palvelut\\\/\",\"name\":\"Palvelut - SYKETT\u00c4 Joensuu\",\"isPartOf\":{\"@id\":\"https:\\\/\\\/xn--sykett-gua.fi\\\/joensuu\\\/#website\"},\"primaryImageOfPage\":{\"@id\":\"https:\\\/\\\/xn--sykett-gua.fi\\\/joensuu\\\/palvelut\\\/#primaryimage\"},\"image\":{\"@id\":\"https:\\\/\\\/xn--sykett-gua.fi\\\/joensuu\\\/palvelut\\\/#primaryimage\"},\"thumbnailUrl\":\"https:\\\/\\\/xn--sykett-gua.fi\\\/joensuu\\\/wp-content\\\/uploads\\\/sites\\\/3\\\/2024\\\/11\\\/MG_9605-e1730789320938-1024x683.jpg\",\"datePublished\":\"2024-06-11T09:14:28+00:00\",\"dateModified\":\"2025-07-31T09:54:10+00:00\",\"description\":\"Liikuntatarjonnan lis\u00e4ksi SYKETT\u00c4-korkeakoululiikunta tarjoaa my\u00f6s terveellist\u00e4 ja liikunnallista el\u00e4m\u00e4ntapaa edist\u00e4vi\u00e4 palveluja.\",\"breadcrumb\":{\"@id\":\"https:\\\/\\\/xn--sykett-gua.fi\\\/joensuu\\\/palvelut\\\/#breadcrumb\"},\"inLanguage\":\"fi\",\"potentialAction\":[{\"@type\":\"ReadAction\",\"target\":[\"https:\\\/\\\/xn--sykett-gua.fi\\\/joensuu\\\/palvelut\\\/\"]}]},{\"@type\":\"ImageObject\",\"inLanguage\":\"fi\",\"@id\":\"https:\\\/\\\/xn--sykett-gua.fi\\\/joensuu\\\/palvelut\\\/#primaryimage\",\"url\":\"https:\\\/\\\/xn--sykett-gua.fi\\\/joensuu\\\/wp-content\\\/uploads\\\/sites\\\/3\\\/2024\\\/11\\\/MG_9605-e1730789320938.jpg\",\"contentUrl\":\"https:\\\/\\\/xn--sykett-gua.fi\\\/joensuu\\\/wp-content\\\/uploads\\\/sites\\\/3\\\/2024\\\/11\\\/MG_9605-e1730789320938.jpg\",\"width\":1920,\"height\":1280,\"caption\":\"Liikuntakaverin kanssa voi pelata vaikka sulkapalloa!\"},{\"@type\":\"BreadcrumbList\",\"@id\":\"https:\\\/\\\/xn--sykett-gua.fi\\\/joensuu\\\/palvelut\\\/#breadcrumb\",\"itemListElement\":[{\"@type\":\"ListItem\",\"position\":1,\"name\":\"Etusivu\",\"item\":\"https:\\\/\\\/xn--sykett-gua.fi\\\/joensuu\\\/fi\\\/joensuu\\\/\"},{\"@type\":\"ListItem\",\"position\":2,\"name\":\"Palvelut\"}]},{\"@type\":\"WebSite\",\"@id\":\"https:\\\/\\\/xn--sykett-gua.fi\\\/joensuu\\\/#website\",\"url\":\"https:\\\/\\\/xn--sykett-gua.fi\\\/joensuu\\\/\",\"name\":\"SYKETT\u00c4 Joensuu\",\"description\":\"\",\"publisher\":{\"@id\":\"https:\\\/\\\/xn--sykett-gua.fi\\\/joensuu\\\/#organization\"},\"potentialAction\":[{\"@type\":\"SearchAction\",\"target\":{\"@type\":\"EntryPoint\",\"urlTemplate\":\"https:\\\/\\\/xn--sykett-gua.fi\\\/joensuu\\\/?s={search_term_string}\"},\"query-input\":{\"@type\":\"PropertyValueSpecification\",\"valueRequired\":true,\"valueName\":\"search_term_string\"}}],\"inLanguage\":\"fi\"},{\"@type\":\"Organization\",\"@id\":\"https:\\\/\\\/xn--sykett-gua.fi\\\/joensuu\\\/#organization\",\"name\":\"SYKETT\u00c4 Joensuu\",\"url\":\"https:\\\/\\\/xn--sykett-gua.fi\\\/joensuu\\\/\",\"logo\":{\"@type\":\"ImageObject\",\"inLanguage\":\"fi\",\"@id\":\"https:\\\/\\\/xn--sykett-gua.fi\\\/joensuu\\\/#\\\/schema\\\/logo\\\/image\\\/\",\"url\":\"https:\\\/\\\/xn--sykett-gua.fi\\\/joensuu\\\/wp-content\\\/uploads\\\/sites\\\/3\\\/2024\\\/06\\\/Asset-2@2x-2.png\",\"contentUrl\":\"https:\\\/\\\/xn--sykett-gua.fi\\\/joensuu\\\/wp-content\\\/uploads\\\/sites\\\/3\\\/2024\\\/06\\\/Asset-2@2x-2.png\",\"width\":1003,\"height\":373,\"caption\":\"SYKETT\u00c4 Joensuu\"},\"image\":{\"@id\":\"https:\\\/\\\/xn--sykett-gua.fi\\\/joensuu\\\/#\\\/schema\\\/logo\\\/image\\\/\"}}]}<\/script>\n<!-- \/ Yoast SEO plugin. -->","yoast_head_json":{"title":"Palvelut - SYKETT\u00c4 Joensuu","description":"Liikuntatarjonnan lis\u00e4ksi SYKETT\u00c4-korkeakoululiikunta tarjoaa my\u00f6s terveellist\u00e4 ja liikunnallista el\u00e4m\u00e4ntapaa edist\u00e4vi\u00e4 palveluja.","robots":{"index":"index","follow":"follow","max-snippet":"max-snippet:-1","max-image-preview":"max-image-preview:large","max-video-preview":"max-video-preview:-1"},"canonical":"https:\/\/xn--sykett-gua.fi\/joensuu\/palvelut\/","og_locale":"fi_FI","og_type":"article","og_title":"Palvelut - SYKETT\u00c4 Joensuu","og_description":"Liikuntatarjonnan lis\u00e4ksi SYKETT\u00c4-korkeakoululiikunta tarjoaa my\u00f6s terveellist\u00e4 ja liikunnallista el\u00e4m\u00e4ntapaa edist\u00e4vi\u00e4 palveluja.","og_url":"https:\/\/xn--sykett-gua.fi\/joensuu\/palvelut\/","og_site_name":"SYKETT\u00c4 Joensuu","article_modified_time":"2025-07-31T09:54:10+00:00","og_image":[{"width":1920,"height":1280,"url":"https:\/\/xn--sykett-gua.fi\/joensuu\/wp-content\/uploads\/sites\/3\/2024\/11\/MG_9605-e1730789320938.jpg","type":"image\/jpeg"}],"twitter_card":"summary_large_image","twitter_misc":{"Arvioitu lukuaika":"2 minuuttia"},"schema":{"@context":"https:\/\/schema.org","@graph":[{"@type":"WebPage","@id":"https:\/\/xn--sykett-gua.fi\/joensuu\/palvelut\/","url":"https:\/\/xn--sykett-gua.fi\/joensuu\/palvelut\/","name":"Palvelut - SYKETT\u00c4 Joensuu","isPartOf":{"@id":"https:\/\/xn--sykett-gua.fi\/joensuu\/#website"},"primaryImageOfPage":{"@id":"https:\/\/xn--sykett-gua.fi\/joensuu\/palvelut\/#primaryimage"},"image":{"@id":"https:\/\/xn--sykett-gua.fi\/joensuu\/palvelut\/#primaryimage"},"thumbnailUrl":"https:\/\/xn--sykett-gua.fi\/joensuu\/wp-content\/uploads\/sites\/3\/2024\/11\/MG_9605-e1730789320938-1024x683.jpg","datePublished":"2024-06-11T09:14:28+00:00","dateModified":"2025-07-31T09:54:10+00:00","description":"Liikuntatarjonnan lis\u00e4ksi SYKETT\u00c4-korkeakoululiikunta tarjoaa my\u00f6s terveellist\u00e4 ja liikunnallista el\u00e4m\u00e4ntapaa edist\u00e4vi\u00e4 palveluja.","breadcrumb":{"@id":"https:\/\/xn--sykett-gua.fi\/joensuu\/palvelut\/#breadcrumb"},"inLanguage":"fi","potentialAction":[{"@type":"ReadAction","target":["https:\/\/xn--sykett-gua.fi\/joensuu\/palvelut\/"]}]},{"@type":"ImageObject","inLanguage":"fi","@id":"https:\/\/xn--sykett-gua.fi\/joensuu\/palvelut\/#primaryimage","url":"https:\/\/xn--sykett-gua.fi\/joensuu\/wp-content\/uploads\/sites\/3\/2024\/11\/MG_9605-e1730789320938.jpg","contentUrl":"https:\/\/xn--sykett-gua.fi\/joensuu\/wp-content\/uploads\/sites\/3\/2024\/11\/MG_9605-e1730789320938.jpg","width":1920,"height":1280,"caption":"Liikuntakaverin kanssa voi pelata vaikka sulkapalloa!"},{"@type":"BreadcrumbList","@id":"https:\/\/xn--sykett-gua.fi\/joensuu\/palvelut\/#breadcrumb","itemListElement":[{"@type":"ListItem","position":1,"name":"Etusivu","item":"https:\/\/xn--sykett-gua.fi\/joensuu\/fi\/joensuu\/"},{"@type":"ListItem","position":2,"name":"Palvelut"}]},{"@type":"WebSite","@id":"https:\/\/xn--sykett-gua.fi\/joensuu\/#website","url":"https:\/\/xn--sykett-gua.fi\/joensuu\/","name":"SYKETT\u00c4 Joensuu","description":"","publisher":{"@id":"https:\/\/xn--sykett-gua.fi\/joensuu\/#organization"},"potentialAction":[{"@type":"SearchAction","target":{"@type":"EntryPoint","urlTemplate":"https:\/\/xn--sykett-gua.fi\/joensuu\/?s={search_term_string}"},"query-input":{"@type":"PropertyValueSpecification","valueRequired":true,"valueName":"search_term_string"}}],"inLanguage":"fi"},{"@type":"Organization","@id":"https:\/\/xn--sykett-gua.fi\/joensuu\/#organization","name":"SYKETT\u00c4 Joensuu","url":"https:\/\/xn--sykett-gua.fi\/joensuu\/","logo":{"@type":"ImageObject","inLanguage":"fi","@id":"https:\/\/xn--sykett-gua.fi\/joensuu\/#\/schema\/logo\/image\/","url":"https:\/\/xn--sykett-gua.fi\/joensuu\/wp-content\/uploads\/sites\/3\/2024\/06\/Asset-2@2x-2.png","contentUrl":"https:\/\/xn--sykett-gua.fi\/joensuu\/wp-content\/uploads\/sites\/3\/2024\/06\/Asset-2@2x-2.png","width":1003,"height":373,"caption":"SYKETT\u00c4 Joensuu"},"image":{"@id":"https:\/\/xn--sykett-gua.fi\/joensuu\/#\/schema\/logo\/image\/"}}]}},"_links":{"self":[{"href":"https:\/\/xn--sykett-gua.fi\/joensuu\/wp-json\/wp\/v2\/pages\/3009","targetHints":{"allow":["GET"]}}],"collection":[{"href":"https:\/\/xn--sykett-gua.fi\/joensuu\/wp-json\/wp\/v2\/pages"}],"about":[{"href":"https:\/\/xn--sykett-gua.fi\/joensuu\/wp-json\/wp\/v2\/types\/page"}],"author":[{"embeddable":true,"href":"https:\/\/xn--sykett-gua.fi\/joensuu\/wp-json\/wp\/v2\/users\/3"}],"replies":[{"embeddable":true,"href":"https:\/\/xn--sykett-gua.fi\/joensuu\/wp-json\/wp\/v2\/comments?post=3009"}],"version-history":[{"count":109,"href":"https:\/\/xn--sykett-gua.fi\/joensuu\/wp-json\/wp\/v2\/pages\/3009\/revisions"}],"predecessor-version":[{"id":8566,"href":"https:\/\/xn--sykett-gua.fi\/joensuu\/wp-json\/wp\/v2\/pages\/3009\/revisions\/8566"}],"wp:attachment":[{"href":"https:\/\/xn--sykett-gua.fi\/joensuu\/wp-json\/wp\/v2\/media?parent=3009"}],"curies":[{"name":"wp","href":"https:\/\/api.w.org\/{rel}","templated":true}]}}