{"id":3030,"date":"2024-06-11T12:14:31","date_gmt":"2024-06-11T09:14:31","guid":{"rendered":"https:\/\/xn--sykett-gua.fi\/joensuu\/muut-tilat\/"},"modified":"2025-08-14T12:58:16","modified_gmt":"2025-08-14T09:58:16","slug":"muut-tilat","status":"publish","type":"page","link":"https:\/\/xn--sykett-gua.fi\/joensuu\/tilat\/muut-tilat\/","title":{"rendered":"Muut tilat"},"content":{"rendered":"\t\t<div data-elementor-type=\"wp-page\" data-elementor-id=\"3030\" class=\"elementor elementor-3030\" data-elementor-post-type=\"page\">\n\t\t\t\t<div data-particle_enable=\"false\" data-particle-mobile-disabled=\"false\" class=\"elementor-element elementor-element-28b2420 e-flex e-con-boxed e-con e-parent\" data-id=\"28b2420\" data-element_type=\"container\" data-e-type=\"container\">\n\t\t\t\t\t<div class=\"e-con-inner\">\n\t\t<div data-particle_enable=\"false\" data-particle-mobile-disabled=\"false\" class=\"elementor-element elementor-element-1a1f34b e-con-full e-flex e-con e-child\" data-id=\"1a1f34b\" data-element_type=\"container\" data-e-type=\"container\">\n\t\t\t\t<div class=\"elementor-element elementor-element-7ef8eb3c elementor-widget__width-initial elementor-widget elementor-widget-text-editor\" data-id=\"7ef8eb3c\" data-element_type=\"widget\" data-e-type=\"widget\" data-widget_type=\"text-editor.default\">\n\t\t\t\t<div class=\"elementor-widget-container\">\n\t\t\t\t\t\t\t\t\t<p>SYKETT\u00c4 tekee yhteisty\u00f6t\u00e4 monien joensuulaisten liikunta-alan yritysten kanssa ja tarjoaa heid\u00e4n kanssaan yhteisty\u00f6ss\u00e4 monipuolisesti erilaisia ryhm\u00e4liikuntatunteja ja liikuntavuoroja eri puolilla Joensuuta. Alta l\u00f6yd\u00e4t kaikki yritykset, joissa j\u00e4rjestet\u00e4\u00e4n SYKETT\u00c4-tunteja ja -vuoroja.<\/p><p>SYKETT\u00c4-j\u00e4senyys tulee esitt\u00e4\u00e4 liikuntapaikan vastaanottotiskill\u00e4. Saavuthan liikuntatapahtumiin ajoissa! Lis\u00e4tietoja liikuntapaikkojen k\u00e4yt\u00e4nteist\u00e4 l\u00f6yd\u00e4t SYKETT\u00c4-liikuntakalenterista yritysten liikuntatapahtumien tuntikuvauksista.<\/p>\t\t\t\t\t\t\t\t<\/div>\n\t\t\t\t<\/div>\n\t\t\t\t<div class=\"elementor-element elementor-element-8b38872 elementor-widget elementor-widget-button\" data-id=\"8b38872\" data-element_type=\"widget\" data-e-type=\"widget\" data-widget_type=\"button.default\">\n\t\t\t\t<div class=\"elementor-widget-container\">\n\t\t\t\t\t\t\t\t\t<div class=\"elementor-button-wrapper\">\n\t\t\t\t\t<a class=\"elementor-button elementor-button-link elementor-size-sm\" href=\"https:\/\/xn--sykett-gua.fi\/joensuu\/\" target=\"_blank\">\n\t\t\t\t\t\t<span class=\"elementor-button-content-wrapper\">\n\t\t\t\t\t\t\t\t\t<span class=\"elementor-button-text\">Liikuntakalenteri<\/span>\n\t\t\t\t\t<\/span>\n\t\t\t\t\t<\/a>\n\t\t\t\t<\/div>\n\t\t\t\t\t\t\t\t<\/div>\n\t\t\t\t<\/div>\n\t\t\t\t<\/div>\n\t\t<div data-particle_enable=\"false\" data-particle-mobile-disabled=\"false\" class=\"elementor-element elementor-element-1b46610 e-con-full e-flex e-con e-child\" data-id=\"1b46610\" data-element_type=\"container\" data-e-type=\"container\">\n\t\t\t\t<div class=\"elementor-element elementor-element-2b7fe154 elementor-widget elementor-widget-image\" data-id=\"2b7fe154\" data-element_type=\"widget\" data-e-type=\"widget\" data-widget_type=\"image.default\">\n\t\t\t\t<div class=\"elementor-widget-container\">\n\t\t\t\t\t\t\t\t\t\t\t\t\t\t\t<img fetchpriority=\"high\" decoding=\"async\" width=\"714\" height=\"660\" src=\"https:\/\/xn--sykett-gua.fi\/joensuu\/wp-content\/uploads\/sites\/3\/2024\/06\/syketta-grafiikkaa-mailat.gif\" class=\"attachment-large size-large wp-image-2998\" alt=\"\" \/>\t\t\t\t\t\t\t\t\t\t\t\t\t\t\t<\/div>\n\t\t\t\t<\/div>\n\t\t\t\t<\/div>\n\t\t\t\t\t<\/div>\n\t\t\t\t<\/div>\n\t\t<div data-particle_enable=\"false\" data-particle-mobile-disabled=\"false\" class=\"elementor-element elementor-element-4bff78e e-flex e-con-boxed e-con e-parent\" data-id=\"4bff78e\" data-element_type=\"container\" data-e-type=\"container\" data-settings=\"{&quot;background_background&quot;:&quot;classic&quot;}\">\n\t\t\t\t\t<div class=\"e-con-inner\">\n\t\t<div data-particle_enable=\"false\" data-particle-mobile-disabled=\"false\" class=\"elementor-element elementor-element-25bb3b62 e-flex e-con-boxed e-con e-child\" data-id=\"25bb3b62\" data-element_type=\"container\" data-e-type=\"container\">\n\t\t\t\t\t<div class=\"e-con-inner\">\n\t\t\t\t<div class=\"elementor-element elementor-element-6a27be57 elementor-widget elementor-widget-text-editor\" data-id=\"6a27be57\" data-element_type=\"widget\" data-e-type=\"widget\" data-widget_type=\"text-editor.default\">\n\t\t\t\t<div class=\"elementor-widget-container\">\n\t\t\t\t\t\t\t\t\t<h2>Yhteisty\u00f6tahot<\/h2><p><a href=\"https:\/\/www.crossfitkoneistamo.fi\/\" target=\"_blank\" rel=\"noopener\">CrossFit Koneistamo, K\u00e4pykangas<\/a><br \/>Kuurnankatu 35<br \/>80130 Joensuu<\/p><p><a href=\"https:\/\/www.crossfitkoneistamo.fi\/\" target=\"_blank\" rel=\"noopener\">CrossFit Koneistamo, Niinivaara<\/a><br \/>Vakkosalmenkatu 11<br \/>80200 Joensuu<\/p><p><a href=\"https:\/\/fittari.fi\/\" target=\"_blank\" rel=\"noopener noreferrer\">Fittari<br \/><\/a>Teollisuuskatu 1<br \/>80100 Joensuu<\/p><p><a href=\"https:\/\/www.foreverjoensuu.fi\/\" target=\"_blank\" rel=\"noopener\">Forever Joensuu<\/a><br \/>Kaislakatu 4 B<br \/>80130 Joensuu<\/p><p><a href=\"http:\/\/joensuuncurling.fi\/\" target=\"_blank\" rel=\"noopener noreferrer\">Joensuun Curling ry<br \/><\/a>Linnunlahdentie 14<br \/>80110 Joensuu<\/p><p><a href=\"http:\/\/www.joensuunkataja.fi\/\" target=\"_blank\" rel=\"noopener noreferrer\">Joensuun Kataja<\/a><br \/>Kirkkokatu 21<br \/>80100 Joensuu<\/p><p><a href=\"https:\/\/joensuunkuntokeidas.fi\/\" target=\"_blank\" rel=\"noopener noreferrer\">Joensuun Kuntokeidas<\/a><br \/>Linnunlahdentie 10<br \/>80110 Joensuu<\/p>\t\t\t\t\t\t\t\t<\/div>\n\t\t\t\t<\/div>\n\t\t\t\t\t<\/div>\n\t\t\t\t<\/div>\n\t\t<div data-particle_enable=\"false\" data-particle-mobile-disabled=\"false\" class=\"elementor-element elementor-element-65822f44 e-flex e-con-boxed e-con e-child\" data-id=\"65822f44\" data-element_type=\"container\" data-e-type=\"container\">\n\t\t\t\t\t<div class=\"e-con-inner\">\n\t\t\t\t<div class=\"elementor-element elementor-element-67c58003 elementor-widget elementor-widget-text-editor\" data-id=\"67c58003\" data-element_type=\"widget\" data-e-type=\"widget\" data-widget_type=\"text-editor.default\">\n\t\t\t\t<div class=\"elementor-widget-container\">\n\t\t\t\t\t\t\t\t\t<p><a href=\"https:\/\/www.facebook.com\/JoensuuSnookerAlliance\/?locale=fi_FI\" target=\"_blank\" rel=\"noopener\">Joensuu Snooker Alliance<\/a><br \/>Pilkontie 4<br \/>80130 Joensuu<\/p><p><a href=\"https:\/\/www.joenvoli.fi\/\" target=\"_blank\" rel=\"noopener noreferrer\">Joensuun Voimistelu ja Liikunta \u2013 JoenVoLi<\/a><br \/>Malmikatu 13 D 1 (k\u00e4ynti sis\u00e4pihan puolelta)<br \/>80110 Joensuu<\/p><p><a href=\"https:\/\/kareliagolf.fi\/golfhalli\" target=\"_blank\" rel=\"noopener\">Karelia Golf, Golfhalli<\/a><br \/>L\u00e4htel\u00e4ntie<br \/>80100 Joensuu<\/p><p><a href=\"https:\/\/kareliagolf.fi\/pilkonpuisto\" target=\"_blank\" rel=\"noopener noreferrer\">Karelia Golf, Pilkonpuisto<\/a><br \/>Pankakuja 3<br \/>80130 Joensuu<\/p><p><a href=\"https:\/\/karjalantennis.fi\/wordpress\/\" target=\"_blank\" rel=\"noopener noreferrer\">Karjalan Tennis ry<br \/><\/a>Mehtim\u00e4en tennis- ja golfhalli<br \/>L\u00e4htel\u00e4ntie 3<br \/>80110 Joensuu<\/p><p><a href=\"https:\/\/www.kuntokeskusenergy.com\/\" target=\"_blank\" rel=\"noopener noreferrer\">Kuntokeskus Energy, Metropol<\/a><br \/>Torikatu 31<br \/>80100 Joensuu<\/p><p><a href=\"https:\/\/kuntokeskusenergy.com\/\" target=\"_blank\" rel=\"noopener\">Kuntokeskus Energy, Rantakyl\u00e4<\/a><br \/>Ranta-Mutalantie 100<br \/>80160 Joensuu<\/p>\t\t\t\t\t\t\t\t<\/div>\n\t\t\t\t<\/div>\n\t\t\t\t\t<\/div>\n\t\t\t\t<\/div>\n\t\t<div data-particle_enable=\"false\" data-particle-mobile-disabled=\"false\" class=\"elementor-element elementor-element-508c5dce e-flex e-con-boxed e-con e-child\" data-id=\"508c5dce\" data-element_type=\"container\" data-e-type=\"container\">\n\t\t\t\t\t<div class=\"e-con-inner\">\n\t\t\t\t<div class=\"elementor-element elementor-element-7729b22f elementor-widget elementor-widget-text-editor\" data-id=\"7729b22f\" data-element_type=\"widget\" data-e-type=\"widget\" data-widget_type=\"text-editor.default\">\n\t\t\t\t<div class=\"elementor-widget-container\">\n\t\t\t\t\t\t\t\t\t<p><a href=\"http:\/\/www.otekiipeilykeskus.fi\/\" target=\"_blank\" rel=\"noopener noreferrer\">Ote \u2013 kiipeilykeskus<br \/><\/a>Pilkontie 7<br \/>80130 Joensuu\u00a0<\/p><p><a href=\"https:\/\/www.saunakeidas.fi\/\" target=\"_blank\" rel=\"noopener\">Saunakeidas<\/a><br \/>Siltakatu 1<br \/>80100 Joensuu<\/p><p><a href=\"https:\/\/www.tanssikeskuseuforia.fi\/\" target=\"_blank\" rel=\"noopener\">Tanssikeskus Euforia<\/a><br \/>Kaislakatu 3 B<br \/>80130 Joensuu<\/p><p><a href=\"https:\/\/www.tanssistudiofeenix.fi\/\" target=\"_blank\" rel=\"noopener\">Tanssistudio Feenix<\/a><br \/>Teollisuuskatu 11<br \/>80100 Joensuu<\/p><p><a href=\"https:\/\/www.laiturille.fi\/\" target=\"_blank\" rel=\"noopener\">Vesiurheilukeskus Laituri<\/a><br \/>L\u00e4nsikatu 3<br \/>80110 Joensuu<\/p>\t\t\t\t\t\t\t\t<\/div>\n\t\t\t\t<\/div>\n\t\t\t\t\t<\/div>\n\t\t\t\t<\/div>\n\t\t\t\t\t<\/div>\n\t\t\t\t<\/div>\n\t\t<div data-particle_enable=\"false\" data-particle-mobile-disabled=\"false\" class=\"elementor-element elementor-element-250f7a9e e-flex e-con-boxed e-con e-parent\" data-id=\"250f7a9e\" data-element_type=\"container\" data-e-type=\"container\">\n\t\t\t\t\t<div class=\"e-con-inner\">\n\t\t<div data-particle_enable=\"false\" data-particle-mobile-disabled=\"false\" class=\"elementor-element elementor-element-470e99de e-flex e-con-boxed e-con e-child\" data-id=\"470e99de\" data-element_type=\"container\" data-e-type=\"container\">\n\t\t\t\t\t<div class=\"e-con-inner\">\n\t\t\t\t<div class=\"elementor-element elementor-element-3f46387f elementor-widget elementor-widget-text-editor\" data-id=\"3f46387f\" data-element_type=\"widget\" data-e-type=\"widget\" data-widget_type=\"text-editor.default\">\n\t\t\t\t<div class=\"elementor-widget-container\">\n\t\t\t\t\t\t\t\t\t<h2>Joensuun kaupungin tilat<\/h2><h3>Sis\u00e4hallit<\/h3><p><a href=\"https:\/\/www.google.com\/maps\/place\/Kisapolku+4,+80110+Joensuu\/@62.6002171,29.7391579,17z\/data=!3m1!4b1!4m5!3m4!1s0x469b86869e81d7db:0x2f760498104caf44!8m2!3d62.6002171!4d29.7413466\" target=\"_blank\" rel=\"noopener noreferrer\">Mehtim\u00e4en kilpa- ja harjoitusj\u00e4\u00e4hallit<\/a><br \/>Kisapolku 4<br \/>80110 Joensuu<\/p><p><a href=\"https:\/\/www.google.com\/maps\/place\/Koskikatu+12,+80100+Joensuu\/@62.6024937,29.7502259,17z\/data=!3m1!4b1!4m5!3m4!1s0x469b868875a82539:0x5575e3852fc2167a!8m2!3d62.6024937!4d29.7524146\" target=\"_blank\" rel=\"noopener noreferrer\">Urheilutalo<\/a><br \/>Koskikatu 12<br \/>80100 Joensuu<br \/>Tatamit 1-5 ja telinesali<\/p><p><a href=\"https:\/\/www.google.com\/maps\/place\/Uimarintie+1,+80110+Joensuu\/@62.6030928,29.7412767,17z\/data=!3m1!4b1!4m5!3m4!1s0x469b868607d392e1:0x817101626e5f52e3!8m2!3d62.6030928!4d29.7434654\" target=\"_blank\" rel=\"noopener noreferrer\">Virkistysuimala Vesikko<\/a><br \/>Uimarintie 1<br \/>80100 Joensuu<\/p>\t\t\t\t\t\t\t\t<\/div>\n\t\t\t\t<\/div>\n\t\t\t\t\t<\/div>\n\t\t\t\t<\/div>\n\t\t<div data-particle_enable=\"false\" data-particle-mobile-disabled=\"false\" class=\"elementor-element elementor-element-1d6eaba3 e-flex e-con-boxed e-con e-child\" data-id=\"1d6eaba3\" data-element_type=\"container\" data-e-type=\"container\">\n\t\t\t\t\t<div class=\"e-con-inner\">\n\t\t\t\t<div class=\"elementor-element elementor-element-30a7d590 elementor-widget elementor-widget-text-editor\" data-id=\"30a7d590\" data-element_type=\"widget\" data-e-type=\"widget\" data-widget_type=\"text-editor.default\">\n\t\t\t\t<div class=\"elementor-widget-container\">\n\t\t\t\t\t\t\t\t\t<h3>Ulkokent\u00e4t<\/h3><p><a href=\"https:\/\/www.google.com\/maps\/place\/Mehtim%C3%A4enaukio+2,+80100+Joensuu\/@62.6014508,29.7400578,17z\/data=!3m1!4b1!4m5!3m4!1s0x469b86867a453ad3:0xde11a2c13d4a71e!8m2!3d62.6014508!4d29.7422465\" target=\"_blank\" rel=\"noopener noreferrer\">Keskusurheilukentt\u00e4<\/a><br \/>Mehtim\u00e4enaukio 2<br \/>80110 Joensuu<\/p><p><a href=\"https:\/\/www.google.com\/maps\/place\/Koulukatu,+Joensuu\/@62.5937235,29.7497445,17z\/data=!4m5!3m4!1s0x469b867d4cc8d899:0x9dc8b41ed128f971!8m2!3d62.6009966!4d29.756358\" target=\"_blank\" rel=\"noopener noreferrer\">Koivuniemen kentt\u00e4<\/a><br \/>Koulukatu<br \/>80110 Joensuu<\/p><p><a href=\"https:\/\/www.google.com\/maps\/place\/Louhelan+Kentt%C3%A4\/@62.5989192,29.7430253,17z\/data=!4m13!1m7!3m6!1s0x469b868719543391:0xf44ce8c07fa9bf62!2sL%C3%A4nsikatu+17,+80110+Joensuu!3b1!8m2!3d62.5989192!4d29.745214!3m4!1s0x469b8686e4ec8867:0xd6f2d14aded9227d!8m2!3d62.5994907!4d29.7440043\" target=\"_blank\" rel=\"noopener noreferrer\">Louhelan kentt\u00e4<\/a><br \/>L\u00e4nsikatu 17<br \/>80110 Joensuu<\/p><p><a href=\"https:\/\/www.google.com\/maps\/place\/Kerubi+Stadion\/@62.603392,29.7405337,16.68z\/data=!4m13!1m7!3m6!1s0x469b8685fc7c97a1:0xcfb12126cebfdb81!2sUimarintie+3,+80110+Joensuu!3b1!8m2!3d62.6033589!4d29.7428529!3m4!1s0x469b8685c0a34bc7:0xf4b3338af30f8fdd!8m2!3d62.6027872!4d29.7395747\" target=\"_blank\" rel=\"noopener noreferrer\">Mehtim\u00e4en pes\u00e4pallostadion<\/a><br \/>Uimarintie 3<br \/>80100 Joensuu<\/p><p><a href=\"https:\/\/www.google.com\/maps\/place\/Mehtim%C3%A4en+tekonurmi\/@62.6014508,29.7400578,17z\/data=!4m13!1m7!3m6!1s0x469b86867a453ad3:0xde11a2c13d4a71e!2sMehtim%C3%A4enaukio+2,+80100+Joensuu!3b1!8m2!3d62.6014508!4d29.7422465!3m4!1s0x469b86844da3ddf9:0x5a1f90504685541b!8m2!3d62.6019113!4d29.7366825\" target=\"_blank\" rel=\"noopener noreferrer\">Mehtim\u00e4en tekonurmi<\/a><br \/>Mehtim\u00e4enaukio 2<br \/>80110 Joensuu<\/p>\t\t\t\t\t\t\t\t<\/div>\n\t\t\t\t<\/div>\n\t\t\t\t\t<\/div>\n\t\t\t\t<\/div>\n\t\t\t\t\t<\/div>\n\t\t\t\t<\/div>\n\t\t\t\t<\/div>\n\t\t","protected":false},"excerpt":{"rendered":"<p>SYKETT\u00c4 tekee yhteisty\u00f6t\u00e4 monien joensuulaisten liikunta-alan yritysten kanssa ja tarjoaa heid\u00e4n kanssaan yhteisty\u00f6ss\u00e4 monipuolisesti erilaisia ryhm\u00e4liikuntatunteja ja liikuntavuoroja eri puolilla Joensuuta. Alta l\u00f6yd\u00e4t kaikki yritykset, joissa j\u00e4rjestet\u00e4\u00e4n SYKETT\u00c4-tunteja ja -vuoroja. SYKETT\u00c4-j\u00e4senyys tulee esitt\u00e4\u00e4 liikuntapaikan vastaanottotiskill\u00e4. Saavuthan liikuntatapahtumiin ajoissa! Lis\u00e4tietoja liikuntapaikkojen k\u00e4yt\u00e4nteist\u00e4 l\u00f6yd\u00e4t SYKETT\u00c4-liikuntakalenterista yritysten liikuntatapahtumien tuntikuvauksista. Liikuntakalenteri Yhteisty\u00f6tahot CrossFit Koneistamo, K\u00e4pykangasKuurnankatu 3580130 Joensuu CrossFit Koneistamo, [&hellip;]<\/p>\n","protected":false},"author":3,"featured_media":0,"parent":3679,"menu_order":0,"comment_status":"closed","ping_status":"closed","template":"","meta":{"iawp_total_views":282,"footnotes":""},"class_list":["post-3030","page","type-page","status-publish","hentry"],"yoast_head":"<!-- This site is optimized with the Yoast SEO plugin v27.3 - https:\/\/yoast.com\/product\/yoast-seo-wordpress\/ -->\n<title>Muut tilat - SYKETT\u00c4 Joensuu<\/title>\n<meta name=\"description\" content=\"SYKETT\u00c4 tarjoaa yhteisty\u00f6ss\u00e4 paikallisten liikunta-alan yritysten kanssa ryhm\u00e4liikuntatunteja ja liikuntavuoroja eri puolilla Joensuuta.\" \/>\n<meta name=\"robots\" content=\"index, follow, max-snippet:-1, max-image-preview:large, max-video-preview:-1\" \/>\n<link rel=\"canonical\" href=\"https:\/\/xn--sykett-gua.fi\/joensuu\/tilat\/muut-tilat\/\" \/>\n<meta property=\"og:locale\" content=\"fi_FI\" \/>\n<meta property=\"og:type\" content=\"article\" \/>\n<meta property=\"og:title\" content=\"Muut tilat - SYKETT\u00c4 Joensuu\" \/>\n<meta property=\"og:description\" content=\"SYKETT\u00c4 tarjoaa yhteisty\u00f6ss\u00e4 paikallisten liikunta-alan yritysten kanssa ryhm\u00e4liikuntatunteja ja liikuntavuoroja eri puolilla Joensuuta.\" \/>\n<meta property=\"og:url\" content=\"https:\/\/xn--sykett-gua.fi\/joensuu\/tilat\/muut-tilat\/\" \/>\n<meta property=\"og:site_name\" content=\"SYKETT\u00c4 Joensuu\" \/>\n<meta property=\"article:modified_time\" content=\"2025-08-14T09:58:16+00:00\" \/>\n<meta property=\"og:image\" content=\"https:\/\/xn--sykett-gua.fi\/joensuu\/wp-content\/uploads\/sites\/3\/2024\/06\/syketta-grafiikkaa-mailat.gif\" \/>\n\t<meta property=\"og:image:width\" content=\"714\" \/>\n\t<meta property=\"og:image:height\" content=\"660\" \/>\n\t<meta property=\"og:image:type\" content=\"image\/gif\" \/>\n<meta name=\"twitter:card\" content=\"summary_large_image\" \/>\n<meta name=\"twitter:label1\" content=\"Arvioitu lukuaika\" \/>\n\t<meta name=\"twitter:data1\" content=\"2 minuuttia\" \/>\n<script type=\"application\/ld+json\" class=\"yoast-schema-graph\">{\"@context\":\"https:\\\/\\\/schema.org\",\"@graph\":[{\"@type\":\"WebPage\",\"@id\":\"https:\\\/\\\/xn--sykett-gua.fi\\\/joensuu\\\/tilat\\\/muut-tilat\\\/\",\"url\":\"https:\\\/\\\/xn--sykett-gua.fi\\\/joensuu\\\/tilat\\\/muut-tilat\\\/\",\"name\":\"Muut tilat - SYKETT\u00c4 Joensuu\",\"isPartOf\":{\"@id\":\"https:\\\/\\\/xn--sykett-gua.fi\\\/joensuu\\\/#website\"},\"primaryImageOfPage\":{\"@id\":\"https:\\\/\\\/xn--sykett-gua.fi\\\/joensuu\\\/tilat\\\/muut-tilat\\\/#primaryimage\"},\"image\":{\"@id\":\"https:\\\/\\\/xn--sykett-gua.fi\\\/joensuu\\\/tilat\\\/muut-tilat\\\/#primaryimage\"},\"thumbnailUrl\":\"https:\\\/\\\/xn--sykett-gua.fi\\\/joensuu\\\/wp-content\\\/uploads\\\/sites\\\/3\\\/2024\\\/06\\\/syketta-grafiikkaa-mailat.gif\",\"datePublished\":\"2024-06-11T09:14:31+00:00\",\"dateModified\":\"2025-08-14T09:58:16+00:00\",\"description\":\"SYKETT\u00c4 tarjoaa yhteisty\u00f6ss\u00e4 paikallisten liikunta-alan yritysten kanssa ryhm\u00e4liikuntatunteja ja liikuntavuoroja eri puolilla Joensuuta.\",\"breadcrumb\":{\"@id\":\"https:\\\/\\\/xn--sykett-gua.fi\\\/joensuu\\\/tilat\\\/muut-tilat\\\/#breadcrumb\"},\"inLanguage\":\"fi\",\"potentialAction\":[{\"@type\":\"ReadAction\",\"target\":[\"https:\\\/\\\/xn--sykett-gua.fi\\\/joensuu\\\/tilat\\\/muut-tilat\\\/\"]}]},{\"@type\":\"ImageObject\",\"inLanguage\":\"fi\",\"@id\":\"https:\\\/\\\/xn--sykett-gua.fi\\\/joensuu\\\/tilat\\\/muut-tilat\\\/#primaryimage\",\"url\":\"https:\\\/\\\/xn--sykett-gua.fi\\\/joensuu\\\/wp-content\\\/uploads\\\/sites\\\/3\\\/2024\\\/06\\\/syketta-grafiikkaa-mailat.gif\",\"contentUrl\":\"https:\\\/\\\/xn--sykett-gua.fi\\\/joensuu\\\/wp-content\\\/uploads\\\/sites\\\/3\\\/2024\\\/06\\\/syketta-grafiikkaa-mailat.gif\",\"width\":714,\"height\":660},{\"@type\":\"BreadcrumbList\",\"@id\":\"https:\\\/\\\/xn--sykett-gua.fi\\\/joensuu\\\/tilat\\\/muut-tilat\\\/#breadcrumb\",\"itemListElement\":[{\"@type\":\"ListItem\",\"position\":1,\"name\":\"Etusivu\",\"item\":\"https:\\\/\\\/xn--sykett-gua.fi\\\/joensuu\\\/fi\\\/joensuu\\\/\"},{\"@type\":\"ListItem\",\"position\":2,\"name\":\"Tilat\",\"item\":\"https:\\\/\\\/xn--sykett-gua.fi\\\/joensuu\\\/tilat\\\/\"},{\"@type\":\"ListItem\",\"position\":3,\"name\":\"Muut tilat\"}]},{\"@type\":\"WebSite\",\"@id\":\"https:\\\/\\\/xn--sykett-gua.fi\\\/joensuu\\\/#website\",\"url\":\"https:\\\/\\\/xn--sykett-gua.fi\\\/joensuu\\\/\",\"name\":\"SYKETT\u00c4 Joensuu\",\"description\":\"\",\"publisher\":{\"@id\":\"https:\\\/\\\/xn--sykett-gua.fi\\\/joensuu\\\/#organization\"},\"potentialAction\":[{\"@type\":\"SearchAction\",\"target\":{\"@type\":\"EntryPoint\",\"urlTemplate\":\"https:\\\/\\\/xn--sykett-gua.fi\\\/joensuu\\\/?s={search_term_string}\"},\"query-input\":{\"@type\":\"PropertyValueSpecification\",\"valueRequired\":true,\"valueName\":\"search_term_string\"}}],\"inLanguage\":\"fi\"},{\"@type\":\"Organization\",\"@id\":\"https:\\\/\\\/xn--sykett-gua.fi\\\/joensuu\\\/#organization\",\"name\":\"SYKETT\u00c4 Joensuu\",\"url\":\"https:\\\/\\\/xn--sykett-gua.fi\\\/joensuu\\\/\",\"logo\":{\"@type\":\"ImageObject\",\"inLanguage\":\"fi\",\"@id\":\"https:\\\/\\\/xn--sykett-gua.fi\\\/joensuu\\\/#\\\/schema\\\/logo\\\/image\\\/\",\"url\":\"https:\\\/\\\/xn--sykett-gua.fi\\\/joensuu\\\/wp-content\\\/uploads\\\/sites\\\/3\\\/2024\\\/06\\\/Asset-2@2x-2.png\",\"contentUrl\":\"https:\\\/\\\/xn--sykett-gua.fi\\\/joensuu\\\/wp-content\\\/uploads\\\/sites\\\/3\\\/2024\\\/06\\\/Asset-2@2x-2.png\",\"width\":1003,\"height\":373,\"caption\":\"SYKETT\u00c4 Joensuu\"},\"image\":{\"@id\":\"https:\\\/\\\/xn--sykett-gua.fi\\\/joensuu\\\/#\\\/schema\\\/logo\\\/image\\\/\"}}]}<\/script>\n<!-- \/ Yoast SEO plugin. -->","yoast_head_json":{"title":"Muut tilat - SYKETT\u00c4 Joensuu","description":"SYKETT\u00c4 tarjoaa yhteisty\u00f6ss\u00e4 paikallisten liikunta-alan yritysten kanssa ryhm\u00e4liikuntatunteja ja liikuntavuoroja eri puolilla Joensuuta.","robots":{"index":"index","follow":"follow","max-snippet":"max-snippet:-1","max-image-preview":"max-image-preview:large","max-video-preview":"max-video-preview:-1"},"canonical":"https:\/\/xn--sykett-gua.fi\/joensuu\/tilat\/muut-tilat\/","og_locale":"fi_FI","og_type":"article","og_title":"Muut tilat - SYKETT\u00c4 Joensuu","og_description":"SYKETT\u00c4 tarjoaa yhteisty\u00f6ss\u00e4 paikallisten liikunta-alan yritysten kanssa ryhm\u00e4liikuntatunteja ja liikuntavuoroja eri puolilla Joensuuta.","og_url":"https:\/\/xn--sykett-gua.fi\/joensuu\/tilat\/muut-tilat\/","og_site_name":"SYKETT\u00c4 Joensuu","article_modified_time":"2025-08-14T09:58:16+00:00","og_image":[{"width":714,"height":660,"url":"https:\/\/xn--sykett-gua.fi\/joensuu\/wp-content\/uploads\/sites\/3\/2024\/06\/syketta-grafiikkaa-mailat.gif","type":"image\/gif"}],"twitter_card":"summary_large_image","twitter_misc":{"Arvioitu lukuaika":"2 minuuttia"},"schema":{"@context":"https:\/\/schema.org","@graph":[{"@type":"WebPage","@id":"https:\/\/xn--sykett-gua.fi\/joensuu\/tilat\/muut-tilat\/","url":"https:\/\/xn--sykett-gua.fi\/joensuu\/tilat\/muut-tilat\/","name":"Muut tilat - SYKETT\u00c4 Joensuu","isPartOf":{"@id":"https:\/\/xn--sykett-gua.fi\/joensuu\/#website"},"primaryImageOfPage":{"@id":"https:\/\/xn--sykett-gua.fi\/joensuu\/tilat\/muut-tilat\/#primaryimage"},"image":{"@id":"https:\/\/xn--sykett-gua.fi\/joensuu\/tilat\/muut-tilat\/#primaryimage"},"thumbnailUrl":"https:\/\/xn--sykett-gua.fi\/joensuu\/wp-content\/uploads\/sites\/3\/2024\/06\/syketta-grafiikkaa-mailat.gif","datePublished":"2024-06-11T09:14:31+00:00","dateModified":"2025-08-14T09:58:16+00:00","description":"SYKETT\u00c4 tarjoaa yhteisty\u00f6ss\u00e4 paikallisten liikunta-alan yritysten kanssa ryhm\u00e4liikuntatunteja ja liikuntavuoroja eri puolilla Joensuuta.","breadcrumb":{"@id":"https:\/\/xn--sykett-gua.fi\/joensuu\/tilat\/muut-tilat\/#breadcrumb"},"inLanguage":"fi","potentialAction":[{"@type":"ReadAction","target":["https:\/\/xn--sykett-gua.fi\/joensuu\/tilat\/muut-tilat\/"]}]},{"@type":"ImageObject","inLanguage":"fi","@id":"https:\/\/xn--sykett-gua.fi\/joensuu\/tilat\/muut-tilat\/#primaryimage","url":"https:\/\/xn--sykett-gua.fi\/joensuu\/wp-content\/uploads\/sites\/3\/2024\/06\/syketta-grafiikkaa-mailat.gif","contentUrl":"https:\/\/xn--sykett-gua.fi\/joensuu\/wp-content\/uploads\/sites\/3\/2024\/06\/syketta-grafiikkaa-mailat.gif","width":714,"height":660},{"@type":"BreadcrumbList","@id":"https:\/\/xn--sykett-gua.fi\/joensuu\/tilat\/muut-tilat\/#breadcrumb","itemListElement":[{"@type":"ListItem","position":1,"name":"Etusivu","item":"https:\/\/xn--sykett-gua.fi\/joensuu\/fi\/joensuu\/"},{"@type":"ListItem","position":2,"name":"Tilat","item":"https:\/\/xn--sykett-gua.fi\/joensuu\/tilat\/"},{"@type":"ListItem","position":3,"name":"Muut tilat"}]},{"@type":"WebSite","@id":"https:\/\/xn--sykett-gua.fi\/joensuu\/#website","url":"https:\/\/xn--sykett-gua.fi\/joensuu\/","name":"SYKETT\u00c4 Joensuu","description":"","publisher":{"@id":"https:\/\/xn--sykett-gua.fi\/joensuu\/#organization"},"potentialAction":[{"@type":"SearchAction","target":{"@type":"EntryPoint","urlTemplate":"https:\/\/xn--sykett-gua.fi\/joensuu\/?s={search_term_string}"},"query-input":{"@type":"PropertyValueSpecification","valueRequired":true,"valueName":"search_term_string"}}],"inLanguage":"fi"},{"@type":"Organization","@id":"https:\/\/xn--sykett-gua.fi\/joensuu\/#organization","name":"SYKETT\u00c4 Joensuu","url":"https:\/\/xn--sykett-gua.fi\/joensuu\/","logo":{"@type":"ImageObject","inLanguage":"fi","@id":"https:\/\/xn--sykett-gua.fi\/joensuu\/#\/schema\/logo\/image\/","url":"https:\/\/xn--sykett-gua.fi\/joensuu\/wp-content\/uploads\/sites\/3\/2024\/06\/Asset-2@2x-2.png","contentUrl":"https:\/\/xn--sykett-gua.fi\/joensuu\/wp-content\/uploads\/sites\/3\/2024\/06\/Asset-2@2x-2.png","width":1003,"height":373,"caption":"SYKETT\u00c4 Joensuu"},"image":{"@id":"https:\/\/xn--sykett-gua.fi\/joensuu\/#\/schema\/logo\/image\/"}}]}},"_links":{"self":[{"href":"https:\/\/xn--sykett-gua.fi\/joensuu\/wp-json\/wp\/v2\/pages\/3030","targetHints":{"allow":["GET"]}}],"collection":[{"href":"https:\/\/xn--sykett-gua.fi\/joensuu\/wp-json\/wp\/v2\/pages"}],"about":[{"href":"https:\/\/xn--sykett-gua.fi\/joensuu\/wp-json\/wp\/v2\/types\/page"}],"author":[{"embeddable":true,"href":"https:\/\/xn--sykett-gua.fi\/joensuu\/wp-json\/wp\/v2\/users\/3"}],"replies":[{"embeddable":true,"href":"https:\/\/xn--sykett-gua.fi\/joensuu\/wp-json\/wp\/v2\/comments?post=3030"}],"version-history":[{"count":37,"href":"https:\/\/xn--sykett-gua.fi\/joensuu\/wp-json\/wp\/v2\/pages\/3030\/revisions"}],"predecessor-version":[{"id":8947,"href":"https:\/\/xn--sykett-gua.fi\/joensuu\/wp-json\/wp\/v2\/pages\/3030\/revisions\/8947"}],"up":[{"embeddable":true,"href":"https:\/\/xn--sykett-gua.fi\/joensuu\/wp-json\/wp\/v2\/pages\/3679"}],"wp:attachment":[{"href":"https:\/\/xn--sykett-gua.fi\/joensuu\/wp-json\/wp\/v2\/media?parent=3030"}],"curies":[{"name":"wp","href":"https:\/\/api.w.org\/{rel}","templated":true}]}}