{"id":3044,"date":"2024-06-11T12:14:32","date_gmt":"2024-06-11T09:14:32","guid":{"rendered":"https:\/\/xn--sykett-gua.fi\/joensuu\/joensuu-areena\/"},"modified":"2025-07-31T11:45:33","modified_gmt":"2025-07-31T08:45:33","slug":"joensuu-areena","status":"publish","type":"page","link":"https:\/\/xn--sykett-gua.fi\/joensuu\/tilat\/joensuu-areena\/","title":{"rendered":"Joensuu Areena"},"content":{"rendered":"\t\t<div data-elementor-type=\"wp-page\" data-elementor-id=\"3044\" class=\"elementor elementor-3044\" data-elementor-post-type=\"page\">\n\t\t\t\t<div data-particle_enable=\"false\" data-particle-mobile-disabled=\"false\" class=\"elementor-element elementor-element-18067d3 e-flex e-con-boxed e-con e-parent\" data-id=\"18067d3\" data-element_type=\"container\" data-e-type=\"container\">\n\t\t\t\t\t<div class=\"e-con-inner\">\n\t\t<div data-particle_enable=\"false\" data-particle-mobile-disabled=\"false\" class=\"elementor-element elementor-element-43b1f922 e-flex e-con-boxed e-con e-child\" data-id=\"43b1f922\" data-element_type=\"container\" data-e-type=\"container\">\n\t\t\t\t\t<div class=\"e-con-inner\">\n\t\t\t\t<div class=\"elementor-element elementor-element-84f300a elementor-widget elementor-widget-image\" data-id=\"84f300a\" data-element_type=\"widget\" data-e-type=\"widget\" data-widget_type=\"image.default\">\n\t\t\t\t<div class=\"elementor-widget-container\">\n\t\t\t\t\t\t\t\t\t\t\t\t\t\t\t<img fetchpriority=\"high\" decoding=\"async\" width=\"800\" height=\"348\" src=\"https:\/\/xn--sykett-gua.fi\/joensuu\/wp-content\/uploads\/sites\/3\/2024\/10\/joensuu-areena.png\" class=\"attachment-large size-large wp-image-4078\" alt=\"Joensuu Areena\" srcset=\"https:\/\/xn--sykett-gua.fi\/joensuu\/wp-content\/uploads\/sites\/3\/2024\/10\/joensuu-areena.png 880w, https:\/\/xn--sykett-gua.fi\/joensuu\/wp-content\/uploads\/sites\/3\/2024\/10\/joensuu-areena-300x131.png 300w, https:\/\/xn--sykett-gua.fi\/joensuu\/wp-content\/uploads\/sites\/3\/2024\/10\/joensuu-areena-768x334.png 768w\" sizes=\"(max-width: 800px) 100vw, 800px\" \/>\t\t\t\t\t\t\t\t\t\t\t\t\t\t\t<\/div>\n\t\t\t\t<\/div>\n\t\t\t\t<div class=\"elementor-element elementor-element-cf26b22 elementor-widget elementor-widget-text-editor\" data-id=\"cf26b22\" data-element_type=\"widget\" data-e-type=\"widget\" data-widget_type=\"text-editor.default\">\n\t\t\t\t<div class=\"elementor-widget-container\">\n\t\t\t\t\t\t\t\t\t<p><strong>Palvelut<\/strong>: Kuntosali, palloilukent\u00e4t (futsal, salibandy), tekonurmet ja juoksuradat<br \/><strong>Kulkuohjeet<\/strong>: Areenaan p\u00e4\u00e4see sis\u00e4\u00e4ntuloaulan oikealla puolella olevan pitk\u00e4n pitk\u00e4n k\u00e4yt\u00e4v\u00e4n p\u00e4\u00e4st\u00e4 alikulkutunnelin kautta. K\u00e4yt\u00e4v\u00e4\u00e4n p\u00e4\u00e4see ovikoodeilla, jotka l\u00f6ytyv\u00e4t palloiluvuorojen tuntikuvauksista. Kuntosalille ment\u00e4ess\u00e4 koodi tulee pyyt\u00e4\u00e4 etuk\u00e4teen oheisen lomakkeen kautta.<br \/><strong>Aukioloajat<\/strong>: Palloiluvuorot liikuntakalenterissa, kuntosali k\u00e4yt\u00f6ss\u00e4 urheiluseurojen varausten ulkopuolella (katso\u00a0<a style=\"background-color: #ffffff\" href=\"https:\/\/tilavajoensuu.fi\/onlinekalenteri\/joensuu\/guest.php?view_building=JA&amp;kt=tila&amp;laji=*\" target=\"_blank\" rel=\"noopener\">Tilava Joensuu -varauskalenteri<\/a>)<br \/><strong>Pukuhuoneet<\/strong>: Sis\u00e4\u00e4ntulok\u00e4yt\u00e4v\u00e4ll\u00e4 useita pukuhuoneita naisille ja miehille<br \/><strong>Peseytymistilat<\/strong>: Pukuhuoneissa suihkut ja vessat<br \/><strong>V\u00e4lineet<\/strong>: Kuntosalin v\u00e4lineet k\u00e4yt\u00f6ss\u00e4, palloiluvuoroilla maalit ja verkot k\u00e4yt\u00f6ss\u00e4<\/p>\t\t\t\t\t\t\t\t<\/div>\n\t\t\t\t<\/div>\n\t\t\t\t<div class=\"elementor-element elementor-element-16ac0a5 elementor-widget-tablet__width-initial elementor-widget elementor-widget-button\" data-id=\"16ac0a5\" data-element_type=\"widget\" data-e-type=\"widget\" data-widget_type=\"button.default\">\n\t\t\t\t<div class=\"elementor-widget-container\">\n\t\t\t\t\t\t\t\t\t<div class=\"elementor-button-wrapper\">\n\t\t\t\t\t<a class=\"elementor-button elementor-button-link elementor-size-sm\" href=\"https:\/\/forms.gle\/kEa41KBdUEiT5F1e9\" target=\"_blank\">\n\t\t\t\t\t\t<span class=\"elementor-button-content-wrapper\">\n\t\t\t\t\t\t\t\t\t<span class=\"elementor-button-text\">Kulkulupien hakulomake<\/span>\n\t\t\t\t\t<\/span>\n\t\t\t\t\t<\/a>\n\t\t\t\t<\/div>\n\t\t\t\t\t\t\t\t<\/div>\n\t\t\t\t<\/div>\n\t\t\t\t<div class=\"elementor-element elementor-element-8166cd8 elementor-widget-tablet__width-initial elementor-widget elementor-widget-button\" data-id=\"8166cd8\" data-element_type=\"widget\" data-e-type=\"widget\" data-widget_type=\"button.default\">\n\t\t\t\t<div class=\"elementor-widget-container\">\n\t\t\t\t\t\t\t\t\t<div class=\"elementor-button-wrapper\">\n\t\t\t\t\t<a class=\"elementor-button elementor-button-link elementor-size-sm\" href=\"https:\/\/xn--sykett-gua.fi\/joensuu\/\" target=\"_blank\">\n\t\t\t\t\t\t<span class=\"elementor-button-content-wrapper\">\n\t\t\t\t\t\t\t\t\t<span class=\"elementor-button-text\">Liikuntakalenteri<\/span>\n\t\t\t\t\t<\/span>\n\t\t\t\t\t<\/a>\n\t\t\t\t<\/div>\n\t\t\t\t\t\t\t\t<\/div>\n\t\t\t\t<\/div>\n\t\t\t\t\t<\/div>\n\t\t\t\t<\/div>\n\t\t<div data-particle_enable=\"false\" data-particle-mobile-disabled=\"false\" class=\"elementor-element elementor-element-37a54d4e e-flex e-con-boxed e-con e-child\" data-id=\"37a54d4e\" data-element_type=\"container\" data-e-type=\"container\">\n\t\t\t\t\t<div class=\"e-con-inner\">\n\t\t\t\t<div class=\"elementor-element elementor-element-4e92f102 elementor-widget elementor-widget-text-editor\" data-id=\"4e92f102\" data-element_type=\"widget\" data-e-type=\"widget\" data-widget_type=\"text-editor.default\">\n\t\t\t\t<div class=\"elementor-widget-container\">\n\t\t\t\t\t\t\t\t\t<h2>Sijainti<\/h2>\n<p>Joensuu Areena sijaitsee osoitteessa <strong>Mehtim\u00e4enaukio 2, 80110 Joensuu<\/strong>. Liikuntatiloihin kulku tapahtuu sis\u00e4\u00e4ntuloaulan oikealla puolella olevan pitk\u00e4n k\u00e4yt\u00e4v\u00e4n p\u00e4\u00e4ss\u00e4 olevan alikulkutunnelin kautta. K\u00e4yt\u00e4v\u00e4ll\u00e4 sijaitsevat my\u00f6s miesten ja naisten pukuhuoneet.<\/p>\n<p>Joensuu Areenalla p\u00e4\u00e4see treenaamaan vain ovikoodilla, joka laitetaan pukuhuoneille johtavan k\u00e4yt\u00e4v\u00e4n ovessa olevaan lukijaan. Koodit l\u00f6ytyv\u00e4t&nbsp;liikuntakalenterin&nbsp;tapahtumakuvauksista.<\/p>\n<p>Kuntosalin koodia voi pyyt\u00e4\u00e4 oheisen lomakkeen kautta. Koodeja l\u00e4hetet\u00e4\u00e4n v\u00e4hint\u00e4\u00e4n kerran viikossa. L\u00e4het\u00e4mme koodin ainoastaan siihen s\u00e4hk\u00f6postiosoitteeseen, jolla olet rekister\u00f6itynyt SYKETT\u00c4-k\u00e4ytt\u00e4j\u00e4ksi. Kuntosalin koodi vaihtuu lukukausittain, joten uusi koodi tulee hakea aina uuden lukukauden alussa.<\/p>\t\t\t\t\t\t\t\t<\/div>\n\t\t\t\t<\/div>\n\t\t\t\t<div class=\"elementor-element elementor-element-7b51ca6f elementor-widget elementor-widget-google_maps\" data-id=\"7b51ca6f\" data-element_type=\"widget\" data-e-type=\"widget\" data-widget_type=\"google_maps.default\">\n\t\t\t\t<div class=\"elementor-widget-container\">\n\t\t\t\t\t\t\t<div class=\"elementor-custom-embed\">\n\t\t\t<iframe loading=\"lazy\"\n\t\t\t\t\tsrc=\"https:\/\/maps.google.com\/maps?q=Mehtim%C3%A4enaukio%202%2C%2080110%20Joensuu&#038;t=m&#038;z=13&#038;output=embed&#038;iwloc=near\"\n\t\t\t\t\ttitle=\"Mehtim\u00e4enaukio 2, 80110 Joensuu\"\n\t\t\t\t\taria-label=\"Mehtim\u00e4enaukio 2, 80110 Joensuu\"\n\t\t\t><\/iframe>\n\t\t<\/div>\n\t\t\t\t\t\t<\/div>\n\t\t\t\t<\/div>\n\t\t\t\t\t<\/div>\n\t\t\t\t<\/div>\n\t\t\t\t\t<\/div>\n\t\t\t\t<\/div>\n\t\t<div data-particle_enable=\"false\" data-particle-mobile-disabled=\"false\" class=\"elementor-element elementor-element-38838be0 e-flex e-con-boxed e-con e-parent\" data-id=\"38838be0\" data-element_type=\"container\" data-e-type=\"container\">\n\t\t\t\t\t<div class=\"e-con-inner\">\n\t\t<div data-particle_enable=\"false\" data-particle-mobile-disabled=\"false\" class=\"elementor-element elementor-element-5bcd94c8 e-flex e-con-boxed e-con e-child\" data-id=\"5bcd94c8\" data-element_type=\"container\" data-e-type=\"container\">\n\t\t\t\t\t<div class=\"e-con-inner\">\n\t\t\t\t<div class=\"elementor-element elementor-element-22fdb150 elementor-widget elementor-widget-text-editor\" data-id=\"22fdb150\" data-element_type=\"widget\" data-e-type=\"widget\" data-widget_type=\"text-editor.default\">\n\t\t\t\t<div class=\"elementor-widget-container\">\n\t\t\t\t\t\t\t\t\t<h2>Perustiedot tilasta<\/h2><p>Joensuu Areena on Joensuun kaupungin omistama monitoimihalli. Kentt\u00e4tila jakautuu yleisurheilualueisiin ja palloilukenttiin. Mondo-pinnotteisten juoksuratojen sis\u00e4puolelle j\u00e4\u00e4v\u00e4 alue on Pulastic\u2013joustomattoa. Vuodenaikojen, harjoituskausien sek\u00e4 erilaisten tapahtumien mukaan kentt\u00e4tilaan asennetaan siirrett\u00e4v\u00e4 parkettikentt\u00e4 tai tekonurmea.<\/p><h2>Liikuntak\u00e4ytt\u00f6<\/h2><p>SYKETT\u00c4-k\u00e4ytt\u00e4j\u00e4t saavat k\u00e4ytt\u00e4\u00e4 Joensuu Areenan tiloja (poislukien kiipeilysein\u00e4) silloin, kun niiss\u00e4 ei ole muita varattuja vuoroja. Ajantasaisen varaustilanteen l\u00f6yd\u00e4t\u00a0<a href=\"https:\/\/tilavajoensuu.fi\/onlinekalenteri\/joensuu\/guest.php?view_building=JA&amp;kt=tila&amp;laji=*\" target=\"_blank\" rel=\"noopener noreferrer\">Tilava Joensuu -varauskalenterista<\/a>.\u00a0Liikuntatiloissa noudatetaan Joensuun kaupungin liikuntatilojen\u00a0<a href=\"https:\/\/tilavajoensuu.fi\/onlinekalenteri\/joensuu\/guest.php?page=saannot\" target=\"_blank\" rel=\"noopener noreferrer\">k\u00e4ytt\u00f6s\u00e4\u00e4nt\u00f6j\u00e4<\/a>.<\/p><h2>Aukioloajat<\/h2><p>Joensuu Areenan ajantasaiset aukioloajat l\u00f6yd\u00e4t\u00a0<a href=\"https:\/\/www.joensuu.fi\/joensuu-areena\" target=\"_blank\" rel=\"noopener noreferrer\">t\u00e4\u00e4lt\u00e4<\/a>. <strong>Huomaathan, ett\u00e4 kuntosalia ei voi k\u00e4ytt\u00e4\u00e4 varattujen vuorojen aikaan!<\/strong><\/p>\t\t\t\t\t\t\t\t<\/div>\n\t\t\t\t<\/div>\n\t\t\t\t\t<\/div>\n\t\t\t\t<\/div>\n\t\t<div data-particle_enable=\"false\" data-particle-mobile-disabled=\"false\" class=\"elementor-element elementor-element-55105e15 e-flex e-con-boxed e-con e-child\" data-id=\"55105e15\" data-element_type=\"container\" data-e-type=\"container\">\n\t\t\t\t\t<div class=\"e-con-inner\">\n\t\t\t\t<div class=\"elementor-element elementor-element-6d56720c elementor-widget elementor-widget-image\" data-id=\"6d56720c\" data-element_type=\"widget\" data-e-type=\"widget\" data-widget_type=\"image.default\">\n\t\t\t\t<div class=\"elementor-widget-container\">\n\t\t\t\t\t\t\t\t\t\t\t\t\t\t\t<img decoding=\"async\" width=\"416\" height=\"275\" src=\"https:\/\/xn--sykett-gua.fi\/joensuu\/wp-content\/uploads\/sites\/3\/2024\/06\/syketta-pallot-e1715842066811.gif\" class=\"attachment-large size-large wp-image-3041\" alt=\"\" \/>\t\t\t\t\t\t\t\t\t\t\t\t\t\t\t<\/div>\n\t\t\t\t<\/div>\n\t\t\t\t\t<\/div>\n\t\t\t\t<\/div>\n\t\t\t\t\t<\/div>\n\t\t\t\t<\/div>\n\t\t\t\t<\/div>\n\t\t","protected":false},"excerpt":{"rendered":"<p>Palvelut: Kuntosali, palloilukent\u00e4t (futsal, salibandy), tekonurmet ja juoksuradatKulkuohjeet: Areenaan p\u00e4\u00e4see sis\u00e4\u00e4ntuloaulan oikealla puolella olevan pitk\u00e4n pitk\u00e4n k\u00e4yt\u00e4v\u00e4n p\u00e4\u00e4st\u00e4 alikulkutunnelin kautta. K\u00e4yt\u00e4v\u00e4\u00e4n p\u00e4\u00e4see ovikoodeilla, jotka l\u00f6ytyv\u00e4t palloiluvuorojen tuntikuvauksista. Kuntosalille ment\u00e4ess\u00e4 koodi tulee pyyt\u00e4\u00e4 etuk\u00e4teen oheisen lomakkeen kautta.Aukioloajat: Palloiluvuorot liikuntakalenterissa, kuntosali k\u00e4yt\u00f6ss\u00e4 urheiluseurojen varausten ulkopuolella (katso\u00a0Tilava Joensuu -varauskalenteri)Pukuhuoneet: Sis\u00e4\u00e4ntulok\u00e4yt\u00e4v\u00e4ll\u00e4 useita pukuhuoneita naisille ja miehillePeseytymistilat: Pukuhuoneissa suihkut ja [&hellip;]<\/p>\n","protected":false},"author":3,"featured_media":0,"parent":3679,"menu_order":0,"comment_status":"closed","ping_status":"closed","template":"","meta":{"iawp_total_views":880,"footnotes":""},"class_list":["post-3044","page","type-page","status-publish","hentry"],"yoast_head":"<!-- This site is optimized with the Yoast SEO plugin v27.3 - https:\/\/yoast.com\/product\/yoast-seo-wordpress\/ -->\n<title>Joensuu Areena - SYKETT\u00c4 Joensuu<\/title>\n<meta name=\"description\" content=\"Joensuu Areena sijaitsee osoitteessa Mehtim\u00e4enaukio 2, 80110 Joensuu.\" \/>\n<meta name=\"robots\" content=\"index, follow, max-snippet:-1, max-image-preview:large, max-video-preview:-1\" \/>\n<link rel=\"canonical\" href=\"https:\/\/xn--sykett-gua.fi\/joensuu\/tilat\/joensuu-areena\/\" \/>\n<meta property=\"og:locale\" content=\"fi_FI\" \/>\n<meta property=\"og:type\" content=\"article\" \/>\n<meta property=\"og:title\" content=\"Joensuu Areena - SYKETT\u00c4 Joensuu\" \/>\n<meta property=\"og:description\" content=\"Joensuu Areena sijaitsee osoitteessa Mehtim\u00e4enaukio 2, 80110 Joensuu.\" \/>\n<meta property=\"og:url\" content=\"https:\/\/xn--sykett-gua.fi\/joensuu\/tilat\/joensuu-areena\/\" \/>\n<meta property=\"og:site_name\" content=\"SYKETT\u00c4 Joensuu\" \/>\n<meta property=\"article:modified_time\" content=\"2025-07-31T08:45:33+00:00\" \/>\n<meta property=\"og:image\" content=\"https:\/\/xn--sykett-gua.fi\/joensuu\/wp-content\/uploads\/sites\/3\/2024\/10\/joensuu-areena.png\" \/>\n\t<meta property=\"og:image:width\" content=\"880\" \/>\n\t<meta property=\"og:image:height\" content=\"383\" \/>\n\t<meta property=\"og:image:type\" content=\"image\/png\" \/>\n<meta name=\"twitter:card\" content=\"summary_large_image\" \/>\n<meta name=\"twitter:label1\" content=\"Arvioitu lukuaika\" \/>\n\t<meta name=\"twitter:data1\" content=\"2 minuuttia\" \/>\n<script type=\"application\/ld+json\" class=\"yoast-schema-graph\">{\"@context\":\"https:\\\/\\\/schema.org\",\"@graph\":[{\"@type\":\"WebPage\",\"@id\":\"https:\\\/\\\/xn--sykett-gua.fi\\\/joensuu\\\/tilat\\\/joensuu-areena\\\/\",\"url\":\"https:\\\/\\\/xn--sykett-gua.fi\\\/joensuu\\\/tilat\\\/joensuu-areena\\\/\",\"name\":\"Joensuu Areena - SYKETT\u00c4 Joensuu\",\"isPartOf\":{\"@id\":\"https:\\\/\\\/xn--sykett-gua.fi\\\/joensuu\\\/#website\"},\"primaryImageOfPage\":{\"@id\":\"https:\\\/\\\/xn--sykett-gua.fi\\\/joensuu\\\/tilat\\\/joensuu-areena\\\/#primaryimage\"},\"image\":{\"@id\":\"https:\\\/\\\/xn--sykett-gua.fi\\\/joensuu\\\/tilat\\\/joensuu-areena\\\/#primaryimage\"},\"thumbnailUrl\":\"https:\\\/\\\/xn--sykett-gua.fi\\\/joensuu\\\/wp-content\\\/uploads\\\/sites\\\/3\\\/2024\\\/10\\\/joensuu-areena.png\",\"datePublished\":\"2024-06-11T09:14:32+00:00\",\"dateModified\":\"2025-07-31T08:45:33+00:00\",\"description\":\"Joensuu Areena sijaitsee osoitteessa Mehtim\u00e4enaukio 2, 80110 Joensuu.\",\"breadcrumb\":{\"@id\":\"https:\\\/\\\/xn--sykett-gua.fi\\\/joensuu\\\/tilat\\\/joensuu-areena\\\/#breadcrumb\"},\"inLanguage\":\"fi\",\"potentialAction\":[{\"@type\":\"ReadAction\",\"target\":[\"https:\\\/\\\/xn--sykett-gua.fi\\\/joensuu\\\/tilat\\\/joensuu-areena\\\/\"]}]},{\"@type\":\"ImageObject\",\"inLanguage\":\"fi\",\"@id\":\"https:\\\/\\\/xn--sykett-gua.fi\\\/joensuu\\\/tilat\\\/joensuu-areena\\\/#primaryimage\",\"url\":\"https:\\\/\\\/xn--sykett-gua.fi\\\/joensuu\\\/wp-content\\\/uploads\\\/sites\\\/3\\\/2024\\\/10\\\/joensuu-areena.png\",\"contentUrl\":\"https:\\\/\\\/xn--sykett-gua.fi\\\/joensuu\\\/wp-content\\\/uploads\\\/sites\\\/3\\\/2024\\\/10\\\/joensuu-areena.png\",\"width\":880,\"height\":383,\"caption\":\"Joensuu Areena\"},{\"@type\":\"BreadcrumbList\",\"@id\":\"https:\\\/\\\/xn--sykett-gua.fi\\\/joensuu\\\/tilat\\\/joensuu-areena\\\/#breadcrumb\",\"itemListElement\":[{\"@type\":\"ListItem\",\"position\":1,\"name\":\"Etusivu\",\"item\":\"https:\\\/\\\/xn--sykett-gua.fi\\\/joensuu\\\/fi\\\/joensuu\\\/\"},{\"@type\":\"ListItem\",\"position\":2,\"name\":\"Tilat\",\"item\":\"https:\\\/\\\/xn--sykett-gua.fi\\\/joensuu\\\/tilat\\\/\"},{\"@type\":\"ListItem\",\"position\":3,\"name\":\"Joensuu Areena\"}]},{\"@type\":\"WebSite\",\"@id\":\"https:\\\/\\\/xn--sykett-gua.fi\\\/joensuu\\\/#website\",\"url\":\"https:\\\/\\\/xn--sykett-gua.fi\\\/joensuu\\\/\",\"name\":\"SYKETT\u00c4 Joensuu\",\"description\":\"\",\"publisher\":{\"@id\":\"https:\\\/\\\/xn--sykett-gua.fi\\\/joensuu\\\/#organization\"},\"potentialAction\":[{\"@type\":\"SearchAction\",\"target\":{\"@type\":\"EntryPoint\",\"urlTemplate\":\"https:\\\/\\\/xn--sykett-gua.fi\\\/joensuu\\\/?s={search_term_string}\"},\"query-input\":{\"@type\":\"PropertyValueSpecification\",\"valueRequired\":true,\"valueName\":\"search_term_string\"}}],\"inLanguage\":\"fi\"},{\"@type\":\"Organization\",\"@id\":\"https:\\\/\\\/xn--sykett-gua.fi\\\/joensuu\\\/#organization\",\"name\":\"SYKETT\u00c4 Joensuu\",\"url\":\"https:\\\/\\\/xn--sykett-gua.fi\\\/joensuu\\\/\",\"logo\":{\"@type\":\"ImageObject\",\"inLanguage\":\"fi\",\"@id\":\"https:\\\/\\\/xn--sykett-gua.fi\\\/joensuu\\\/#\\\/schema\\\/logo\\\/image\\\/\",\"url\":\"https:\\\/\\\/xn--sykett-gua.fi\\\/joensuu\\\/wp-content\\\/uploads\\\/sites\\\/3\\\/2024\\\/06\\\/Asset-2@2x-2.png\",\"contentUrl\":\"https:\\\/\\\/xn--sykett-gua.fi\\\/joensuu\\\/wp-content\\\/uploads\\\/sites\\\/3\\\/2024\\\/06\\\/Asset-2@2x-2.png\",\"width\":1003,\"height\":373,\"caption\":\"SYKETT\u00c4 Joensuu\"},\"image\":{\"@id\":\"https:\\\/\\\/xn--sykett-gua.fi\\\/joensuu\\\/#\\\/schema\\\/logo\\\/image\\\/\"}}]}<\/script>\n<!-- \/ Yoast SEO plugin. -->","yoast_head_json":{"title":"Joensuu Areena - SYKETT\u00c4 Joensuu","description":"Joensuu Areena sijaitsee osoitteessa Mehtim\u00e4enaukio 2, 80110 Joensuu.","robots":{"index":"index","follow":"follow","max-snippet":"max-snippet:-1","max-image-preview":"max-image-preview:large","max-video-preview":"max-video-preview:-1"},"canonical":"https:\/\/xn--sykett-gua.fi\/joensuu\/tilat\/joensuu-areena\/","og_locale":"fi_FI","og_type":"article","og_title":"Joensuu Areena - SYKETT\u00c4 Joensuu","og_description":"Joensuu Areena sijaitsee osoitteessa Mehtim\u00e4enaukio 2, 80110 Joensuu.","og_url":"https:\/\/xn--sykett-gua.fi\/joensuu\/tilat\/joensuu-areena\/","og_site_name":"SYKETT\u00c4 Joensuu","article_modified_time":"2025-07-31T08:45:33+00:00","og_image":[{"width":880,"height":383,"url":"https:\/\/xn--sykett-gua.fi\/joensuu\/wp-content\/uploads\/sites\/3\/2024\/10\/joensuu-areena.png","type":"image\/png"}],"twitter_card":"summary_large_image","twitter_misc":{"Arvioitu lukuaika":"2 minuuttia"},"schema":{"@context":"https:\/\/schema.org","@graph":[{"@type":"WebPage","@id":"https:\/\/xn--sykett-gua.fi\/joensuu\/tilat\/joensuu-areena\/","url":"https:\/\/xn--sykett-gua.fi\/joensuu\/tilat\/joensuu-areena\/","name":"Joensuu Areena - SYKETT\u00c4 Joensuu","isPartOf":{"@id":"https:\/\/xn--sykett-gua.fi\/joensuu\/#website"},"primaryImageOfPage":{"@id":"https:\/\/xn--sykett-gua.fi\/joensuu\/tilat\/joensuu-areena\/#primaryimage"},"image":{"@id":"https:\/\/xn--sykett-gua.fi\/joensuu\/tilat\/joensuu-areena\/#primaryimage"},"thumbnailUrl":"https:\/\/xn--sykett-gua.fi\/joensuu\/wp-content\/uploads\/sites\/3\/2024\/10\/joensuu-areena.png","datePublished":"2024-06-11T09:14:32+00:00","dateModified":"2025-07-31T08:45:33+00:00","description":"Joensuu Areena sijaitsee osoitteessa Mehtim\u00e4enaukio 2, 80110 Joensuu.","breadcrumb":{"@id":"https:\/\/xn--sykett-gua.fi\/joensuu\/tilat\/joensuu-areena\/#breadcrumb"},"inLanguage":"fi","potentialAction":[{"@type":"ReadAction","target":["https:\/\/xn--sykett-gua.fi\/joensuu\/tilat\/joensuu-areena\/"]}]},{"@type":"ImageObject","inLanguage":"fi","@id":"https:\/\/xn--sykett-gua.fi\/joensuu\/tilat\/joensuu-areena\/#primaryimage","url":"https:\/\/xn--sykett-gua.fi\/joensuu\/wp-content\/uploads\/sites\/3\/2024\/10\/joensuu-areena.png","contentUrl":"https:\/\/xn--sykett-gua.fi\/joensuu\/wp-content\/uploads\/sites\/3\/2024\/10\/joensuu-areena.png","width":880,"height":383,"caption":"Joensuu Areena"},{"@type":"BreadcrumbList","@id":"https:\/\/xn--sykett-gua.fi\/joensuu\/tilat\/joensuu-areena\/#breadcrumb","itemListElement":[{"@type":"ListItem","position":1,"name":"Etusivu","item":"https:\/\/xn--sykett-gua.fi\/joensuu\/fi\/joensuu\/"},{"@type":"ListItem","position":2,"name":"Tilat","item":"https:\/\/xn--sykett-gua.fi\/joensuu\/tilat\/"},{"@type":"ListItem","position":3,"name":"Joensuu Areena"}]},{"@type":"WebSite","@id":"https:\/\/xn--sykett-gua.fi\/joensuu\/#website","url":"https:\/\/xn--sykett-gua.fi\/joensuu\/","name":"SYKETT\u00c4 Joensuu","description":"","publisher":{"@id":"https:\/\/xn--sykett-gua.fi\/joensuu\/#organization"},"potentialAction":[{"@type":"SearchAction","target":{"@type":"EntryPoint","urlTemplate":"https:\/\/xn--sykett-gua.fi\/joensuu\/?s={search_term_string}"},"query-input":{"@type":"PropertyValueSpecification","valueRequired":true,"valueName":"search_term_string"}}],"inLanguage":"fi"},{"@type":"Organization","@id":"https:\/\/xn--sykett-gua.fi\/joensuu\/#organization","name":"SYKETT\u00c4 Joensuu","url":"https:\/\/xn--sykett-gua.fi\/joensuu\/","logo":{"@type":"ImageObject","inLanguage":"fi","@id":"https:\/\/xn--sykett-gua.fi\/joensuu\/#\/schema\/logo\/image\/","url":"https:\/\/xn--sykett-gua.fi\/joensuu\/wp-content\/uploads\/sites\/3\/2024\/06\/Asset-2@2x-2.png","contentUrl":"https:\/\/xn--sykett-gua.fi\/joensuu\/wp-content\/uploads\/sites\/3\/2024\/06\/Asset-2@2x-2.png","width":1003,"height":373,"caption":"SYKETT\u00c4 Joensuu"},"image":{"@id":"https:\/\/xn--sykett-gua.fi\/joensuu\/#\/schema\/logo\/image\/"}}]}},"_links":{"self":[{"href":"https:\/\/xn--sykett-gua.fi\/joensuu\/wp-json\/wp\/v2\/pages\/3044","targetHints":{"allow":["GET"]}}],"collection":[{"href":"https:\/\/xn--sykett-gua.fi\/joensuu\/wp-json\/wp\/v2\/pages"}],"about":[{"href":"https:\/\/xn--sykett-gua.fi\/joensuu\/wp-json\/wp\/v2\/types\/page"}],"author":[{"embeddable":true,"href":"https:\/\/xn--sykett-gua.fi\/joensuu\/wp-json\/wp\/v2\/users\/3"}],"replies":[{"embeddable":true,"href":"https:\/\/xn--sykett-gua.fi\/joensuu\/wp-json\/wp\/v2\/comments?post=3044"}],"version-history":[{"count":36,"href":"https:\/\/xn--sykett-gua.fi\/joensuu\/wp-json\/wp\/v2\/pages\/3044\/revisions"}],"predecessor-version":[{"id":8550,"href":"https:\/\/xn--sykett-gua.fi\/joensuu\/wp-json\/wp\/v2\/pages\/3044\/revisions\/8550"}],"up":[{"embeddable":true,"href":"https:\/\/xn--sykett-gua.fi\/joensuu\/wp-json\/wp\/v2\/pages\/3679"}],"wp:attachment":[{"href":"https:\/\/xn--sykett-gua.fi\/joensuu\/wp-json\/wp\/v2\/media?parent=3044"}],"curies":[{"name":"wp","href":"https:\/\/api.w.org\/{rel}","templated":true}]}}