{"id":3056,"date":"2024-06-11T12:14:32","date_gmt":"2024-06-11T09:14:32","guid":{"rendered":"https:\/\/xn--sykett-gua.fi\/joensuu\/lansikadun-koulu\/"},"modified":"2025-07-31T10:16:24","modified_gmt":"2025-07-31T07:16:24","slug":"lansikadun-koulu","status":"publish","type":"page","link":"https:\/\/xn--sykett-gua.fi\/joensuu\/tilat\/lansikadun-koulu\/","title":{"rendered":"L\u00e4nsikadun koulu"},"content":{"rendered":"\t\t<div data-elementor-type=\"wp-page\" data-elementor-id=\"3056\" class=\"elementor elementor-3056\" data-elementor-post-type=\"page\">\n\t\t\t\t<div data-particle_enable=\"false\" data-particle-mobile-disabled=\"false\" class=\"elementor-element elementor-element-2c832221 e-flex e-con-boxed e-con e-parent\" data-id=\"2c832221\" data-element_type=\"container\" data-e-type=\"container\">\n\t\t\t\t\t<div class=\"e-con-inner\">\n\t\t<div data-particle_enable=\"false\" data-particle-mobile-disabled=\"false\" class=\"elementor-element elementor-element-1d8413f3 e-flex e-con-boxed e-con e-child\" data-id=\"1d8413f3\" data-element_type=\"container\" data-e-type=\"container\">\n\t\t\t\t\t<div class=\"e-con-inner\">\n\t\t\t\t<div class=\"elementor-element elementor-element-42b4d512 elementor-widget elementor-widget-image\" data-id=\"42b4d512\" data-element_type=\"widget\" data-e-type=\"widget\" data-widget_type=\"image.default\">\n\t\t\t\t<div class=\"elementor-widget-container\">\n\t\t\t\t\t\t\t\t\t\t\t\t\t\t\t<img fetchpriority=\"high\" decoding=\"async\" width=\"800\" height=\"348\" src=\"https:\/\/xn--sykett-gua.fi\/joensuu\/wp-content\/uploads\/sites\/3\/2024\/10\/lansikadun-koulu.png\" class=\"attachment-large size-large wp-image-4066\" alt=\"L\u00e4nsikadun koulun julkisivu.\" srcset=\"https:\/\/xn--sykett-gua.fi\/joensuu\/wp-content\/uploads\/sites\/3\/2024\/10\/lansikadun-koulu.png 880w, https:\/\/xn--sykett-gua.fi\/joensuu\/wp-content\/uploads\/sites\/3\/2024\/10\/lansikadun-koulu-300x131.png 300w, https:\/\/xn--sykett-gua.fi\/joensuu\/wp-content\/uploads\/sites\/3\/2024\/10\/lansikadun-koulu-768x334.png 768w\" sizes=\"(max-width: 800px) 100vw, 800px\" \/>\t\t\t\t\t\t\t\t\t\t\t\t\t\t\t<\/div>\n\t\t\t\t<\/div>\n\t\t\t\t<div class=\"elementor-element elementor-element-d380518 elementor-widget__width-initial elementor-widget elementor-widget-text-editor\" data-id=\"d380518\" data-element_type=\"widget\" data-e-type=\"widget\" data-widget_type=\"text-editor.default\">\n\t\t\t\t<div class=\"elementor-widget-container\">\n\t\t\t\t\t\t\t\t\t<p><strong>Palvelut:<\/strong> Liikuntasali<br \/><strong>Kulkuohjeet:<\/strong> Liikuntasaliin p\u00e4\u00e4see L\u00e4nsikadun puoleisesta B-ovesta<br \/><strong>Aukioloajat:<\/strong> Iltaisin ja viikonloppuisin, katso\u00a0liikuntakalenteri<br \/><strong>Pukuhuoneet:<\/strong> Kaksi naisille ja kaksi miehille<br \/><strong>Peseytymistilat:<\/strong> Pukuhuoneissa suihkut ja vessat<br \/><strong>V\u00e4lineet:<\/strong> Maalit ja verkot k\u00e4yt\u00f6ss\u00e4 (koripallo, lentopallo, salibandy, sulkapallo)<\/p>\t\t\t\t\t\t\t\t<\/div>\n\t\t\t\t<\/div>\n\t\t\t\t<div class=\"elementor-element elementor-element-b54e7c0 elementor-widget elementor-widget-button\" data-id=\"b54e7c0\" data-element_type=\"widget\" data-e-type=\"widget\" data-widget_type=\"button.default\">\n\t\t\t\t<div class=\"elementor-widget-container\">\n\t\t\t\t\t\t\t\t\t<div class=\"elementor-button-wrapper\">\n\t\t\t\t\t<a class=\"elementor-button elementor-button-link elementor-size-sm\" href=\"https:\/\/xn--sykett-gua.fi\/joensuu\/\" target=\"_blank\">\n\t\t\t\t\t\t<span class=\"elementor-button-content-wrapper\">\n\t\t\t\t\t\t\t\t\t<span class=\"elementor-button-text\">Liikuntakalenteri<\/span>\n\t\t\t\t\t<\/span>\n\t\t\t\t\t<\/a>\n\t\t\t\t<\/div>\n\t\t\t\t\t\t\t\t<\/div>\n\t\t\t\t<\/div>\n\t\t\t\t\t<\/div>\n\t\t\t\t<\/div>\n\t\t<div data-particle_enable=\"false\" data-particle-mobile-disabled=\"false\" class=\"elementor-element elementor-element-3b1794b e-flex e-con-boxed e-con e-child\" data-id=\"3b1794b\" data-element_type=\"container\" data-e-type=\"container\">\n\t\t\t\t\t<div class=\"e-con-inner\">\n\t\t\t\t<div class=\"elementor-element elementor-element-24120854 elementor-widget elementor-widget-text-editor\" data-id=\"24120854\" data-element_type=\"widget\" data-e-type=\"widget\" data-widget_type=\"text-editor.default\">\n\t\t\t\t<div class=\"elementor-widget-container\">\n\t\t\t\t\t\t\t\t\t<h2>Sijainti<\/h2><p>L\u00e4nsikadun koulu sijaitsee It\u00e4-Suomen yliopiston kampuksella osoitteessa <b>Tulliportinkatu 1, 80130 Joensuu<\/b>. Liikuntasaliin p\u00e4\u00e4see L\u00e4nsikadun puoleisesta B-ovesta. Pukuhuoneet sijaitsevat ulko-ovesta tultaessa oikealla.<\/p>\t\t\t\t\t\t\t\t<\/div>\n\t\t\t\t<\/div>\n\t\t\t\t<div class=\"elementor-element elementor-element-22c48de9 elementor-widget elementor-widget-google_maps\" data-id=\"22c48de9\" data-element_type=\"widget\" data-e-type=\"widget\" data-widget_type=\"google_maps.default\">\n\t\t\t\t<div class=\"elementor-widget-container\">\n\t\t\t\t\t\t\t<div class=\"elementor-custom-embed\">\n\t\t\t<iframe loading=\"lazy\"\n\t\t\t\t\tsrc=\"https:\/\/maps.google.com\/maps?q=Tulliportinkatu%201%2C%2080130%20Joensuu&#038;t=m&#038;z=13&#038;output=embed&#038;iwloc=near\"\n\t\t\t\t\ttitle=\"Tulliportinkatu 1, 80130 Joensuu\"\n\t\t\t\t\taria-label=\"Tulliportinkatu 1, 80130 Joensuu\"\n\t\t\t><\/iframe>\n\t\t<\/div>\n\t\t\t\t\t\t<\/div>\n\t\t\t\t<\/div>\n\t\t\t\t\t<\/div>\n\t\t\t\t<\/div>\n\t\t\t\t\t<\/div>\n\t\t\t\t<\/div>\n\t\t<div data-particle_enable=\"false\" data-particle-mobile-disabled=\"false\" class=\"elementor-element elementor-element-5c7e0e76 e-flex e-con-boxed e-con e-parent\" data-id=\"5c7e0e76\" data-element_type=\"container\" data-e-type=\"container\">\n\t\t\t\t\t<div class=\"e-con-inner\">\n\t\t<div data-particle_enable=\"false\" data-particle-mobile-disabled=\"false\" class=\"elementor-element elementor-element-1e291c47 e-flex e-con-boxed e-con e-child\" data-id=\"1e291c47\" data-element_type=\"container\" data-e-type=\"container\">\n\t\t\t\t\t<div class=\"e-con-inner\">\n\t\t\t\t<div class=\"elementor-element elementor-element-6252313d elementor-widget elementor-widget-text-editor\" data-id=\"6252313d\" data-element_type=\"widget\" data-e-type=\"widget\" data-widget_type=\"text-editor.default\">\n\t\t\t\t<div class=\"elementor-widget-container\">\n\t\t\t\t\t\t\t\t\t<h2>Perustiedot tilasta<\/h2><p>L\u00e4nsikadun koulun liikuntasalissa on parkettilattia, ja sali voidaan jakaa verhoilla nelj\u00e4\u00e4n lohkoon. Sali soveltuu sek\u00e4 palloiluun (esim. salibandy, koripallo, sulkapallo, futsal) ett\u00e4 ryhm\u00e4liikuntaan. Salin p\u00e4\u00e4dyss\u00e4 on puolapuut, joiden toisella puolella on peilit. Salissa on kiinte\u00e4 \u00e4\u00e4nentoisto. Salin varastossa olevat maalit ja verkot ovat SYKETT\u00c4-k\u00e4ytt\u00e4jien vapaassa k\u00e4yt\u00f6ss\u00e4. Muut koulun v\u00e4lineet eiv\u00e4t ole k\u00e4yt\u00f6ss\u00e4.<\/p><p>Muistettavaa:<\/p><ul><li>Salissa saa k\u00e4ytt\u00e4\u00e4 vain sis\u00e4k\u00e4ytt\u00f6\u00f6n tarkoitettuja urheilutossuja tai -kenki\u00e4, joista ei j\u00e4\u00e4 lattiaan j\u00e4lki\u00e4. Saliin ei saa tulla ulkojalkineissa.<\/li><li>Pukukopeissa, v\u00e4linevarastossa ja k\u00e4yt\u00e4vill\u00e4 pelaaminen on kielletty<\/li><li>Verkkojen pystytt\u00e4misess\u00e4 tarvittavien pylv\u00e4iden asennusurien suojat on nostettava koukulla tai muuten lattiaa vahingoittamatta<\/li><li>V\u00e4lineet on palautettava paikoilleen, ellei varmasti ole tiedossa, ett\u00e4 seuraava ryhm\u00e4 niit\u00e4 tarvitsee.<\/li><li>Salin viimeisen iltak\u00e4ytt\u00e4j\u00e4n tulee sammuttaa valot l\u00e4htiess\u00e4\u00e4n. Valokatkaisijat l\u00f6ytyv\u00e4t salin sein\u00e4ll\u00e4 olevasta kaapista.<\/li><li>Mik\u00e4li et ole varma, onko sinun j\u00e4lkeesi tulossa muita k\u00e4ytt\u00e4ji\u00e4, on aina oikein sammuttaa valot<\/li><\/ul>\t\t\t\t\t\t\t\t<\/div>\n\t\t\t\t<\/div>\n\t\t\t\t\t<\/div>\n\t\t\t\t<\/div>\n\t\t<div data-particle_enable=\"false\" data-particle-mobile-disabled=\"false\" class=\"elementor-element elementor-element-680be087 e-flex e-con-boxed e-con e-child\" data-id=\"680be087\" data-element_type=\"container\" data-e-type=\"container\">\n\t\t\t\t\t<div class=\"e-con-inner\">\n\t\t\t\t<div class=\"elementor-element elementor-element-2479b75b elementor-widget elementor-widget-text-editor\" data-id=\"2479b75b\" data-element_type=\"widget\" data-e-type=\"widget\" data-widget_type=\"text-editor.default\">\n\t\t\t\t<div class=\"elementor-widget-container\">\n\t\t\t\t\t\t\t\t\t<h2>Aukioloajat<\/h2><p>Ulko-ovi on ajastettu auki s\u00e4hk\u00f6isesti iltak\u00e4ytt\u00e4ji\u00e4 varten. Viikonloppuisin (pe-su) ovi on auki ainoastaan silloin, kun saliin on varattu tunteja ja vuoroja liikuntakalenterin kautta. Mik\u00e4li liikuntatapahtumiin ei ole tullut yht\u00e4\u00e4n varausta perjantaihin klo 12 menness\u00e4, koulun ulko-ovet ajastetaan lukkoon. <strong>Muistathan varata viikonloppuvuorot ajoissa!<\/strong><\/p>\t\t\t\t\t\t\t\t<\/div>\n\t\t\t\t<\/div>\n\t\t\t\t\t<\/div>\n\t\t\t\t<\/div>\n\t\t\t\t\t<\/div>\n\t\t\t\t<\/div>\n\t\t\t\t<\/div>\n\t\t","protected":false},"excerpt":{"rendered":"<p>Palvelut: LiikuntasaliKulkuohjeet: Liikuntasaliin p\u00e4\u00e4see L\u00e4nsikadun puoleisesta B-ovestaAukioloajat: Iltaisin ja viikonloppuisin, katso\u00a0liikuntakalenteriPukuhuoneet: Kaksi naisille ja kaksi miehillePeseytymistilat: Pukuhuoneissa suihkut ja vessatV\u00e4lineet: Maalit ja verkot k\u00e4yt\u00f6ss\u00e4 (koripallo, lentopallo, salibandy, sulkapallo) Liikuntakalenteri Sijainti L\u00e4nsikadun koulu sijaitsee It\u00e4-Suomen yliopiston kampuksella osoitteessa Tulliportinkatu 1, 80130 Joensuu. Liikuntasaliin p\u00e4\u00e4see L\u00e4nsikadun puoleisesta B-ovesta. Pukuhuoneet sijaitsevat ulko-ovesta tultaessa oikealla. Perustiedot tilasta L\u00e4nsikadun koulun [&hellip;]<\/p>\n","protected":false},"author":3,"featured_media":0,"parent":3679,"menu_order":0,"comment_status":"closed","ping_status":"closed","template":"","meta":{"iawp_total_views":354,"footnotes":""},"class_list":["post-3056","page","type-page","status-publish","hentry"],"yoast_head":"<!-- This site is optimized with the Yoast SEO plugin v27.3 - https:\/\/yoast.com\/product\/yoast-seo-wordpress\/ -->\n<title>L\u00e4nsikadun koulu - SYKETT\u00c4 Joensuu<\/title>\n<meta name=\"description\" content=\"L\u00e4nsikadun koulu sijaitsee It\u00e4-Suomen yliopiston kampuksella osoitteessa Tulliportinkatu 1, 80130 Joensuu.\" \/>\n<meta name=\"robots\" content=\"index, follow, max-snippet:-1, max-image-preview:large, max-video-preview:-1\" \/>\n<link rel=\"canonical\" href=\"https:\/\/xn--sykett-gua.fi\/joensuu\/tilat\/lansikadun-koulu\/\" \/>\n<meta property=\"og:locale\" content=\"fi_FI\" \/>\n<meta property=\"og:type\" content=\"article\" \/>\n<meta property=\"og:title\" content=\"L\u00e4nsikadun koulu - SYKETT\u00c4 Joensuu\" \/>\n<meta property=\"og:description\" content=\"L\u00e4nsikadun koulu sijaitsee It\u00e4-Suomen yliopiston kampuksella osoitteessa Tulliportinkatu 1, 80130 Joensuu.\" \/>\n<meta property=\"og:url\" content=\"https:\/\/xn--sykett-gua.fi\/joensuu\/tilat\/lansikadun-koulu\/\" \/>\n<meta property=\"og:site_name\" content=\"SYKETT\u00c4 Joensuu\" \/>\n<meta property=\"article:modified_time\" content=\"2025-07-31T07:16:24+00:00\" \/>\n<meta property=\"og:image\" content=\"https:\/\/xn--sykett-gua.fi\/joensuu\/wp-content\/uploads\/sites\/3\/2024\/10\/lansikadun-koulu.png\" \/>\n\t<meta property=\"og:image:width\" content=\"880\" \/>\n\t<meta property=\"og:image:height\" content=\"383\" \/>\n\t<meta property=\"og:image:type\" content=\"image\/png\" \/>\n<meta name=\"twitter:card\" content=\"summary_large_image\" \/>\n<meta name=\"twitter:label1\" content=\"Arvioitu lukuaika\" \/>\n\t<meta name=\"twitter:data1\" content=\"2 minuuttia\" \/>\n<script type=\"application\/ld+json\" class=\"yoast-schema-graph\">{\"@context\":\"https:\\\/\\\/schema.org\",\"@graph\":[{\"@type\":\"WebPage\",\"@id\":\"https:\\\/\\\/xn--sykett-gua.fi\\\/joensuu\\\/tilat\\\/lansikadun-koulu\\\/\",\"url\":\"https:\\\/\\\/xn--sykett-gua.fi\\\/joensuu\\\/tilat\\\/lansikadun-koulu\\\/\",\"name\":\"L\u00e4nsikadun koulu - SYKETT\u00c4 Joensuu\",\"isPartOf\":{\"@id\":\"https:\\\/\\\/xn--sykett-gua.fi\\\/joensuu\\\/#website\"},\"primaryImageOfPage\":{\"@id\":\"https:\\\/\\\/xn--sykett-gua.fi\\\/joensuu\\\/tilat\\\/lansikadun-koulu\\\/#primaryimage\"},\"image\":{\"@id\":\"https:\\\/\\\/xn--sykett-gua.fi\\\/joensuu\\\/tilat\\\/lansikadun-koulu\\\/#primaryimage\"},\"thumbnailUrl\":\"https:\\\/\\\/xn--sykett-gua.fi\\\/joensuu\\\/wp-content\\\/uploads\\\/sites\\\/3\\\/2024\\\/10\\\/lansikadun-koulu.png\",\"datePublished\":\"2024-06-11T09:14:32+00:00\",\"dateModified\":\"2025-07-31T07:16:24+00:00\",\"description\":\"L\u00e4nsikadun koulu sijaitsee It\u00e4-Suomen yliopiston kampuksella osoitteessa Tulliportinkatu 1, 80130 Joensuu.\",\"breadcrumb\":{\"@id\":\"https:\\\/\\\/xn--sykett-gua.fi\\\/joensuu\\\/tilat\\\/lansikadun-koulu\\\/#breadcrumb\"},\"inLanguage\":\"fi\",\"potentialAction\":[{\"@type\":\"ReadAction\",\"target\":[\"https:\\\/\\\/xn--sykett-gua.fi\\\/joensuu\\\/tilat\\\/lansikadun-koulu\\\/\"]}]},{\"@type\":\"ImageObject\",\"inLanguage\":\"fi\",\"@id\":\"https:\\\/\\\/xn--sykett-gua.fi\\\/joensuu\\\/tilat\\\/lansikadun-koulu\\\/#primaryimage\",\"url\":\"https:\\\/\\\/xn--sykett-gua.fi\\\/joensuu\\\/wp-content\\\/uploads\\\/sites\\\/3\\\/2024\\\/10\\\/lansikadun-koulu.png\",\"contentUrl\":\"https:\\\/\\\/xn--sykett-gua.fi\\\/joensuu\\\/wp-content\\\/uploads\\\/sites\\\/3\\\/2024\\\/10\\\/lansikadun-koulu.png\",\"width\":880,\"height\":383,\"caption\":\"L\u00e4nsikadun koulun julkisivu.\"},{\"@type\":\"BreadcrumbList\",\"@id\":\"https:\\\/\\\/xn--sykett-gua.fi\\\/joensuu\\\/tilat\\\/lansikadun-koulu\\\/#breadcrumb\",\"itemListElement\":[{\"@type\":\"ListItem\",\"position\":1,\"name\":\"Etusivu\",\"item\":\"https:\\\/\\\/xn--sykett-gua.fi\\\/joensuu\\\/fi\\\/joensuu\\\/\"},{\"@type\":\"ListItem\",\"position\":2,\"name\":\"Tilat\",\"item\":\"https:\\\/\\\/xn--sykett-gua.fi\\\/joensuu\\\/tilat\\\/\"},{\"@type\":\"ListItem\",\"position\":3,\"name\":\"L\u00e4nsikadun koulu\"}]},{\"@type\":\"WebSite\",\"@id\":\"https:\\\/\\\/xn--sykett-gua.fi\\\/joensuu\\\/#website\",\"url\":\"https:\\\/\\\/xn--sykett-gua.fi\\\/joensuu\\\/\",\"name\":\"SYKETT\u00c4 Joensuu\",\"description\":\"\",\"publisher\":{\"@id\":\"https:\\\/\\\/xn--sykett-gua.fi\\\/joensuu\\\/#organization\"},\"potentialAction\":[{\"@type\":\"SearchAction\",\"target\":{\"@type\":\"EntryPoint\",\"urlTemplate\":\"https:\\\/\\\/xn--sykett-gua.fi\\\/joensuu\\\/?s={search_term_string}\"},\"query-input\":{\"@type\":\"PropertyValueSpecification\",\"valueRequired\":true,\"valueName\":\"search_term_string\"}}],\"inLanguage\":\"fi\"},{\"@type\":\"Organization\",\"@id\":\"https:\\\/\\\/xn--sykett-gua.fi\\\/joensuu\\\/#organization\",\"name\":\"SYKETT\u00c4 Joensuu\",\"url\":\"https:\\\/\\\/xn--sykett-gua.fi\\\/joensuu\\\/\",\"logo\":{\"@type\":\"ImageObject\",\"inLanguage\":\"fi\",\"@id\":\"https:\\\/\\\/xn--sykett-gua.fi\\\/joensuu\\\/#\\\/schema\\\/logo\\\/image\\\/\",\"url\":\"https:\\\/\\\/xn--sykett-gua.fi\\\/joensuu\\\/wp-content\\\/uploads\\\/sites\\\/3\\\/2024\\\/06\\\/Asset-2@2x-2.png\",\"contentUrl\":\"https:\\\/\\\/xn--sykett-gua.fi\\\/joensuu\\\/wp-content\\\/uploads\\\/sites\\\/3\\\/2024\\\/06\\\/Asset-2@2x-2.png\",\"width\":1003,\"height\":373,\"caption\":\"SYKETT\u00c4 Joensuu\"},\"image\":{\"@id\":\"https:\\\/\\\/xn--sykett-gua.fi\\\/joensuu\\\/#\\\/schema\\\/logo\\\/image\\\/\"}}]}<\/script>\n<!-- \/ Yoast SEO plugin. -->","yoast_head_json":{"title":"L\u00e4nsikadun koulu - SYKETT\u00c4 Joensuu","description":"L\u00e4nsikadun koulu sijaitsee It\u00e4-Suomen yliopiston kampuksella osoitteessa Tulliportinkatu 1, 80130 Joensuu.","robots":{"index":"index","follow":"follow","max-snippet":"max-snippet:-1","max-image-preview":"max-image-preview:large","max-video-preview":"max-video-preview:-1"},"canonical":"https:\/\/xn--sykett-gua.fi\/joensuu\/tilat\/lansikadun-koulu\/","og_locale":"fi_FI","og_type":"article","og_title":"L\u00e4nsikadun koulu - SYKETT\u00c4 Joensuu","og_description":"L\u00e4nsikadun koulu sijaitsee It\u00e4-Suomen yliopiston kampuksella osoitteessa Tulliportinkatu 1, 80130 Joensuu.","og_url":"https:\/\/xn--sykett-gua.fi\/joensuu\/tilat\/lansikadun-koulu\/","og_site_name":"SYKETT\u00c4 Joensuu","article_modified_time":"2025-07-31T07:16:24+00:00","og_image":[{"width":880,"height":383,"url":"https:\/\/xn--sykett-gua.fi\/joensuu\/wp-content\/uploads\/sites\/3\/2024\/10\/lansikadun-koulu.png","type":"image\/png"}],"twitter_card":"summary_large_image","twitter_misc":{"Arvioitu lukuaika":"2 minuuttia"},"schema":{"@context":"https:\/\/schema.org","@graph":[{"@type":"WebPage","@id":"https:\/\/xn--sykett-gua.fi\/joensuu\/tilat\/lansikadun-koulu\/","url":"https:\/\/xn--sykett-gua.fi\/joensuu\/tilat\/lansikadun-koulu\/","name":"L\u00e4nsikadun koulu - SYKETT\u00c4 Joensuu","isPartOf":{"@id":"https:\/\/xn--sykett-gua.fi\/joensuu\/#website"},"primaryImageOfPage":{"@id":"https:\/\/xn--sykett-gua.fi\/joensuu\/tilat\/lansikadun-koulu\/#primaryimage"},"image":{"@id":"https:\/\/xn--sykett-gua.fi\/joensuu\/tilat\/lansikadun-koulu\/#primaryimage"},"thumbnailUrl":"https:\/\/xn--sykett-gua.fi\/joensuu\/wp-content\/uploads\/sites\/3\/2024\/10\/lansikadun-koulu.png","datePublished":"2024-06-11T09:14:32+00:00","dateModified":"2025-07-31T07:16:24+00:00","description":"L\u00e4nsikadun koulu sijaitsee It\u00e4-Suomen yliopiston kampuksella osoitteessa Tulliportinkatu 1, 80130 Joensuu.","breadcrumb":{"@id":"https:\/\/xn--sykett-gua.fi\/joensuu\/tilat\/lansikadun-koulu\/#breadcrumb"},"inLanguage":"fi","potentialAction":[{"@type":"ReadAction","target":["https:\/\/xn--sykett-gua.fi\/joensuu\/tilat\/lansikadun-koulu\/"]}]},{"@type":"ImageObject","inLanguage":"fi","@id":"https:\/\/xn--sykett-gua.fi\/joensuu\/tilat\/lansikadun-koulu\/#primaryimage","url":"https:\/\/xn--sykett-gua.fi\/joensuu\/wp-content\/uploads\/sites\/3\/2024\/10\/lansikadun-koulu.png","contentUrl":"https:\/\/xn--sykett-gua.fi\/joensuu\/wp-content\/uploads\/sites\/3\/2024\/10\/lansikadun-koulu.png","width":880,"height":383,"caption":"L\u00e4nsikadun koulun julkisivu."},{"@type":"BreadcrumbList","@id":"https:\/\/xn--sykett-gua.fi\/joensuu\/tilat\/lansikadun-koulu\/#breadcrumb","itemListElement":[{"@type":"ListItem","position":1,"name":"Etusivu","item":"https:\/\/xn--sykett-gua.fi\/joensuu\/fi\/joensuu\/"},{"@type":"ListItem","position":2,"name":"Tilat","item":"https:\/\/xn--sykett-gua.fi\/joensuu\/tilat\/"},{"@type":"ListItem","position":3,"name":"L\u00e4nsikadun koulu"}]},{"@type":"WebSite","@id":"https:\/\/xn--sykett-gua.fi\/joensuu\/#website","url":"https:\/\/xn--sykett-gua.fi\/joensuu\/","name":"SYKETT\u00c4 Joensuu","description":"","publisher":{"@id":"https:\/\/xn--sykett-gua.fi\/joensuu\/#organization"},"potentialAction":[{"@type":"SearchAction","target":{"@type":"EntryPoint","urlTemplate":"https:\/\/xn--sykett-gua.fi\/joensuu\/?s={search_term_string}"},"query-input":{"@type":"PropertyValueSpecification","valueRequired":true,"valueName":"search_term_string"}}],"inLanguage":"fi"},{"@type":"Organization","@id":"https:\/\/xn--sykett-gua.fi\/joensuu\/#organization","name":"SYKETT\u00c4 Joensuu","url":"https:\/\/xn--sykett-gua.fi\/joensuu\/","logo":{"@type":"ImageObject","inLanguage":"fi","@id":"https:\/\/xn--sykett-gua.fi\/joensuu\/#\/schema\/logo\/image\/","url":"https:\/\/xn--sykett-gua.fi\/joensuu\/wp-content\/uploads\/sites\/3\/2024\/06\/Asset-2@2x-2.png","contentUrl":"https:\/\/xn--sykett-gua.fi\/joensuu\/wp-content\/uploads\/sites\/3\/2024\/06\/Asset-2@2x-2.png","width":1003,"height":373,"caption":"SYKETT\u00c4 Joensuu"},"image":{"@id":"https:\/\/xn--sykett-gua.fi\/joensuu\/#\/schema\/logo\/image\/"}}]}},"_links":{"self":[{"href":"https:\/\/xn--sykett-gua.fi\/joensuu\/wp-json\/wp\/v2\/pages\/3056","targetHints":{"allow":["GET"]}}],"collection":[{"href":"https:\/\/xn--sykett-gua.fi\/joensuu\/wp-json\/wp\/v2\/pages"}],"about":[{"href":"https:\/\/xn--sykett-gua.fi\/joensuu\/wp-json\/wp\/v2\/types\/page"}],"author":[{"embeddable":true,"href":"https:\/\/xn--sykett-gua.fi\/joensuu\/wp-json\/wp\/v2\/users\/3"}],"replies":[{"embeddable":true,"href":"https:\/\/xn--sykett-gua.fi\/joensuu\/wp-json\/wp\/v2\/comments?post=3056"}],"version-history":[{"count":48,"href":"https:\/\/xn--sykett-gua.fi\/joensuu\/wp-json\/wp\/v2\/pages\/3056\/revisions"}],"predecessor-version":[{"id":8506,"href":"https:\/\/xn--sykett-gua.fi\/joensuu\/wp-json\/wp\/v2\/pages\/3056\/revisions\/8506"}],"up":[{"embeddable":true,"href":"https:\/\/xn--sykett-gua.fi\/joensuu\/wp-json\/wp\/v2\/pages\/3679"}],"wp:attachment":[{"href":"https:\/\/xn--sykett-gua.fi\/joensuu\/wp-json\/wp\/v2\/media?parent=3056"}],"curies":[{"name":"wp","href":"https:\/\/api.w.org\/{rel}","templated":true}]}}