{"id":3748,"date":"2024-09-30T10:41:30","date_gmt":"2024-09-30T07:41:30","guid":{"rendered":"https:\/\/xn--sykett-gua.fi\/joensuu\/?page_id=3748"},"modified":"2025-12-16T12:04:35","modified_gmt":"2025-12-16T10:04:35","slug":"hinnat-ja-myyntipisteet","status":"publish","type":"page","link":"https:\/\/xn--sykett-gua.fi\/joensuu\/info\/hinnat-ja-myyntipisteet\/","title":{"rendered":"Hinnat ja myyntipisteet"},"content":{"rendered":"\t\t<div data-elementor-type=\"wp-page\" data-elementor-id=\"3748\" class=\"elementor elementor-3748\" data-elementor-post-type=\"page\">\n\t\t\t\t<div data-particle_enable=\"false\" data-particle-mobile-disabled=\"false\" class=\"elementor-element elementor-element-9bc3384 e-flex e-con-boxed e-con e-parent\" data-id=\"9bc3384\" data-element_type=\"container\" data-e-type=\"container\">\n\t\t\t\t\t<div class=\"e-con-inner\">\n\t\t<div data-particle_enable=\"false\" data-particle-mobile-disabled=\"false\" class=\"elementor-element elementor-element-f322afa e-con-full e-flex e-con e-child\" data-id=\"f322afa\" data-element_type=\"container\" data-e-type=\"container\">\n\t\t\t\t<div class=\"elementor-element elementor-element-924b01a elementor-widget elementor-widget-text-editor\" data-id=\"924b01a\" data-element_type=\"widget\" data-e-type=\"widget\" data-widget_type=\"text-editor.default\">\n\t\t\t\t<div class=\"elementor-widget-container\">\n\t\t\t\t\t\t\t\t\t<h2>Ryhm\u00e4liikunta, palloilu &amp; kuntosali<\/h2><p>Olethan tarkka, ett\u00e4 maksat maksun suoraan oikeaan kaupunkiin. Maksajan itse aiheuttamasta virheellisest\u00e4 maksusta, joka palautetaan, v\u00e4hennet\u00e4\u00e4n 1 \u20ac transaktiokulujen kattamiseksi.<\/p><p><strong>41 \u20ac \/lukukausi (sis. alv 14 %)<\/strong><\/p><p>Voimassa 1.1.2026-31.8.2026<\/p><p><strong>71 \u20ac \/lukuvuosi (sis. alv 14 %)<\/strong><\/p><p>Voimassa 1.7.2025-31.8.2026<\/p><p>Sis\u00e4lt\u00e4\u00e4 seuraavat palvelut:<\/p><ul><li>Ohjatut ryhm\u00e4liikuntatunnit<\/li><li>Avoimet ja ohjatut laji- ja palloiluvuorot<\/li><li>Opiskelija- ja henkil\u00f6st\u00f6ryhmien vakiovuorot<\/li><li>Kuntosalien k\u00e4ytt\u00f6oikeus (Portti54, Auroran kuntosali, Joensuu Areenan kuntosali, Tikkarinteen kuntosali)<\/li><li>Erilaiset liikuntakurssit<\/li><li>Tarjouksia alueen liikuntayritt\u00e4jien palveluihin<\/li><\/ul><p>Kaikkien tuntien ja vuorojen aikataulut sek\u00e4 kuntosalien aukioloajat l\u00f6yd\u00e4t <a href=\"https:\/\/xn--sykett-gua.fi\/joensuu\/\" target=\"_blank\" rel=\"noopener\">liikuntakalenterista.<\/a><\/p>\t\t\t\t\t\t\t\t<\/div>\n\t\t\t\t<\/div>\n\t\t<div data-particle_enable=\"false\" data-particle-mobile-disabled=\"false\" class=\"elementor-element elementor-element-ccdb63a e-con-full e-flex e-con e-child\" data-id=\"ccdb63a\" data-element_type=\"container\" data-e-type=\"container\">\n\t\t\t\t<div class=\"elementor-element elementor-element-b8c9b3c elementor-widget__width-initial elementor-widget elementor-widget-image\" data-id=\"b8c9b3c\" data-element_type=\"widget\" data-e-type=\"widget\" data-widget_type=\"image.default\">\n\t\t\t\t<div class=\"elementor-widget-container\">\n\t\t\t\t\t\t\t\t\t\t\t\t\t\t\t<img fetchpriority=\"high\" decoding=\"async\" width=\"300\" height=\"300\" src=\"https:\/\/xn--sykett-gua.fi\/joensuu\/wp-content\/uploads\/sites\/3\/2025\/06\/Ryhmaliikuntatarra-syksy-2025-300x300.png\" class=\"attachment-medium size-medium wp-image-7694\" alt=\"\" srcset=\"https:\/\/xn--sykett-gua.fi\/joensuu\/wp-content\/uploads\/sites\/3\/2025\/06\/Ryhmaliikuntatarra-syksy-2025-300x300.png 300w, https:\/\/xn--sykett-gua.fi\/joensuu\/wp-content\/uploads\/sites\/3\/2025\/06\/Ryhmaliikuntatarra-syksy-2025-150x150.png 150w, https:\/\/xn--sykett-gua.fi\/joensuu\/wp-content\/uploads\/sites\/3\/2025\/06\/Ryhmaliikuntatarra-syksy-2025.png 734w\" sizes=\"(max-width: 300px) 100vw, 300px\" \/>\t\t\t\t\t\t\t\t\t\t\t\t\t\t\t<\/div>\n\t\t\t\t<\/div>\n\t\t\t\t<div class=\"elementor-element elementor-element-0c9a84f elementor-widget elementor-widget-image\" data-id=\"0c9a84f\" data-element_type=\"widget\" data-e-type=\"widget\" data-widget_type=\"image.default\">\n\t\t\t\t<div class=\"elementor-widget-container\">\n\t\t\t\t\t\t\t\t\t\t\t\t\t\t\t<img decoding=\"async\" width=\"300\" height=\"300\" src=\"https:\/\/xn--sykett-gua.fi\/joensuu\/wp-content\/uploads\/sites\/3\/2025\/06\/Ryhmaliikuntatarra-2025-2026-300x300.png\" class=\"attachment-medium size-medium wp-image-7695\" alt=\"\" srcset=\"https:\/\/xn--sykett-gua.fi\/joensuu\/wp-content\/uploads\/sites\/3\/2025\/06\/Ryhmaliikuntatarra-2025-2026-300x300.png 300w, https:\/\/xn--sykett-gua.fi\/joensuu\/wp-content\/uploads\/sites\/3\/2025\/06\/Ryhmaliikuntatarra-2025-2026-150x150.png 150w, https:\/\/xn--sykett-gua.fi\/joensuu\/wp-content\/uploads\/sites\/3\/2025\/06\/Ryhmaliikuntatarra-2025-2026.png 730w\" sizes=\"(max-width: 300px) 100vw, 300px\" \/>\t\t\t\t\t\t\t\t\t\t\t\t\t\t\t<\/div>\n\t\t\t\t<\/div>\n\t\t\t\t<\/div>\n\t\t\t\t<\/div>\n\t\t<div data-particle_enable=\"false\" data-particle-mobile-disabled=\"false\" class=\"elementor-element elementor-element-0d7b874 e-con-full e-flex e-con e-child\" data-id=\"0d7b874\" data-element_type=\"container\" data-e-type=\"container\">\n\t\t\t\t<div class=\"elementor-element elementor-element-b76a405 elementor-widget elementor-widget-text-editor\" data-id=\"b76a405\" data-element_type=\"widget\" data-e-type=\"widget\" data-widget_type=\"text-editor.default\">\n\t\t\t\t<div class=\"elementor-widget-container\">\n\t\t\t\t\t\t\t\t\t<h2>Palloilu &amp; kuntosali<\/h2><p>Olethan tarkka, ett\u00e4 maksat maksun suoraan oikeaan kaupunkiin. Maksajan itse aiheuttamasta virheellisest\u00e4 maksusta, joka palautetaan, v\u00e4hennet\u00e4\u00e4n 1 \u20ac transaktiokulujen kattamiseksi.<\/p><p><strong>23 \u20ac \/lukukausi (sis. alv 14 %)<\/strong><\/p><p>Voimassa\u00a01.1.2026-31.8.2026<\/p><p><strong>38 \u20ac \/lukuvuosi (sis. alv 14 %)<\/strong><\/p><p>Voimassa 1.7.2025-31.8.2026<\/p><p>Sis\u00e4lt\u00e4\u00e4 seuraavat palvelut:<\/p><ul><li>Avoimet ja ohjatut laji- ja palloiluvuorot<\/li><li>Opiskelija- ja henkil\u00f6st\u00f6ryhmien vakiovuorot<\/li><li>Kuntosalien k\u00e4ytt\u00f6oikeus (Portti54, Auroran kuntosali, Joensuu Areenan kuntosali, Tikkarinteen kuntosali)<\/li><li>Erilaiset liikuntakurssit<\/li><li>Tarjouksia alueen liikuntayritt\u00e4jien palveluihin<\/li><\/ul><p>Kaikkien tuntien ja vuorojen aikataulut sek\u00e4 kuntosalien aukioloajat l\u00f6yd\u00e4t <a href=\"https:\/\/xn--sykett-gua.fi\/joensuu\/\" target=\"_blank\" rel=\"noopener\">liikuntakalenterista.<\/a><\/p>\t\t\t\t\t\t\t\t<\/div>\n\t\t\t\t<\/div>\n\t\t<div data-particle_enable=\"false\" data-particle-mobile-disabled=\"false\" class=\"elementor-element elementor-element-c59e35c e-con-full e-flex e-con e-child\" data-id=\"c59e35c\" data-element_type=\"container\" data-e-type=\"container\" data-settings=\"{&quot;background_background&quot;:&quot;classic&quot;}\">\n\t\t\t\t<div class=\"elementor-element elementor-element-0bbd10f elementor-widget elementor-widget-image\" data-id=\"0bbd10f\" data-element_type=\"widget\" data-e-type=\"widget\" data-widget_type=\"image.default\">\n\t\t\t\t<div class=\"elementor-widget-container\">\n\t\t\t\t\t\t\t\t\t\t\t\t\t\t\t<img decoding=\"async\" width=\"300\" height=\"300\" src=\"https:\/\/xn--sykett-gua.fi\/joensuu\/wp-content\/uploads\/sites\/3\/2025\/06\/Palloilutarra-syksy-2025-300x300.png\" class=\"attachment-medium size-medium wp-image-7696\" alt=\"\" srcset=\"https:\/\/xn--sykett-gua.fi\/joensuu\/wp-content\/uploads\/sites\/3\/2025\/06\/Palloilutarra-syksy-2025-300x300.png 300w, https:\/\/xn--sykett-gua.fi\/joensuu\/wp-content\/uploads\/sites\/3\/2025\/06\/Palloilutarra-syksy-2025-150x150.png 150w, https:\/\/xn--sykett-gua.fi\/joensuu\/wp-content\/uploads\/sites\/3\/2025\/06\/Palloilutarra-syksy-2025.png 741w\" sizes=\"(max-width: 300px) 100vw, 300px\" \/>\t\t\t\t\t\t\t\t\t\t\t\t\t\t\t<\/div>\n\t\t\t\t<\/div>\n\t\t\t\t<div class=\"elementor-element elementor-element-61573b5 elementor-widget elementor-widget-image\" data-id=\"61573b5\" data-element_type=\"widget\" data-e-type=\"widget\" data-widget_type=\"image.default\">\n\t\t\t\t<div class=\"elementor-widget-container\">\n\t\t\t\t\t\t\t\t\t\t\t\t\t\t\t<img loading=\"lazy\" decoding=\"async\" width=\"300\" height=\"300\" src=\"https:\/\/xn--sykett-gua.fi\/joensuu\/wp-content\/uploads\/sites\/3\/2025\/06\/Palloilutarra-2025-2026-300x300.png\" class=\"attachment-medium size-medium wp-image-7697\" alt=\"\" srcset=\"https:\/\/xn--sykett-gua.fi\/joensuu\/wp-content\/uploads\/sites\/3\/2025\/06\/Palloilutarra-2025-2026-300x300.png 300w, https:\/\/xn--sykett-gua.fi\/joensuu\/wp-content\/uploads\/sites\/3\/2025\/06\/Palloilutarra-2025-2026-150x150.png 150w, https:\/\/xn--sykett-gua.fi\/joensuu\/wp-content\/uploads\/sites\/3\/2025\/06\/Palloilutarra-2025-2026.png 733w\" sizes=\"(max-width: 300px) 100vw, 300px\" \/>\t\t\t\t\t\t\t\t\t\t\t\t\t\t\t<\/div>\n\t\t\t\t<\/div>\n\t\t\t\t<\/div>\n\t\t\t\t<\/div>\n\t\t\t\t\t<\/div>\n\t\t\t\t<\/div>\n\t\t<div data-particle_enable=\"false\" data-particle-mobile-disabled=\"false\" class=\"elementor-element elementor-element-cd8b00e e-flex e-con-boxed e-con e-parent\" data-id=\"cd8b00e\" data-element_type=\"container\" data-e-type=\"container\" data-settings=\"{&quot;background_background&quot;:&quot;classic&quot;}\">\n\t\t\t\t\t<div class=\"e-con-inner\">\n\t\t<div data-particle_enable=\"false\" data-particle-mobile-disabled=\"false\" class=\"elementor-element elementor-element-3108acb e-con-full e-flex e-con e-child\" data-id=\"3108acb\" data-element_type=\"container\" data-e-type=\"container\">\n\t\t\t\t<div class=\"elementor-element elementor-element-ac6f93f elementor-widget elementor-widget-heading\" data-id=\"ac6f93f\" data-element_type=\"widget\" data-e-type=\"widget\" data-widget_type=\"heading.default\">\n\t\t\t\t<div class=\"elementor-widget-container\">\n\t\t\t\t\t<h2 class=\"elementor-heading-title elementor-size-default\">Myyntipisteet<\/h2>\t\t\t\t<\/div>\n\t\t\t\t<\/div>\n\t\t\t\t<\/div>\n\t\t\t\t\t<\/div>\n\t\t\t\t<\/div>\n\t\t<div data-particle_enable=\"false\" data-particle-mobile-disabled=\"false\" class=\"elementor-element elementor-element-7ce177d e-flex e-con-boxed e-con e-parent\" data-id=\"7ce177d\" data-element_type=\"container\" data-e-type=\"container\">\n\t\t\t\t\t<div class=\"e-con-inner\">\n\t\t<div data-particle_enable=\"false\" data-particle-mobile-disabled=\"false\" class=\"elementor-element elementor-element-4ac4ad3 e-con-full e-flex e-con e-child\" data-id=\"4ac4ad3\" data-element_type=\"container\" data-e-type=\"container\">\n\t\t\t\t<div class=\"elementor-element elementor-element-8bbee82 elementor-widget elementor-widget-text-editor\" data-id=\"8bbee82\" data-element_type=\"widget\" data-e-type=\"widget\" data-widget_type=\"text-editor.default\">\n\t\t\t\t<div class=\"elementor-widget-container\">\n\t\t\t\t\t\t\t\t\t<h3>SYKETT\u00c4-verkkokauppa<\/h3><p>Verkkokauppa\u00a0l\u00f6ytyy sek\u00e4 nettisivuilta ett\u00e4 mobiilisovelluksesta. Verkkokaupassa toimivat kaikkien kotimaisten pankkien verkkomaksupainikkeet.<\/p><p><strong>HUOM! Mik\u00e4li olet yliopiston henkil\u00f6kuntaa ja maksat tarran verkossa sek\u00e4 haluat kulkuoikeuden Auroran kuntosalille, ilmoitathan maksustasi joko meille (liikuntapaallikko<\/strong><strong>@isyy.fi) tai toimitilapalveluille (kjell.grinden@uef.fi), niin tied\u00e4mme avata sinulle kulkuoikeuden.<\/strong><\/p>\t\t\t\t\t\t\t\t<\/div>\n\t\t\t\t<\/div>\n\t\t\t\t<\/div>\n\t\t<div data-particle_enable=\"false\" data-particle-mobile-disabled=\"false\" class=\"elementor-element elementor-element-4039f0b e-con-full e-flex e-con e-child\" data-id=\"4039f0b\" data-element_type=\"container\" data-e-type=\"container\">\n\t\t\t\t<div class=\"elementor-element elementor-element-9e8bc92 elementor-widget__width-initial elementor-widget elementor-widget-text-editor\" data-id=\"9e8bc92\" data-element_type=\"widget\" data-e-type=\"widget\" data-widget_type=\"text-editor.default\">\n\t\t\t\t<div class=\"elementor-widget-container\">\n\t\t\t\t\t\t\t\t\t<h3>ISYYn toimisto<\/h3><p>It\u00e4-Suomen yliopiston ylioppilaskunta<br \/>Suvantokatu 6<br \/>80100 Joensuu<\/p><p>Aukiolot:<br \/>Ma, ti ja to klo 10\u201312 ja klo 13\u201315<br \/>Ke klo 12\u201316<br \/>Pe suljettu<\/p><p>Katso poikkeusaukioloajat\u00a0<a href=\"https:\/\/www.isyy.fi\/etusivu.html\" target=\"_blank\" rel=\"noopener noreferrer\">ISYYn nettisivuilta<\/a>.<\/p><h3>\u00a0<\/h3>\t\t\t\t\t\t\t\t<\/div>\n\t\t\t\t<\/div>\n\t\t\t\t<\/div>\n\t\t<div data-particle_enable=\"false\" data-particle-mobile-disabled=\"false\" class=\"elementor-element elementor-element-82819ed e-con-full e-flex e-con e-child\" data-id=\"82819ed\" data-element_type=\"container\" data-e-type=\"container\">\n\t\t\t\t<div class=\"elementor-element elementor-element-4266caf elementor-widget__width-initial elementor-widget elementor-widget-text-editor\" data-id=\"4266caf\" data-element_type=\"widget\" data-e-type=\"widget\" data-widget_type=\"text-editor.default\">\n\t\t\t\t<div class=\"elementor-widget-container\">\n\t\t\t\t\t\t\t\t\t<h3>POKAn toimisto, Tikkarinne-kampus<\/h3><p>Karelia-ammattikorkeakoulun opiskelijakunta POKA<br \/>Tikkarinne 9<br \/>80200 Joensuu<br \/>A-rakennus<\/p><p>Aukiolot:<br \/>Avoinna ajanvarauksella<\/p><p>Katso ty\u00f6ntekij\u00f6iden yhteystiedot <a href=\"https:\/\/pokapoka.fi\/toimistot-ja-mita-sielta-saa\/\" target=\"_blank\" rel=\"noopener\">POKAn nettisivuilta<\/a>.<\/p>\t\t\t\t\t\t\t\t<\/div>\n\t\t\t\t<\/div>\n\t\t\t\t<\/div>\n\t\t<div data-particle_enable=\"false\" data-particle-mobile-disabled=\"false\" class=\"elementor-element elementor-element-81e2724 e-con-full e-flex e-con e-child\" data-id=\"81e2724\" data-element_type=\"container\" data-e-type=\"container\">\n\t\t\t\t<div class=\"elementor-element elementor-element-84476d8 elementor-widget__width-initial elementor-widget elementor-widget-text-editor\" data-id=\"84476d8\" data-element_type=\"widget\" data-e-type=\"widget\" data-widget_type=\"text-editor.default\">\n\t\t\t\t<div class=\"elementor-widget-container\">\n\t\t\t\t\t\t\t\t\t<h3>POKAn toimisto, W\u00e4rtsil\u00e4-kampus<\/h3><p>Karelia-ammattikorkeakoulun opiskelijakunta POKA<br \/>Karjalankatu 3<br \/>80200 Joensuu<\/p><p>Aukiolot:<br \/>Avoinna ajanvarauksella<\/p><p>Katso ty\u00f6ntekij\u00f6iden yhteystiedot <a href=\"https:\/\/pokapoka.fi\/toimistot-ja-mita-sielta-saa\/\" target=\"_blank\" rel=\"noopener\">POKAn nettisivuilta<\/a>.<\/p>\t\t\t\t\t\t\t\t<\/div>\n\t\t\t\t<\/div>\n\t\t\t\t<\/div>\n\t\t\t\t\t<\/div>\n\t\t\t\t<\/div>\n\t\t\t\t<\/div>\n\t\t","protected":false},"excerpt":{"rendered":"<p>Ryhm\u00e4liikunta, palloilu &amp; kuntosali Olethan tarkka, ett\u00e4 maksat maksun suoraan oikeaan kaupunkiin. Maksajan itse aiheuttamasta virheellisest\u00e4 maksusta, joka palautetaan, v\u00e4hennet\u00e4\u00e4n 1 \u20ac transaktiokulujen kattamiseksi. 41 \u20ac \/lukukausi (sis. alv 14 %) Voimassa 1.1.2026-31.8.2026 71 \u20ac \/lukuvuosi (sis. alv 14 %) Voimassa 1.7.2025-31.8.2026 Sis\u00e4lt\u00e4\u00e4 seuraavat palvelut: Ohjatut ryhm\u00e4liikuntatunnit Avoimet ja ohjatut laji- ja palloiluvuorot Opiskelija- ja [&hellip;]<\/p>\n","protected":false},"author":3,"featured_media":0,"parent":3113,"menu_order":0,"comment_status":"closed","ping_status":"closed","template":"","meta":{"iawp_total_views":2906,"footnotes":""},"class_list":["post-3748","page","type-page","status-publish","hentry"],"yoast_head":"<!-- This site is optimized with the Yoast SEO plugin v27.3 - https:\/\/yoast.com\/product\/yoast-seo-wordpress\/ -->\n<title>Hinnat ja myyntipisteet - SYKETT\u00c4 Joensuu<\/title>\n<meta name=\"description\" content=\"Hinnat ryhm\u00e4liikuntaan ja palloiluun lukukauden ja lukuvuoden mukaan, sek\u00e4 tietoa maksutavoista ja myyntipisteist\u00e4.\" \/>\n<meta name=\"robots\" content=\"index, follow, max-snippet:-1, max-image-preview:large, max-video-preview:-1\" \/>\n<link rel=\"canonical\" href=\"https:\/\/xn--sykett-gua.fi\/joensuu\/info\/hinnat-ja-myyntipisteet\/\" \/>\n<meta property=\"og:locale\" content=\"fi_FI\" \/>\n<meta property=\"og:type\" content=\"article\" \/>\n<meta property=\"og:title\" content=\"Hinnat ja myyntipisteet - SYKETT\u00c4 Joensuu\" \/>\n<meta property=\"og:description\" content=\"Hinnat ryhm\u00e4liikuntaan ja palloiluun lukukauden ja lukuvuoden mukaan, sek\u00e4 tietoa maksutavoista ja myyntipisteist\u00e4.\" \/>\n<meta property=\"og:url\" content=\"https:\/\/xn--sykett-gua.fi\/joensuu\/info\/hinnat-ja-myyntipisteet\/\" \/>\n<meta property=\"og:site_name\" content=\"SYKETT\u00c4 Joensuu\" \/>\n<meta property=\"article:modified_time\" content=\"2025-12-16T10:04:35+00:00\" \/>\n<meta property=\"og:image\" content=\"https:\/\/xn--sykett-gua.fi\/joensuu\/wp-content\/uploads\/sites\/3\/2025\/06\/Ryhmaliikuntatarra-syksy-2025.png\" \/>\n\t<meta property=\"og:image:width\" content=\"734\" \/>\n\t<meta property=\"og:image:height\" content=\"734\" \/>\n\t<meta property=\"og:image:type\" content=\"image\/png\" \/>\n<meta name=\"twitter:card\" content=\"summary_large_image\" \/>\n<meta name=\"twitter:label1\" content=\"Arvioitu lukuaika\" \/>\n\t<meta name=\"twitter:data1\" content=\"3 minuuttia\" \/>\n<script type=\"application\/ld+json\" class=\"yoast-schema-graph\">{\"@context\":\"https:\\\/\\\/schema.org\",\"@graph\":[{\"@type\":\"WebPage\",\"@id\":\"https:\\\/\\\/xn--sykett-gua.fi\\\/joensuu\\\/info\\\/hinnat-ja-myyntipisteet\\\/\",\"url\":\"https:\\\/\\\/xn--sykett-gua.fi\\\/joensuu\\\/info\\\/hinnat-ja-myyntipisteet\\\/\",\"name\":\"Hinnat ja myyntipisteet - SYKETT\u00c4 Joensuu\",\"isPartOf\":{\"@id\":\"https:\\\/\\\/xn--sykett-gua.fi\\\/joensuu\\\/#website\"},\"primaryImageOfPage\":{\"@id\":\"https:\\\/\\\/xn--sykett-gua.fi\\\/joensuu\\\/info\\\/hinnat-ja-myyntipisteet\\\/#primaryimage\"},\"image\":{\"@id\":\"https:\\\/\\\/xn--sykett-gua.fi\\\/joensuu\\\/info\\\/hinnat-ja-myyntipisteet\\\/#primaryimage\"},\"thumbnailUrl\":\"https:\\\/\\\/xn--sykett-gua.fi\\\/joensuu\\\/wp-content\\\/uploads\\\/sites\\\/3\\\/2025\\\/06\\\/Ryhmaliikuntatarra-syksy-2025-300x300.png\",\"datePublished\":\"2024-09-30T07:41:30+00:00\",\"dateModified\":\"2025-12-16T10:04:35+00:00\",\"description\":\"Hinnat ryhm\u00e4liikuntaan ja palloiluun lukukauden ja lukuvuoden mukaan, sek\u00e4 tietoa maksutavoista ja myyntipisteist\u00e4.\",\"breadcrumb\":{\"@id\":\"https:\\\/\\\/xn--sykett-gua.fi\\\/joensuu\\\/info\\\/hinnat-ja-myyntipisteet\\\/#breadcrumb\"},\"inLanguage\":\"fi\",\"potentialAction\":[{\"@type\":\"ReadAction\",\"target\":[\"https:\\\/\\\/xn--sykett-gua.fi\\\/joensuu\\\/info\\\/hinnat-ja-myyntipisteet\\\/\"]}]},{\"@type\":\"ImageObject\",\"inLanguage\":\"fi\",\"@id\":\"https:\\\/\\\/xn--sykett-gua.fi\\\/joensuu\\\/info\\\/hinnat-ja-myyntipisteet\\\/#primaryimage\",\"url\":\"https:\\\/\\\/xn--sykett-gua.fi\\\/joensuu\\\/wp-content\\\/uploads\\\/sites\\\/3\\\/2025\\\/06\\\/Ryhmaliikuntatarra-syksy-2025.png\",\"contentUrl\":\"https:\\\/\\\/xn--sykett-gua.fi\\\/joensuu\\\/wp-content\\\/uploads\\\/sites\\\/3\\\/2025\\\/06\\\/Ryhmaliikuntatarra-syksy-2025.png\",\"width\":734,\"height\":734},{\"@type\":\"BreadcrumbList\",\"@id\":\"https:\\\/\\\/xn--sykett-gua.fi\\\/joensuu\\\/info\\\/hinnat-ja-myyntipisteet\\\/#breadcrumb\",\"itemListElement\":[{\"@type\":\"ListItem\",\"position\":1,\"name\":\"Etusivu\",\"item\":\"https:\\\/\\\/xn--sykett-gua.fi\\\/joensuu\\\/fi\\\/joensuu\\\/\"},{\"@type\":\"ListItem\",\"position\":2,\"name\":\"Info\",\"item\":\"https:\\\/\\\/xn--sykett-gua.fi\\\/joensuu\\\/info\\\/\"},{\"@type\":\"ListItem\",\"position\":3,\"name\":\"Hinnat ja myyntipisteet\"}]},{\"@type\":\"WebSite\",\"@id\":\"https:\\\/\\\/xn--sykett-gua.fi\\\/joensuu\\\/#website\",\"url\":\"https:\\\/\\\/xn--sykett-gua.fi\\\/joensuu\\\/\",\"name\":\"SYKETT\u00c4 Joensuu\",\"description\":\"\",\"publisher\":{\"@id\":\"https:\\\/\\\/xn--sykett-gua.fi\\\/joensuu\\\/#organization\"},\"potentialAction\":[{\"@type\":\"SearchAction\",\"target\":{\"@type\":\"EntryPoint\",\"urlTemplate\":\"https:\\\/\\\/xn--sykett-gua.fi\\\/joensuu\\\/?s={search_term_string}\"},\"query-input\":{\"@type\":\"PropertyValueSpecification\",\"valueRequired\":true,\"valueName\":\"search_term_string\"}}],\"inLanguage\":\"fi\"},{\"@type\":\"Organization\",\"@id\":\"https:\\\/\\\/xn--sykett-gua.fi\\\/joensuu\\\/#organization\",\"name\":\"SYKETT\u00c4 Joensuu\",\"url\":\"https:\\\/\\\/xn--sykett-gua.fi\\\/joensuu\\\/\",\"logo\":{\"@type\":\"ImageObject\",\"inLanguage\":\"fi\",\"@id\":\"https:\\\/\\\/xn--sykett-gua.fi\\\/joensuu\\\/#\\\/schema\\\/logo\\\/image\\\/\",\"url\":\"https:\\\/\\\/xn--sykett-gua.fi\\\/joensuu\\\/wp-content\\\/uploads\\\/sites\\\/3\\\/2024\\\/06\\\/Asset-2@2x-2.png\",\"contentUrl\":\"https:\\\/\\\/xn--sykett-gua.fi\\\/joensuu\\\/wp-content\\\/uploads\\\/sites\\\/3\\\/2024\\\/06\\\/Asset-2@2x-2.png\",\"width\":1003,\"height\":373,\"caption\":\"SYKETT\u00c4 Joensuu\"},\"image\":{\"@id\":\"https:\\\/\\\/xn--sykett-gua.fi\\\/joensuu\\\/#\\\/schema\\\/logo\\\/image\\\/\"}}]}<\/script>\n<!-- \/ Yoast SEO plugin. -->","yoast_head_json":{"title":"Hinnat ja myyntipisteet - SYKETT\u00c4 Joensuu","description":"Hinnat ryhm\u00e4liikuntaan ja palloiluun lukukauden ja lukuvuoden mukaan, sek\u00e4 tietoa maksutavoista ja myyntipisteist\u00e4.","robots":{"index":"index","follow":"follow","max-snippet":"max-snippet:-1","max-image-preview":"max-image-preview:large","max-video-preview":"max-video-preview:-1"},"canonical":"https:\/\/xn--sykett-gua.fi\/joensuu\/info\/hinnat-ja-myyntipisteet\/","og_locale":"fi_FI","og_type":"article","og_title":"Hinnat ja myyntipisteet - SYKETT\u00c4 Joensuu","og_description":"Hinnat ryhm\u00e4liikuntaan ja palloiluun lukukauden ja lukuvuoden mukaan, sek\u00e4 tietoa maksutavoista ja myyntipisteist\u00e4.","og_url":"https:\/\/xn--sykett-gua.fi\/joensuu\/info\/hinnat-ja-myyntipisteet\/","og_site_name":"SYKETT\u00c4 Joensuu","article_modified_time":"2025-12-16T10:04:35+00:00","og_image":[{"width":734,"height":734,"url":"https:\/\/xn--sykett-gua.fi\/joensuu\/wp-content\/uploads\/sites\/3\/2025\/06\/Ryhmaliikuntatarra-syksy-2025.png","type":"image\/png"}],"twitter_card":"summary_large_image","twitter_misc":{"Arvioitu lukuaika":"3 minuuttia"},"schema":{"@context":"https:\/\/schema.org","@graph":[{"@type":"WebPage","@id":"https:\/\/xn--sykett-gua.fi\/joensuu\/info\/hinnat-ja-myyntipisteet\/","url":"https:\/\/xn--sykett-gua.fi\/joensuu\/info\/hinnat-ja-myyntipisteet\/","name":"Hinnat ja myyntipisteet - SYKETT\u00c4 Joensuu","isPartOf":{"@id":"https:\/\/xn--sykett-gua.fi\/joensuu\/#website"},"primaryImageOfPage":{"@id":"https:\/\/xn--sykett-gua.fi\/joensuu\/info\/hinnat-ja-myyntipisteet\/#primaryimage"},"image":{"@id":"https:\/\/xn--sykett-gua.fi\/joensuu\/info\/hinnat-ja-myyntipisteet\/#primaryimage"},"thumbnailUrl":"https:\/\/xn--sykett-gua.fi\/joensuu\/wp-content\/uploads\/sites\/3\/2025\/06\/Ryhmaliikuntatarra-syksy-2025-300x300.png","datePublished":"2024-09-30T07:41:30+00:00","dateModified":"2025-12-16T10:04:35+00:00","description":"Hinnat ryhm\u00e4liikuntaan ja palloiluun lukukauden ja lukuvuoden mukaan, sek\u00e4 tietoa maksutavoista ja myyntipisteist\u00e4.","breadcrumb":{"@id":"https:\/\/xn--sykett-gua.fi\/joensuu\/info\/hinnat-ja-myyntipisteet\/#breadcrumb"},"inLanguage":"fi","potentialAction":[{"@type":"ReadAction","target":["https:\/\/xn--sykett-gua.fi\/joensuu\/info\/hinnat-ja-myyntipisteet\/"]}]},{"@type":"ImageObject","inLanguage":"fi","@id":"https:\/\/xn--sykett-gua.fi\/joensuu\/info\/hinnat-ja-myyntipisteet\/#primaryimage","url":"https:\/\/xn--sykett-gua.fi\/joensuu\/wp-content\/uploads\/sites\/3\/2025\/06\/Ryhmaliikuntatarra-syksy-2025.png","contentUrl":"https:\/\/xn--sykett-gua.fi\/joensuu\/wp-content\/uploads\/sites\/3\/2025\/06\/Ryhmaliikuntatarra-syksy-2025.png","width":734,"height":734},{"@type":"BreadcrumbList","@id":"https:\/\/xn--sykett-gua.fi\/joensuu\/info\/hinnat-ja-myyntipisteet\/#breadcrumb","itemListElement":[{"@type":"ListItem","position":1,"name":"Etusivu","item":"https:\/\/xn--sykett-gua.fi\/joensuu\/fi\/joensuu\/"},{"@type":"ListItem","position":2,"name":"Info","item":"https:\/\/xn--sykett-gua.fi\/joensuu\/info\/"},{"@type":"ListItem","position":3,"name":"Hinnat ja myyntipisteet"}]},{"@type":"WebSite","@id":"https:\/\/xn--sykett-gua.fi\/joensuu\/#website","url":"https:\/\/xn--sykett-gua.fi\/joensuu\/","name":"SYKETT\u00c4 Joensuu","description":"","publisher":{"@id":"https:\/\/xn--sykett-gua.fi\/joensuu\/#organization"},"potentialAction":[{"@type":"SearchAction","target":{"@type":"EntryPoint","urlTemplate":"https:\/\/xn--sykett-gua.fi\/joensuu\/?s={search_term_string}"},"query-input":{"@type":"PropertyValueSpecification","valueRequired":true,"valueName":"search_term_string"}}],"inLanguage":"fi"},{"@type":"Organization","@id":"https:\/\/xn--sykett-gua.fi\/joensuu\/#organization","name":"SYKETT\u00c4 Joensuu","url":"https:\/\/xn--sykett-gua.fi\/joensuu\/","logo":{"@type":"ImageObject","inLanguage":"fi","@id":"https:\/\/xn--sykett-gua.fi\/joensuu\/#\/schema\/logo\/image\/","url":"https:\/\/xn--sykett-gua.fi\/joensuu\/wp-content\/uploads\/sites\/3\/2024\/06\/Asset-2@2x-2.png","contentUrl":"https:\/\/xn--sykett-gua.fi\/joensuu\/wp-content\/uploads\/sites\/3\/2024\/06\/Asset-2@2x-2.png","width":1003,"height":373,"caption":"SYKETT\u00c4 Joensuu"},"image":{"@id":"https:\/\/xn--sykett-gua.fi\/joensuu\/#\/schema\/logo\/image\/"}}]}},"_links":{"self":[{"href":"https:\/\/xn--sykett-gua.fi\/joensuu\/wp-json\/wp\/v2\/pages\/3748","targetHints":{"allow":["GET"]}}],"collection":[{"href":"https:\/\/xn--sykett-gua.fi\/joensuu\/wp-json\/wp\/v2\/pages"}],"about":[{"href":"https:\/\/xn--sykett-gua.fi\/joensuu\/wp-json\/wp\/v2\/types\/page"}],"author":[{"embeddable":true,"href":"https:\/\/xn--sykett-gua.fi\/joensuu\/wp-json\/wp\/v2\/users\/3"}],"replies":[{"embeddable":true,"href":"https:\/\/xn--sykett-gua.fi\/joensuu\/wp-json\/wp\/v2\/comments?post=3748"}],"version-history":[{"count":76,"href":"https:\/\/xn--sykett-gua.fi\/joensuu\/wp-json\/wp\/v2\/pages\/3748\/revisions"}],"predecessor-version":[{"id":9729,"href":"https:\/\/xn--sykett-gua.fi\/joensuu\/wp-json\/wp\/v2\/pages\/3748\/revisions\/9729"}],"up":[{"embeddable":true,"href":"https:\/\/xn--sykett-gua.fi\/joensuu\/wp-json\/wp\/v2\/pages\/3113"}],"wp:attachment":[{"href":"https:\/\/xn--sykett-gua.fi\/joensuu\/wp-json\/wp\/v2\/media?parent=3748"}],"curies":[{"name":"wp","href":"https:\/\/api.w.org\/{rel}","templated":true}]}}