{"id":3771,"date":"2024-09-30T11:05:14","date_gmt":"2024-09-30T08:05:14","guid":{"rendered":"https:\/\/xn--sykett-gua.fi\/joensuu\/?page_id=3771"},"modified":"2025-08-19T09:50:55","modified_gmt":"2025-08-19T06:50:55","slug":"syketta-mobiilisovellus","status":"publish","type":"page","link":"https:\/\/xn--sykett-gua.fi\/joensuu\/info\/syketta-mobiilisovellus\/","title":{"rendered":"SYKETT\u00c4-mobiilisovellus"},"content":{"rendered":"\t\t<div data-elementor-type=\"wp-page\" data-elementor-id=\"3771\" class=\"elementor elementor-3771\" data-elementor-post-type=\"page\">\n\t\t\t\t<div data-particle_enable=\"false\" data-particle-mobile-disabled=\"false\" class=\"elementor-element elementor-element-de1d3cb e-flex e-con-boxed e-con e-parent\" data-id=\"de1d3cb\" data-element_type=\"container\" data-e-type=\"container\">\n\t\t\t\t\t<div class=\"e-con-inner\">\n\t\t<div data-particle_enable=\"false\" data-particle-mobile-disabled=\"false\" class=\"elementor-element elementor-element-72c8679 e-con-full e-flex e-con e-child\" data-id=\"72c8679\" data-element_type=\"container\" data-e-type=\"container\">\n\t\t\t\t<div class=\"elementor-element elementor-element-aa0fb8b elementor-widget__width-initial elementor-widget elementor-widget-text-editor\" data-id=\"aa0fb8b\" data-element_type=\"widget\" data-e-type=\"widget\" data-widget_type=\"text-editor.default\">\n\t\t\t\t<div class=\"elementor-widget-container\">\n\t\t\t\t\t\t\t\t\t<h2>Miksi mobiilisovellus?<\/h2>\n<p>SYKETT\u00c4-mobiilisovellus tekee ilmoittautumisesta ja ilmoittautumisten hallinnasta helppoa ja nopeaa. Sovelluksessa on mobiilitarra, jota voit k\u00e4ytt\u00e4\u00e4 korttiin liimattavan tarran sijasta tai rinnalla.<\/p>\n<p>Mobiilisovelluksen avulla SYKETT\u00c4-j\u00e4senyyden ostaminen on helppoa, kun tarraa ei en\u00e4\u00e4 v\u00e4ltt\u00e4m\u00e4tt\u00e4 tarvitse hakea toimipisteest\u00e4. Sovellus on saatavana <a href=\"https:\/\/play.google.com\/store\/apps\/details?id=com.savonia.syketta_app&amp;pcampaignid=web_share\" target=\"_blank\" rel=\"noopener noreferrer\">Google Play-kaupasta<\/a>&nbsp;Android-laitteille ja&nbsp;<a href=\"https:\/\/apps.apple.com\/fi\/app\/syketta\/id6740701299?l=fi\" target=\"_blank\" rel=\"noopener noreferrer\">App Storesta<\/a> iOS-laitteille. Sovellus on ilmainen ja l\u00f6ytyy nimell\u00e4 Sykett\u00e4.<\/p>\n<p>HUOM! Muista valita kaupungiksi Joensuu kun rekister\u00f6idyt ja kirjaudut.<\/p>\t\t\t\t\t\t\t\t<\/div>\n\t\t\t\t<\/div>\n\t\t\t\t<\/div>\n\t\t<div data-particle_enable=\"false\" data-particle-mobile-disabled=\"false\" class=\"elementor-element elementor-element-9ffd675 e-con-full e-flex e-con e-child\" data-id=\"9ffd675\" data-element_type=\"container\" data-e-type=\"container\">\n\t\t\t\t<div class=\"elementor-element elementor-element-cbf6491 elementor-widget elementor-widget-image\" data-id=\"cbf6491\" data-element_type=\"widget\" data-e-type=\"widget\" data-widget_type=\"image.default\">\n\t\t\t\t<div class=\"elementor-widget-container\">\n\t\t\t\t\t\t\t\t\t\t\t\t\t\t\t<img fetchpriority=\"high\" decoding=\"async\" width=\"800\" height=\"534\" src=\"https:\/\/xn--sykett-gua.fi\/joensuu\/wp-content\/uploads\/sites\/3\/2025\/02\/mockupsivuillesovelluspieni-1024x684.jpg\" class=\"attachment-large size-large wp-image-6183\" alt=\"Ihmisell\u00e4 k\u00e4dess\u00e4 puhelin, jossa SYKETT\u00c4-mobiilisovellus\" srcset=\"https:\/\/xn--sykett-gua.fi\/joensuu\/wp-content\/uploads\/sites\/3\/2025\/02\/mockupsivuillesovelluspieni-1024x684.jpg 1024w, https:\/\/xn--sykett-gua.fi\/joensuu\/wp-content\/uploads\/sites\/3\/2025\/02\/mockupsivuillesovelluspieni-300x200.jpg 300w, https:\/\/xn--sykett-gua.fi\/joensuu\/wp-content\/uploads\/sites\/3\/2025\/02\/mockupsivuillesovelluspieni-768x513.jpg 768w, https:\/\/xn--sykett-gua.fi\/joensuu\/wp-content\/uploads\/sites\/3\/2025\/02\/mockupsivuillesovelluspieni.jpg 1504w\" sizes=\"(max-width: 800px) 100vw, 800px\" \/>\t\t\t\t\t\t\t\t\t\t\t\t\t\t\t<\/div>\n\t\t\t\t<\/div>\n\t\t\t\t<\/div>\n\t\t\t\t\t<\/div>\n\t\t\t\t<\/div>\n\t\t<div data-particle_enable=\"false\" data-particle-mobile-disabled=\"false\" class=\"elementor-element elementor-element-bd2986a e-flex e-con-boxed e-con e-parent\" data-id=\"bd2986a\" data-element_type=\"container\" data-e-type=\"container\">\n\t\t\t\t\t<div class=\"e-con-inner\">\n\t\t<div data-particle_enable=\"false\" data-particle-mobile-disabled=\"false\" class=\"elementor-element elementor-element-09ca40f e-con-full e-flex e-con e-child\" data-id=\"09ca40f\" data-element_type=\"container\" data-e-type=\"container\">\n\t\t\t\t<div class=\"elementor-element elementor-element-5cfb526 elementor-widget__width-initial elementor-widget elementor-widget-text-editor\" data-id=\"5cfb526\" data-element_type=\"widget\" data-e-type=\"widget\" data-widget_type=\"text-editor.default\">\n\t\t\t\t<div class=\"elementor-widget-container\">\n\t\t\t\t\t\t\t\t\t<h2>Sovelluksen ominaisuudet<\/h2><h3>1 \u2013 Liikuntakalenteri<\/h3><p>Kalenterin selaus toimii intuitiivisesti vieritt\u00e4m\u00e4ll\u00e4 ruutua alas, yl\u00f6s ja sivuille. Kokeile my\u00f6s suodattimia, joilla voit etsi\u00e4 vain tietyn tyyppisi\u00e4 liikuntatapahtumia!<\/p><h3>2 \u2013 Oma kalenteri<\/h3><p><strong>Omat ilmoittautumiset<\/strong><\/p><p>Tsekkaa nopeasti mihin liikuntatapahtumiin olet ilmoittautunut. Peruminen tapahtuu my\u00f6s vikkel\u00e4sti oman kalenterin kautta, jos et ehdik\u00e4\u00e4n mukaan. Liikuntatapahtumiin ilmoittautuneille sovellus l\u00e4hett\u00e4\u00e4 muistutusviestin viisi tuntia ennen tapahtuman alkamisaikaa.\u00a0<\/p><p><strong>Jonossa<\/strong><\/p><p><em>Uutta SYKETT\u00c4-sovelluksessa!<\/em> T\u00e4\u00e4lt\u00e4 n\u00e4et tapahtumat, joihin olet jonotuspaikalla. Jos ehdit saada paikan, saat siit\u00e4 ilmoituksen puhelimeesi (muista laittaa push-ilmoitukset p\u00e4\u00e4lle!) sek\u00e4 s\u00e4hk\u00f6postitse, jonka j\u00e4lkeen tapahtuma siirtyy Omiin ilmoittautumisiin.<\/p><p><strong>Historia<\/strong><\/p><p>T\u00e4\u00e4lt\u00e4 n\u00e4et kaikki liikuntatapahtumat, joihin olet osallistunut aiemmin.<\/p><h3>3 \u2013 Oma tarra<\/h3><p>Alareunan keskimm\u00e4ist\u00e4 symbolia painamalla saat esiin mobiilitarrasi. Mobiilitarran voit n\u00e4ytt\u00e4\u00e4 aina, kun sinulta pyydet\u00e4\u00e4n SYKETT\u00c4-tarran esitt\u00e4mist\u00e4. Mobiilitarrassa n\u00e4kyy s\u00e4hk\u00f6postiosoitteesi, liikuntatarra ja sen voimassaoloaika. Nopeiten voimassaolon voi tarkistaa sykkiv\u00e4st\u00e4 SYKETT\u00c4-logosta. Logoa ei n\u00e4y, jos tarra ei ole voimassa.<\/p><p>Oman tarran alta l\u00f6ytyy painikkeet itseilmoittautumiseen tuntikohtaisella QR-koodilla tai nelimerkkisell\u00e4 koodilla. Tunnin ohjaaja kertoo mit\u00e4 tapaa ilmoittautumiseen k\u00e4ytet\u00e4\u00e4n.\u00a0<\/p><p>Olethan varautunut todistamaan henkil\u00f6llisyytesi sit\u00e4 pyydett\u00e4ess\u00e4 esimerkiksi kuvallista opiskelijakorttia tai muuta henkil\u00f6llisyystodistusta n\u00e4ytt\u00e4m\u00e4ll\u00e4.<\/p><h3>4 \u2013 Info<\/h3><p>Info-osiosta l\u00f6yd\u00e4t listauksen liikuntapaikoista, tuntikuvaukset sek\u00e4 linkin ty\u00f6ntekij\u00f6iden yhteystietoihin.<\/p><h3>5 \u2013 Lis\u00e4\u00e4<\/h3><p>Viimeisen kuvakkeen takaa l\u00f6yd\u00e4t oman profiilin, SYKETT\u00c4-kaupan, asetukset sek\u00e4 uloskirjautumisen.<\/p>\t\t\t\t\t\t\t\t<\/div>\n\t\t\t\t<\/div>\n\t\t\t\t<\/div>\n\t\t<div data-particle_enable=\"false\" data-particle-mobile-disabled=\"false\" class=\"elementor-element elementor-element-e5f5630 e-con-full e-flex e-con e-child\" data-id=\"e5f5630\" data-element_type=\"container\" data-e-type=\"container\">\n\t\t\t\t<div class=\"elementor-element elementor-element-4be79d7 elementor-widget__width-initial elementor-widget elementor-widget-text-editor\" data-id=\"4be79d7\" data-element_type=\"widget\" data-e-type=\"widget\" data-widget_type=\"text-editor.default\">\n\t\t\t\t<div class=\"elementor-widget-container\">\n\t\t\t\t\t\t\t\t\t<h2>Usein kysytyt kysymykset<\/h2>\n<h3>Miksi en p\u00e4\u00e4se kirjautumaan sovellukseen?<\/h3>\n<p>\u2013 Tunnus v\u00e4\u00e4rin \u2192 tarkista, ett\u00e4 kirjoitit tunnuksesi oikein,&nbsp;opiskelijoilla loppuosa joko @student.uef.fi, @uef.fi tai @edu.karelia.fi<br>\u2013 Unohtunut salasana&nbsp; \u2192 k\u00e4yt\u00e4 salasanan vaihtolinkki\u00e4<br>\u2013 P\u00e4ivittyneet k\u00e4ytt\u00f6ehdot \u2192 k\u00e4yt\u00e4v\u00e4 hyv\u00e4ksym\u00e4ss\u00e4 nettisivuille kirjautumalla<\/p>\n<h3>Salasanan palautus ei onnistu<\/h3>\n<p>\u2013 Ilmoittamasi s\u00e4hk\u00f6postiosoite ei ole toiminnassa<br>\u2013 S\u00e4hk\u00f6postiosoitteesi loppuosa on v\u00e4\u00e4rin, opiskelijoilla sen tulee olla joko @student.uef.fi, @uef.fi tai @edu.karelia.fi<br>\u2013 Ota yhteytt\u00e4 osoitteeseen vapaa-aika@isyy.fi<\/p>\t\t\t\t\t\t\t\t<\/div>\n\t\t\t\t<\/div>\n\t\t\t\t<\/div>\n\t\t\t\t\t<\/div>\n\t\t\t\t<\/div>\n\t\t\t\t<\/div>\n\t\t","protected":false},"excerpt":{"rendered":"<p>Miksi mobiilisovellus? SYKETT\u00c4-mobiilisovellus tekee ilmoittautumisesta ja ilmoittautumisten hallinnasta helppoa ja nopeaa. Sovelluksessa on mobiilitarra, jota voit k\u00e4ytt\u00e4\u00e4 korttiin liimattavan tarran sijasta tai rinnalla. Mobiilisovelluksen avulla SYKETT\u00c4-j\u00e4senyyden ostaminen on helppoa, kun tarraa ei en\u00e4\u00e4 v\u00e4ltt\u00e4m\u00e4tt\u00e4 tarvitse hakea toimipisteest\u00e4. Sovellus on saatavana Google Play-kaupasta&nbsp;Android-laitteille ja&nbsp;App Storesta iOS-laitteille. Sovellus on ilmainen ja l\u00f6ytyy nimell\u00e4 Sykett\u00e4. HUOM! Muista valita [&hellip;]<\/p>\n","protected":false},"author":3,"featured_media":0,"parent":3113,"menu_order":0,"comment_status":"closed","ping_status":"closed","template":"","meta":{"iawp_total_views":657,"footnotes":""},"class_list":["post-3771","page","type-page","status-publish","hentry"],"yoast_head":"<!-- This site is optimized with the Yoast SEO plugin v27.3 - https:\/\/yoast.com\/product\/yoast-seo-wordpress\/ -->\n<title>SYKETT\u00c4-mobiilisovellus - SYKETT\u00c4 Joensuu<\/title>\n<meta name=\"description\" content=\"Mobiilisovellus on t\u00e4t\u00e4 p\u00e4iv\u00e4\u00e4! Mobiilisovellus tekee ilmoittautumisesta ja ilmoittautumisten hallinnasta helppoa ja nopeaa.\" \/>\n<meta name=\"robots\" content=\"index, follow, max-snippet:-1, max-image-preview:large, max-video-preview:-1\" \/>\n<link rel=\"canonical\" href=\"https:\/\/xn--sykett-gua.fi\/joensuu\/info\/syketta-mobiilisovellus\/\" \/>\n<meta property=\"og:locale\" content=\"fi_FI\" \/>\n<meta property=\"og:type\" content=\"article\" \/>\n<meta property=\"og:title\" content=\"SYKETT\u00c4-mobiilisovellus - SYKETT\u00c4 Joensuu\" \/>\n<meta property=\"og:description\" content=\"Mobiilisovellus on t\u00e4t\u00e4 p\u00e4iv\u00e4\u00e4! Mobiilisovellus tekee ilmoittautumisesta ja ilmoittautumisten hallinnasta helppoa ja nopeaa.\" \/>\n<meta property=\"og:url\" content=\"https:\/\/xn--sykett-gua.fi\/joensuu\/info\/syketta-mobiilisovellus\/\" \/>\n<meta property=\"og:site_name\" content=\"SYKETT\u00c4 Joensuu\" \/>\n<meta property=\"article:modified_time\" content=\"2025-08-19T06:50:55+00:00\" \/>\n<meta property=\"og:image\" content=\"https:\/\/xn--sykett-gua.fi\/joensuu\/wp-content\/uploads\/sites\/3\/2025\/02\/mockupsivuillesovelluspieni.jpg\" \/>\n\t<meta property=\"og:image:width\" content=\"1504\" \/>\n\t<meta property=\"og:image:height\" content=\"1004\" \/>\n\t<meta property=\"og:image:type\" content=\"image\/jpeg\" \/>\n<meta name=\"twitter:card\" content=\"summary_large_image\" \/>\n<meta name=\"twitter:label1\" content=\"Arvioitu lukuaika\" \/>\n\t<meta name=\"twitter:data1\" content=\"3 minuuttia\" \/>\n<script type=\"application\/ld+json\" class=\"yoast-schema-graph\">{\"@context\":\"https:\\\/\\\/schema.org\",\"@graph\":[{\"@type\":\"WebPage\",\"@id\":\"https:\\\/\\\/xn--sykett-gua.fi\\\/joensuu\\\/info\\\/syketta-mobiilisovellus\\\/\",\"url\":\"https:\\\/\\\/xn--sykett-gua.fi\\\/joensuu\\\/info\\\/syketta-mobiilisovellus\\\/\",\"name\":\"SYKETT\u00c4-mobiilisovellus - SYKETT\u00c4 Joensuu\",\"isPartOf\":{\"@id\":\"https:\\\/\\\/xn--sykett-gua.fi\\\/joensuu\\\/#website\"},\"primaryImageOfPage\":{\"@id\":\"https:\\\/\\\/xn--sykett-gua.fi\\\/joensuu\\\/info\\\/syketta-mobiilisovellus\\\/#primaryimage\"},\"image\":{\"@id\":\"https:\\\/\\\/xn--sykett-gua.fi\\\/joensuu\\\/info\\\/syketta-mobiilisovellus\\\/#primaryimage\"},\"thumbnailUrl\":\"https:\\\/\\\/xn--sykett-gua.fi\\\/joensuu\\\/wp-content\\\/uploads\\\/sites\\\/3\\\/2025\\\/02\\\/mockupsivuillesovelluspieni-1024x684.jpg\",\"datePublished\":\"2024-09-30T08:05:14+00:00\",\"dateModified\":\"2025-08-19T06:50:55+00:00\",\"description\":\"Mobiilisovellus on t\u00e4t\u00e4 p\u00e4iv\u00e4\u00e4! Mobiilisovellus tekee ilmoittautumisesta ja ilmoittautumisten hallinnasta helppoa ja nopeaa.\",\"breadcrumb\":{\"@id\":\"https:\\\/\\\/xn--sykett-gua.fi\\\/joensuu\\\/info\\\/syketta-mobiilisovellus\\\/#breadcrumb\"},\"inLanguage\":\"fi\",\"potentialAction\":[{\"@type\":\"ReadAction\",\"target\":[\"https:\\\/\\\/xn--sykett-gua.fi\\\/joensuu\\\/info\\\/syketta-mobiilisovellus\\\/\"]}]},{\"@type\":\"ImageObject\",\"inLanguage\":\"fi\",\"@id\":\"https:\\\/\\\/xn--sykett-gua.fi\\\/joensuu\\\/info\\\/syketta-mobiilisovellus\\\/#primaryimage\",\"url\":\"https:\\\/\\\/xn--sykett-gua.fi\\\/joensuu\\\/wp-content\\\/uploads\\\/sites\\\/3\\\/2025\\\/02\\\/mockupsivuillesovelluspieni.jpg\",\"contentUrl\":\"https:\\\/\\\/xn--sykett-gua.fi\\\/joensuu\\\/wp-content\\\/uploads\\\/sites\\\/3\\\/2025\\\/02\\\/mockupsivuillesovelluspieni.jpg\",\"width\":1504,\"height\":1004,\"caption\":\"Ihmisell\u00e4 k\u00e4dess\u00e4 puhelin, jossa SYKETT\u00c4-mobiilisovellus\"},{\"@type\":\"BreadcrumbList\",\"@id\":\"https:\\\/\\\/xn--sykett-gua.fi\\\/joensuu\\\/info\\\/syketta-mobiilisovellus\\\/#breadcrumb\",\"itemListElement\":[{\"@type\":\"ListItem\",\"position\":1,\"name\":\"Etusivu\",\"item\":\"https:\\\/\\\/xn--sykett-gua.fi\\\/joensuu\\\/fi\\\/joensuu\\\/\"},{\"@type\":\"ListItem\",\"position\":2,\"name\":\"Info\",\"item\":\"https:\\\/\\\/xn--sykett-gua.fi\\\/joensuu\\\/info\\\/\"},{\"@type\":\"ListItem\",\"position\":3,\"name\":\"SYKETT\u00c4-mobiilisovellus\"}]},{\"@type\":\"WebSite\",\"@id\":\"https:\\\/\\\/xn--sykett-gua.fi\\\/joensuu\\\/#website\",\"url\":\"https:\\\/\\\/xn--sykett-gua.fi\\\/joensuu\\\/\",\"name\":\"SYKETT\u00c4 Joensuu\",\"description\":\"\",\"publisher\":{\"@id\":\"https:\\\/\\\/xn--sykett-gua.fi\\\/joensuu\\\/#organization\"},\"potentialAction\":[{\"@type\":\"SearchAction\",\"target\":{\"@type\":\"EntryPoint\",\"urlTemplate\":\"https:\\\/\\\/xn--sykett-gua.fi\\\/joensuu\\\/?s={search_term_string}\"},\"query-input\":{\"@type\":\"PropertyValueSpecification\",\"valueRequired\":true,\"valueName\":\"search_term_string\"}}],\"inLanguage\":\"fi\"},{\"@type\":\"Organization\",\"@id\":\"https:\\\/\\\/xn--sykett-gua.fi\\\/joensuu\\\/#organization\",\"name\":\"SYKETT\u00c4 Joensuu\",\"url\":\"https:\\\/\\\/xn--sykett-gua.fi\\\/joensuu\\\/\",\"logo\":{\"@type\":\"ImageObject\",\"inLanguage\":\"fi\",\"@id\":\"https:\\\/\\\/xn--sykett-gua.fi\\\/joensuu\\\/#\\\/schema\\\/logo\\\/image\\\/\",\"url\":\"https:\\\/\\\/xn--sykett-gua.fi\\\/joensuu\\\/wp-content\\\/uploads\\\/sites\\\/3\\\/2024\\\/06\\\/Asset-2@2x-2.png\",\"contentUrl\":\"https:\\\/\\\/xn--sykett-gua.fi\\\/joensuu\\\/wp-content\\\/uploads\\\/sites\\\/3\\\/2024\\\/06\\\/Asset-2@2x-2.png\",\"width\":1003,\"height\":373,\"caption\":\"SYKETT\u00c4 Joensuu\"},\"image\":{\"@id\":\"https:\\\/\\\/xn--sykett-gua.fi\\\/joensuu\\\/#\\\/schema\\\/logo\\\/image\\\/\"}}]}<\/script>\n<!-- \/ Yoast SEO plugin. -->","yoast_head_json":{"title":"SYKETT\u00c4-mobiilisovellus - SYKETT\u00c4 Joensuu","description":"Mobiilisovellus on t\u00e4t\u00e4 p\u00e4iv\u00e4\u00e4! Mobiilisovellus tekee ilmoittautumisesta ja ilmoittautumisten hallinnasta helppoa ja nopeaa.","robots":{"index":"index","follow":"follow","max-snippet":"max-snippet:-1","max-image-preview":"max-image-preview:large","max-video-preview":"max-video-preview:-1"},"canonical":"https:\/\/xn--sykett-gua.fi\/joensuu\/info\/syketta-mobiilisovellus\/","og_locale":"fi_FI","og_type":"article","og_title":"SYKETT\u00c4-mobiilisovellus - SYKETT\u00c4 Joensuu","og_description":"Mobiilisovellus on t\u00e4t\u00e4 p\u00e4iv\u00e4\u00e4! Mobiilisovellus tekee ilmoittautumisesta ja ilmoittautumisten hallinnasta helppoa ja nopeaa.","og_url":"https:\/\/xn--sykett-gua.fi\/joensuu\/info\/syketta-mobiilisovellus\/","og_site_name":"SYKETT\u00c4 Joensuu","article_modified_time":"2025-08-19T06:50:55+00:00","og_image":[{"width":1504,"height":1004,"url":"https:\/\/xn--sykett-gua.fi\/joensuu\/wp-content\/uploads\/sites\/3\/2025\/02\/mockupsivuillesovelluspieni.jpg","type":"image\/jpeg"}],"twitter_card":"summary_large_image","twitter_misc":{"Arvioitu lukuaika":"3 minuuttia"},"schema":{"@context":"https:\/\/schema.org","@graph":[{"@type":"WebPage","@id":"https:\/\/xn--sykett-gua.fi\/joensuu\/info\/syketta-mobiilisovellus\/","url":"https:\/\/xn--sykett-gua.fi\/joensuu\/info\/syketta-mobiilisovellus\/","name":"SYKETT\u00c4-mobiilisovellus - SYKETT\u00c4 Joensuu","isPartOf":{"@id":"https:\/\/xn--sykett-gua.fi\/joensuu\/#website"},"primaryImageOfPage":{"@id":"https:\/\/xn--sykett-gua.fi\/joensuu\/info\/syketta-mobiilisovellus\/#primaryimage"},"image":{"@id":"https:\/\/xn--sykett-gua.fi\/joensuu\/info\/syketta-mobiilisovellus\/#primaryimage"},"thumbnailUrl":"https:\/\/xn--sykett-gua.fi\/joensuu\/wp-content\/uploads\/sites\/3\/2025\/02\/mockupsivuillesovelluspieni-1024x684.jpg","datePublished":"2024-09-30T08:05:14+00:00","dateModified":"2025-08-19T06:50:55+00:00","description":"Mobiilisovellus on t\u00e4t\u00e4 p\u00e4iv\u00e4\u00e4! Mobiilisovellus tekee ilmoittautumisesta ja ilmoittautumisten hallinnasta helppoa ja nopeaa.","breadcrumb":{"@id":"https:\/\/xn--sykett-gua.fi\/joensuu\/info\/syketta-mobiilisovellus\/#breadcrumb"},"inLanguage":"fi","potentialAction":[{"@type":"ReadAction","target":["https:\/\/xn--sykett-gua.fi\/joensuu\/info\/syketta-mobiilisovellus\/"]}]},{"@type":"ImageObject","inLanguage":"fi","@id":"https:\/\/xn--sykett-gua.fi\/joensuu\/info\/syketta-mobiilisovellus\/#primaryimage","url":"https:\/\/xn--sykett-gua.fi\/joensuu\/wp-content\/uploads\/sites\/3\/2025\/02\/mockupsivuillesovelluspieni.jpg","contentUrl":"https:\/\/xn--sykett-gua.fi\/joensuu\/wp-content\/uploads\/sites\/3\/2025\/02\/mockupsivuillesovelluspieni.jpg","width":1504,"height":1004,"caption":"Ihmisell\u00e4 k\u00e4dess\u00e4 puhelin, jossa SYKETT\u00c4-mobiilisovellus"},{"@type":"BreadcrumbList","@id":"https:\/\/xn--sykett-gua.fi\/joensuu\/info\/syketta-mobiilisovellus\/#breadcrumb","itemListElement":[{"@type":"ListItem","position":1,"name":"Etusivu","item":"https:\/\/xn--sykett-gua.fi\/joensuu\/fi\/joensuu\/"},{"@type":"ListItem","position":2,"name":"Info","item":"https:\/\/xn--sykett-gua.fi\/joensuu\/info\/"},{"@type":"ListItem","position":3,"name":"SYKETT\u00c4-mobiilisovellus"}]},{"@type":"WebSite","@id":"https:\/\/xn--sykett-gua.fi\/joensuu\/#website","url":"https:\/\/xn--sykett-gua.fi\/joensuu\/","name":"SYKETT\u00c4 Joensuu","description":"","publisher":{"@id":"https:\/\/xn--sykett-gua.fi\/joensuu\/#organization"},"potentialAction":[{"@type":"SearchAction","target":{"@type":"EntryPoint","urlTemplate":"https:\/\/xn--sykett-gua.fi\/joensuu\/?s={search_term_string}"},"query-input":{"@type":"PropertyValueSpecification","valueRequired":true,"valueName":"search_term_string"}}],"inLanguage":"fi"},{"@type":"Organization","@id":"https:\/\/xn--sykett-gua.fi\/joensuu\/#organization","name":"SYKETT\u00c4 Joensuu","url":"https:\/\/xn--sykett-gua.fi\/joensuu\/","logo":{"@type":"ImageObject","inLanguage":"fi","@id":"https:\/\/xn--sykett-gua.fi\/joensuu\/#\/schema\/logo\/image\/","url":"https:\/\/xn--sykett-gua.fi\/joensuu\/wp-content\/uploads\/sites\/3\/2024\/06\/Asset-2@2x-2.png","contentUrl":"https:\/\/xn--sykett-gua.fi\/joensuu\/wp-content\/uploads\/sites\/3\/2024\/06\/Asset-2@2x-2.png","width":1003,"height":373,"caption":"SYKETT\u00c4 Joensuu"},"image":{"@id":"https:\/\/xn--sykett-gua.fi\/joensuu\/#\/schema\/logo\/image\/"}}]}},"_links":{"self":[{"href":"https:\/\/xn--sykett-gua.fi\/joensuu\/wp-json\/wp\/v2\/pages\/3771","targetHints":{"allow":["GET"]}}],"collection":[{"href":"https:\/\/xn--sykett-gua.fi\/joensuu\/wp-json\/wp\/v2\/pages"}],"about":[{"href":"https:\/\/xn--sykett-gua.fi\/joensuu\/wp-json\/wp\/v2\/types\/page"}],"author":[{"embeddable":true,"href":"https:\/\/xn--sykett-gua.fi\/joensuu\/wp-json\/wp\/v2\/users\/3"}],"replies":[{"embeddable":true,"href":"https:\/\/xn--sykett-gua.fi\/joensuu\/wp-json\/wp\/v2\/comments?post=3771"}],"version-history":[{"count":55,"href":"https:\/\/xn--sykett-gua.fi\/joensuu\/wp-json\/wp\/v2\/pages\/3771\/revisions"}],"predecessor-version":[{"id":8954,"href":"https:\/\/xn--sykett-gua.fi\/joensuu\/wp-json\/wp\/v2\/pages\/3771\/revisions\/8954"}],"up":[{"embeddable":true,"href":"https:\/\/xn--sykett-gua.fi\/joensuu\/wp-json\/wp\/v2\/pages\/3113"}],"wp:attachment":[{"href":"https:\/\/xn--sykett-gua.fi\/joensuu\/wp-json\/wp\/v2\/media?parent=3771"}],"curies":[{"name":"wp","href":"https:\/\/api.w.org\/{rel}","templated":true}]}}