{"id":4209,"date":"2024-10-04T17:30:23","date_gmt":"2024-10-04T14:30:23","guid":{"rendered":"https:\/\/xn--sykett-gua.fi\/joensuu\/?page_id=4209"},"modified":"2025-07-31T14:01:26","modified_gmt":"2025-07-31T11:01:26","slug":"vuosikello","status":"publish","type":"page","link":"https:\/\/xn--sykett-gua.fi\/joensuu\/ajankohtaista\/vuosikello\/","title":{"rendered":"Vuosikello"},"content":{"rendered":"\t\t<div data-elementor-type=\"wp-page\" data-elementor-id=\"4209\" class=\"elementor elementor-4209\" data-elementor-post-type=\"page\">\n\t\t\t\t<div data-particle_enable=\"false\" data-particle-mobile-disabled=\"false\" class=\"elementor-element elementor-element-a584dbf e-grid e-con-boxed e-con e-parent\" data-id=\"a584dbf\" data-element_type=\"container\" data-e-type=\"container\">\n\t\t\t\t\t<div class=\"e-con-inner\">\n\t\t\t\t<div class=\"elementor-element elementor-element-22d0975 elementor-widget elementor-widget-text-editor\" data-id=\"22d0975\" data-element_type=\"widget\" data-e-type=\"widget\" data-widget_type=\"text-editor.default\">\n\t\t\t\t<div class=\"elementor-widget-container\">\n\t\t\t\t\t\t\t\t\t<h2>Syyskausi 1.9.-31.12.<\/h2><h3>Syyskuu<\/h3><p>\u2013 Syyskausi k\u00e4ynnistyy<br \/>\u2013\u00a0<a href=\"https:\/\/xn--sykett-gua.fi\/joensuu\/fi\/tapahtumat\/ilmaiset-kokeiluviikot\/\" target=\"_blank\" rel=\"noopener noreferrer\">Ilmaiset kokeiluviikot<\/a><br \/>\u2013\u00a0<a href=\"https:\/\/xn--sykett-gua.fi\/joensuu\/tapahtumat\/syketta-appro\/\" target=\"_blank\" rel=\"noopener noreferrer\">SYKETT\u00c4 Appro<\/a><\/p><h3>Lokakuu<\/h3><p>\u2013\u00a0<a href=\"https:\/\/xn--sykett-gua.fi\/joensuu\/tapahtumat\/liikuntailtapaiva\/\" target=\"_blank\" rel=\"noopener noreferrer\">Liikuntailtap\u00e4iv\u00e4<\/a><br \/>\u2013\u00a0<a href=\"https:\/\/xn--sykett-gua.fi\/joensuu\/fi\/sabaliiga\/\" target=\"_blank\" rel=\"noopener noreferrer\">S\u00e4b\u00e4liiga<\/a>\u00a0k\u00e4ynnistyy<br \/>\u2013 Syyslomaviikko (vko 42) \u2013 ei ohjattua ryhm\u00e4liikuntaa<\/p><h3>Joulukuu<\/h3><p>\u2013 6.12. Itsen\u00e4isyysp\u00e4iv\u00e4 \u2013 ei ohjattua ryhm\u00e4liikuntaa<br \/>\u2013 Syyskausi p\u00e4\u00e4ttyy<br \/>\u2013 31.12. Syksyn j\u00e4senyyksien voimassaolo p\u00e4\u00e4ttyy<\/p>\t\t\t\t\t\t\t\t<\/div>\n\t\t\t\t<\/div>\n\t\t\t\t<div class=\"elementor-element elementor-element-313ca9a elementor-widget elementor-widget-text-editor\" data-id=\"313ca9a\" data-element_type=\"widget\" data-e-type=\"widget\" data-widget_type=\"text-editor.default\">\n\t\t\t\t<div class=\"elementor-widget-container\">\n\t\t\t\t\t\t\t\t\t<h2>Kev\u00e4tkausi 1.1.-31.5.<\/h2><h3>Tammikuu<\/h3><p>\u2013 Kev\u00e4tkausi k\u00e4ynnistyy<br \/>\u2013\u00a0<a href=\"https:\/\/xn--sykett-gua.fi\/joensuu\/fi\/tapahtumat\/ilmaiset-kokeiluviikot\/\" target=\"_blank\" rel=\"noopener noreferrer\">Ilmaiset kokeiluviikot<\/a><br \/>\u2013 6.1. Loppiainen \u2013 ei ohjattua ryhm\u00e4liikuntaa<\/p><h3>Helmikuu<\/h3><p>\u2013\u00a0<a href=\"https:\/\/xn--sykett-gua.fi\/joensuu\/tapahtumat\/liikuntailtapaiva\/\" target=\"_blank\" rel=\"noopener noreferrer\">Liikuntailtap\u00e4iv\u00e4<\/a><\/p><h3>Maaliskuu<\/h3><p>\u2013 Hiihtolomaviikko (vko 10) \u2013 ei ohjattua ryhm\u00e4liikuntaa<\/p><h3>Huhtikuu<\/h3><p>\u2013\u00a0<a href=\"https:\/\/xn--sykett-gua.fi\/joensuu\/fi\/sabaliiga\/\" target=\"_blank\" rel=\"noopener noreferrer\">S\u00e4b\u00e4liiga<\/a>\u00a0p\u00e4\u00e4ttyy<br \/>\u2013 P\u00e4\u00e4si\u00e4inen \u2013 ei ohjattua ryhm\u00e4liikuntaa<br \/>\u2013 30.4. Vappu \u2013 ei ohjattua ryhm\u00e4liikuntaa<\/p><h3>Toukokuu<\/h3><p>\u2013 1.5. Vappu \u2013 ei ohjattua ryhm\u00e4liikuntaa<br \/>\u2013 Helatorstai \u2013 ei ohjattua ryhm\u00e4liikuntaa<br \/>\u2013 Kev\u00e4tkausi p\u00e4\u00e4ttyy<\/p>\t\t\t\t\t\t\t\t<\/div>\n\t\t\t\t<\/div>\n\t\t\t\t<div class=\"elementor-element elementor-element-e6c2c3c elementor-widget elementor-widget-text-editor\" data-id=\"e6c2c3c\" data-element_type=\"widget\" data-e-type=\"widget\" data-widget_type=\"text-editor.default\">\n\t\t\t\t<div class=\"elementor-widget-container\">\n\t\t\t\t\t\t\t\t\t<h2>Kes\u00e4kausi 1.6.-31.8.<\/h2><h3>Kes\u00e4kuu<\/h3><p>\u2013 Kes\u00e4kausi k\u00e4ynnistyy (suppeammat palvelut)<\/p><h3>Elokuu<\/h3><p>\u2013 31.8. Kev\u00e4\u00e4n ja edellisen lukuvuoden j\u00e4senyyksien voimassaolo p\u00e4\u00e4ttyy<br \/>\u2013 31.8. Kes\u00e4kausi p\u00e4\u00e4ttyy<\/p>\t\t\t\t\t\t\t\t<\/div>\n\t\t\t\t<\/div>\n\t\t\t\t\t<\/div>\n\t\t\t\t<\/div>\n\t\t\t\t<\/div>\n\t\t","protected":false},"excerpt":{"rendered":"<p>Syyskausi 1.9.-31.12. Syyskuu \u2013 Syyskausi k\u00e4ynnistyy\u2013\u00a0Ilmaiset kokeiluviikot\u2013\u00a0SYKETT\u00c4 Appro Lokakuu \u2013\u00a0Liikuntailtap\u00e4iv\u00e4\u2013\u00a0S\u00e4b\u00e4liiga\u00a0k\u00e4ynnistyy\u2013 Syyslomaviikko (vko 42) \u2013 ei ohjattua ryhm\u00e4liikuntaa Joulukuu \u2013 6.12. Itsen\u00e4isyysp\u00e4iv\u00e4 \u2013 ei ohjattua ryhm\u00e4liikuntaa\u2013 Syyskausi p\u00e4\u00e4ttyy\u2013 31.12. Syksyn j\u00e4senyyksien voimassaolo p\u00e4\u00e4ttyy Kev\u00e4tkausi 1.1.-31.5. Tammikuu \u2013 Kev\u00e4tkausi k\u00e4ynnistyy\u2013\u00a0Ilmaiset kokeiluviikot\u2013 6.1. Loppiainen \u2013 ei ohjattua ryhm\u00e4liikuntaa Helmikuu \u2013\u00a0Liikuntailtap\u00e4iv\u00e4 Maaliskuu \u2013 Hiihtolomaviikko (vko 10) \u2013 ei ohjattua [&hellip;]<\/p>\n","protected":false},"author":3,"featured_media":0,"parent":3091,"menu_order":0,"comment_status":"closed","ping_status":"closed","template":"","meta":{"iawp_total_views":259,"footnotes":""},"class_list":["post-4209","page","type-page","status-publish","hentry"],"yoast_head":"<!-- This site is optimized with the Yoast SEO plugin v27.3 - https:\/\/yoast.com\/product\/yoast-seo-wordpress\/ -->\n<title>Vuosikello - SYKETT\u00c4 Joensuu<\/title>\n<meta name=\"description\" content=\"SYKETT\u00c4 liikuntapalvelujen vuosikello.\" \/>\n<meta name=\"robots\" content=\"index, follow, max-snippet:-1, max-image-preview:large, max-video-preview:-1\" \/>\n<link rel=\"canonical\" href=\"https:\/\/xn--sykett-gua.fi\/joensuu\/ajankohtaista\/vuosikello\/\" \/>\n<meta property=\"og:locale\" content=\"fi_FI\" \/>\n<meta property=\"og:type\" content=\"article\" \/>\n<meta property=\"og:title\" content=\"Vuosikello - SYKETT\u00c4 Joensuu\" \/>\n<meta property=\"og:description\" content=\"SYKETT\u00c4 liikuntapalvelujen vuosikello.\" \/>\n<meta property=\"og:url\" content=\"https:\/\/xn--sykett-gua.fi\/joensuu\/ajankohtaista\/vuosikello\/\" \/>\n<meta property=\"og:site_name\" content=\"SYKETT\u00c4 Joensuu\" \/>\n<meta property=\"article:modified_time\" content=\"2025-07-31T11:01:26+00:00\" \/>\n<meta name=\"twitter:card\" content=\"summary_large_image\" \/>\n<meta name=\"twitter:label1\" content=\"Arvioitu lukuaika\" \/>\n\t<meta name=\"twitter:data1\" content=\"1 minuutti\" \/>\n<script type=\"application\/ld+json\" class=\"yoast-schema-graph\">{\"@context\":\"https:\\\/\\\/schema.org\",\"@graph\":[{\"@type\":\"WebPage\",\"@id\":\"https:\\\/\\\/xn--sykett-gua.fi\\\/joensuu\\\/ajankohtaista\\\/vuosikello\\\/\",\"url\":\"https:\\\/\\\/xn--sykett-gua.fi\\\/joensuu\\\/ajankohtaista\\\/vuosikello\\\/\",\"name\":\"Vuosikello - SYKETT\u00c4 Joensuu\",\"isPartOf\":{\"@id\":\"https:\\\/\\\/xn--sykett-gua.fi\\\/joensuu\\\/#website\"},\"datePublished\":\"2024-10-04T14:30:23+00:00\",\"dateModified\":\"2025-07-31T11:01:26+00:00\",\"description\":\"SYKETT\u00c4 liikuntapalvelujen vuosikello.\",\"breadcrumb\":{\"@id\":\"https:\\\/\\\/xn--sykett-gua.fi\\\/joensuu\\\/ajankohtaista\\\/vuosikello\\\/#breadcrumb\"},\"inLanguage\":\"fi\",\"potentialAction\":[{\"@type\":\"ReadAction\",\"target\":[\"https:\\\/\\\/xn--sykett-gua.fi\\\/joensuu\\\/ajankohtaista\\\/vuosikello\\\/\"]}]},{\"@type\":\"BreadcrumbList\",\"@id\":\"https:\\\/\\\/xn--sykett-gua.fi\\\/joensuu\\\/ajankohtaista\\\/vuosikello\\\/#breadcrumb\",\"itemListElement\":[{\"@type\":\"ListItem\",\"position\":1,\"name\":\"Etusivu\",\"item\":\"https:\\\/\\\/xn--sykett-gua.fi\\\/joensuu\\\/fi\\\/joensuu\\\/\"},{\"@type\":\"ListItem\",\"position\":2,\"name\":\"Ajankohtaista\",\"item\":\"https:\\\/\\\/xn--sykett-gua.fi\\\/joensuu\\\/ajankohtaista\\\/\"},{\"@type\":\"ListItem\",\"position\":3,\"name\":\"Vuosikello\"}]},{\"@type\":\"WebSite\",\"@id\":\"https:\\\/\\\/xn--sykett-gua.fi\\\/joensuu\\\/#website\",\"url\":\"https:\\\/\\\/xn--sykett-gua.fi\\\/joensuu\\\/\",\"name\":\"SYKETT\u00c4 Joensuu\",\"description\":\"\",\"publisher\":{\"@id\":\"https:\\\/\\\/xn--sykett-gua.fi\\\/joensuu\\\/#organization\"},\"potentialAction\":[{\"@type\":\"SearchAction\",\"target\":{\"@type\":\"EntryPoint\",\"urlTemplate\":\"https:\\\/\\\/xn--sykett-gua.fi\\\/joensuu\\\/?s={search_term_string}\"},\"query-input\":{\"@type\":\"PropertyValueSpecification\",\"valueRequired\":true,\"valueName\":\"search_term_string\"}}],\"inLanguage\":\"fi\"},{\"@type\":\"Organization\",\"@id\":\"https:\\\/\\\/xn--sykett-gua.fi\\\/joensuu\\\/#organization\",\"name\":\"SYKETT\u00c4 Joensuu\",\"url\":\"https:\\\/\\\/xn--sykett-gua.fi\\\/joensuu\\\/\",\"logo\":{\"@type\":\"ImageObject\",\"inLanguage\":\"fi\",\"@id\":\"https:\\\/\\\/xn--sykett-gua.fi\\\/joensuu\\\/#\\\/schema\\\/logo\\\/image\\\/\",\"url\":\"https:\\\/\\\/xn--sykett-gua.fi\\\/joensuu\\\/wp-content\\\/uploads\\\/sites\\\/3\\\/2024\\\/06\\\/Asset-2@2x-2.png\",\"contentUrl\":\"https:\\\/\\\/xn--sykett-gua.fi\\\/joensuu\\\/wp-content\\\/uploads\\\/sites\\\/3\\\/2024\\\/06\\\/Asset-2@2x-2.png\",\"width\":1003,\"height\":373,\"caption\":\"SYKETT\u00c4 Joensuu\"},\"image\":{\"@id\":\"https:\\\/\\\/xn--sykett-gua.fi\\\/joensuu\\\/#\\\/schema\\\/logo\\\/image\\\/\"}}]}<\/script>\n<!-- \/ Yoast SEO plugin. -->","yoast_head_json":{"title":"Vuosikello - SYKETT\u00c4 Joensuu","description":"SYKETT\u00c4 liikuntapalvelujen vuosikello.","robots":{"index":"index","follow":"follow","max-snippet":"max-snippet:-1","max-image-preview":"max-image-preview:large","max-video-preview":"max-video-preview:-1"},"canonical":"https:\/\/xn--sykett-gua.fi\/joensuu\/ajankohtaista\/vuosikello\/","og_locale":"fi_FI","og_type":"article","og_title":"Vuosikello - SYKETT\u00c4 Joensuu","og_description":"SYKETT\u00c4 liikuntapalvelujen vuosikello.","og_url":"https:\/\/xn--sykett-gua.fi\/joensuu\/ajankohtaista\/vuosikello\/","og_site_name":"SYKETT\u00c4 Joensuu","article_modified_time":"2025-07-31T11:01:26+00:00","twitter_card":"summary_large_image","twitter_misc":{"Arvioitu lukuaika":"1 minuutti"},"schema":{"@context":"https:\/\/schema.org","@graph":[{"@type":"WebPage","@id":"https:\/\/xn--sykett-gua.fi\/joensuu\/ajankohtaista\/vuosikello\/","url":"https:\/\/xn--sykett-gua.fi\/joensuu\/ajankohtaista\/vuosikello\/","name":"Vuosikello - SYKETT\u00c4 Joensuu","isPartOf":{"@id":"https:\/\/xn--sykett-gua.fi\/joensuu\/#website"},"datePublished":"2024-10-04T14:30:23+00:00","dateModified":"2025-07-31T11:01:26+00:00","description":"SYKETT\u00c4 liikuntapalvelujen vuosikello.","breadcrumb":{"@id":"https:\/\/xn--sykett-gua.fi\/joensuu\/ajankohtaista\/vuosikello\/#breadcrumb"},"inLanguage":"fi","potentialAction":[{"@type":"ReadAction","target":["https:\/\/xn--sykett-gua.fi\/joensuu\/ajankohtaista\/vuosikello\/"]}]},{"@type":"BreadcrumbList","@id":"https:\/\/xn--sykett-gua.fi\/joensuu\/ajankohtaista\/vuosikello\/#breadcrumb","itemListElement":[{"@type":"ListItem","position":1,"name":"Etusivu","item":"https:\/\/xn--sykett-gua.fi\/joensuu\/fi\/joensuu\/"},{"@type":"ListItem","position":2,"name":"Ajankohtaista","item":"https:\/\/xn--sykett-gua.fi\/joensuu\/ajankohtaista\/"},{"@type":"ListItem","position":3,"name":"Vuosikello"}]},{"@type":"WebSite","@id":"https:\/\/xn--sykett-gua.fi\/joensuu\/#website","url":"https:\/\/xn--sykett-gua.fi\/joensuu\/","name":"SYKETT\u00c4 Joensuu","description":"","publisher":{"@id":"https:\/\/xn--sykett-gua.fi\/joensuu\/#organization"},"potentialAction":[{"@type":"SearchAction","target":{"@type":"EntryPoint","urlTemplate":"https:\/\/xn--sykett-gua.fi\/joensuu\/?s={search_term_string}"},"query-input":{"@type":"PropertyValueSpecification","valueRequired":true,"valueName":"search_term_string"}}],"inLanguage":"fi"},{"@type":"Organization","@id":"https:\/\/xn--sykett-gua.fi\/joensuu\/#organization","name":"SYKETT\u00c4 Joensuu","url":"https:\/\/xn--sykett-gua.fi\/joensuu\/","logo":{"@type":"ImageObject","inLanguage":"fi","@id":"https:\/\/xn--sykett-gua.fi\/joensuu\/#\/schema\/logo\/image\/","url":"https:\/\/xn--sykett-gua.fi\/joensuu\/wp-content\/uploads\/sites\/3\/2024\/06\/Asset-2@2x-2.png","contentUrl":"https:\/\/xn--sykett-gua.fi\/joensuu\/wp-content\/uploads\/sites\/3\/2024\/06\/Asset-2@2x-2.png","width":1003,"height":373,"caption":"SYKETT\u00c4 Joensuu"},"image":{"@id":"https:\/\/xn--sykett-gua.fi\/joensuu\/#\/schema\/logo\/image\/"}}]}},"_links":{"self":[{"href":"https:\/\/xn--sykett-gua.fi\/joensuu\/wp-json\/wp\/v2\/pages\/4209","targetHints":{"allow":["GET"]}}],"collection":[{"href":"https:\/\/xn--sykett-gua.fi\/joensuu\/wp-json\/wp\/v2\/pages"}],"about":[{"href":"https:\/\/xn--sykett-gua.fi\/joensuu\/wp-json\/wp\/v2\/types\/page"}],"author":[{"embeddable":true,"href":"https:\/\/xn--sykett-gua.fi\/joensuu\/wp-json\/wp\/v2\/users\/3"}],"replies":[{"embeddable":true,"href":"https:\/\/xn--sykett-gua.fi\/joensuu\/wp-json\/wp\/v2\/comments?post=4209"}],"version-history":[{"count":25,"href":"https:\/\/xn--sykett-gua.fi\/joensuu\/wp-json\/wp\/v2\/pages\/4209\/revisions"}],"predecessor-version":[{"id":8624,"href":"https:\/\/xn--sykett-gua.fi\/joensuu\/wp-json\/wp\/v2\/pages\/4209\/revisions\/8624"}],"up":[{"embeddable":true,"href":"https:\/\/xn--sykett-gua.fi\/joensuu\/wp-json\/wp\/v2\/pages\/3091"}],"wp:attachment":[{"href":"https:\/\/xn--sykett-gua.fi\/joensuu\/wp-json\/wp\/v2\/media?parent=4209"}],"curies":[{"name":"wp","href":"https:\/\/api.w.org\/{rel}","templated":true}]}}