{"id":4245,"date":"2024-10-04T17:51:28","date_gmt":"2024-10-04T14:51:28","guid":{"rendered":"https:\/\/xn--sykett-gua.fi\/joensuu\/?page_id=4245"},"modified":"2025-07-31T09:40:32","modified_gmt":"2025-07-31T06:40:32","slug":"liikuntavalineiden-lainaus","status":"publish","type":"page","link":"https:\/\/xn--sykett-gua.fi\/joensuu\/palvelut\/liikuntavalineiden-lainaus\/","title":{"rendered":"Liikuntav\u00e4lineiden lainaus"},"content":{"rendered":"\t\t<div data-elementor-type=\"wp-page\" data-elementor-id=\"4245\" class=\"elementor elementor-4245\" data-elementor-post-type=\"page\">\n\t\t\t\t<div data-particle_enable=\"false\" data-particle-mobile-disabled=\"false\" class=\"elementor-element elementor-element-5231d13 e-flex e-con-boxed e-con e-parent\" data-id=\"5231d13\" data-element_type=\"container\" data-e-type=\"container\">\n\t\t\t\t\t<div class=\"e-con-inner\">\n\t\t<div data-particle_enable=\"false\" data-particle-mobile-disabled=\"false\" class=\"elementor-element elementor-element-c590cd3 e-flex e-con-boxed e-con e-child\" data-id=\"c590cd3\" data-element_type=\"container\" data-e-type=\"container\">\n\t\t\t\t\t<div class=\"e-con-inner\">\n\t\t\t\t<div class=\"elementor-element elementor-element-0c13913 elementor-widget elementor-widget-text-editor\" data-id=\"0c13913\" data-element_type=\"widget\" data-e-type=\"widget\" data-widget_type=\"text-editor.default\">\n\t\t\t\t<div class=\"elementor-widget-container\">\n\t\t\t\t\t\t\t\t\t<p>Kaikki SYKETT\u00c4-k\u00e4ytt\u00e4j\u00e4t voivat lainata liikuntav\u00e4lineit\u00e4 veloituksetta. V\u00e4lineet l\u00f6ytyv\u00e4t ISYYn toimistolta. Liikuntav\u00e4lineiden laina-aika on yksi viikko.<\/p><h2 class=\"wp-block-heading\">Lainattavat liikuntav\u00e4lineet<\/h2><p>Seuraavat liikuntav\u00e4lineet ovat lainattavissa SYKKEELT\u00c4:<\/p><ul><li>Hulavanteet<\/li><li>Kahvakuulat<\/li><li>Kuminauhat ja minibandit<\/li><li>Gymstickit<\/li><li>Lumikeng\u00e4t<\/li><li>Koripallot<\/li><li>Jalkapallot<\/li><li>Futsalpallot<\/li><li>Padelmailat ja pallot<\/li><li>Tennismailat ja pallot<\/li><li>Sulkapallomailat ja sulkapallot<\/li><li>Squahsmailat ja pallot<\/li><li>Pingismailat ja pallot<\/li><li>Py\u00f6r\u00e4ilykyp\u00e4r\u00e4t<\/li><\/ul>\t\t\t\t\t\t\t\t<\/div>\n\t\t\t\t<\/div>\n\t\t\t\t<div class=\"elementor-element elementor-element-c46a3e4 elementor-widget__width-initial elementor-widget elementor-widget-text-editor\" data-id=\"c46a3e4\" data-element_type=\"widget\" data-e-type=\"widget\" data-widget_type=\"text-editor.default\">\n\t\t\t\t<div class=\"elementor-widget-container\">\n\t\t\t\t\t\t\t\t\t<p>Ajantasaisen listan lainattavista liikuntav\u00e4lineist\u00e4 sek\u00e4 lainausohjeet ja -ehdot l\u00f6yd\u00e4t ISYYn verkkosivuilta.<\/p>\t\t\t\t\t\t\t\t<\/div>\n\t\t\t\t<\/div>\n\t\t\t\t<div class=\"elementor-element elementor-element-6a62224 elementor-widget elementor-widget-button\" data-id=\"6a62224\" data-element_type=\"widget\" data-e-type=\"widget\" data-widget_type=\"button.default\">\n\t\t\t\t<div class=\"elementor-widget-container\">\n\t\t\t\t\t\t\t\t\t<div class=\"elementor-button-wrapper\">\n\t\t\t\t\t<a class=\"elementor-button elementor-button-link elementor-size-sm\" href=\"https:\/\/www.isyy.fi\/vapaa-aika\/valinelainauspalvelu\" target=\"_blank\">\n\t\t\t\t\t\t<span class=\"elementor-button-content-wrapper\">\n\t\t\t\t\t\t\t\t\t<span class=\"elementor-button-text\">ISYY<\/span>\n\t\t\t\t\t<\/span>\n\t\t\t\t\t<\/a>\n\t\t\t\t<\/div>\n\t\t\t\t\t\t\t\t<\/div>\n\t\t\t\t<\/div>\n\t\t\t\t\t<\/div>\n\t\t\t\t<\/div>\n\t\t<div data-particle_enable=\"false\" data-particle-mobile-disabled=\"false\" class=\"elementor-element elementor-element-ac1890c e-flex e-con-boxed e-con e-child\" data-id=\"ac1890c\" data-element_type=\"container\" data-e-type=\"container\">\n\t\t\t\t\t<div class=\"e-con-inner\">\n\t\t\t\t<div class=\"elementor-element elementor-element-764ad9a elementor-widget elementor-widget-image\" data-id=\"764ad9a\" data-element_type=\"widget\" data-e-type=\"widget\" data-widget_type=\"image.default\">\n\t\t\t\t<div class=\"elementor-widget-container\">\n\t\t\t\t\t\t\t\t\t\t\t\t\t\t\t<img fetchpriority=\"high\" decoding=\"async\" width=\"552\" height=\"575\" src=\"https:\/\/xn--sykett-gua.fi\/joensuu\/wp-content\/uploads\/sites\/3\/2024\/06\/syketta-grafiikkaa-joensuu.gif\" class=\"attachment-large size-large wp-image-3037\" alt=\"\" \/>\t\t\t\t\t\t\t\t\t\t\t\t\t\t\t<\/div>\n\t\t\t\t<\/div>\n\t\t\t\t\t<\/div>\n\t\t\t\t<\/div>\n\t\t\t\t\t<\/div>\n\t\t\t\t<\/div>\n\t\t\t\t<\/div>\n\t\t","protected":false},"excerpt":{"rendered":"<p>Kaikki SYKETT\u00c4-k\u00e4ytt\u00e4j\u00e4t voivat lainata liikuntav\u00e4lineit\u00e4 veloituksetta. V\u00e4lineet l\u00f6ytyv\u00e4t ISYYn toimistolta. Liikuntav\u00e4lineiden laina-aika on yksi viikko. Lainattavat liikuntav\u00e4lineet Seuraavat liikuntav\u00e4lineet ovat lainattavissa SYKKEELT\u00c4: Hulavanteet Kahvakuulat Kuminauhat ja minibandit Gymstickit Lumikeng\u00e4t Koripallot Jalkapallot Futsalpallot Padelmailat ja pallot Tennismailat ja pallot Sulkapallomailat ja sulkapallot Squahsmailat ja pallot Pingismailat ja pallot Py\u00f6r\u00e4ilykyp\u00e4r\u00e4t Ajantasaisen listan lainattavista liikuntav\u00e4lineist\u00e4 sek\u00e4 lainausohjeet ja [&hellip;]<\/p>\n","protected":false},"author":3,"featured_media":0,"parent":3009,"menu_order":0,"comment_status":"closed","ping_status":"closed","template":"","meta":{"iawp_total_views":237,"footnotes":""},"class_list":["post-4245","page","type-page","status-publish","hentry"],"yoast_head":"<!-- This site is optimized with the Yoast SEO plugin v27.3 - https:\/\/yoast.com\/product\/yoast-seo-wordpress\/ -->\n<title>Liikuntav\u00e4lineiden lainaus - SYKETT\u00c4 Joensuu<\/title>\n<meta name=\"description\" content=\"SYKETT\u00c4-k\u00e4ytt\u00e4j\u00e4t voivat lainata liikuntav\u00e4lineit\u00e4 ISYYn toimistolta SYKKEEN liikuntaneuvontahuoneesta veloituksetta.\" \/>\n<meta name=\"robots\" content=\"index, follow, max-snippet:-1, max-image-preview:large, max-video-preview:-1\" \/>\n<link rel=\"canonical\" href=\"https:\/\/xn--sykett-gua.fi\/joensuu\/palvelut\/liikuntavalineiden-lainaus\/\" \/>\n<meta property=\"og:locale\" content=\"fi_FI\" \/>\n<meta property=\"og:type\" content=\"article\" \/>\n<meta property=\"og:title\" content=\"Liikuntav\u00e4lineiden lainaus - SYKETT\u00c4 Joensuu\" \/>\n<meta property=\"og:description\" content=\"SYKETT\u00c4-k\u00e4ytt\u00e4j\u00e4t voivat lainata liikuntav\u00e4lineit\u00e4 ISYYn toimistolta SYKKEEN liikuntaneuvontahuoneesta veloituksetta.\" \/>\n<meta property=\"og:url\" content=\"https:\/\/xn--sykett-gua.fi\/joensuu\/palvelut\/liikuntavalineiden-lainaus\/\" \/>\n<meta property=\"og:site_name\" content=\"SYKETT\u00c4 Joensuu\" \/>\n<meta property=\"article:modified_time\" content=\"2025-07-31T06:40:32+00:00\" \/>\n<meta property=\"og:image\" content=\"https:\/\/xn--sykett-gua.fi\/joensuu\/wp-content\/uploads\/sites\/3\/2024\/06\/syketta-grafiikkaa-joensuu.gif\" \/>\n\t<meta property=\"og:image:width\" content=\"552\" \/>\n\t<meta property=\"og:image:height\" content=\"575\" \/>\n\t<meta property=\"og:image:type\" content=\"image\/gif\" \/>\n<meta name=\"twitter:card\" content=\"summary_large_image\" \/>\n<meta name=\"twitter:label1\" content=\"Arvioitu lukuaika\" \/>\n\t<meta name=\"twitter:data1\" content=\"1 minuutti\" \/>\n<script type=\"application\/ld+json\" class=\"yoast-schema-graph\">{\"@context\":\"https:\\\/\\\/schema.org\",\"@graph\":[{\"@type\":\"WebPage\",\"@id\":\"https:\\\/\\\/xn--sykett-gua.fi\\\/joensuu\\\/palvelut\\\/liikuntavalineiden-lainaus\\\/\",\"url\":\"https:\\\/\\\/xn--sykett-gua.fi\\\/joensuu\\\/palvelut\\\/liikuntavalineiden-lainaus\\\/\",\"name\":\"Liikuntav\u00e4lineiden lainaus - SYKETT\u00c4 Joensuu\",\"isPartOf\":{\"@id\":\"https:\\\/\\\/xn--sykett-gua.fi\\\/joensuu\\\/#website\"},\"primaryImageOfPage\":{\"@id\":\"https:\\\/\\\/xn--sykett-gua.fi\\\/joensuu\\\/palvelut\\\/liikuntavalineiden-lainaus\\\/#primaryimage\"},\"image\":{\"@id\":\"https:\\\/\\\/xn--sykett-gua.fi\\\/joensuu\\\/palvelut\\\/liikuntavalineiden-lainaus\\\/#primaryimage\"},\"thumbnailUrl\":\"https:\\\/\\\/xn--sykett-gua.fi\\\/joensuu\\\/wp-content\\\/uploads\\\/sites\\\/3\\\/2024\\\/06\\\/syketta-grafiikkaa-joensuu.gif\",\"datePublished\":\"2024-10-04T14:51:28+00:00\",\"dateModified\":\"2025-07-31T06:40:32+00:00\",\"description\":\"SYKETT\u00c4-k\u00e4ytt\u00e4j\u00e4t voivat lainata liikuntav\u00e4lineit\u00e4 ISYYn toimistolta SYKKEEN liikuntaneuvontahuoneesta veloituksetta.\",\"breadcrumb\":{\"@id\":\"https:\\\/\\\/xn--sykett-gua.fi\\\/joensuu\\\/palvelut\\\/liikuntavalineiden-lainaus\\\/#breadcrumb\"},\"inLanguage\":\"fi\",\"potentialAction\":[{\"@type\":\"ReadAction\",\"target\":[\"https:\\\/\\\/xn--sykett-gua.fi\\\/joensuu\\\/palvelut\\\/liikuntavalineiden-lainaus\\\/\"]}]},{\"@type\":\"ImageObject\",\"inLanguage\":\"fi\",\"@id\":\"https:\\\/\\\/xn--sykett-gua.fi\\\/joensuu\\\/palvelut\\\/liikuntavalineiden-lainaus\\\/#primaryimage\",\"url\":\"https:\\\/\\\/xn--sykett-gua.fi\\\/joensuu\\\/wp-content\\\/uploads\\\/sites\\\/3\\\/2024\\\/06\\\/syketta-grafiikkaa-joensuu.gif\",\"contentUrl\":\"https:\\\/\\\/xn--sykett-gua.fi\\\/joensuu\\\/wp-content\\\/uploads\\\/sites\\\/3\\\/2024\\\/06\\\/syketta-grafiikkaa-joensuu.gif\",\"width\":552,\"height\":575},{\"@type\":\"BreadcrumbList\",\"@id\":\"https:\\\/\\\/xn--sykett-gua.fi\\\/joensuu\\\/palvelut\\\/liikuntavalineiden-lainaus\\\/#breadcrumb\",\"itemListElement\":[{\"@type\":\"ListItem\",\"position\":1,\"name\":\"Etusivu\",\"item\":\"https:\\\/\\\/xn--sykett-gua.fi\\\/joensuu\\\/fi\\\/joensuu\\\/\"},{\"@type\":\"ListItem\",\"position\":2,\"name\":\"Palvelut\",\"item\":\"https:\\\/\\\/xn--sykett-gua.fi\\\/joensuu\\\/palvelut\\\/\"},{\"@type\":\"ListItem\",\"position\":3,\"name\":\"Liikuntav\u00e4lineiden lainaus\"}]},{\"@type\":\"WebSite\",\"@id\":\"https:\\\/\\\/xn--sykett-gua.fi\\\/joensuu\\\/#website\",\"url\":\"https:\\\/\\\/xn--sykett-gua.fi\\\/joensuu\\\/\",\"name\":\"SYKETT\u00c4 Joensuu\",\"description\":\"\",\"publisher\":{\"@id\":\"https:\\\/\\\/xn--sykett-gua.fi\\\/joensuu\\\/#organization\"},\"potentialAction\":[{\"@type\":\"SearchAction\",\"target\":{\"@type\":\"EntryPoint\",\"urlTemplate\":\"https:\\\/\\\/xn--sykett-gua.fi\\\/joensuu\\\/?s={search_term_string}\"},\"query-input\":{\"@type\":\"PropertyValueSpecification\",\"valueRequired\":true,\"valueName\":\"search_term_string\"}}],\"inLanguage\":\"fi\"},{\"@type\":\"Organization\",\"@id\":\"https:\\\/\\\/xn--sykett-gua.fi\\\/joensuu\\\/#organization\",\"name\":\"SYKETT\u00c4 Joensuu\",\"url\":\"https:\\\/\\\/xn--sykett-gua.fi\\\/joensuu\\\/\",\"logo\":{\"@type\":\"ImageObject\",\"inLanguage\":\"fi\",\"@id\":\"https:\\\/\\\/xn--sykett-gua.fi\\\/joensuu\\\/#\\\/schema\\\/logo\\\/image\\\/\",\"url\":\"https:\\\/\\\/xn--sykett-gua.fi\\\/joensuu\\\/wp-content\\\/uploads\\\/sites\\\/3\\\/2024\\\/06\\\/Asset-2@2x-2.png\",\"contentUrl\":\"https:\\\/\\\/xn--sykett-gua.fi\\\/joensuu\\\/wp-content\\\/uploads\\\/sites\\\/3\\\/2024\\\/06\\\/Asset-2@2x-2.png\",\"width\":1003,\"height\":373,\"caption\":\"SYKETT\u00c4 Joensuu\"},\"image\":{\"@id\":\"https:\\\/\\\/xn--sykett-gua.fi\\\/joensuu\\\/#\\\/schema\\\/logo\\\/image\\\/\"}}]}<\/script>\n<!-- \/ Yoast SEO plugin. -->","yoast_head_json":{"title":"Liikuntav\u00e4lineiden lainaus - SYKETT\u00c4 Joensuu","description":"SYKETT\u00c4-k\u00e4ytt\u00e4j\u00e4t voivat lainata liikuntav\u00e4lineit\u00e4 ISYYn toimistolta SYKKEEN liikuntaneuvontahuoneesta veloituksetta.","robots":{"index":"index","follow":"follow","max-snippet":"max-snippet:-1","max-image-preview":"max-image-preview:large","max-video-preview":"max-video-preview:-1"},"canonical":"https:\/\/xn--sykett-gua.fi\/joensuu\/palvelut\/liikuntavalineiden-lainaus\/","og_locale":"fi_FI","og_type":"article","og_title":"Liikuntav\u00e4lineiden lainaus - SYKETT\u00c4 Joensuu","og_description":"SYKETT\u00c4-k\u00e4ytt\u00e4j\u00e4t voivat lainata liikuntav\u00e4lineit\u00e4 ISYYn toimistolta SYKKEEN liikuntaneuvontahuoneesta veloituksetta.","og_url":"https:\/\/xn--sykett-gua.fi\/joensuu\/palvelut\/liikuntavalineiden-lainaus\/","og_site_name":"SYKETT\u00c4 Joensuu","article_modified_time":"2025-07-31T06:40:32+00:00","og_image":[{"width":552,"height":575,"url":"https:\/\/xn--sykett-gua.fi\/joensuu\/wp-content\/uploads\/sites\/3\/2024\/06\/syketta-grafiikkaa-joensuu.gif","type":"image\/gif"}],"twitter_card":"summary_large_image","twitter_misc":{"Arvioitu lukuaika":"1 minuutti"},"schema":{"@context":"https:\/\/schema.org","@graph":[{"@type":"WebPage","@id":"https:\/\/xn--sykett-gua.fi\/joensuu\/palvelut\/liikuntavalineiden-lainaus\/","url":"https:\/\/xn--sykett-gua.fi\/joensuu\/palvelut\/liikuntavalineiden-lainaus\/","name":"Liikuntav\u00e4lineiden lainaus - SYKETT\u00c4 Joensuu","isPartOf":{"@id":"https:\/\/xn--sykett-gua.fi\/joensuu\/#website"},"primaryImageOfPage":{"@id":"https:\/\/xn--sykett-gua.fi\/joensuu\/palvelut\/liikuntavalineiden-lainaus\/#primaryimage"},"image":{"@id":"https:\/\/xn--sykett-gua.fi\/joensuu\/palvelut\/liikuntavalineiden-lainaus\/#primaryimage"},"thumbnailUrl":"https:\/\/xn--sykett-gua.fi\/joensuu\/wp-content\/uploads\/sites\/3\/2024\/06\/syketta-grafiikkaa-joensuu.gif","datePublished":"2024-10-04T14:51:28+00:00","dateModified":"2025-07-31T06:40:32+00:00","description":"SYKETT\u00c4-k\u00e4ytt\u00e4j\u00e4t voivat lainata liikuntav\u00e4lineit\u00e4 ISYYn toimistolta SYKKEEN liikuntaneuvontahuoneesta veloituksetta.","breadcrumb":{"@id":"https:\/\/xn--sykett-gua.fi\/joensuu\/palvelut\/liikuntavalineiden-lainaus\/#breadcrumb"},"inLanguage":"fi","potentialAction":[{"@type":"ReadAction","target":["https:\/\/xn--sykett-gua.fi\/joensuu\/palvelut\/liikuntavalineiden-lainaus\/"]}]},{"@type":"ImageObject","inLanguage":"fi","@id":"https:\/\/xn--sykett-gua.fi\/joensuu\/palvelut\/liikuntavalineiden-lainaus\/#primaryimage","url":"https:\/\/xn--sykett-gua.fi\/joensuu\/wp-content\/uploads\/sites\/3\/2024\/06\/syketta-grafiikkaa-joensuu.gif","contentUrl":"https:\/\/xn--sykett-gua.fi\/joensuu\/wp-content\/uploads\/sites\/3\/2024\/06\/syketta-grafiikkaa-joensuu.gif","width":552,"height":575},{"@type":"BreadcrumbList","@id":"https:\/\/xn--sykett-gua.fi\/joensuu\/palvelut\/liikuntavalineiden-lainaus\/#breadcrumb","itemListElement":[{"@type":"ListItem","position":1,"name":"Etusivu","item":"https:\/\/xn--sykett-gua.fi\/joensuu\/fi\/joensuu\/"},{"@type":"ListItem","position":2,"name":"Palvelut","item":"https:\/\/xn--sykett-gua.fi\/joensuu\/palvelut\/"},{"@type":"ListItem","position":3,"name":"Liikuntav\u00e4lineiden lainaus"}]},{"@type":"WebSite","@id":"https:\/\/xn--sykett-gua.fi\/joensuu\/#website","url":"https:\/\/xn--sykett-gua.fi\/joensuu\/","name":"SYKETT\u00c4 Joensuu","description":"","publisher":{"@id":"https:\/\/xn--sykett-gua.fi\/joensuu\/#organization"},"potentialAction":[{"@type":"SearchAction","target":{"@type":"EntryPoint","urlTemplate":"https:\/\/xn--sykett-gua.fi\/joensuu\/?s={search_term_string}"},"query-input":{"@type":"PropertyValueSpecification","valueRequired":true,"valueName":"search_term_string"}}],"inLanguage":"fi"},{"@type":"Organization","@id":"https:\/\/xn--sykett-gua.fi\/joensuu\/#organization","name":"SYKETT\u00c4 Joensuu","url":"https:\/\/xn--sykett-gua.fi\/joensuu\/","logo":{"@type":"ImageObject","inLanguage":"fi","@id":"https:\/\/xn--sykett-gua.fi\/joensuu\/#\/schema\/logo\/image\/","url":"https:\/\/xn--sykett-gua.fi\/joensuu\/wp-content\/uploads\/sites\/3\/2024\/06\/Asset-2@2x-2.png","contentUrl":"https:\/\/xn--sykett-gua.fi\/joensuu\/wp-content\/uploads\/sites\/3\/2024\/06\/Asset-2@2x-2.png","width":1003,"height":373,"caption":"SYKETT\u00c4 Joensuu"},"image":{"@id":"https:\/\/xn--sykett-gua.fi\/joensuu\/#\/schema\/logo\/image\/"}}]}},"_links":{"self":[{"href":"https:\/\/xn--sykett-gua.fi\/joensuu\/wp-json\/wp\/v2\/pages\/4245","targetHints":{"allow":["GET"]}}],"collection":[{"href":"https:\/\/xn--sykett-gua.fi\/joensuu\/wp-json\/wp\/v2\/pages"}],"about":[{"href":"https:\/\/xn--sykett-gua.fi\/joensuu\/wp-json\/wp\/v2\/types\/page"}],"author":[{"embeddable":true,"href":"https:\/\/xn--sykett-gua.fi\/joensuu\/wp-json\/wp\/v2\/users\/3"}],"replies":[{"embeddable":true,"href":"https:\/\/xn--sykett-gua.fi\/joensuu\/wp-json\/wp\/v2\/comments?post=4245"}],"version-history":[{"count":10,"href":"https:\/\/xn--sykett-gua.fi\/joensuu\/wp-json\/wp\/v2\/pages\/4245\/revisions"}],"predecessor-version":[{"id":8454,"href":"https:\/\/xn--sykett-gua.fi\/joensuu\/wp-json\/wp\/v2\/pages\/4245\/revisions\/8454"}],"up":[{"embeddable":true,"href":"https:\/\/xn--sykett-gua.fi\/joensuu\/wp-json\/wp\/v2\/pages\/3009"}],"wp:attachment":[{"href":"https:\/\/xn--sykett-gua.fi\/joensuu\/wp-json\/wp\/v2\/media?parent=4245"}],"curies":[{"name":"wp","href":"https:\/\/api.w.org\/{rel}","templated":true}]}}