{"id":5226,"date":"2024-11-11T10:51:22","date_gmt":"2024-11-11T08:51:22","guid":{"rendered":"https:\/\/xn--sykett-gua.fi\/joensuu\/?page_id=5226"},"modified":"2025-07-31T09:41:44","modified_gmt":"2025-07-31T06:41:44","slug":"borrowing-sports-equipment","status":"publish","type":"page","link":"https:\/\/xn--sykett-gua.fi\/joensuu\/en\/other-services\/borrowing-sports-equipment\/","title":{"rendered":"Borrowing Sports Equipment"},"content":{"rendered":"\t\t<div data-elementor-type=\"wp-page\" data-elementor-id=\"5226\" class=\"elementor elementor-5226\" data-elementor-post-type=\"page\">\n\t\t\t\t<div data-particle_enable=\"false\" data-particle-mobile-disabled=\"false\" class=\"elementor-element elementor-element-5231d13 e-flex e-con-boxed e-con e-parent\" data-id=\"5231d13\" data-element_type=\"container\" data-e-type=\"container\">\n\t\t\t\t\t<div class=\"e-con-inner\">\n\t\t<div data-particle_enable=\"false\" data-particle-mobile-disabled=\"false\" class=\"elementor-element elementor-element-c590cd3 e-flex e-con-boxed e-con e-child\" data-id=\"c590cd3\" data-element_type=\"container\" data-e-type=\"container\">\n\t\t\t\t\t<div class=\"e-con-inner\">\n\t\t\t\t<div class=\"elementor-element elementor-element-0c13913 elementor-widget elementor-widget-text-editor\" data-id=\"0c13913\" data-element_type=\"widget\" data-e-type=\"widget\" data-widget_type=\"text-editor.default\">\n\t\t\t\t<div class=\"elementor-widget-container\">\n\t\t\t\t\t\t\t\t\t<p>All SYKETT\u00c4 users can borrow sports equipment free of charge. The equipment is available at the ISYY office. The borrowing period for sports equipment is one week.<\/p><h2 class=\"wp-block-heading\">Sports Equipment Available<\/h2><p>The following sports equipment can be borrowed from SYKETT\u00c4:<\/p><ul><li>Hola hoops<\/li><li>Kettlebells<\/li><li>Rubber bands and mini bands<\/li><li>Gymsticks<\/li><li>Snowshoes<\/li><li>Basketballs<\/li><li>Footballs<\/li><li>Futsal balls<\/li><li>Padel rackets and balls<\/li><li>Tennis rackets and balls<\/li><li>Badminton rackets and plumes<\/li><li>Squash rackets and balls<\/li><li>Table tennis rackets and balls<\/li><li>Bicycle helmets<\/li><\/ul>\t\t\t\t\t\t\t\t<\/div>\n\t\t\t\t<\/div>\n\t\t\t\t<div class=\"elementor-element elementor-element-66ed94b elementor-widget__width-initial elementor-widget elementor-widget-text-editor\" data-id=\"66ed94b\" data-element_type=\"widget\" data-e-type=\"widget\" data-widget_type=\"text-editor.default\">\n\t\t\t\t<div class=\"elementor-widget-container\">\n\t\t\t\t\t\t\t\t\t<p>You can find an up-to-date list of sports equipment available for loan, along with borrowing instructions and terms, on ISYY&#8217;s website.<\/p>\t\t\t\t\t\t\t\t<\/div>\n\t\t\t\t<\/div>\n\t\t\t\t<div class=\"elementor-element elementor-element-d2fd46d elementor-widget elementor-widget-button\" data-id=\"d2fd46d\" data-element_type=\"widget\" data-e-type=\"widget\" data-widget_type=\"button.default\">\n\t\t\t\t<div class=\"elementor-widget-container\">\n\t\t\t\t\t\t\t\t\t<div class=\"elementor-button-wrapper\">\n\t\t\t\t\t<a class=\"elementor-button elementor-button-link elementor-size-sm\" href=\"https:\/\/www.isyy.fi\/en\/recreation\/equipment-loan-service.html\" target=\"_blank\">\n\t\t\t\t\t\t<span class=\"elementor-button-content-wrapper\">\n\t\t\t\t\t\t\t\t\t<span class=\"elementor-button-text\">ISYY<\/span>\n\t\t\t\t\t<\/span>\n\t\t\t\t\t<\/a>\n\t\t\t\t<\/div>\n\t\t\t\t\t\t\t\t<\/div>\n\t\t\t\t<\/div>\n\t\t\t\t\t<\/div>\n\t\t\t\t<\/div>\n\t\t<div data-particle_enable=\"false\" data-particle-mobile-disabled=\"false\" class=\"elementor-element elementor-element-ac1890c e-flex e-con-boxed e-con e-child\" data-id=\"ac1890c\" data-element_type=\"container\" data-e-type=\"container\">\n\t\t\t\t\t<div class=\"e-con-inner\">\n\t\t\t\t<div class=\"elementor-element elementor-element-764ad9a elementor-widget elementor-widget-image\" data-id=\"764ad9a\" data-element_type=\"widget\" data-e-type=\"widget\" data-widget_type=\"image.default\">\n\t\t\t\t<div class=\"elementor-widget-container\">\n\t\t\t\t\t\t\t\t\t\t\t\t\t\t\t<img fetchpriority=\"high\" decoding=\"async\" width=\"552\" height=\"575\" src=\"https:\/\/xn--sykett-gua.fi\/joensuu\/wp-content\/uploads\/sites\/3\/2024\/06\/syketta-grafiikkaa-joensuu.gif\" class=\"attachment-large size-large wp-image-3037\" alt=\"\" \/>\t\t\t\t\t\t\t\t\t\t\t\t\t\t\t<\/div>\n\t\t\t\t<\/div>\n\t\t\t\t\t<\/div>\n\t\t\t\t<\/div>\n\t\t\t\t\t<\/div>\n\t\t\t\t<\/div>\n\t\t\t\t<\/div>\n\t\t","protected":false},"excerpt":{"rendered":"<p>All SYKETT\u00c4 users can borrow sports equipment free of charge. The equipment is available at the ISYY office. The borrowing period for sports equipment is one week. Sports Equipment Available The following sports equipment can be borrowed from SYKETT\u00c4: Hola hoops Kettlebells Rubber bands and mini bands Gymsticks Snowshoes Basketballs Footballs Futsal balls Padel rackets [&hellip;]<\/p>\n","protected":false},"author":3,"featured_media":0,"parent":2142,"menu_order":0,"comment_status":"closed","ping_status":"closed","template":"","meta":{"iawp_total_views":90,"footnotes":""},"class_list":["post-5226","page","type-page","status-publish","hentry"],"yoast_head":"<!-- This site is optimized with the Yoast SEO plugin v27.3 - https:\/\/yoast.com\/product\/yoast-seo-wordpress\/ -->\n<title>Borrowing Sports Equipment - SYKETT\u00c4 Joensuu<\/title>\n<meta name=\"description\" content=\"All SYKETT\u00c4 users can borrow sports equipment free of charge. The equipment is available at the ISYY office in the SYKETT\u00c4 exercise counseling room.\" \/>\n<meta name=\"robots\" content=\"index, follow, max-snippet:-1, max-image-preview:large, max-video-preview:-1\" \/>\n<link rel=\"canonical\" href=\"https:\/\/xn--sykett-gua.fi\/joensuu\/en\/other-services\/borrowing-sports-equipment\/\" \/>\n<meta property=\"og:locale\" content=\"fi_FI\" \/>\n<meta property=\"og:type\" content=\"article\" \/>\n<meta property=\"og:title\" content=\"Borrowing Sports Equipment - SYKETT\u00c4 Joensuu\" \/>\n<meta property=\"og:description\" content=\"All SYKETT\u00c4 users can borrow sports equipment free of charge. The equipment is available at the ISYY office in the SYKETT\u00c4 exercise counseling room.\" \/>\n<meta property=\"og:url\" content=\"https:\/\/xn--sykett-gua.fi\/joensuu\/en\/other-services\/borrowing-sports-equipment\/\" \/>\n<meta property=\"og:site_name\" content=\"SYKETT\u00c4 Joensuu\" \/>\n<meta property=\"article:modified_time\" content=\"2025-07-31T06:41:44+00:00\" \/>\n<meta property=\"og:image\" content=\"https:\/\/xn--sykett-gua.fi\/joensuu\/wp-content\/uploads\/sites\/3\/2024\/06\/syketta-grafiikkaa-joensuu.gif\" \/>\n\t<meta property=\"og:image:width\" content=\"552\" \/>\n\t<meta property=\"og:image:height\" content=\"575\" \/>\n\t<meta property=\"og:image:type\" content=\"image\/gif\" \/>\n<meta name=\"twitter:card\" content=\"summary_large_image\" \/>\n<meta name=\"twitter:label1\" content=\"Arvioitu lukuaika\" \/>\n\t<meta name=\"twitter:data1\" content=\"1 minuutti\" \/>\n<script type=\"application\/ld+json\" class=\"yoast-schema-graph\">{\"@context\":\"https:\\\/\\\/schema.org\",\"@graph\":[{\"@type\":\"WebPage\",\"@id\":\"https:\\\/\\\/xn--sykett-gua.fi\\\/joensuu\\\/en\\\/other-services\\\/borrowing-sports-equipment\\\/\",\"url\":\"https:\\\/\\\/xn--sykett-gua.fi\\\/joensuu\\\/en\\\/other-services\\\/borrowing-sports-equipment\\\/\",\"name\":\"Borrowing Sports Equipment - SYKETT\u00c4 Joensuu\",\"isPartOf\":{\"@id\":\"https:\\\/\\\/xn--sykett-gua.fi\\\/joensuu\\\/#website\"},\"primaryImageOfPage\":{\"@id\":\"https:\\\/\\\/xn--sykett-gua.fi\\\/joensuu\\\/en\\\/other-services\\\/borrowing-sports-equipment\\\/#primaryimage\"},\"image\":{\"@id\":\"https:\\\/\\\/xn--sykett-gua.fi\\\/joensuu\\\/en\\\/other-services\\\/borrowing-sports-equipment\\\/#primaryimage\"},\"thumbnailUrl\":\"https:\\\/\\\/xn--sykett-gua.fi\\\/joensuu\\\/wp-content\\\/uploads\\\/sites\\\/3\\\/2024\\\/06\\\/syketta-grafiikkaa-joensuu.gif\",\"datePublished\":\"2024-11-11T08:51:22+00:00\",\"dateModified\":\"2025-07-31T06:41:44+00:00\",\"description\":\"All SYKETT\u00c4 users can borrow sports equipment free of charge. The equipment is available at the ISYY office in the SYKETT\u00c4 exercise counseling room.\",\"breadcrumb\":{\"@id\":\"https:\\\/\\\/xn--sykett-gua.fi\\\/joensuu\\\/en\\\/other-services\\\/borrowing-sports-equipment\\\/#breadcrumb\"},\"inLanguage\":\"fi\",\"potentialAction\":[{\"@type\":\"ReadAction\",\"target\":[\"https:\\\/\\\/xn--sykett-gua.fi\\\/joensuu\\\/en\\\/other-services\\\/borrowing-sports-equipment\\\/\"]}]},{\"@type\":\"ImageObject\",\"inLanguage\":\"fi\",\"@id\":\"https:\\\/\\\/xn--sykett-gua.fi\\\/joensuu\\\/en\\\/other-services\\\/borrowing-sports-equipment\\\/#primaryimage\",\"url\":\"https:\\\/\\\/xn--sykett-gua.fi\\\/joensuu\\\/wp-content\\\/uploads\\\/sites\\\/3\\\/2024\\\/06\\\/syketta-grafiikkaa-joensuu.gif\",\"contentUrl\":\"https:\\\/\\\/xn--sykett-gua.fi\\\/joensuu\\\/wp-content\\\/uploads\\\/sites\\\/3\\\/2024\\\/06\\\/syketta-grafiikkaa-joensuu.gif\",\"width\":552,\"height\":575},{\"@type\":\"BreadcrumbList\",\"@id\":\"https:\\\/\\\/xn--sykett-gua.fi\\\/joensuu\\\/en\\\/other-services\\\/borrowing-sports-equipment\\\/#breadcrumb\",\"itemListElement\":[{\"@type\":\"ListItem\",\"position\":1,\"name\":\"Etusivu\",\"item\":\"https:\\\/\\\/xn--sykett-gua.fi\\\/joensuu\\\/fi\\\/joensuu\\\/\"},{\"@type\":\"ListItem\",\"position\":2,\"name\":\"Other Services\",\"item\":\"https:\\\/\\\/xn--sykett-gua.fi\\\/joensuu\\\/en\\\/other-services\\\/\"},{\"@type\":\"ListItem\",\"position\":3,\"name\":\"Borrowing Sports Equipment\"}]},{\"@type\":\"WebSite\",\"@id\":\"https:\\\/\\\/xn--sykett-gua.fi\\\/joensuu\\\/#website\",\"url\":\"https:\\\/\\\/xn--sykett-gua.fi\\\/joensuu\\\/\",\"name\":\"SYKETT\u00c4 Joensuu\",\"description\":\"\",\"publisher\":{\"@id\":\"https:\\\/\\\/xn--sykett-gua.fi\\\/joensuu\\\/#organization\"},\"potentialAction\":[{\"@type\":\"SearchAction\",\"target\":{\"@type\":\"EntryPoint\",\"urlTemplate\":\"https:\\\/\\\/xn--sykett-gua.fi\\\/joensuu\\\/?s={search_term_string}\"},\"query-input\":{\"@type\":\"PropertyValueSpecification\",\"valueRequired\":true,\"valueName\":\"search_term_string\"}}],\"inLanguage\":\"fi\"},{\"@type\":\"Organization\",\"@id\":\"https:\\\/\\\/xn--sykett-gua.fi\\\/joensuu\\\/#organization\",\"name\":\"SYKETT\u00c4 Joensuu\",\"url\":\"https:\\\/\\\/xn--sykett-gua.fi\\\/joensuu\\\/\",\"logo\":{\"@type\":\"ImageObject\",\"inLanguage\":\"fi\",\"@id\":\"https:\\\/\\\/xn--sykett-gua.fi\\\/joensuu\\\/#\\\/schema\\\/logo\\\/image\\\/\",\"url\":\"https:\\\/\\\/xn--sykett-gua.fi\\\/joensuu\\\/wp-content\\\/uploads\\\/sites\\\/3\\\/2024\\\/06\\\/Asset-2@2x-2.png\",\"contentUrl\":\"https:\\\/\\\/xn--sykett-gua.fi\\\/joensuu\\\/wp-content\\\/uploads\\\/sites\\\/3\\\/2024\\\/06\\\/Asset-2@2x-2.png\",\"width\":1003,\"height\":373,\"caption\":\"SYKETT\u00c4 Joensuu\"},\"image\":{\"@id\":\"https:\\\/\\\/xn--sykett-gua.fi\\\/joensuu\\\/#\\\/schema\\\/logo\\\/image\\\/\"}}]}<\/script>\n<!-- \/ Yoast SEO plugin. -->","yoast_head_json":{"title":"Borrowing Sports Equipment - SYKETT\u00c4 Joensuu","description":"All SYKETT\u00c4 users can borrow sports equipment free of charge. The equipment is available at the ISYY office in the SYKETT\u00c4 exercise counseling room.","robots":{"index":"index","follow":"follow","max-snippet":"max-snippet:-1","max-image-preview":"max-image-preview:large","max-video-preview":"max-video-preview:-1"},"canonical":"https:\/\/xn--sykett-gua.fi\/joensuu\/en\/other-services\/borrowing-sports-equipment\/","og_locale":"fi_FI","og_type":"article","og_title":"Borrowing Sports Equipment - SYKETT\u00c4 Joensuu","og_description":"All SYKETT\u00c4 users can borrow sports equipment free of charge. The equipment is available at the ISYY office in the SYKETT\u00c4 exercise counseling room.","og_url":"https:\/\/xn--sykett-gua.fi\/joensuu\/en\/other-services\/borrowing-sports-equipment\/","og_site_name":"SYKETT\u00c4 Joensuu","article_modified_time":"2025-07-31T06:41:44+00:00","og_image":[{"width":552,"height":575,"url":"https:\/\/xn--sykett-gua.fi\/joensuu\/wp-content\/uploads\/sites\/3\/2024\/06\/syketta-grafiikkaa-joensuu.gif","type":"image\/gif"}],"twitter_card":"summary_large_image","twitter_misc":{"Arvioitu lukuaika":"1 minuutti"},"schema":{"@context":"https:\/\/schema.org","@graph":[{"@type":"WebPage","@id":"https:\/\/xn--sykett-gua.fi\/joensuu\/en\/other-services\/borrowing-sports-equipment\/","url":"https:\/\/xn--sykett-gua.fi\/joensuu\/en\/other-services\/borrowing-sports-equipment\/","name":"Borrowing Sports Equipment - SYKETT\u00c4 Joensuu","isPartOf":{"@id":"https:\/\/xn--sykett-gua.fi\/joensuu\/#website"},"primaryImageOfPage":{"@id":"https:\/\/xn--sykett-gua.fi\/joensuu\/en\/other-services\/borrowing-sports-equipment\/#primaryimage"},"image":{"@id":"https:\/\/xn--sykett-gua.fi\/joensuu\/en\/other-services\/borrowing-sports-equipment\/#primaryimage"},"thumbnailUrl":"https:\/\/xn--sykett-gua.fi\/joensuu\/wp-content\/uploads\/sites\/3\/2024\/06\/syketta-grafiikkaa-joensuu.gif","datePublished":"2024-11-11T08:51:22+00:00","dateModified":"2025-07-31T06:41:44+00:00","description":"All SYKETT\u00c4 users can borrow sports equipment free of charge. The equipment is available at the ISYY office in the SYKETT\u00c4 exercise counseling room.","breadcrumb":{"@id":"https:\/\/xn--sykett-gua.fi\/joensuu\/en\/other-services\/borrowing-sports-equipment\/#breadcrumb"},"inLanguage":"fi","potentialAction":[{"@type":"ReadAction","target":["https:\/\/xn--sykett-gua.fi\/joensuu\/en\/other-services\/borrowing-sports-equipment\/"]}]},{"@type":"ImageObject","inLanguage":"fi","@id":"https:\/\/xn--sykett-gua.fi\/joensuu\/en\/other-services\/borrowing-sports-equipment\/#primaryimage","url":"https:\/\/xn--sykett-gua.fi\/joensuu\/wp-content\/uploads\/sites\/3\/2024\/06\/syketta-grafiikkaa-joensuu.gif","contentUrl":"https:\/\/xn--sykett-gua.fi\/joensuu\/wp-content\/uploads\/sites\/3\/2024\/06\/syketta-grafiikkaa-joensuu.gif","width":552,"height":575},{"@type":"BreadcrumbList","@id":"https:\/\/xn--sykett-gua.fi\/joensuu\/en\/other-services\/borrowing-sports-equipment\/#breadcrumb","itemListElement":[{"@type":"ListItem","position":1,"name":"Etusivu","item":"https:\/\/xn--sykett-gua.fi\/joensuu\/fi\/joensuu\/"},{"@type":"ListItem","position":2,"name":"Other Services","item":"https:\/\/xn--sykett-gua.fi\/joensuu\/en\/other-services\/"},{"@type":"ListItem","position":3,"name":"Borrowing Sports Equipment"}]},{"@type":"WebSite","@id":"https:\/\/xn--sykett-gua.fi\/joensuu\/#website","url":"https:\/\/xn--sykett-gua.fi\/joensuu\/","name":"SYKETT\u00c4 Joensuu","description":"","publisher":{"@id":"https:\/\/xn--sykett-gua.fi\/joensuu\/#organization"},"potentialAction":[{"@type":"SearchAction","target":{"@type":"EntryPoint","urlTemplate":"https:\/\/xn--sykett-gua.fi\/joensuu\/?s={search_term_string}"},"query-input":{"@type":"PropertyValueSpecification","valueRequired":true,"valueName":"search_term_string"}}],"inLanguage":"fi"},{"@type":"Organization","@id":"https:\/\/xn--sykett-gua.fi\/joensuu\/#organization","name":"SYKETT\u00c4 Joensuu","url":"https:\/\/xn--sykett-gua.fi\/joensuu\/","logo":{"@type":"ImageObject","inLanguage":"fi","@id":"https:\/\/xn--sykett-gua.fi\/joensuu\/#\/schema\/logo\/image\/","url":"https:\/\/xn--sykett-gua.fi\/joensuu\/wp-content\/uploads\/sites\/3\/2024\/06\/Asset-2@2x-2.png","contentUrl":"https:\/\/xn--sykett-gua.fi\/joensuu\/wp-content\/uploads\/sites\/3\/2024\/06\/Asset-2@2x-2.png","width":1003,"height":373,"caption":"SYKETT\u00c4 Joensuu"},"image":{"@id":"https:\/\/xn--sykett-gua.fi\/joensuu\/#\/schema\/logo\/image\/"}}]}},"_links":{"self":[{"href":"https:\/\/xn--sykett-gua.fi\/joensuu\/wp-json\/wp\/v2\/pages\/5226","targetHints":{"allow":["GET"]}}],"collection":[{"href":"https:\/\/xn--sykett-gua.fi\/joensuu\/wp-json\/wp\/v2\/pages"}],"about":[{"href":"https:\/\/xn--sykett-gua.fi\/joensuu\/wp-json\/wp\/v2\/types\/page"}],"author":[{"embeddable":true,"href":"https:\/\/xn--sykett-gua.fi\/joensuu\/wp-json\/wp\/v2\/users\/3"}],"replies":[{"embeddable":true,"href":"https:\/\/xn--sykett-gua.fi\/joensuu\/wp-json\/wp\/v2\/comments?post=5226"}],"version-history":[{"count":16,"href":"https:\/\/xn--sykett-gua.fi\/joensuu\/wp-json\/wp\/v2\/pages\/5226\/revisions"}],"predecessor-version":[{"id":8457,"href":"https:\/\/xn--sykett-gua.fi\/joensuu\/wp-json\/wp\/v2\/pages\/5226\/revisions\/8457"}],"up":[{"embeddable":true,"href":"https:\/\/xn--sykett-gua.fi\/joensuu\/wp-json\/wp\/v2\/pages\/2142"}],"wp:attachment":[{"href":"https:\/\/xn--sykett-gua.fi\/joensuu\/wp-json\/wp\/v2\/media?parent=5226"}],"curies":[{"name":"wp","href":"https:\/\/api.w.org\/{rel}","templated":true}]}}