{"id":6546,"date":"2025-03-27T14:51:23","date_gmt":"2025-03-27T12:51:23","guid":{"rendered":"https:\/\/xn--sykett-gua.fi\/joensuu\/?page_id=6546"},"modified":"2025-06-27T14:00:25","modified_gmt":"2025-06-27T11:00:25","slug":"tarjoukset-syketta-kayttajille","status":"publish","type":"page","link":"https:\/\/xn--sykett-gua.fi\/joensuu\/palvelut\/tarjoukset-syketta-kayttajille\/","title":{"rendered":"Tarjoukset SYKETT\u00c4-k\u00e4ytt\u00e4jille"},"content":{"rendered":"\t\t<div data-elementor-type=\"wp-page\" data-elementor-id=\"6546\" class=\"elementor elementor-6546\" data-elementor-post-type=\"page\">\n\t\t\t\t<div data-particle_enable=\"false\" data-particle-mobile-disabled=\"false\" class=\"elementor-element elementor-element-ae7576c e-flex e-con-boxed e-con e-parent\" data-id=\"ae7576c\" data-element_type=\"container\" data-e-type=\"container\">\n\t\t\t\t\t<div class=\"e-con-inner\">\n\t\t<div data-particle_enable=\"false\" data-particle-mobile-disabled=\"false\" class=\"elementor-element elementor-element-6ed3841 e-flex e-con-boxed e-con e-child\" data-id=\"6ed3841\" data-element_type=\"container\" data-e-type=\"container\">\n\t\t\t\t\t<div class=\"e-con-inner\">\n\t\t\t\t<div class=\"elementor-element elementor-element-d9d59b1 elementor-widget elementor-widget-text-editor\" data-id=\"d9d59b1\" data-element_type=\"widget\" data-e-type=\"widget\" data-widget_type=\"text-editor.default\">\n\t\t\t\t<div class=\"elementor-widget-container\">\n\t\t\t\t\t\t\t\t\t<h2>Kuntokeskus Energy<\/h2><p>Tarjoamme SYKETT\u00c4-asiakkaille ryhm\u00e4liikuntatunnit 4,90 \u20ac\/kertak\u00e4ynti, klo 15 j\u00e4lkeen 7,90 \u20ac\/kertak\u00e4ynti.<\/p><p>Vastaanotto avoinna:<br \/>Ma-to avoinna klo 9-19<br \/>Pe avoinna klo 9-17<br \/>La avoinna klo 10-14<\/p><p>Yhteystiedot:<br \/>Energy Joensuu, Metropol<br \/>010 4206650<br \/>Torikatu 31<br \/>80100 Joensuu<br \/>Kauppakeskus Metropol<\/p><p>Lue lis\u00e4\u00e4:<br \/><a href=\"https:\/\/www.kuntokeskusenergy.com\/\" target=\"_blank\" rel=\"noopener noreferrer\">Kuntokeskus Energy<\/a><\/p>\t\t\t\t\t\t\t\t<\/div>\n\t\t\t\t<\/div>\n\t\t\t\t\t<\/div>\n\t\t\t\t<\/div>\n\t\t<div data-particle_enable=\"false\" data-particle-mobile-disabled=\"false\" class=\"elementor-element elementor-element-f5e3be2 e-flex e-con-boxed e-con e-child\" data-id=\"f5e3be2\" data-element_type=\"container\" data-e-type=\"container\">\n\t\t\t\t\t<div class=\"e-con-inner\">\n\t\t\t\t<div class=\"elementor-element elementor-element-8223215 elementor-widget elementor-widget-text-editor\" data-id=\"8223215\" data-element_type=\"widget\" data-e-type=\"widget\" data-widget_type=\"text-editor.default\">\n\t\t\t\t<div class=\"elementor-widget-container\">\n\t\t\t\t\t\t\t\t\t<h2>Hermoratahieroja Helena Tanskanen<\/h2>\n<p>Hermoratahieronta:<br>60\u20ac \/ 90-120 min<\/p>\n<p>Intialainen p\u00e4\u00e4hieronta:20 \u20ac \/ 30 min<br>33 \u20ac \/ 50 min<\/p>\n<p>Hot stone:<br>39 \u20ac \/ 60 min<\/p>\n<p>Wellnesshieronta:<br>37 \u20ac \/ 60 min<\/p>\n<p>Jalkahieronta<br>30 \u20ac \/ 45 min<\/p>\n<p>Tervetuloa!<\/p>\n<p>Yhteystiedot:<br>Hermoratahieroja Helena Tanskanen<br>Suvenraitti 2b<br>80910 Kulho<br>044 9842359<\/p>\n<p>Ajo-ohjeet:<br>Autolla ajaa Kulhoon n. 15 minuuttia. Kulhoon p\u00e4\u00e4see my\u00f6s bussilla numero 4 ja bussista tulee j\u00e4\u00e4d\u00e4 pois Kulhon p\u00e4\u00e4tepys\u00e4kill\u00e4. Hermoratahieronta-opasteita seuraamalla p\u00e4\u00e4see perille, k\u00e4velymatkaa on n. 5 minuuttia.<\/p>\t\t\t\t\t\t\t\t<\/div>\n\t\t\t\t<\/div>\n\t\t\t\t\t<\/div>\n\t\t\t\t<\/div>\n\t\t\t\t\t<\/div>\n\t\t\t\t<\/div>\n\t\t\t\t<\/div>\n\t\t","protected":false},"excerpt":{"rendered":"<p>Kuntokeskus Energy Tarjoamme SYKETT\u00c4-asiakkaille ryhm\u00e4liikuntatunnit 4,90 \u20ac\/kertak\u00e4ynti, klo 15 j\u00e4lkeen 7,90 \u20ac\/kertak\u00e4ynti. Vastaanotto avoinna:Ma-to avoinna klo 9-19Pe avoinna klo 9-17La avoinna klo 10-14 Yhteystiedot:Energy Joensuu, Metropol010 4206650Torikatu 3180100 JoensuuKauppakeskus Metropol Lue lis\u00e4\u00e4:Kuntokeskus Energy Hermoratahieroja Helena Tanskanen Hermoratahieronta:60\u20ac \/ 90-120 min Intialainen p\u00e4\u00e4hieronta:20 \u20ac \/ 30 min33 \u20ac \/ 50 min Hot stone:39 \u20ac \/ 60 [&hellip;]<\/p>\n","protected":false},"author":3,"featured_media":0,"parent":3009,"menu_order":0,"comment_status":"closed","ping_status":"closed","template":"","meta":{"iawp_total_views":151,"footnotes":""},"class_list":["post-6546","page","type-page","status-publish","hentry"],"yoast_head":"<!-- This site is optimized with the Yoast SEO plugin v27.5 - https:\/\/yoast.com\/product\/yoast-seo-wordpress\/ -->\n<title>Tarjoukset SYKETT\u00c4-k\u00e4ytt\u00e4jille - SYKETT\u00c4 Joensuu<\/title>\n<meta name=\"description\" content=\"Offers for SYKETT\u00c4 Users.\" \/>\n<meta name=\"robots\" content=\"index, follow, max-snippet:-1, max-image-preview:large, max-video-preview:-1\" \/>\n<link rel=\"canonical\" href=\"https:\/\/xn--sykett-gua.fi\/joensuu\/palvelut\/tarjoukset-syketta-kayttajille\/\" \/>\n<meta property=\"og:locale\" content=\"fi_FI\" \/>\n<meta property=\"og:type\" content=\"article\" \/>\n<meta property=\"og:title\" content=\"Tarjoukset SYKETT\u00c4-k\u00e4ytt\u00e4jille - SYKETT\u00c4 Joensuu\" \/>\n<meta property=\"og:description\" content=\"Offers for SYKETT\u00c4 Users.\" \/>\n<meta property=\"og:url\" content=\"https:\/\/xn--sykett-gua.fi\/joensuu\/palvelut\/tarjoukset-syketta-kayttajille\/\" \/>\n<meta property=\"og:site_name\" content=\"SYKETT\u00c4 Joensuu\" \/>\n<meta property=\"article:modified_time\" content=\"2025-06-27T11:00:25+00:00\" \/>\n<meta name=\"twitter:card\" content=\"summary_large_image\" \/>\n<meta name=\"twitter:label1\" content=\"Arvioitu lukuaika\" \/>\n\t<meta name=\"twitter:data1\" content=\"1 minuutti\" \/>\n<script type=\"application\/ld+json\" class=\"yoast-schema-graph\">{\"@context\":\"https:\\\/\\\/schema.org\",\"@graph\":[{\"@type\":\"WebPage\",\"@id\":\"https:\\\/\\\/xn--sykett-gua.fi\\\/joensuu\\\/palvelut\\\/tarjoukset-syketta-kayttajille\\\/\",\"url\":\"https:\\\/\\\/xn--sykett-gua.fi\\\/joensuu\\\/palvelut\\\/tarjoukset-syketta-kayttajille\\\/\",\"name\":\"Tarjoukset SYKETT\u00c4-k\u00e4ytt\u00e4jille - SYKETT\u00c4 Joensuu\",\"isPartOf\":{\"@id\":\"https:\\\/\\\/xn--sykett-gua.fi\\\/joensuu\\\/#website\"},\"datePublished\":\"2025-03-27T12:51:23+00:00\",\"dateModified\":\"2025-06-27T11:00:25+00:00\",\"description\":\"Offers for SYKETT\u00c4 Users.\",\"breadcrumb\":{\"@id\":\"https:\\\/\\\/xn--sykett-gua.fi\\\/joensuu\\\/palvelut\\\/tarjoukset-syketta-kayttajille\\\/#breadcrumb\"},\"inLanguage\":\"fi\",\"potentialAction\":[{\"@type\":\"ReadAction\",\"target\":[\"https:\\\/\\\/xn--sykett-gua.fi\\\/joensuu\\\/palvelut\\\/tarjoukset-syketta-kayttajille\\\/\"]}]},{\"@type\":\"BreadcrumbList\",\"@id\":\"https:\\\/\\\/xn--sykett-gua.fi\\\/joensuu\\\/palvelut\\\/tarjoukset-syketta-kayttajille\\\/#breadcrumb\",\"itemListElement\":[{\"@type\":\"ListItem\",\"position\":1,\"name\":\"Etusivu\",\"item\":\"https:\\\/\\\/xn--sykett-gua.fi\\\/joensuu\\\/fi\\\/joensuu\\\/\"},{\"@type\":\"ListItem\",\"position\":2,\"name\":\"Palvelut\",\"item\":\"https:\\\/\\\/xn--sykett-gua.fi\\\/joensuu\\\/palvelut\\\/\"},{\"@type\":\"ListItem\",\"position\":3,\"name\":\"Tarjoukset SYKETT\u00c4-k\u00e4ytt\u00e4jille\"}]},{\"@type\":\"WebSite\",\"@id\":\"https:\\\/\\\/xn--sykett-gua.fi\\\/joensuu\\\/#website\",\"url\":\"https:\\\/\\\/xn--sykett-gua.fi\\\/joensuu\\\/\",\"name\":\"SYKETT\u00c4 Joensuu\",\"description\":\"\",\"publisher\":{\"@id\":\"https:\\\/\\\/xn--sykett-gua.fi\\\/joensuu\\\/#organization\"},\"potentialAction\":[{\"@type\":\"SearchAction\",\"target\":{\"@type\":\"EntryPoint\",\"urlTemplate\":\"https:\\\/\\\/xn--sykett-gua.fi\\\/joensuu\\\/?s={search_term_string}\"},\"query-input\":{\"@type\":\"PropertyValueSpecification\",\"valueRequired\":true,\"valueName\":\"search_term_string\"}}],\"inLanguage\":\"fi\"},{\"@type\":\"Organization\",\"@id\":\"https:\\\/\\\/xn--sykett-gua.fi\\\/joensuu\\\/#organization\",\"name\":\"SYKETT\u00c4 Joensuu\",\"url\":\"https:\\\/\\\/xn--sykett-gua.fi\\\/joensuu\\\/\",\"logo\":{\"@type\":\"ImageObject\",\"inLanguage\":\"fi\",\"@id\":\"https:\\\/\\\/xn--sykett-gua.fi\\\/joensuu\\\/#\\\/schema\\\/logo\\\/image\\\/\",\"url\":\"https:\\\/\\\/xn--sykett-gua.fi\\\/joensuu\\\/wp-content\\\/uploads\\\/sites\\\/3\\\/2024\\\/06\\\/Asset-2@2x-2.png\",\"contentUrl\":\"https:\\\/\\\/xn--sykett-gua.fi\\\/joensuu\\\/wp-content\\\/uploads\\\/sites\\\/3\\\/2024\\\/06\\\/Asset-2@2x-2.png\",\"width\":1003,\"height\":373,\"caption\":\"SYKETT\u00c4 Joensuu\"},\"image\":{\"@id\":\"https:\\\/\\\/xn--sykett-gua.fi\\\/joensuu\\\/#\\\/schema\\\/logo\\\/image\\\/\"}}]}<\/script>\n<!-- \/ Yoast SEO plugin. -->","yoast_head_json":{"title":"Tarjoukset SYKETT\u00c4-k\u00e4ytt\u00e4jille - SYKETT\u00c4 Joensuu","description":"Offers for SYKETT\u00c4 Users.","robots":{"index":"index","follow":"follow","max-snippet":"max-snippet:-1","max-image-preview":"max-image-preview:large","max-video-preview":"max-video-preview:-1"},"canonical":"https:\/\/xn--sykett-gua.fi\/joensuu\/palvelut\/tarjoukset-syketta-kayttajille\/","og_locale":"fi_FI","og_type":"article","og_title":"Tarjoukset SYKETT\u00c4-k\u00e4ytt\u00e4jille - SYKETT\u00c4 Joensuu","og_description":"Offers for SYKETT\u00c4 Users.","og_url":"https:\/\/xn--sykett-gua.fi\/joensuu\/palvelut\/tarjoukset-syketta-kayttajille\/","og_site_name":"SYKETT\u00c4 Joensuu","article_modified_time":"2025-06-27T11:00:25+00:00","twitter_card":"summary_large_image","twitter_misc":{"Arvioitu lukuaika":"1 minuutti"},"schema":{"@context":"https:\/\/schema.org","@graph":[{"@type":"WebPage","@id":"https:\/\/xn--sykett-gua.fi\/joensuu\/palvelut\/tarjoukset-syketta-kayttajille\/","url":"https:\/\/xn--sykett-gua.fi\/joensuu\/palvelut\/tarjoukset-syketta-kayttajille\/","name":"Tarjoukset SYKETT\u00c4-k\u00e4ytt\u00e4jille - SYKETT\u00c4 Joensuu","isPartOf":{"@id":"https:\/\/xn--sykett-gua.fi\/joensuu\/#website"},"datePublished":"2025-03-27T12:51:23+00:00","dateModified":"2025-06-27T11:00:25+00:00","description":"Offers for SYKETT\u00c4 Users.","breadcrumb":{"@id":"https:\/\/xn--sykett-gua.fi\/joensuu\/palvelut\/tarjoukset-syketta-kayttajille\/#breadcrumb"},"inLanguage":"fi","potentialAction":[{"@type":"ReadAction","target":["https:\/\/xn--sykett-gua.fi\/joensuu\/palvelut\/tarjoukset-syketta-kayttajille\/"]}]},{"@type":"BreadcrumbList","@id":"https:\/\/xn--sykett-gua.fi\/joensuu\/palvelut\/tarjoukset-syketta-kayttajille\/#breadcrumb","itemListElement":[{"@type":"ListItem","position":1,"name":"Etusivu","item":"https:\/\/xn--sykett-gua.fi\/joensuu\/fi\/joensuu\/"},{"@type":"ListItem","position":2,"name":"Palvelut","item":"https:\/\/xn--sykett-gua.fi\/joensuu\/palvelut\/"},{"@type":"ListItem","position":3,"name":"Tarjoukset SYKETT\u00c4-k\u00e4ytt\u00e4jille"}]},{"@type":"WebSite","@id":"https:\/\/xn--sykett-gua.fi\/joensuu\/#website","url":"https:\/\/xn--sykett-gua.fi\/joensuu\/","name":"SYKETT\u00c4 Joensuu","description":"","publisher":{"@id":"https:\/\/xn--sykett-gua.fi\/joensuu\/#organization"},"potentialAction":[{"@type":"SearchAction","target":{"@type":"EntryPoint","urlTemplate":"https:\/\/xn--sykett-gua.fi\/joensuu\/?s={search_term_string}"},"query-input":{"@type":"PropertyValueSpecification","valueRequired":true,"valueName":"search_term_string"}}],"inLanguage":"fi"},{"@type":"Organization","@id":"https:\/\/xn--sykett-gua.fi\/joensuu\/#organization","name":"SYKETT\u00c4 Joensuu","url":"https:\/\/xn--sykett-gua.fi\/joensuu\/","logo":{"@type":"ImageObject","inLanguage":"fi","@id":"https:\/\/xn--sykett-gua.fi\/joensuu\/#\/schema\/logo\/image\/","url":"https:\/\/xn--sykett-gua.fi\/joensuu\/wp-content\/uploads\/sites\/3\/2024\/06\/Asset-2@2x-2.png","contentUrl":"https:\/\/xn--sykett-gua.fi\/joensuu\/wp-content\/uploads\/sites\/3\/2024\/06\/Asset-2@2x-2.png","width":1003,"height":373,"caption":"SYKETT\u00c4 Joensuu"},"image":{"@id":"https:\/\/xn--sykett-gua.fi\/joensuu\/#\/schema\/logo\/image\/"}}]}},"_links":{"self":[{"href":"https:\/\/xn--sykett-gua.fi\/joensuu\/wp-json\/wp\/v2\/pages\/6546","targetHints":{"allow":["GET"]}}],"collection":[{"href":"https:\/\/xn--sykett-gua.fi\/joensuu\/wp-json\/wp\/v2\/pages"}],"about":[{"href":"https:\/\/xn--sykett-gua.fi\/joensuu\/wp-json\/wp\/v2\/types\/page"}],"author":[{"embeddable":true,"href":"https:\/\/xn--sykett-gua.fi\/joensuu\/wp-json\/wp\/v2\/users\/3"}],"replies":[{"embeddable":true,"href":"https:\/\/xn--sykett-gua.fi\/joensuu\/wp-json\/wp\/v2\/comments?post=6546"}],"version-history":[{"count":7,"href":"https:\/\/xn--sykett-gua.fi\/joensuu\/wp-json\/wp\/v2\/pages\/6546\/revisions"}],"predecessor-version":[{"id":7924,"href":"https:\/\/xn--sykett-gua.fi\/joensuu\/wp-json\/wp\/v2\/pages\/6546\/revisions\/7924"}],"up":[{"embeddable":true,"href":"https:\/\/xn--sykett-gua.fi\/joensuu\/wp-json\/wp\/v2\/pages\/3009"}],"wp:attachment":[{"href":"https:\/\/xn--sykett-gua.fi\/joensuu\/wp-json\/wp\/v2\/media?parent=6546"}],"curies":[{"name":"wp","href":"https:\/\/api.w.org\/{rel}","templated":true}]}}