{"id":6935,"date":"2025-05-27T13:19:34","date_gmt":"2025-05-27T10:19:34","guid":{"rendered":"https:\/\/xn--sykett-gua.fi\/joensuu\/?page_id=6935"},"modified":"2025-05-27T13:20:47","modified_gmt":"2025-05-27T10:20:47","slug":"hae-meille-toihin","status":"publish","type":"page","link":"https:\/\/xn--sykett-gua.fi\/joensuu\/yhteystiedot\/hae-meille-toihin\/","title":{"rendered":"Hae meille t\u00f6ihin"},"content":{"rendered":"\t\t<div data-elementor-type=\"wp-page\" data-elementor-id=\"6935\" class=\"elementor elementor-6935\" data-elementor-post-type=\"page\">\n\t\t\t\t<div data-particle_enable=\"false\" data-particle-mobile-disabled=\"false\" class=\"elementor-element elementor-element-2f55b31 e-flex e-con-boxed e-con e-parent\" data-id=\"2f55b31\" data-element_type=\"container\" data-e-type=\"container\">\n\t\t\t\t\t<div class=\"e-con-inner\">\n\t\t<div data-particle_enable=\"false\" data-particle-mobile-disabled=\"false\" class=\"elementor-element elementor-element-9065e86 e-con-full e-flex e-con e-child\" data-id=\"9065e86\" data-element_type=\"container\" data-e-type=\"container\">\n\t\t\t\t<div class=\"elementor-element elementor-element-a236be7 elementor-widget__width-initial elementor-widget elementor-widget-text-editor\" data-id=\"a236be7\" data-element_type=\"widget\" data-e-type=\"widget\" data-widget_type=\"text-editor.default\">\n\t\t\t\t<div class=\"elementor-widget-container\">\n\t\t\t\t\t\t\t\t\t<h2>Haluatko olla osa SYKETT\u00c4-ohjaajatiimi\u00e4?<\/h2><p>Haemme jatkuvasti uusia ohjaajia SYKETT\u00c4-tiimiimme. Voit hakea meille\u00a0<a href=\"https:\/\/forms.gle\/LyEZbMWcyqF4Ge61A\" target=\"_blank\" rel=\"noopener noreferrer\">avoimella lomakkeella<\/a>\u00a0l\u00e4pi vuoden. SYKETT\u00c4-palvelut toimivat korkeakoulujen lukuvuosien mukaisesti ja suurin tarve uusille ohjaajille on aina syyskuun ja tammikuun alussa.<\/p><p>Haemme kaikenlaisia erilaisen taustan, koulutuksen ja kokemuksen omaavia ohjaajia, joten laita vain rohkeasti hakemusta tulemaan, jos liikunnan ohjaaminen kiinnostaa sinua.<\/p>\t\t\t\t\t\t\t\t<\/div>\n\t\t\t\t<\/div>\n\t\t\t\t<\/div>\n\t\t<div data-particle_enable=\"false\" data-particle-mobile-disabled=\"false\" class=\"elementor-element elementor-element-2b41b64 e-con-full e-flex e-con e-child\" data-id=\"2b41b64\" data-element_type=\"container\" data-e-type=\"container\">\n\t\t\t\t<div class=\"elementor-element elementor-element-a1d13fb elementor-widget elementor-widget-image\" data-id=\"a1d13fb\" data-element_type=\"widget\" data-e-type=\"widget\" data-widget_type=\"image.default\">\n\t\t\t\t<div class=\"elementor-widget-container\">\n\t\t\t\t\t\t\t\t\t\t\t\t\t\t\t<img fetchpriority=\"high\" decoding=\"async\" width=\"800\" height=\"348\" src=\"https:\/\/xn--sykett-gua.fi\/joensuu\/wp-content\/uploads\/sites\/3\/2025\/05\/rekry-1024x446.jpg\" class=\"attachment-large size-large wp-image-6937\" alt=\"\" srcset=\"https:\/\/xn--sykett-gua.fi\/joensuu\/wp-content\/uploads\/sites\/3\/2025\/05\/rekry-1024x446.jpg 1024w, https:\/\/xn--sykett-gua.fi\/joensuu\/wp-content\/uploads\/sites\/3\/2025\/05\/rekry-300x131.jpg 300w, https:\/\/xn--sykett-gua.fi\/joensuu\/wp-content\/uploads\/sites\/3\/2025\/05\/rekry-768x334.jpg 768w, https:\/\/xn--sykett-gua.fi\/joensuu\/wp-content\/uploads\/sites\/3\/2025\/05\/rekry-1536x668.jpg 1536w, https:\/\/xn--sykett-gua.fi\/joensuu\/wp-content\/uploads\/sites\/3\/2025\/05\/rekry-2048x891.jpg 2048w\" sizes=\"(max-width: 800px) 100vw, 800px\" \/>\t\t\t\t\t\t\t\t\t\t\t\t\t\t\t<\/div>\n\t\t\t\t<\/div>\n\t\t\t\t<\/div>\n\t\t\t\t\t<\/div>\n\t\t\t\t<\/div>\n\t\t\t\t<\/div>\n\t\t","protected":false},"excerpt":{"rendered":"<p>Haluatko olla osa SYKETT\u00c4-ohjaajatiimi\u00e4? Haemme jatkuvasti uusia ohjaajia SYKETT\u00c4-tiimiimme. Voit hakea meille\u00a0avoimella lomakkeella\u00a0l\u00e4pi vuoden. SYKETT\u00c4-palvelut toimivat korkeakoulujen lukuvuosien mukaisesti ja suurin tarve uusille ohjaajille on aina syyskuun ja tammikuun alussa. Haemme kaikenlaisia erilaisen taustan, koulutuksen ja kokemuksen omaavia ohjaajia, joten laita vain rohkeasti hakemusta tulemaan, jos liikunnan ohjaaminen kiinnostaa sinua.<\/p>\n","protected":false},"author":3,"featured_media":0,"parent":3014,"menu_order":0,"comment_status":"closed","ping_status":"closed","template":"","meta":{"iawp_total_views":165,"footnotes":""},"class_list":["post-6935","page","type-page","status-publish","hentry"],"yoast_head":"<!-- This site is optimized with the Yoast SEO plugin v27.3 - https:\/\/yoast.com\/product\/yoast-seo-wordpress\/ -->\n<title>Hae meille t\u00f6ihin - SYKETT\u00c4 Joensuu<\/title>\n<meta name=\"robots\" content=\"index, follow, max-snippet:-1, max-image-preview:large, max-video-preview:-1\" \/>\n<link rel=\"canonical\" href=\"https:\/\/xn--sykett-gua.fi\/joensuu\/yhteystiedot\/hae-meille-toihin\/\" \/>\n<meta property=\"og:locale\" content=\"fi_FI\" \/>\n<meta property=\"og:type\" content=\"article\" \/>\n<meta property=\"og:title\" content=\"Hae meille t\u00f6ihin - SYKETT\u00c4 Joensuu\" \/>\n<meta property=\"og:description\" content=\"Haluatko olla osa SYKETT\u00c4-ohjaajatiimi\u00e4? Haemme jatkuvasti uusia ohjaajia SYKETT\u00c4-tiimiimme. Voit hakea meille\u00a0avoimella lomakkeella\u00a0l\u00e4pi vuoden. SYKETT\u00c4-palvelut toimivat korkeakoulujen lukuvuosien mukaisesti ja suurin tarve uusille ohjaajille on aina syyskuun ja tammikuun alussa. Haemme kaikenlaisia erilaisen taustan, koulutuksen ja kokemuksen omaavia ohjaajia, joten laita vain rohkeasti hakemusta tulemaan, jos liikunnan ohjaaminen kiinnostaa sinua.\" \/>\n<meta property=\"og:url\" content=\"https:\/\/xn--sykett-gua.fi\/joensuu\/yhteystiedot\/hae-meille-toihin\/\" \/>\n<meta property=\"og:site_name\" content=\"SYKETT\u00c4 Joensuu\" \/>\n<meta property=\"article:modified_time\" content=\"2025-05-27T10:20:47+00:00\" \/>\n<meta property=\"og:image\" content=\"https:\/\/xn--sykett-gua.fi\/joensuu\/wp-content\/uploads\/sites\/3\/2025\/05\/rekry-scaled.jpg\" \/>\n\t<meta property=\"og:image:width\" content=\"2560\" \/>\n\t<meta property=\"og:image:height\" content=\"1114\" \/>\n\t<meta property=\"og:image:type\" content=\"image\/jpeg\" \/>\n<meta name=\"twitter:card\" content=\"summary_large_image\" \/>\n<meta name=\"twitter:label1\" content=\"Arvioitu lukuaika\" \/>\n\t<meta name=\"twitter:data1\" content=\"1 minuutti\" \/>\n<script type=\"application\/ld+json\" class=\"yoast-schema-graph\">{\"@context\":\"https:\\\/\\\/schema.org\",\"@graph\":[{\"@type\":\"WebPage\",\"@id\":\"https:\\\/\\\/xn--sykett-gua.fi\\\/joensuu\\\/yhteystiedot\\\/hae-meille-toihin\\\/\",\"url\":\"https:\\\/\\\/xn--sykett-gua.fi\\\/joensuu\\\/yhteystiedot\\\/hae-meille-toihin\\\/\",\"name\":\"Hae meille t\u00f6ihin - SYKETT\u00c4 Joensuu\",\"isPartOf\":{\"@id\":\"https:\\\/\\\/xn--sykett-gua.fi\\\/joensuu\\\/#website\"},\"primaryImageOfPage\":{\"@id\":\"https:\\\/\\\/xn--sykett-gua.fi\\\/joensuu\\\/yhteystiedot\\\/hae-meille-toihin\\\/#primaryimage\"},\"image\":{\"@id\":\"https:\\\/\\\/xn--sykett-gua.fi\\\/joensuu\\\/yhteystiedot\\\/hae-meille-toihin\\\/#primaryimage\"},\"thumbnailUrl\":\"https:\\\/\\\/xn--sykett-gua.fi\\\/joensuu\\\/wp-content\\\/uploads\\\/sites\\\/3\\\/2025\\\/05\\\/rekry-1024x446.jpg\",\"datePublished\":\"2025-05-27T10:19:34+00:00\",\"dateModified\":\"2025-05-27T10:20:47+00:00\",\"breadcrumb\":{\"@id\":\"https:\\\/\\\/xn--sykett-gua.fi\\\/joensuu\\\/yhteystiedot\\\/hae-meille-toihin\\\/#breadcrumb\"},\"inLanguage\":\"fi\",\"potentialAction\":[{\"@type\":\"ReadAction\",\"target\":[\"https:\\\/\\\/xn--sykett-gua.fi\\\/joensuu\\\/yhteystiedot\\\/hae-meille-toihin\\\/\"]}]},{\"@type\":\"ImageObject\",\"inLanguage\":\"fi\",\"@id\":\"https:\\\/\\\/xn--sykett-gua.fi\\\/joensuu\\\/yhteystiedot\\\/hae-meille-toihin\\\/#primaryimage\",\"url\":\"https:\\\/\\\/xn--sykett-gua.fi\\\/joensuu\\\/wp-content\\\/uploads\\\/sites\\\/3\\\/2025\\\/05\\\/rekry-scaled.jpg\",\"contentUrl\":\"https:\\\/\\\/xn--sykett-gua.fi\\\/joensuu\\\/wp-content\\\/uploads\\\/sites\\\/3\\\/2025\\\/05\\\/rekry-scaled.jpg\",\"width\":2560,\"height\":1114},{\"@type\":\"BreadcrumbList\",\"@id\":\"https:\\\/\\\/xn--sykett-gua.fi\\\/joensuu\\\/yhteystiedot\\\/hae-meille-toihin\\\/#breadcrumb\",\"itemListElement\":[{\"@type\":\"ListItem\",\"position\":1,\"name\":\"Etusivu\",\"item\":\"https:\\\/\\\/xn--sykett-gua.fi\\\/joensuu\\\/fi\\\/joensuu\\\/\"},{\"@type\":\"ListItem\",\"position\":2,\"name\":\"Yhteystiedot\",\"item\":\"https:\\\/\\\/xn--sykett-gua.fi\\\/joensuu\\\/yhteystiedot\\\/\"},{\"@type\":\"ListItem\",\"position\":3,\"name\":\"Hae meille t\u00f6ihin\"}]},{\"@type\":\"WebSite\",\"@id\":\"https:\\\/\\\/xn--sykett-gua.fi\\\/joensuu\\\/#website\",\"url\":\"https:\\\/\\\/xn--sykett-gua.fi\\\/joensuu\\\/\",\"name\":\"SYKETT\u00c4 Joensuu\",\"description\":\"\",\"publisher\":{\"@id\":\"https:\\\/\\\/xn--sykett-gua.fi\\\/joensuu\\\/#organization\"},\"potentialAction\":[{\"@type\":\"SearchAction\",\"target\":{\"@type\":\"EntryPoint\",\"urlTemplate\":\"https:\\\/\\\/xn--sykett-gua.fi\\\/joensuu\\\/?s={search_term_string}\"},\"query-input\":{\"@type\":\"PropertyValueSpecification\",\"valueRequired\":true,\"valueName\":\"search_term_string\"}}],\"inLanguage\":\"fi\"},{\"@type\":\"Organization\",\"@id\":\"https:\\\/\\\/xn--sykett-gua.fi\\\/joensuu\\\/#organization\",\"name\":\"SYKETT\u00c4 Joensuu\",\"url\":\"https:\\\/\\\/xn--sykett-gua.fi\\\/joensuu\\\/\",\"logo\":{\"@type\":\"ImageObject\",\"inLanguage\":\"fi\",\"@id\":\"https:\\\/\\\/xn--sykett-gua.fi\\\/joensuu\\\/#\\\/schema\\\/logo\\\/image\\\/\",\"url\":\"https:\\\/\\\/xn--sykett-gua.fi\\\/joensuu\\\/wp-content\\\/uploads\\\/sites\\\/3\\\/2024\\\/06\\\/Asset-2@2x-2.png\",\"contentUrl\":\"https:\\\/\\\/xn--sykett-gua.fi\\\/joensuu\\\/wp-content\\\/uploads\\\/sites\\\/3\\\/2024\\\/06\\\/Asset-2@2x-2.png\",\"width\":1003,\"height\":373,\"caption\":\"SYKETT\u00c4 Joensuu\"},\"image\":{\"@id\":\"https:\\\/\\\/xn--sykett-gua.fi\\\/joensuu\\\/#\\\/schema\\\/logo\\\/image\\\/\"}}]}<\/script>\n<!-- \/ Yoast SEO plugin. -->","yoast_head_json":{"title":"Hae meille t\u00f6ihin - SYKETT\u00c4 Joensuu","robots":{"index":"index","follow":"follow","max-snippet":"max-snippet:-1","max-image-preview":"max-image-preview:large","max-video-preview":"max-video-preview:-1"},"canonical":"https:\/\/xn--sykett-gua.fi\/joensuu\/yhteystiedot\/hae-meille-toihin\/","og_locale":"fi_FI","og_type":"article","og_title":"Hae meille t\u00f6ihin - SYKETT\u00c4 Joensuu","og_description":"Haluatko olla osa SYKETT\u00c4-ohjaajatiimi\u00e4? Haemme jatkuvasti uusia ohjaajia SYKETT\u00c4-tiimiimme. Voit hakea meille\u00a0avoimella lomakkeella\u00a0l\u00e4pi vuoden. SYKETT\u00c4-palvelut toimivat korkeakoulujen lukuvuosien mukaisesti ja suurin tarve uusille ohjaajille on aina syyskuun ja tammikuun alussa. Haemme kaikenlaisia erilaisen taustan, koulutuksen ja kokemuksen omaavia ohjaajia, joten laita vain rohkeasti hakemusta tulemaan, jos liikunnan ohjaaminen kiinnostaa sinua.","og_url":"https:\/\/xn--sykett-gua.fi\/joensuu\/yhteystiedot\/hae-meille-toihin\/","og_site_name":"SYKETT\u00c4 Joensuu","article_modified_time":"2025-05-27T10:20:47+00:00","og_image":[{"width":2560,"height":1114,"url":"https:\/\/xn--sykett-gua.fi\/joensuu\/wp-content\/uploads\/sites\/3\/2025\/05\/rekry-scaled.jpg","type":"image\/jpeg"}],"twitter_card":"summary_large_image","twitter_misc":{"Arvioitu lukuaika":"1 minuutti"},"schema":{"@context":"https:\/\/schema.org","@graph":[{"@type":"WebPage","@id":"https:\/\/xn--sykett-gua.fi\/joensuu\/yhteystiedot\/hae-meille-toihin\/","url":"https:\/\/xn--sykett-gua.fi\/joensuu\/yhteystiedot\/hae-meille-toihin\/","name":"Hae meille t\u00f6ihin - SYKETT\u00c4 Joensuu","isPartOf":{"@id":"https:\/\/xn--sykett-gua.fi\/joensuu\/#website"},"primaryImageOfPage":{"@id":"https:\/\/xn--sykett-gua.fi\/joensuu\/yhteystiedot\/hae-meille-toihin\/#primaryimage"},"image":{"@id":"https:\/\/xn--sykett-gua.fi\/joensuu\/yhteystiedot\/hae-meille-toihin\/#primaryimage"},"thumbnailUrl":"https:\/\/xn--sykett-gua.fi\/joensuu\/wp-content\/uploads\/sites\/3\/2025\/05\/rekry-1024x446.jpg","datePublished":"2025-05-27T10:19:34+00:00","dateModified":"2025-05-27T10:20:47+00:00","breadcrumb":{"@id":"https:\/\/xn--sykett-gua.fi\/joensuu\/yhteystiedot\/hae-meille-toihin\/#breadcrumb"},"inLanguage":"fi","potentialAction":[{"@type":"ReadAction","target":["https:\/\/xn--sykett-gua.fi\/joensuu\/yhteystiedot\/hae-meille-toihin\/"]}]},{"@type":"ImageObject","inLanguage":"fi","@id":"https:\/\/xn--sykett-gua.fi\/joensuu\/yhteystiedot\/hae-meille-toihin\/#primaryimage","url":"https:\/\/xn--sykett-gua.fi\/joensuu\/wp-content\/uploads\/sites\/3\/2025\/05\/rekry-scaled.jpg","contentUrl":"https:\/\/xn--sykett-gua.fi\/joensuu\/wp-content\/uploads\/sites\/3\/2025\/05\/rekry-scaled.jpg","width":2560,"height":1114},{"@type":"BreadcrumbList","@id":"https:\/\/xn--sykett-gua.fi\/joensuu\/yhteystiedot\/hae-meille-toihin\/#breadcrumb","itemListElement":[{"@type":"ListItem","position":1,"name":"Etusivu","item":"https:\/\/xn--sykett-gua.fi\/joensuu\/fi\/joensuu\/"},{"@type":"ListItem","position":2,"name":"Yhteystiedot","item":"https:\/\/xn--sykett-gua.fi\/joensuu\/yhteystiedot\/"},{"@type":"ListItem","position":3,"name":"Hae meille t\u00f6ihin"}]},{"@type":"WebSite","@id":"https:\/\/xn--sykett-gua.fi\/joensuu\/#website","url":"https:\/\/xn--sykett-gua.fi\/joensuu\/","name":"SYKETT\u00c4 Joensuu","description":"","publisher":{"@id":"https:\/\/xn--sykett-gua.fi\/joensuu\/#organization"},"potentialAction":[{"@type":"SearchAction","target":{"@type":"EntryPoint","urlTemplate":"https:\/\/xn--sykett-gua.fi\/joensuu\/?s={search_term_string}"},"query-input":{"@type":"PropertyValueSpecification","valueRequired":true,"valueName":"search_term_string"}}],"inLanguage":"fi"},{"@type":"Organization","@id":"https:\/\/xn--sykett-gua.fi\/joensuu\/#organization","name":"SYKETT\u00c4 Joensuu","url":"https:\/\/xn--sykett-gua.fi\/joensuu\/","logo":{"@type":"ImageObject","inLanguage":"fi","@id":"https:\/\/xn--sykett-gua.fi\/joensuu\/#\/schema\/logo\/image\/","url":"https:\/\/xn--sykett-gua.fi\/joensuu\/wp-content\/uploads\/sites\/3\/2024\/06\/Asset-2@2x-2.png","contentUrl":"https:\/\/xn--sykett-gua.fi\/joensuu\/wp-content\/uploads\/sites\/3\/2024\/06\/Asset-2@2x-2.png","width":1003,"height":373,"caption":"SYKETT\u00c4 Joensuu"},"image":{"@id":"https:\/\/xn--sykett-gua.fi\/joensuu\/#\/schema\/logo\/image\/"}}]}},"_links":{"self":[{"href":"https:\/\/xn--sykett-gua.fi\/joensuu\/wp-json\/wp\/v2\/pages\/6935","targetHints":{"allow":["GET"]}}],"collection":[{"href":"https:\/\/xn--sykett-gua.fi\/joensuu\/wp-json\/wp\/v2\/pages"}],"about":[{"href":"https:\/\/xn--sykett-gua.fi\/joensuu\/wp-json\/wp\/v2\/types\/page"}],"author":[{"embeddable":true,"href":"https:\/\/xn--sykett-gua.fi\/joensuu\/wp-json\/wp\/v2\/users\/3"}],"replies":[{"embeddable":true,"href":"https:\/\/xn--sykett-gua.fi\/joensuu\/wp-json\/wp\/v2\/comments?post=6935"}],"version-history":[{"count":7,"href":"https:\/\/xn--sykett-gua.fi\/joensuu\/wp-json\/wp\/v2\/pages\/6935\/revisions"}],"predecessor-version":[{"id":6943,"href":"https:\/\/xn--sykett-gua.fi\/joensuu\/wp-json\/wp\/v2\/pages\/6935\/revisions\/6943"}],"up":[{"embeddable":true,"href":"https:\/\/xn--sykett-gua.fi\/joensuu\/wp-json\/wp\/v2\/pages\/3014"}],"wp:attachment":[{"href":"https:\/\/xn--sykett-gua.fi\/joensuu\/wp-json\/wp\/v2\/media?parent=6935"}],"curies":[{"name":"wp","href":"https:\/\/api.w.org\/{rel}","templated":true}]}}