{"id":8762,"date":"2025-08-05T12:52:00","date_gmt":"2025-08-05T09:52:00","guid":{"rendered":"https:\/\/xn--sykett-gua.fi\/joensuu\/?page_id=8762"},"modified":"2025-12-20T15:27:10","modified_gmt":"2025-12-20T13:27:10","slug":"kilometrikisa-cycling-competition","status":"publish","type":"page","link":"https:\/\/xn--sykett-gua.fi\/joensuu\/en\/events\/kilometrikisa-cycling-competition\/","title":{"rendered":"Kilometrikisa \u2013 Cycling Competition"},"content":{"rendered":"\t\t<div data-elementor-type=\"wp-page\" data-elementor-id=\"8762\" class=\"elementor elementor-8762\" data-elementor-post-type=\"page\">\n\t\t\t\t<div data-particle_enable=\"false\" data-particle-mobile-disabled=\"false\" class=\"elementor-element elementor-element-7002f7d e-grid e-con-boxed e-con e-parent\" data-id=\"7002f7d\" data-element_type=\"container\" data-e-type=\"container\">\n\t\t\t\t\t<div class=\"e-con-inner\">\n\t\t\t\t<div class=\"elementor-element elementor-element-41cb806 elementor-widget__width-initial elementor-widget elementor-widget-text-editor\" data-id=\"41cb806\" data-element_type=\"widget\" data-e-type=\"widget\" data-widget_type=\"text-editor.default\">\n\t\t\t\t<div class=\"elementor-widget-container\">\n\t\t\t\t\t\t\t\t\t<h2>What Is the Kilometrikisa \u2013 Cycling Competition?<\/h2><p>SYKETT\u00c4 is participating in the Winter Kilometrikisa cycling competition, which will be held between 1.1.-28.2.2026. All UEF Joensuu campus and Karelia UAS students and staff members are welcome to attend SYKETT\u00c4 Joensuu team. Kilometrikisa is a light-hearted cycling competition for workplaces, departments, associations, clubs or any other teams. In Kilometrikisa every team member will record their cycling kilometers and the team with the highest number of kilometers will win.<\/p><h2>How Do I Participate in the Kilometrikisa \u2013 Cycling Competition?<\/h2><p>Join our SYKETT\u00c4 Joensuu team as we aim for the new record! Join the team <a href=\"https:\/\/www.kilometrikisa.fi\/teams\/join\/\" target=\"_blank\" rel=\"noopener\">here<\/a>:<\/p><ul><li>Team name: SYKETT\u00c4 Joensuu<\/li><li>Passcode: Syketta-talvi26<\/li><\/ul><p><br \/>By using Strava and Polar Flow integrations, kilometers and minutes can be automatically transferred to the calendar. The cycled kilometers and minutes from past race days can also be marked retrospectively.<\/p><p>You can also take part in the competition with an electric bike! If your ride is an electric bike, be sure to click on \u201dKyll\u00e4, ajan s\u00e4hk\u00f6avusteisella polkupy\u00f6r\u00e4ll\u00e4\u201d in your personal information.<\/p>\t\t\t\t\t\t\t\t<\/div>\n\t\t\t\t<\/div>\n\t\t\t\t<div class=\"elementor-element elementor-element-b5650f7 elementor-widget__width-initial elementor-widget elementor-widget-image\" data-id=\"b5650f7\" data-element_type=\"widget\" data-e-type=\"widget\" data-widget_type=\"image.default\">\n\t\t\t\t<div class=\"elementor-widget-container\">\n\t\t\t\t\t\t\t\t\t\t\t\t\t\t\t<img fetchpriority=\"high\" decoding=\"async\" width=\"768\" height=\"516\" src=\"https:\/\/xn--sykett-gua.fi\/joensuu\/wp-content\/uploads\/sites\/3\/2025\/08\/DSC_0731-768x516.jpg\" class=\"attachment-medium_large size-medium_large wp-image-8675\" alt=\"\" srcset=\"https:\/\/xn--sykett-gua.fi\/joensuu\/wp-content\/uploads\/sites\/3\/2025\/08\/DSC_0731-768x516.jpg 768w, https:\/\/xn--sykett-gua.fi\/joensuu\/wp-content\/uploads\/sites\/3\/2025\/08\/DSC_0731-300x201.jpg 300w, https:\/\/xn--sykett-gua.fi\/joensuu\/wp-content\/uploads\/sites\/3\/2025\/08\/DSC_0731-1024x687.jpg 1024w, https:\/\/xn--sykett-gua.fi\/joensuu\/wp-content\/uploads\/sites\/3\/2025\/08\/DSC_0731-1536x1031.jpg 1536w, https:\/\/xn--sykett-gua.fi\/joensuu\/wp-content\/uploads\/sites\/3\/2025\/08\/DSC_0731-2048x1375.jpg 2048w\" sizes=\"(max-width: 768px) 100vw, 768px\" \/>\t\t\t\t\t\t\t\t\t\t\t\t\t\t\t<\/div>\n\t\t\t\t<\/div>\n\t\t\t\t\t<\/div>\n\t\t\t\t<\/div>\n\t\t\t\t<\/div>\n\t\t","protected":false},"excerpt":{"rendered":"<p>What Is the Kilometrikisa \u2013 Cycling Competition? SYKETT\u00c4 is participating in the Winter Kilometrikisa cycling competition, which will be held between 1.1.-28.2.2026. All UEF Joensuu campus and Karelia UAS students and staff members are welcome to attend SYKETT\u00c4 Joensuu team. Kilometrikisa is a light-hearted cycling competition for workplaces, departments, associations, clubs or any other teams. [&hellip;]<\/p>\n","protected":false},"author":8,"featured_media":0,"parent":2420,"menu_order":0,"comment_status":"closed","ping_status":"closed","template":"","meta":{"iawp_total_views":18,"footnotes":""},"class_list":["post-8762","page","type-page","status-publish","hentry"],"yoast_head":"<!-- This site is optimized with the Yoast SEO plugin v27.3 - https:\/\/yoast.com\/product\/yoast-seo-wordpress\/ -->\n<title>Kilometrikisa \u2013 Cycling Competition - SYKETT\u00c4 Joensuu<\/title>\n<meta name=\"robots\" content=\"index, follow, max-snippet:-1, max-image-preview:large, max-video-preview:-1\" \/>\n<link rel=\"canonical\" href=\"https:\/\/xn--sykett-gua.fi\/joensuu\/en\/events\/kilometrikisa-cycling-competition\/\" \/>\n<meta property=\"og:locale\" content=\"fi_FI\" \/>\n<meta property=\"og:type\" content=\"article\" \/>\n<meta property=\"og:title\" content=\"Kilometrikisa \u2013 Cycling Competition - SYKETT\u00c4 Joensuu\" \/>\n<meta property=\"og:description\" content=\"What Is the Kilometrikisa \u2013 Cycling Competition? SYKETT\u00c4 is participating in the Winter Kilometrikisa cycling competition, which will be held between 1.1.-28.2.2026. All UEF Joensuu campus and Karelia UAS students and staff members are welcome to attend SYKETT\u00c4 Joensuu team. Kilometrikisa is a light-hearted cycling competition for workplaces, departments, associations, clubs or any other teams. [&hellip;]\" \/>\n<meta property=\"og:url\" content=\"https:\/\/xn--sykett-gua.fi\/joensuu\/en\/events\/kilometrikisa-cycling-competition\/\" \/>\n<meta property=\"og:site_name\" content=\"SYKETT\u00c4 Joensuu\" \/>\n<meta property=\"article:modified_time\" content=\"2025-12-20T13:27:10+00:00\" \/>\n<meta property=\"og:image\" content=\"https:\/\/xn--sykett-gua.fi\/joensuu\/wp-content\/uploads\/sites\/3\/2025\/08\/DSC_0731-scaled.jpg\" \/>\n\t<meta property=\"og:image:width\" content=\"2560\" \/>\n\t<meta property=\"og:image:height\" content=\"1718\" \/>\n\t<meta property=\"og:image:type\" content=\"image\/jpeg\" \/>\n<meta name=\"twitter:card\" content=\"summary_large_image\" \/>\n<meta name=\"twitter:label1\" content=\"Arvioitu lukuaika\" \/>\n\t<meta name=\"twitter:data1\" content=\"2 minuuttia\" \/>\n<script type=\"application\/ld+json\" class=\"yoast-schema-graph\">{\"@context\":\"https:\\\/\\\/schema.org\",\"@graph\":[{\"@type\":\"WebPage\",\"@id\":\"https:\\\/\\\/xn--sykett-gua.fi\\\/joensuu\\\/en\\\/events\\\/kilometrikisa-cycling-competition\\\/\",\"url\":\"https:\\\/\\\/xn--sykett-gua.fi\\\/joensuu\\\/en\\\/events\\\/kilometrikisa-cycling-competition\\\/\",\"name\":\"Kilometrikisa \u2013 Cycling Competition - SYKETT\u00c4 Joensuu\",\"isPartOf\":{\"@id\":\"https:\\\/\\\/xn--sykett-gua.fi\\\/joensuu\\\/#website\"},\"primaryImageOfPage\":{\"@id\":\"https:\\\/\\\/xn--sykett-gua.fi\\\/joensuu\\\/en\\\/events\\\/kilometrikisa-cycling-competition\\\/#primaryimage\"},\"image\":{\"@id\":\"https:\\\/\\\/xn--sykett-gua.fi\\\/joensuu\\\/en\\\/events\\\/kilometrikisa-cycling-competition\\\/#primaryimage\"},\"thumbnailUrl\":\"https:\\\/\\\/xn--sykett-gua.fi\\\/joensuu\\\/wp-content\\\/uploads\\\/sites\\\/3\\\/2025\\\/08\\\/DSC_0731-768x516.jpg\",\"datePublished\":\"2025-08-05T09:52:00+00:00\",\"dateModified\":\"2025-12-20T13:27:10+00:00\",\"breadcrumb\":{\"@id\":\"https:\\\/\\\/xn--sykett-gua.fi\\\/joensuu\\\/en\\\/events\\\/kilometrikisa-cycling-competition\\\/#breadcrumb\"},\"inLanguage\":\"fi\",\"potentialAction\":[{\"@type\":\"ReadAction\",\"target\":[\"https:\\\/\\\/xn--sykett-gua.fi\\\/joensuu\\\/en\\\/events\\\/kilometrikisa-cycling-competition\\\/\"]}]},{\"@type\":\"ImageObject\",\"inLanguage\":\"fi\",\"@id\":\"https:\\\/\\\/xn--sykett-gua.fi\\\/joensuu\\\/en\\\/events\\\/kilometrikisa-cycling-competition\\\/#primaryimage\",\"url\":\"https:\\\/\\\/xn--sykett-gua.fi\\\/joensuu\\\/wp-content\\\/uploads\\\/sites\\\/3\\\/2025\\\/08\\\/DSC_0731-scaled.jpg\",\"contentUrl\":\"https:\\\/\\\/xn--sykett-gua.fi\\\/joensuu\\\/wp-content\\\/uploads\\\/sites\\\/3\\\/2025\\\/08\\\/DSC_0731-scaled.jpg\",\"width\":2560,\"height\":1718},{\"@type\":\"BreadcrumbList\",\"@id\":\"https:\\\/\\\/xn--sykett-gua.fi\\\/joensuu\\\/en\\\/events\\\/kilometrikisa-cycling-competition\\\/#breadcrumb\",\"itemListElement\":[{\"@type\":\"ListItem\",\"position\":1,\"name\":\"Etusivu\",\"item\":\"https:\\\/\\\/xn--sykett-gua.fi\\\/joensuu\\\/fi\\\/joensuu\\\/\"},{\"@type\":\"ListItem\",\"position\":2,\"name\":\"Events\",\"item\":\"https:\\\/\\\/xn--sykett-gua.fi\\\/joensuu\\\/en\\\/events\\\/\"},{\"@type\":\"ListItem\",\"position\":3,\"name\":\"Kilometrikisa \u2013 Cycling Competition\"}]},{\"@type\":\"WebSite\",\"@id\":\"https:\\\/\\\/xn--sykett-gua.fi\\\/joensuu\\\/#website\",\"url\":\"https:\\\/\\\/xn--sykett-gua.fi\\\/joensuu\\\/\",\"name\":\"SYKETT\u00c4 Joensuu\",\"description\":\"\",\"publisher\":{\"@id\":\"https:\\\/\\\/xn--sykett-gua.fi\\\/joensuu\\\/#organization\"},\"potentialAction\":[{\"@type\":\"SearchAction\",\"target\":{\"@type\":\"EntryPoint\",\"urlTemplate\":\"https:\\\/\\\/xn--sykett-gua.fi\\\/joensuu\\\/?s={search_term_string}\"},\"query-input\":{\"@type\":\"PropertyValueSpecification\",\"valueRequired\":true,\"valueName\":\"search_term_string\"}}],\"inLanguage\":\"fi\"},{\"@type\":\"Organization\",\"@id\":\"https:\\\/\\\/xn--sykett-gua.fi\\\/joensuu\\\/#organization\",\"name\":\"SYKETT\u00c4 Joensuu\",\"url\":\"https:\\\/\\\/xn--sykett-gua.fi\\\/joensuu\\\/\",\"logo\":{\"@type\":\"ImageObject\",\"inLanguage\":\"fi\",\"@id\":\"https:\\\/\\\/xn--sykett-gua.fi\\\/joensuu\\\/#\\\/schema\\\/logo\\\/image\\\/\",\"url\":\"https:\\\/\\\/xn--sykett-gua.fi\\\/joensuu\\\/wp-content\\\/uploads\\\/sites\\\/3\\\/2024\\\/06\\\/Asset-2@2x-2.png\",\"contentUrl\":\"https:\\\/\\\/xn--sykett-gua.fi\\\/joensuu\\\/wp-content\\\/uploads\\\/sites\\\/3\\\/2024\\\/06\\\/Asset-2@2x-2.png\",\"width\":1003,\"height\":373,\"caption\":\"SYKETT\u00c4 Joensuu\"},\"image\":{\"@id\":\"https:\\\/\\\/xn--sykett-gua.fi\\\/joensuu\\\/#\\\/schema\\\/logo\\\/image\\\/\"}}]}<\/script>\n<!-- \/ Yoast SEO plugin. -->","yoast_head_json":{"title":"Kilometrikisa \u2013 Cycling Competition - SYKETT\u00c4 Joensuu","robots":{"index":"index","follow":"follow","max-snippet":"max-snippet:-1","max-image-preview":"max-image-preview:large","max-video-preview":"max-video-preview:-1"},"canonical":"https:\/\/xn--sykett-gua.fi\/joensuu\/en\/events\/kilometrikisa-cycling-competition\/","og_locale":"fi_FI","og_type":"article","og_title":"Kilometrikisa \u2013 Cycling Competition - SYKETT\u00c4 Joensuu","og_description":"What Is the Kilometrikisa \u2013 Cycling Competition? SYKETT\u00c4 is participating in the Winter Kilometrikisa cycling competition, which will be held between 1.1.-28.2.2026. All UEF Joensuu campus and Karelia UAS students and staff members are welcome to attend SYKETT\u00c4 Joensuu team. Kilometrikisa is a light-hearted cycling competition for workplaces, departments, associations, clubs or any other teams. [&hellip;]","og_url":"https:\/\/xn--sykett-gua.fi\/joensuu\/en\/events\/kilometrikisa-cycling-competition\/","og_site_name":"SYKETT\u00c4 Joensuu","article_modified_time":"2025-12-20T13:27:10+00:00","og_image":[{"width":2560,"height":1718,"url":"https:\/\/xn--sykett-gua.fi\/joensuu\/wp-content\/uploads\/sites\/3\/2025\/08\/DSC_0731-scaled.jpg","type":"image\/jpeg"}],"twitter_card":"summary_large_image","twitter_misc":{"Arvioitu lukuaika":"2 minuuttia"},"schema":{"@context":"https:\/\/schema.org","@graph":[{"@type":"WebPage","@id":"https:\/\/xn--sykett-gua.fi\/joensuu\/en\/events\/kilometrikisa-cycling-competition\/","url":"https:\/\/xn--sykett-gua.fi\/joensuu\/en\/events\/kilometrikisa-cycling-competition\/","name":"Kilometrikisa \u2013 Cycling Competition - SYKETT\u00c4 Joensuu","isPartOf":{"@id":"https:\/\/xn--sykett-gua.fi\/joensuu\/#website"},"primaryImageOfPage":{"@id":"https:\/\/xn--sykett-gua.fi\/joensuu\/en\/events\/kilometrikisa-cycling-competition\/#primaryimage"},"image":{"@id":"https:\/\/xn--sykett-gua.fi\/joensuu\/en\/events\/kilometrikisa-cycling-competition\/#primaryimage"},"thumbnailUrl":"https:\/\/xn--sykett-gua.fi\/joensuu\/wp-content\/uploads\/sites\/3\/2025\/08\/DSC_0731-768x516.jpg","datePublished":"2025-08-05T09:52:00+00:00","dateModified":"2025-12-20T13:27:10+00:00","breadcrumb":{"@id":"https:\/\/xn--sykett-gua.fi\/joensuu\/en\/events\/kilometrikisa-cycling-competition\/#breadcrumb"},"inLanguage":"fi","potentialAction":[{"@type":"ReadAction","target":["https:\/\/xn--sykett-gua.fi\/joensuu\/en\/events\/kilometrikisa-cycling-competition\/"]}]},{"@type":"ImageObject","inLanguage":"fi","@id":"https:\/\/xn--sykett-gua.fi\/joensuu\/en\/events\/kilometrikisa-cycling-competition\/#primaryimage","url":"https:\/\/xn--sykett-gua.fi\/joensuu\/wp-content\/uploads\/sites\/3\/2025\/08\/DSC_0731-scaled.jpg","contentUrl":"https:\/\/xn--sykett-gua.fi\/joensuu\/wp-content\/uploads\/sites\/3\/2025\/08\/DSC_0731-scaled.jpg","width":2560,"height":1718},{"@type":"BreadcrumbList","@id":"https:\/\/xn--sykett-gua.fi\/joensuu\/en\/events\/kilometrikisa-cycling-competition\/#breadcrumb","itemListElement":[{"@type":"ListItem","position":1,"name":"Etusivu","item":"https:\/\/xn--sykett-gua.fi\/joensuu\/fi\/joensuu\/"},{"@type":"ListItem","position":2,"name":"Events","item":"https:\/\/xn--sykett-gua.fi\/joensuu\/en\/events\/"},{"@type":"ListItem","position":3,"name":"Kilometrikisa \u2013 Cycling Competition"}]},{"@type":"WebSite","@id":"https:\/\/xn--sykett-gua.fi\/joensuu\/#website","url":"https:\/\/xn--sykett-gua.fi\/joensuu\/","name":"SYKETT\u00c4 Joensuu","description":"","publisher":{"@id":"https:\/\/xn--sykett-gua.fi\/joensuu\/#organization"},"potentialAction":[{"@type":"SearchAction","target":{"@type":"EntryPoint","urlTemplate":"https:\/\/xn--sykett-gua.fi\/joensuu\/?s={search_term_string}"},"query-input":{"@type":"PropertyValueSpecification","valueRequired":true,"valueName":"search_term_string"}}],"inLanguage":"fi"},{"@type":"Organization","@id":"https:\/\/xn--sykett-gua.fi\/joensuu\/#organization","name":"SYKETT\u00c4 Joensuu","url":"https:\/\/xn--sykett-gua.fi\/joensuu\/","logo":{"@type":"ImageObject","inLanguage":"fi","@id":"https:\/\/xn--sykett-gua.fi\/joensuu\/#\/schema\/logo\/image\/","url":"https:\/\/xn--sykett-gua.fi\/joensuu\/wp-content\/uploads\/sites\/3\/2024\/06\/Asset-2@2x-2.png","contentUrl":"https:\/\/xn--sykett-gua.fi\/joensuu\/wp-content\/uploads\/sites\/3\/2024\/06\/Asset-2@2x-2.png","width":1003,"height":373,"caption":"SYKETT\u00c4 Joensuu"},"image":{"@id":"https:\/\/xn--sykett-gua.fi\/joensuu\/#\/schema\/logo\/image\/"}}]}},"_links":{"self":[{"href":"https:\/\/xn--sykett-gua.fi\/joensuu\/wp-json\/wp\/v2\/pages\/8762","targetHints":{"allow":["GET"]}}],"collection":[{"href":"https:\/\/xn--sykett-gua.fi\/joensuu\/wp-json\/wp\/v2\/pages"}],"about":[{"href":"https:\/\/xn--sykett-gua.fi\/joensuu\/wp-json\/wp\/v2\/types\/page"}],"author":[{"embeddable":true,"href":"https:\/\/xn--sykett-gua.fi\/joensuu\/wp-json\/wp\/v2\/users\/8"}],"replies":[{"embeddable":true,"href":"https:\/\/xn--sykett-gua.fi\/joensuu\/wp-json\/wp\/v2\/comments?post=8762"}],"version-history":[{"count":13,"href":"https:\/\/xn--sykett-gua.fi\/joensuu\/wp-json\/wp\/v2\/pages\/8762\/revisions"}],"predecessor-version":[{"id":9736,"href":"https:\/\/xn--sykett-gua.fi\/joensuu\/wp-json\/wp\/v2\/pages\/8762\/revisions\/9736"}],"up":[{"embeddable":true,"href":"https:\/\/xn--sykett-gua.fi\/joensuu\/wp-json\/wp\/v2\/pages\/2420"}],"wp:attachment":[{"href":"https:\/\/xn--sykett-gua.fi\/joensuu\/wp-json\/wp\/v2\/media?parent=8762"}],"curies":[{"name":"wp","href":"https:\/\/api.w.org\/{rel}","templated":true}]}}