{"id":9353,"date":"2025-09-17T11:47:03","date_gmt":"2025-09-17T08:47:03","guid":{"rendered":"https:\/\/xn--sykett-gua.fi\/joensuu\/?page_id=9353"},"modified":"2026-03-26T16:22:31","modified_gmt":"2026-03-26T14:22:31","slug":"kuntotestien-tietosuojaseloste","status":"publish","type":"page","link":"https:\/\/xn--sykett-gua.fi\/joensuu\/kuntotestien-tietosuojaseloste\/","title":{"rendered":"Kuntotestien tietosuojaseloste"},"content":{"rendered":"\t\t<div data-elementor-type=\"wp-page\" data-elementor-id=\"9353\" class=\"elementor elementor-9353\" data-elementor-post-type=\"page\">\n\t\t\t\t<div data-particle_enable=\"false\" data-particle-mobile-disabled=\"false\" class=\"elementor-element elementor-element-e9dcb0e e-flex e-con-boxed e-con e-parent\" data-id=\"e9dcb0e\" data-element_type=\"container\" data-e-type=\"container\">\n\t\t\t\t\t<div class=\"e-con-inner\">\n\t\t\t\t<div class=\"elementor-element elementor-element-42705e7 elementor-widget__width-initial elementor-widget elementor-widget-text-editor\" data-id=\"42705e7\" data-element_type=\"widget\" data-e-type=\"widget\" data-widget_type=\"text-editor.default\">\n\t\t\t\t<div class=\"elementor-widget-container\">\n\t\t\t\t\t\t\t\t\t<p>EU:n yleinen tietosuoja-asetus, artiklat 12, 13 ja 14<br><span lang=\"EN-US\">P\u00e4ivitetty:<\/span><span lang=\"EN-US\"> 26<\/span>.3.2026<\/p>\n<h2>1. Rekisterinpit\u00e4j\u00e4<\/h2>\n<p>It\u00e4-Suomen yliopiston ylioppilaskunta ISYY<b><\/b><b><\/b><\/p>\n<h2>2. Rekisterinpit\u00e4j\u00e4n edustaja<\/h2>\n<p>Heli Aalto, puh. 044 576 8445,<br>s\u00e4hk\u00f6posti: liikuntapaallikko@isyy.fi<\/p>\n<h2>3. Rekisterinpit\u00e4j\u00e4n yhteyshenkil\u00f6t<\/h2>\n<p>Niklas Leinonen, puh. 044 576 8418,<br>s\u00e4hk\u00f6posti: niklas.leinonen@isyy.fi<\/p>\n<h2>4. Tietosuojavastaavan yhteystiedot<\/h2>\n<p>Tietosuojavastaava Helena Eronen, puh. 050&nbsp;576 0282,<br>s\u00e4hk\u00f6posti: tietosuojavastaava@isyy.fi<\/p>\n<h2>5. Henkil\u00f6tietojen k\u00e4sittelyn tarkoitus<\/h2>\n<p><span style=\"font-weight: 400;\">Henkil\u00f6tietoja k\u00e4sitell\u00e4\u00e4n SYKETT\u00c4-kuntotesteiss\u00e4 seuraaviin tarkoituksiin:<\/span><\/p>\n<ul>\n<li style=\"font-weight: 400;\" aria-level=\"1\"><span style=\"font-weight: 400;\">Kuntotestiin soveltumisen arviointi<\/span><\/li>\n<li style=\"font-weight: 400;\" aria-level=\"1\"><span style=\"font-weight: 400;\">Kuntotestin suorituksen hallinnointi<\/span><\/li>\n<li style=\"font-weight: 400;\" aria-level=\"1\"><span style=\"font-weight: 400;\">Tilastointi ja mahdollinen tutkimusk\u00e4ytt\u00f6 ilman henkil\u00f6tietoja<\/span><\/li>\n<\/ul>\n<h2>6. Henkil\u00f6tietojen k\u00e4sittelyn oikeusperuste<\/h2>\n<p>K\u00e4sittely perustuu tietosuoja-asetuksen 6 tai 9 artiklaan (v\u00e4hint\u00e4\u00e4n yksi peruste).<\/p>\n<p>EU:n yleinen tietosuoja-asetus, artikla 6, kohta 1, alakohdat a \u2013 f:<\/p>\n<p>\u2612&nbsp;&nbsp;&nbsp;&nbsp;&nbsp;&nbsp;&nbsp; rekister\u00f6idyn suostumus<\/p>\n<h2>7. K\u00e4sitelt\u00e4v\u00e4t henkil\u00f6tietoryhm\u00e4t ja niiden s\u00e4ilytysajat<\/h2>\n<p><span style=\"font-weight: 400;\">Henkil\u00f6tiedot SYKETT\u00c4-kuntotestiss\u00e4<\/span><\/p>\n<p><b>Ilmoittautuessaan SYKETT\u00c4-kuntotestiin osallistujalta pyydet\u00e4\u00e4n seuraavat henkil\u00f6tiedot:<\/b><\/p>\n<ul>\n<li style=\"font-weight: 400;\" aria-level=\"1\"><span style=\"font-weight: 400;\">Nimi ja yhteystiedot<br><br><\/span><\/li>\n<\/ul>\n<p><b>Kuntotestiss\u00e4 \u201caktiiviliikkujilta\u201d kysyt\u00e4\u00e4n lis\u00e4ksi:<\/b><\/p>\n<ul>\n<li style=\"font-weight: 400;\" aria-level=\"1\"><span style=\"font-weight: 400;\">Nimi ja yhteystiedot<\/span><\/li>\n<li style=\"font-weight: 400;\" aria-level=\"1\"><span style=\"font-weight: 400;\">Ik\u00e4<\/span><\/li>\n<li style=\"font-weight: 400;\" aria-level=\"1\"><span style=\"font-weight: 400;\">Sukupuoli<\/span><\/li>\n<li style=\"font-weight: 400;\" aria-level=\"1\"><span style=\"font-weight: 400;\">Testitulokset<br><br><\/span><\/li>\n<\/ul>\n<p><b>Matalan kynnyksen kuntotestiss\u00e4 kysyt\u00e4\u00e4n:<\/b><\/p>\n<ul>\n<li style=\"font-weight: 400;\" aria-level=\"1\"><span style=\"font-weight: 400;\">Nimi<\/span><\/li>\n<li style=\"font-weight: 400;\" aria-level=\"1\"><span style=\"font-weight: 400;\">Ik\u00e4<\/span><\/li>\n<li style=\"font-weight: 400;\" aria-level=\"1\"><span style=\"font-weight: 400;\">Sukupuoli<\/span><\/li>\n<li style=\"font-weight: 400;\" aria-level=\"1\"><span style=\"font-weight: 400;\">Pituus<br><br><\/span><\/li>\n<\/ul>\n<p><span style=\"font-weight: 400;\">Lis\u00e4ksi mitataan kehonkoostumusta, kest\u00e4vyyskuntoa ja puristusvoimaa. N\u00e4ist\u00e4 tiedoista<\/span><span style=\"font-weight: 400;\"><br><\/span><span style=\"font-weight: 400;\">ohjelma koostaa kehon kuntoindeksin.<\/span><\/p>\n<p><span style=\"font-weight: 400;\">Tietoja s\u00e4ilytet\u00e4\u00e4n tunnisteellisina korkeintaan kaksi (2) vuotta. T\u00e4m\u00e4n j\u00e4lkeen tiedot<\/span><span style=\"font-weight: 400;\"><br><\/span><span style=\"font-weight: 400;\">anonymisoidaan.<\/span><\/p>\n<h2>8. K\u00e4sittelyss\u00e4 k\u00e4ytett\u00e4v\u00e4t tietoj\u00e4rjestelm\u00e4t<\/h2>\n<p><span style=\"font-weight: 400;\">Webropol tai Google Forms<\/span><span style=\"font-weight: 400;\"><br><\/span><span style=\"font-weight: 400;\">Kehonkuntoindeksi-sovellus<\/span><span style=\"font-weight: 400;\"><br><\/span><span style=\"font-weight: 400;\">InBody-laite<\/span><\/p>\n<h2>9. Mist\u00e4 k\u00e4sittelyss\u00e4 tarvittavat henkil\u00f6tiedot saadaan?<\/h2>\n<p><span style=\"font-weight: 400;\">Henkil\u00f6tiedot saadaan rekister\u00f6idylt\u00e4 itselt\u00e4\u00e4n tai kuntotestin mittauksista.<\/span><\/p>\n<h2>10. Ev\u00e4steiden k\u00e4ytt\u00f6<\/h2>\n<p>Henkil\u00f6tietojen k\u00e4sittelyn selainpohjaisissa tietoj\u00e4rjestelmiss\u00e4 k\u00e4ytet\u00e4\u00e4n ev\u00e4steit\u00e4. Ev\u00e4ste on pieni tekstitiedosto, jonka selain tallentaa k\u00e4ytt\u00e4j\u00e4n laitteelle. Ev\u00e4steit\u00e4 k\u00e4ytet\u00e4\u00e4n palvelujen toteuttamiseen, helpottamaan palveluihin kirjautumista sek\u00e4 mahdollistamaan palvelujen k\u00e4yt\u00f6n tilastointi.<\/p>\n<p>K\u00e4ytt\u00e4j\u00e4 voi selainohjelmassaan est\u00e4\u00e4 ev\u00e4steiden k\u00e4yt\u00f6n, mutta t\u00e4m\u00e4 voi est\u00e4\u00e4 j\u00e4rjestelm\u00e4n asianmukaisen toiminnan.<\/p>\n<p>Henkil\u00f6tietojen k\u00e4sittelyss\u00e4 k\u00e4ytet\u00e4\u00e4n ev\u00e4steit\u00e4:<\/p>\n<p><span style=\"font-weight: 400;\">\u2612 Kyll\u00e4, selainpohjaiset j\u00e4rjestelm\u00e4t: Webropol, Google Forms<\/span><\/p>\n<h2>11. S\u00e4\u00e4nn\u00f6nmukaiset siirrot ja luovutukset<\/h2>\n<p><span style=\"font-weight: 400;\">It\u00e4-Suomen liikuntaopisto ja Pohjois-Karjalan Liikunta ry toimivat kuntotestauksessa henkil\u00f6tietojen k\u00e4sittelij\u00e4n\u00e4. It\u00e4-Suomen liikuntaopiston ja Pohjois-Karjalan Liikunta ry:n kanssa on tehty henkil\u00f6tietojen k\u00e4sittelysopimus.<\/span><\/p>\n<h2>12. Tietojen siirto tai luovuttaminen EU:n tai ETA:n ulkopuolelle ja sen perusteet<\/h2>\n<p align=\"left\">SYKETT\u00c4-verkkosivuilla ja mobiilisovelluksessa olevia henkil\u00f6tietoja ei siirret\u00e4 EU:n tai ETA:n ulkopuolelle, ja k\u00e4yt\u00f6ss\u00e4 olevat palvelimet sijaitsevat Suomessa.<\/p>\n<p align=\"left\">Googlen palveluissa olevia henkil\u00f6tietoja voidaan siirt\u00e4\u00e4&nbsp;EU:n ulkopuolelle. Google noudattaa EU-komission vakiolausekkeita taatessaan tarvittavan tietosuojan tason, kun henkil\u00f6tietoja siirret\u00e4\u00e4n EU:n ulkopuolelle. ISYY on hyv\u00e4ksynyt Googlen kanssa EU-vakiolausekkeen sopimuksensa tietosuojan lis\u00e4ehtoihin.&nbsp;Lis\u00e4ksi Google on sitoutunut EU-US Data Privacy Framework -ohjelmaan.<\/p>\n<h2 align=\"left\">13. Henkil\u00f6tietojen suojauksen periaatteet<\/h2>\n<p><span style=\"font-weight: 400;\">Henkil\u00f6tietoja k\u00e4sittelev\u00e4t ainoastaan siihen oikeutetut rekisterinpit\u00e4j\u00e4n ja henkil\u00f6tietojen k\u00e4sittelij\u00f6iden toimihenkil\u00f6t. Tiedot h\u00e4vitet\u00e4\u00e4n, kun ne eiv\u00e4t ole en\u00e4\u00e4 tarpeen k\u00e4ytt\u00f6tarkoituksen kannalta. Henkil\u00f6tietojen k\u00e4sittelyss\u00e4 k\u00e4ytett\u00e4vien tietoj\u00e4rjestelmien hallinnassa noudatetaan ISYYn tietoturvas\u00e4\u00e4nn\u00f6st\u00f6\u00e4 ja -ohjeita. Teknisesti tietoj\u00e4rjestelm\u00e4t ja niiden k\u00e4ytt\u00f6liittym\u00e4t ovat suojattu mm. palomuurilla ja j\u00e4rjestelmien tiedot varmuuskopioidaan s\u00e4\u00e4nn\u00f6llisesti. Tietoj\u00e4rjestelmien k\u00e4ytt\u00f6oikeudet on k\u00e4ytt\u00f6oikeusryhmien avulla rajattu siten, ett\u00e4 kullakin k\u00e4ytt\u00e4j\u00e4ll\u00e4 on p\u00e4\u00e4sy vain ty\u00f6teht\u00e4viss\u00e4\u00e4n tarvitsemiinsa tietoihin.<\/span><\/p>\n<h2>14. Automatisoitu p\u00e4\u00e4t\u00f6ksenteko<\/h2>\n<p>Automaattisia p\u00e4\u00e4t\u00f6ksi\u00e4 ei tehd\u00e4.<\/p>\n<h2>15. Rekister\u00f6idyn oikeudet<\/h2>\n<p><span style=\"font-weight: 400;\">Sinulla on oikeus:<\/span><\/p>\n<ul>\n<li style=\"font-weight: 400;\" aria-level=\"1\"><span style=\"font-weight: 400;\">saada informaatiota henkil\u00f6tietojen k\u00e4sittelyst\u00e4<\/span><\/li>\n<li style=\"font-weight: 400;\" aria-level=\"1\"><span style=\"font-weight: 400;\">saada p\u00e4\u00e4sy tietoihin<\/span><\/li>\n<li style=\"font-weight: 400;\" aria-level=\"1\"><span style=\"font-weight: 400;\">oikaista tietoja<\/span><\/li>\n<li style=\"font-weight: 400;\" aria-level=\"1\"><span style=\"font-weight: 400;\">poistaa tiedot (oikeus tulla unohdetuksi)<\/span><\/li>\n<li style=\"font-weight: 400;\" aria-level=\"1\"><span style=\"font-weight: 400;\">rajoittaa tietojen k\u00e4sittely\u00e4<\/span><\/li>\n<li style=\"font-weight: 400;\" aria-level=\"1\"><span style=\"font-weight: 400;\">henkil\u00f6tietojen oikaisua tai k\u00e4sittelyn rajoitusta koskevaan ilmoitusvelvollisuuteen<\/span><\/li>\n<li style=\"font-weight: 400;\" aria-level=\"1\"><span style=\"font-weight: 400;\">siirt\u00e4\u00e4 tiedot j\u00e4rjestelm\u00e4st\u00e4 toiseen<\/span><\/li>\n<\/ul>\n<p>Voit k\u00e4ytt\u00e4\u00e4 em. oikeuksia ottamalla yhteytt\u00e4 ylioppilaskunnan tietosuojavastaavaan,&nbsp;<a href=\"mailto:tietosuojavastaava@isyy.fi\">tietosuojavastaava@isyy.fi<\/a>.<\/p>\n<p>Sinulla on oikeus tehd\u00e4 ilmoitus Tietosuojavaltuutetun toimistoon, mik\u00e4li katsot, ett\u00e4 sinua koskevien henkil\u00f6tietojen k\u00e4sittelyss\u00e4 on rikottu voimassa olevaa tietosuojalains\u00e4\u00e4d\u00e4nt\u00f6\u00e4.<\/p>\n<p>Neuvoja ja ohjeistusta rekister\u00f6idyn oikeuksiin liittyviss\u00e4 asioissa antaa tietosuojavastaava.<\/p>\t\t\t\t\t\t\t\t<\/div>\n\t\t\t\t<\/div>\n\t\t\t\t\t<\/div>\n\t\t\t\t<\/div>\n\t\t\t\t<\/div>\n\t\t","protected":false},"excerpt":{"rendered":"<p>EU:n yleinen tietosuoja-asetus, artiklat 12, 13 ja 14P\u00e4ivitetty: 26.3.2026 1. Rekisterinpit\u00e4j\u00e4 It\u00e4-Suomen yliopiston ylioppilaskunta ISYY 2. Rekisterinpit\u00e4j\u00e4n edustaja Heli Aalto, puh. 044 576 8445,s\u00e4hk\u00f6posti: liikuntapaallikko@isyy.fi 3. Rekisterinpit\u00e4j\u00e4n yhteyshenkil\u00f6t Niklas Leinonen, puh. 044 576 8418,s\u00e4hk\u00f6posti: niklas.leinonen@isyy.fi 4. Tietosuojavastaavan yhteystiedot Tietosuojavastaava Helena Eronen, puh. 050&nbsp;576 0282,s\u00e4hk\u00f6posti: tietosuojavastaava@isyy.fi 5. Henkil\u00f6tietojen k\u00e4sittelyn tarkoitus Henkil\u00f6tietoja k\u00e4sitell\u00e4\u00e4n SYKETT\u00c4-kuntotesteiss\u00e4 seuraaviin tarkoituksiin: Kuntotestiin [&hellip;]<\/p>\n","protected":false},"author":11,"featured_media":0,"parent":0,"menu_order":0,"comment_status":"closed","ping_status":"closed","template":"","meta":{"iawp_total_views":25,"footnotes":""},"class_list":["post-9353","page","type-page","status-publish","hentry"],"yoast_head":"<!-- This site is optimized with the Yoast SEO plugin v27.3 - https:\/\/yoast.com\/product\/yoast-seo-wordpress\/ -->\n<title>Kuntotestien tietosuojaseloste - SYKETT\u00c4 Joensuu<\/title>\n<meta name=\"description\" content=\"SYKETT\u00c4 liikuntapalvelujen tietosuojaseloste.\" \/>\n<meta name=\"robots\" content=\"index, follow, max-snippet:-1, max-image-preview:large, max-video-preview:-1\" \/>\n<link rel=\"canonical\" href=\"https:\/\/xn--sykett-gua.fi\/joensuu\/kuntotestien-tietosuojaseloste\/\" \/>\n<meta property=\"og:locale\" content=\"fi_FI\" \/>\n<meta property=\"og:type\" content=\"article\" \/>\n<meta property=\"og:title\" content=\"Kuntotestien tietosuojaseloste - SYKETT\u00c4 Joensuu\" \/>\n<meta property=\"og:description\" content=\"SYKETT\u00c4 liikuntapalvelujen tietosuojaseloste.\" \/>\n<meta property=\"og:url\" content=\"https:\/\/xn--sykett-gua.fi\/joensuu\/kuntotestien-tietosuojaseloste\/\" \/>\n<meta property=\"og:site_name\" content=\"SYKETT\u00c4 Joensuu\" \/>\n<meta property=\"article:modified_time\" content=\"2026-03-26T14:22:31+00:00\" \/>\n<meta name=\"twitter:card\" content=\"summary_large_image\" \/>\n<meta name=\"twitter:label1\" content=\"Arvioitu lukuaika\" \/>\n\t<meta name=\"twitter:data1\" content=\"3 minuuttia\" \/>\n<script type=\"application\/ld+json\" class=\"yoast-schema-graph\">{\"@context\":\"https:\\\/\\\/schema.org\",\"@graph\":[{\"@type\":\"WebPage\",\"@id\":\"https:\\\/\\\/xn--sykett-gua.fi\\\/joensuu\\\/kuntotestien-tietosuojaseloste\\\/\",\"url\":\"https:\\\/\\\/xn--sykett-gua.fi\\\/joensuu\\\/kuntotestien-tietosuojaseloste\\\/\",\"name\":\"Kuntotestien tietosuojaseloste - SYKETT\u00c4 Joensuu\",\"isPartOf\":{\"@id\":\"https:\\\/\\\/xn--sykett-gua.fi\\\/joensuu\\\/#website\"},\"datePublished\":\"2025-09-17T08:47:03+00:00\",\"dateModified\":\"2026-03-26T14:22:31+00:00\",\"description\":\"SYKETT\u00c4 liikuntapalvelujen tietosuojaseloste.\",\"breadcrumb\":{\"@id\":\"https:\\\/\\\/xn--sykett-gua.fi\\\/joensuu\\\/kuntotestien-tietosuojaseloste\\\/#breadcrumb\"},\"inLanguage\":\"fi\",\"potentialAction\":[{\"@type\":\"ReadAction\",\"target\":[\"https:\\\/\\\/xn--sykett-gua.fi\\\/joensuu\\\/kuntotestien-tietosuojaseloste\\\/\"]}]},{\"@type\":\"BreadcrumbList\",\"@id\":\"https:\\\/\\\/xn--sykett-gua.fi\\\/joensuu\\\/kuntotestien-tietosuojaseloste\\\/#breadcrumb\",\"itemListElement\":[{\"@type\":\"ListItem\",\"position\":1,\"name\":\"Etusivu\",\"item\":\"https:\\\/\\\/xn--sykett-gua.fi\\\/joensuu\\\/fi\\\/joensuu\\\/\"},{\"@type\":\"ListItem\",\"position\":2,\"name\":\"Kuntotestien tietosuojaseloste\"}]},{\"@type\":\"WebSite\",\"@id\":\"https:\\\/\\\/xn--sykett-gua.fi\\\/joensuu\\\/#website\",\"url\":\"https:\\\/\\\/xn--sykett-gua.fi\\\/joensuu\\\/\",\"name\":\"SYKETT\u00c4 Joensuu\",\"description\":\"\",\"publisher\":{\"@id\":\"https:\\\/\\\/xn--sykett-gua.fi\\\/joensuu\\\/#organization\"},\"potentialAction\":[{\"@type\":\"SearchAction\",\"target\":{\"@type\":\"EntryPoint\",\"urlTemplate\":\"https:\\\/\\\/xn--sykett-gua.fi\\\/joensuu\\\/?s={search_term_string}\"},\"query-input\":{\"@type\":\"PropertyValueSpecification\",\"valueRequired\":true,\"valueName\":\"search_term_string\"}}],\"inLanguage\":\"fi\"},{\"@type\":\"Organization\",\"@id\":\"https:\\\/\\\/xn--sykett-gua.fi\\\/joensuu\\\/#organization\",\"name\":\"SYKETT\u00c4 Joensuu\",\"url\":\"https:\\\/\\\/xn--sykett-gua.fi\\\/joensuu\\\/\",\"logo\":{\"@type\":\"ImageObject\",\"inLanguage\":\"fi\",\"@id\":\"https:\\\/\\\/xn--sykett-gua.fi\\\/joensuu\\\/#\\\/schema\\\/logo\\\/image\\\/\",\"url\":\"https:\\\/\\\/xn--sykett-gua.fi\\\/joensuu\\\/wp-content\\\/uploads\\\/sites\\\/3\\\/2024\\\/06\\\/Asset-2@2x-2.png\",\"contentUrl\":\"https:\\\/\\\/xn--sykett-gua.fi\\\/joensuu\\\/wp-content\\\/uploads\\\/sites\\\/3\\\/2024\\\/06\\\/Asset-2@2x-2.png\",\"width\":1003,\"height\":373,\"caption\":\"SYKETT\u00c4 Joensuu\"},\"image\":{\"@id\":\"https:\\\/\\\/xn--sykett-gua.fi\\\/joensuu\\\/#\\\/schema\\\/logo\\\/image\\\/\"}}]}<\/script>\n<!-- \/ Yoast SEO plugin. -->","yoast_head_json":{"title":"Kuntotestien tietosuojaseloste - SYKETT\u00c4 Joensuu","description":"SYKETT\u00c4 liikuntapalvelujen tietosuojaseloste.","robots":{"index":"index","follow":"follow","max-snippet":"max-snippet:-1","max-image-preview":"max-image-preview:large","max-video-preview":"max-video-preview:-1"},"canonical":"https:\/\/xn--sykett-gua.fi\/joensuu\/kuntotestien-tietosuojaseloste\/","og_locale":"fi_FI","og_type":"article","og_title":"Kuntotestien tietosuojaseloste - SYKETT\u00c4 Joensuu","og_description":"SYKETT\u00c4 liikuntapalvelujen tietosuojaseloste.","og_url":"https:\/\/xn--sykett-gua.fi\/joensuu\/kuntotestien-tietosuojaseloste\/","og_site_name":"SYKETT\u00c4 Joensuu","article_modified_time":"2026-03-26T14:22:31+00:00","twitter_card":"summary_large_image","twitter_misc":{"Arvioitu lukuaika":"3 minuuttia"},"schema":{"@context":"https:\/\/schema.org","@graph":[{"@type":"WebPage","@id":"https:\/\/xn--sykett-gua.fi\/joensuu\/kuntotestien-tietosuojaseloste\/","url":"https:\/\/xn--sykett-gua.fi\/joensuu\/kuntotestien-tietosuojaseloste\/","name":"Kuntotestien tietosuojaseloste - SYKETT\u00c4 Joensuu","isPartOf":{"@id":"https:\/\/xn--sykett-gua.fi\/joensuu\/#website"},"datePublished":"2025-09-17T08:47:03+00:00","dateModified":"2026-03-26T14:22:31+00:00","description":"SYKETT\u00c4 liikuntapalvelujen tietosuojaseloste.","breadcrumb":{"@id":"https:\/\/xn--sykett-gua.fi\/joensuu\/kuntotestien-tietosuojaseloste\/#breadcrumb"},"inLanguage":"fi","potentialAction":[{"@type":"ReadAction","target":["https:\/\/xn--sykett-gua.fi\/joensuu\/kuntotestien-tietosuojaseloste\/"]}]},{"@type":"BreadcrumbList","@id":"https:\/\/xn--sykett-gua.fi\/joensuu\/kuntotestien-tietosuojaseloste\/#breadcrumb","itemListElement":[{"@type":"ListItem","position":1,"name":"Etusivu","item":"https:\/\/xn--sykett-gua.fi\/joensuu\/fi\/joensuu\/"},{"@type":"ListItem","position":2,"name":"Kuntotestien tietosuojaseloste"}]},{"@type":"WebSite","@id":"https:\/\/xn--sykett-gua.fi\/joensuu\/#website","url":"https:\/\/xn--sykett-gua.fi\/joensuu\/","name":"SYKETT\u00c4 Joensuu","description":"","publisher":{"@id":"https:\/\/xn--sykett-gua.fi\/joensuu\/#organization"},"potentialAction":[{"@type":"SearchAction","target":{"@type":"EntryPoint","urlTemplate":"https:\/\/xn--sykett-gua.fi\/joensuu\/?s={search_term_string}"},"query-input":{"@type":"PropertyValueSpecification","valueRequired":true,"valueName":"search_term_string"}}],"inLanguage":"fi"},{"@type":"Organization","@id":"https:\/\/xn--sykett-gua.fi\/joensuu\/#organization","name":"SYKETT\u00c4 Joensuu","url":"https:\/\/xn--sykett-gua.fi\/joensuu\/","logo":{"@type":"ImageObject","inLanguage":"fi","@id":"https:\/\/xn--sykett-gua.fi\/joensuu\/#\/schema\/logo\/image\/","url":"https:\/\/xn--sykett-gua.fi\/joensuu\/wp-content\/uploads\/sites\/3\/2024\/06\/Asset-2@2x-2.png","contentUrl":"https:\/\/xn--sykett-gua.fi\/joensuu\/wp-content\/uploads\/sites\/3\/2024\/06\/Asset-2@2x-2.png","width":1003,"height":373,"caption":"SYKETT\u00c4 Joensuu"},"image":{"@id":"https:\/\/xn--sykett-gua.fi\/joensuu\/#\/schema\/logo\/image\/"}}]}},"_links":{"self":[{"href":"https:\/\/xn--sykett-gua.fi\/joensuu\/wp-json\/wp\/v2\/pages\/9353","targetHints":{"allow":["GET"]}}],"collection":[{"href":"https:\/\/xn--sykett-gua.fi\/joensuu\/wp-json\/wp\/v2\/pages"}],"about":[{"href":"https:\/\/xn--sykett-gua.fi\/joensuu\/wp-json\/wp\/v2\/types\/page"}],"author":[{"embeddable":true,"href":"https:\/\/xn--sykett-gua.fi\/joensuu\/wp-json\/wp\/v2\/users\/11"}],"replies":[{"embeddable":true,"href":"https:\/\/xn--sykett-gua.fi\/joensuu\/wp-json\/wp\/v2\/comments?post=9353"}],"version-history":[{"count":10,"href":"https:\/\/xn--sykett-gua.fi\/joensuu\/wp-json\/wp\/v2\/pages\/9353\/revisions"}],"predecessor-version":[{"id":10160,"href":"https:\/\/xn--sykett-gua.fi\/joensuu\/wp-json\/wp\/v2\/pages\/9353\/revisions\/10160"}],"wp:attachment":[{"href":"https:\/\/xn--sykett-gua.fi\/joensuu\/wp-json\/wp\/v2\/media?parent=9353"}],"curies":[{"name":"wp","href":"https:\/\/api.w.org\/{rel}","templated":true}]}}