{"id":1631,"date":"2024-10-08T15:05:03","date_gmt":"2024-10-08T12:05:03","guid":{"rendered":"https:\/\/xn--sykett-gua.fi\/kuopio\/?page_id=1631"},"modified":"2025-10-28T10:37:55","modified_gmt":"2025-10-28T08:37:55","slug":"palloilu","status":"publish","type":"page","link":"https:\/\/xn--sykett-gua.fi\/kuopio\/tarjonta-jasenille\/palloilu\/","title":{"rendered":"Palloilu"},"content":{"rendered":"\t\t<div data-elementor-type=\"wp-page\" data-elementor-id=\"1631\" class=\"elementor elementor-1631\" data-elementor-post-type=\"page\">\n\t\t\t\t<div data-particle_enable=\"false\" data-particle-mobile-disabled=\"false\" class=\"elementor-element elementor-element-e5fce8d e-flex e-con-boxed e-con e-parent\" data-id=\"e5fce8d\" data-element_type=\"container\" data-e-type=\"container\">\n\t\t\t\t\t<div class=\"e-con-inner\">\n\t\t<div data-particle_enable=\"false\" data-particle-mobile-disabled=\"false\" class=\"elementor-element elementor-element-4ae8cc6 e-flex e-con-boxed e-con e-child\" data-id=\"4ae8cc6\" data-element_type=\"container\" data-e-type=\"container\">\n\t\t\t\t\t<div class=\"e-con-inner\">\n\t\t\t\t<div class=\"elementor-element elementor-element-16a3f97 elementor-widget elementor-widget-text-editor\" data-id=\"16a3f97\" data-element_type=\"widget\" data-e-type=\"widget\" data-widget_type=\"text-editor.default\">\n\t\t\t\t<div class=\"elementor-widget-container\">\n\t\t\t\t\t\t\t\t\t<h2 class=\"page-title\">Laji- ja vakiovuorot<\/h2>\n<h3 class=\"wp-block-heading has-text-align-center\">Avoimet lajivuorot<\/h3>\n<p class=\"has-text-align-center\">Avoimia lajivuoroja ovat esimerkiksi erilaiset palloiluvuorot sek\u00e4 kamppailulajit. Arkisin SYKETT\u00c4-liikuntatarran k\u00e4ytt\u00e4jill\u00e4 on mahdollisuus osallistua avoimiin palloiluvuoroihin Studentian liikuntasalissa sek\u00e4 Kuopion kaupungin liikunta- ja tapahtumakeskus Luolassa. Kaikilta vuoroille osallistuvilta edellytet\u00e4\u00e4n voimassa olevaa SYKETT\u00c4-liikuntatarraa.<\/p>\n<p class=\"has-text-align-center\">Avoimilla&nbsp;lajivuoroilla on avoin taso (<em>ellei tuntikuvauksessa toisin mainita<\/em>).<br>Kiinnostus lajia kohtaan ja peli-into ovat t\u00e4rkeint\u00e4!<\/p>\n<ul>\n<li>Studentialta l\u00f6ytyy salibandymailoja ja -palloja, lentopalloja, futsalpalloja, koripalloja sek\u00e4 peliliivit pelej\u00e4 varten. Muutamia mailoja saa lainattua ISYYn toimistolta tai muutamia mailoja saattaa olla Studentian aulassa.<\/li>\n<li><strong><em>Luolassa pit\u00e4\u00e4 olla mukana omat mailat ja pallot.<br><br><\/em><\/strong><\/li>\n<\/ul>\n<p class=\"has-text-align-center\"><strong>T\u00c4RKE\u00c4\u00c4!<\/strong> Muista ilmoittautua joka kerta avoimelle lajivuorolle <a href=\"http:\/\/xn--sykett-gua.fi\/kuopio\/\" target=\"_blank\" rel=\"noreferrer noopener\">varauskalenterin<\/a>&nbsp;kautta. Seuraamme k\u00e4ytt\u00f6astetta ilmoittautuneiden perusteella.<\/p>\n<h3>Lajivastaavat<\/h3>\n<p class=\"has-text-align-center\">Osalla lajivuoroista on lajivastaava, jonka teht\u00e4v\u00e4n\u00e4 on:<\/p>\n<ul>\n<li class=\"has-text-align-center\">Pit\u00e4\u00e4 kirjaa vuoron k\u00e4vij\u00e4m\u00e4\u00e4rist\u00e4<\/li>\n<li class=\"has-text-align-center\">Koordinoida vuoron kulku ja sis\u00e4lt\u00f6<\/li>\n<li class=\"has-text-align-center\">Toimia lajivuoron yhteyshenkil\u00f6n\u00e4<\/li>\n<li class=\"has-text-align-center\">Varmistaa, ett\u00e4 kaikilla vuoroa k\u00e4ytt\u00e4vill\u00e4 on voimassa oleva SYKETT\u00c4-tarra<\/li>\n<li class=\"has-text-align-center\">Huolehtia k\u00e4ytetyt tavarat ja peliv\u00e4lineet takaisin paikoilleen<\/li>\n<\/ul>\t\t\t\t\t\t\t\t<\/div>\n\t\t\t\t<\/div>\n\t\t\t\t<div class=\"elementor-element elementor-element-e6f6830 elementor-widget elementor-widget-text-editor\" data-id=\"e6f6830\" data-element_type=\"widget\" data-e-type=\"widget\" data-widget_type=\"text-editor.default\">\n\t\t\t\t<div class=\"elementor-widget-container\">\n\t\t\t\t\t\t\t\t\t<h2 class=\"wp-block-heading has-text-align-center\">Vakiovuorot<\/h2><p class=\"has-text-align-center\">Vakiovuorot ovat opiskelija- ja henkil\u00f6st\u00f6ryhmien omia, viikoittaisia liikuntavuoroja. Jokaisella vakiovuorolla on oma vuorovastaava, jonka yhteystiedot ovat n\u00e4kyviss\u00e4 SYKETT\u00c4-kalenterissa.\u00a0<\/p><p><strong>Vakiovuorot haetaan lukuvuodeksi kerrallaan toukokuussa pidett\u00e4v\u00e4ss\u00e4 vakiovuorohaussa.<\/strong><\/p>\t\t\t\t\t\t\t\t<\/div>\n\t\t\t\t<\/div>\n\t\t\t\t<div class=\"elementor-element elementor-element-d90bb69 elementor-align-left elementor-widget elementor-widget-button\" data-id=\"d90bb69\" data-element_type=\"widget\" data-e-type=\"widget\" data-widget_type=\"button.default\">\n\t\t\t\t<div class=\"elementor-widget-container\">\n\t\t\t\t\t\t\t\t\t<div class=\"elementor-button-wrapper\">\n\t\t\t\t\t<a class=\"elementor-button elementor-button-link elementor-size-sm\" href=\"\/kuopio\/tarjonta-jasenille\/vakiovuoro-ohjeistus\/\">\n\t\t\t\t\t\t<span class=\"elementor-button-content-wrapper\">\n\t\t\t\t\t\t\t\t\t<span class=\"elementor-button-text\">Hakuohjeistus<\/span>\n\t\t\t\t\t<\/span>\n\t\t\t\t\t<\/a>\n\t\t\t\t<\/div>\n\t\t\t\t\t\t\t\t<\/div>\n\t\t\t\t<\/div>\n\t\t\t\t\t<\/div>\n\t\t\t\t<\/div>\n\t\t<div data-particle_enable=\"false\" data-particle-mobile-disabled=\"false\" class=\"elementor-element elementor-element-74a2ae5 e-flex e-con-boxed e-con e-child\" data-id=\"74a2ae5\" data-element_type=\"container\" data-e-type=\"container\">\n\t\t\t\t\t<div class=\"e-con-inner\">\n\t\t\t\t<div class=\"elementor-element elementor-element-cf27700 elementor-widget elementor-widget-image\" data-id=\"cf27700\" data-element_type=\"widget\" data-e-type=\"widget\" data-widget_type=\"image.default\">\n\t\t\t\t<div class=\"elementor-widget-container\">\n\t\t\t\t\t\t\t\t\t\t\t\t\t\t\t<img fetchpriority=\"high\" decoding=\"async\" width=\"800\" height=\"534\" src=\"https:\/\/xn--sykett-gua.fi\/kuopio\/wp-content\/uploads\/sites\/2\/2025\/02\/syketta29-1024x683.jpg\" class=\"attachment-large size-large wp-image-47221\" alt=\"\" srcset=\"https:\/\/xn--sykett-gua.fi\/kuopio\/wp-content\/uploads\/sites\/2\/2025\/02\/syketta29-1024x683.jpg 1024w, https:\/\/xn--sykett-gua.fi\/kuopio\/wp-content\/uploads\/sites\/2\/2025\/02\/syketta29-300x200.jpg 300w, https:\/\/xn--sykett-gua.fi\/kuopio\/wp-content\/uploads\/sites\/2\/2025\/02\/syketta29-768x512.jpg 768w, https:\/\/xn--sykett-gua.fi\/kuopio\/wp-content\/uploads\/sites\/2\/2025\/02\/syketta29.jpg 1200w\" sizes=\"(max-width: 800px) 100vw, 800px\" \/>\t\t\t\t\t\t\t\t\t\t\t\t\t\t\t<\/div>\n\t\t\t\t<\/div>\n\t\t\t\t<div class=\"elementor-element elementor-element-78427e8 elementor-widget elementor-widget-text-editor\" data-id=\"78427e8\" data-element_type=\"widget\" data-e-type=\"widget\" data-widget_type=\"text-editor.default\">\n\t\t\t\t<div class=\"elementor-widget-container\">\n\t\t\t\t\t\t\t\t\t<h3>Huomioita<\/h3><p>1) Tarkkailemme vakiovuorojen k\u00e4vij\u00e4m\u00e4\u00e4ri\u00e4. Muista ilmoittautua jokaiselle vakiovuorolle varauskalenterin kautta!<\/p><p>2) Jos tiedossa on, ett\u00e4 vakiovuorolle ei ole tulossa pelaajia, vuoron peruutus tehd\u00e4\u00e4n s\u00e4hk\u00f6postitse (sirpa.risto@isyy.fi) mahdollisimman pian, jotta vuoro voidaan vapauttaa muiden liikkujien k\u00e4ytt\u00f6\u00f6n.<\/p><p>3) Jos vuorolle ei ole tarvetta, asiasta tulee ilmoittaa mahdollisimman pian liikuntasuunnittelijalle<\/p><p>4)\u00a0Vakiovuorojen k\u00e4ytt\u00f6astetta seurataan tarkkailemalla ilmoittautuneiden m\u00e4\u00e4ri\u00e4 sek\u00e4 satunnaisilla tarkastuksilla vuoroilla. K\u00e4ytt\u00e4m\u00e4tt\u00f6m\u00e4t vakiovuorot perutaan ja luovutetaan seuraavalle ryhm\u00e4lle.<\/p><p>5)\u00a0Jos Kuopion kaupungin koulutilat ja\/tai It\u00e4-Suomen korkeakoulut linjaavat, ett\u00e4 liikuntapaikat ovat suljettuina niin tilojen aukeamisesta ja vuorojen k\u00e4ynnistymisest\u00e4 tiedotetaan erikseen.<\/p>\t\t\t\t\t\t\t\t<\/div>\n\t\t\t\t<\/div>\n\t\t\t\t<div class=\"elementor-element elementor-element-5f13ff2 elementor-widget elementor-widget-text-editor\" data-id=\"5f13ff2\" data-element_type=\"widget\" data-e-type=\"widget\" data-widget_type=\"text-editor.default\">\n\t\t\t\t<div class=\"elementor-widget-container\">\n\t\t\t\t\t\t\t\t\t<h2 class=\"wp-block-heading has-text-align-center\">Vapaat vuorot<\/h2><p class=\"has-text-align-center\">Studentian salissa on p\u00e4ivisin varattavissa vapaita vuoroja, joilla voi harrastaa mit\u00e4 tahansa liikuntaa. Kun teet varauksen, voit menn\u00e4 lohkoon yksin tai kavereiden kanssa liikkumaan. Kaikki Studentian liikuntasalin v\u00e4lineet ovat vuorolaisten k\u00e4yt\u00f6ss\u00e4. Kaikilla vuorolla olijoilla on oltava voimassa oleva SYKETT\u00c4-tarra.<\/p>\t\t\t\t\t\t\t\t<\/div>\n\t\t\t\t<\/div>\n\t\t\t\t\t<\/div>\n\t\t\t\t<\/div>\n\t\t\t\t\t<\/div>\n\t\t\t\t<\/div>\n\t\t\t\t<\/div>\n\t\t","protected":false},"excerpt":{"rendered":"<p>Lorem ipsum dolor sit amet, consectetur adipiscing elit, sed do eiusmod tempor incididunt ut labore et dolore magna aliqua. Ut enim ad minim veniam, quis nostrud exercitation ullamco laboris nisi ut aliquip ex ea.<\/p>\n","protected":false},"author":3,"featured_media":459,"parent":483,"menu_order":2,"comment_status":"closed","ping_status":"closed","template":"","meta":{"iawp_total_views":815,"footnotes":""},"class_list":["post-1631","page","type-page","status-publish","has-post-thumbnail","hentry"],"yoast_head":"<!-- This site is optimized with the Yoast SEO plugin v27.5 - https:\/\/yoast.com\/product\/yoast-seo-wordpress\/ -->\n<title>Palloilu - SYKETT\u00c4 Kuopio<\/title>\n<meta name=\"description\" content=\"Palloilu kattaa eri palloilulajien avoimet ja vakiovuorot. Avoimista lajivuoroista l\u00f6yd\u00e4t palloilulajien lis\u00e4ksi my\u00f6s kamppailulajeja.\" \/>\n<meta name=\"robots\" content=\"index, follow, max-snippet:-1, max-image-preview:large, max-video-preview:-1\" \/>\n<link rel=\"canonical\" href=\"https:\/\/xn--sykett-gua.fi\/kuopio\/tarjonta-jasenille\/palloilu\/\" \/>\n<meta property=\"og:locale\" content=\"fi_FI\" \/>\n<meta property=\"og:type\" content=\"article\" \/>\n<meta property=\"og:title\" content=\"Palloilu - SYKETT\u00c4 Kuopio\" \/>\n<meta property=\"og:description\" content=\"Palloilu kattaa eri palloilulajien avoimet ja vakiovuorot. Avoimista lajivuoroista l\u00f6yd\u00e4t palloilulajien lis\u00e4ksi my\u00f6s kamppailulajeja.\" \/>\n<meta property=\"og:url\" content=\"https:\/\/xn--sykett-gua.fi\/kuopio\/tarjonta-jasenille\/palloilu\/\" \/>\n<meta property=\"og:site_name\" content=\"SYKETT\u00c4 Kuopio\" \/>\n<meta property=\"article:publisher\" content=\"https:\/\/www.facebook.com\/sykettakuopio\" \/>\n<meta property=\"article:modified_time\" content=\"2025-10-28T08:37:55+00:00\" \/>\n<meta property=\"og:image\" content=\"https:\/\/xn--sykett-gua.fi\/kuopio\/wp-content\/uploads\/sites\/2\/2024\/06\/placeholder-3.png\" \/>\n\t<meta property=\"og:image:width\" content=\"1200\" \/>\n\t<meta property=\"og:image:height\" content=\"800\" \/>\n\t<meta property=\"og:image:type\" content=\"image\/png\" \/>\n<meta name=\"twitter:card\" content=\"summary_large_image\" \/>\n<meta name=\"twitter:label1\" content=\"Arvioitu lukuaika\" \/>\n\t<meta name=\"twitter:data1\" content=\"2 minuuttia\" \/>\n<script type=\"application\/ld+json\" class=\"yoast-schema-graph\">{\"@context\":\"https:\\\/\\\/schema.org\",\"@graph\":[{\"@type\":\"WebPage\",\"@id\":\"https:\\\/\\\/xn--sykett-gua.fi\\\/kuopio\\\/tarjonta-jasenille\\\/palloilu\\\/\",\"url\":\"https:\\\/\\\/xn--sykett-gua.fi\\\/kuopio\\\/tarjonta-jasenille\\\/palloilu\\\/\",\"name\":\"Palloilu - SYKETT\u00c4 Kuopio\",\"isPartOf\":{\"@id\":\"https:\\\/\\\/xn--sykett-gua.fi\\\/kuopio\\\/#website\"},\"primaryImageOfPage\":{\"@id\":\"https:\\\/\\\/xn--sykett-gua.fi\\\/kuopio\\\/tarjonta-jasenille\\\/palloilu\\\/#primaryimage\"},\"image\":{\"@id\":\"https:\\\/\\\/xn--sykett-gua.fi\\\/kuopio\\\/tarjonta-jasenille\\\/palloilu\\\/#primaryimage\"},\"thumbnailUrl\":\"https:\\\/\\\/xn--sykett-gua.fi\\\/kuopio\\\/wp-content\\\/uploads\\\/sites\\\/2\\\/2024\\\/06\\\/placeholder-3.png\",\"datePublished\":\"2024-10-08T12:05:03+00:00\",\"dateModified\":\"2025-10-28T08:37:55+00:00\",\"description\":\"Palloilu kattaa eri palloilulajien avoimet ja vakiovuorot. Avoimista lajivuoroista l\u00f6yd\u00e4t palloilulajien lis\u00e4ksi my\u00f6s kamppailulajeja.\",\"breadcrumb\":{\"@id\":\"https:\\\/\\\/xn--sykett-gua.fi\\\/kuopio\\\/tarjonta-jasenille\\\/palloilu\\\/#breadcrumb\"},\"inLanguage\":\"fi\",\"potentialAction\":[{\"@type\":\"ReadAction\",\"target\":[\"https:\\\/\\\/xn--sykett-gua.fi\\\/kuopio\\\/tarjonta-jasenille\\\/palloilu\\\/\"]}]},{\"@type\":\"ImageObject\",\"inLanguage\":\"fi\",\"@id\":\"https:\\\/\\\/xn--sykett-gua.fi\\\/kuopio\\\/tarjonta-jasenille\\\/palloilu\\\/#primaryimage\",\"url\":\"https:\\\/\\\/xn--sykett-gua.fi\\\/kuopio\\\/wp-content\\\/uploads\\\/sites\\\/2\\\/2024\\\/06\\\/placeholder-3.png\",\"contentUrl\":\"https:\\\/\\\/xn--sykett-gua.fi\\\/kuopio\\\/wp-content\\\/uploads\\\/sites\\\/2\\\/2024\\\/06\\\/placeholder-3.png\",\"width\":1200,\"height\":800},{\"@type\":\"BreadcrumbList\",\"@id\":\"https:\\\/\\\/xn--sykett-gua.fi\\\/kuopio\\\/tarjonta-jasenille\\\/palloilu\\\/#breadcrumb\",\"itemListElement\":[{\"@type\":\"ListItem\",\"position\":1,\"name\":\"Etusivu\",\"item\":\"https:\\\/\\\/xn--sykett-gua.fi\\\/kuopio\\\/\"},{\"@type\":\"ListItem\",\"position\":2,\"name\":\"Tarjonta j\u00e4senille\",\"item\":\"https:\\\/\\\/xn--sykett-gua.fi\\\/kuopio\\\/tarjonta-jasenille\\\/\"},{\"@type\":\"ListItem\",\"position\":3,\"name\":\"Palloilu\"}]},{\"@type\":\"WebSite\",\"@id\":\"https:\\\/\\\/xn--sykett-gua.fi\\\/kuopio\\\/#website\",\"url\":\"https:\\\/\\\/xn--sykett-gua.fi\\\/kuopio\\\/\",\"name\":\"SYKETT\u00c4 Kuopio\",\"description\":\"Kuopion korkeakoululiikunta\",\"publisher\":{\"@id\":\"https:\\\/\\\/xn--sykett-gua.fi\\\/kuopio\\\/#organization\"},\"potentialAction\":[{\"@type\":\"SearchAction\",\"target\":{\"@type\":\"EntryPoint\",\"urlTemplate\":\"https:\\\/\\\/xn--sykett-gua.fi\\\/kuopio\\\/?s={search_term_string}\"},\"query-input\":{\"@type\":\"PropertyValueSpecification\",\"valueRequired\":true,\"valueName\":\"search_term_string\"}}],\"inLanguage\":\"fi\"},{\"@type\":\"Organization\",\"@id\":\"https:\\\/\\\/xn--sykett-gua.fi\\\/kuopio\\\/#organization\",\"name\":\"SYKETT\u00c4 Kuopio\",\"url\":\"https:\\\/\\\/xn--sykett-gua.fi\\\/kuopio\\\/\",\"logo\":{\"@type\":\"ImageObject\",\"inLanguage\":\"fi\",\"@id\":\"https:\\\/\\\/xn--sykett-gua.fi\\\/kuopio\\\/#\\\/schema\\\/logo\\\/image\\\/\",\"url\":\"https:\\\/\\\/xn--sykett-gua.fi\\\/kuopio\\\/wp-content\\\/uploads\\\/sites\\\/2\\\/2024\\\/06\\\/Sykettalogo-02.png\",\"contentUrl\":\"https:\\\/\\\/xn--sykett-gua.fi\\\/kuopio\\\/wp-content\\\/uploads\\\/sites\\\/2\\\/2024\\\/06\\\/Sykettalogo-02.png\",\"width\":313,\"height\":119,\"caption\":\"SYKETT\u00c4 Kuopio\"},\"image\":{\"@id\":\"https:\\\/\\\/xn--sykett-gua.fi\\\/kuopio\\\/#\\\/schema\\\/logo\\\/image\\\/\"},\"sameAs\":[\"https:\\\/\\\/www.facebook.com\\\/sykettakuopio\",\"https:\\\/\\\/www.instagram.com\\\/syketta_kpo\\\/\",\"https:\\\/\\\/www.youtube.com\\\/channel\\\/UCtz5z3e0YQYE69xVWjsU7Uw\",\"https:\\\/\\\/www.tiktok.com\\\/@syketta_kuopio\"]}]}<\/script>\n<!-- \/ Yoast SEO plugin. -->","yoast_head_json":{"title":"Palloilu - SYKETT\u00c4 Kuopio","description":"Palloilu kattaa eri palloilulajien avoimet ja vakiovuorot. Avoimista lajivuoroista l\u00f6yd\u00e4t palloilulajien lis\u00e4ksi my\u00f6s kamppailulajeja.","robots":{"index":"index","follow":"follow","max-snippet":"max-snippet:-1","max-image-preview":"max-image-preview:large","max-video-preview":"max-video-preview:-1"},"canonical":"https:\/\/xn--sykett-gua.fi\/kuopio\/tarjonta-jasenille\/palloilu\/","og_locale":"fi_FI","og_type":"article","og_title":"Palloilu - SYKETT\u00c4 Kuopio","og_description":"Palloilu kattaa eri palloilulajien avoimet ja vakiovuorot. Avoimista lajivuoroista l\u00f6yd\u00e4t palloilulajien lis\u00e4ksi my\u00f6s kamppailulajeja.","og_url":"https:\/\/xn--sykett-gua.fi\/kuopio\/tarjonta-jasenille\/palloilu\/","og_site_name":"SYKETT\u00c4 Kuopio","article_publisher":"https:\/\/www.facebook.com\/sykettakuopio","article_modified_time":"2025-10-28T08:37:55+00:00","og_image":[{"width":1200,"height":800,"url":"https:\/\/xn--sykett-gua.fi\/kuopio\/wp-content\/uploads\/sites\/2\/2024\/06\/placeholder-3.png","type":"image\/png"}],"twitter_card":"summary_large_image","twitter_misc":{"Arvioitu lukuaika":"2 minuuttia"},"schema":{"@context":"https:\/\/schema.org","@graph":[{"@type":"WebPage","@id":"https:\/\/xn--sykett-gua.fi\/kuopio\/tarjonta-jasenille\/palloilu\/","url":"https:\/\/xn--sykett-gua.fi\/kuopio\/tarjonta-jasenille\/palloilu\/","name":"Palloilu - SYKETT\u00c4 Kuopio","isPartOf":{"@id":"https:\/\/xn--sykett-gua.fi\/kuopio\/#website"},"primaryImageOfPage":{"@id":"https:\/\/xn--sykett-gua.fi\/kuopio\/tarjonta-jasenille\/palloilu\/#primaryimage"},"image":{"@id":"https:\/\/xn--sykett-gua.fi\/kuopio\/tarjonta-jasenille\/palloilu\/#primaryimage"},"thumbnailUrl":"https:\/\/xn--sykett-gua.fi\/kuopio\/wp-content\/uploads\/sites\/2\/2024\/06\/placeholder-3.png","datePublished":"2024-10-08T12:05:03+00:00","dateModified":"2025-10-28T08:37:55+00:00","description":"Palloilu kattaa eri palloilulajien avoimet ja vakiovuorot. Avoimista lajivuoroista l\u00f6yd\u00e4t palloilulajien lis\u00e4ksi my\u00f6s kamppailulajeja.","breadcrumb":{"@id":"https:\/\/xn--sykett-gua.fi\/kuopio\/tarjonta-jasenille\/palloilu\/#breadcrumb"},"inLanguage":"fi","potentialAction":[{"@type":"ReadAction","target":["https:\/\/xn--sykett-gua.fi\/kuopio\/tarjonta-jasenille\/palloilu\/"]}]},{"@type":"ImageObject","inLanguage":"fi","@id":"https:\/\/xn--sykett-gua.fi\/kuopio\/tarjonta-jasenille\/palloilu\/#primaryimage","url":"https:\/\/xn--sykett-gua.fi\/kuopio\/wp-content\/uploads\/sites\/2\/2024\/06\/placeholder-3.png","contentUrl":"https:\/\/xn--sykett-gua.fi\/kuopio\/wp-content\/uploads\/sites\/2\/2024\/06\/placeholder-3.png","width":1200,"height":800},{"@type":"BreadcrumbList","@id":"https:\/\/xn--sykett-gua.fi\/kuopio\/tarjonta-jasenille\/palloilu\/#breadcrumb","itemListElement":[{"@type":"ListItem","position":1,"name":"Etusivu","item":"https:\/\/xn--sykett-gua.fi\/kuopio\/"},{"@type":"ListItem","position":2,"name":"Tarjonta j\u00e4senille","item":"https:\/\/xn--sykett-gua.fi\/kuopio\/tarjonta-jasenille\/"},{"@type":"ListItem","position":3,"name":"Palloilu"}]},{"@type":"WebSite","@id":"https:\/\/xn--sykett-gua.fi\/kuopio\/#website","url":"https:\/\/xn--sykett-gua.fi\/kuopio\/","name":"SYKETT\u00c4 Kuopio","description":"Kuopion korkeakoululiikunta","publisher":{"@id":"https:\/\/xn--sykett-gua.fi\/kuopio\/#organization"},"potentialAction":[{"@type":"SearchAction","target":{"@type":"EntryPoint","urlTemplate":"https:\/\/xn--sykett-gua.fi\/kuopio\/?s={search_term_string}"},"query-input":{"@type":"PropertyValueSpecification","valueRequired":true,"valueName":"search_term_string"}}],"inLanguage":"fi"},{"@type":"Organization","@id":"https:\/\/xn--sykett-gua.fi\/kuopio\/#organization","name":"SYKETT\u00c4 Kuopio","url":"https:\/\/xn--sykett-gua.fi\/kuopio\/","logo":{"@type":"ImageObject","inLanguage":"fi","@id":"https:\/\/xn--sykett-gua.fi\/kuopio\/#\/schema\/logo\/image\/","url":"https:\/\/xn--sykett-gua.fi\/kuopio\/wp-content\/uploads\/sites\/2\/2024\/06\/Sykettalogo-02.png","contentUrl":"https:\/\/xn--sykett-gua.fi\/kuopio\/wp-content\/uploads\/sites\/2\/2024\/06\/Sykettalogo-02.png","width":313,"height":119,"caption":"SYKETT\u00c4 Kuopio"},"image":{"@id":"https:\/\/xn--sykett-gua.fi\/kuopio\/#\/schema\/logo\/image\/"},"sameAs":["https:\/\/www.facebook.com\/sykettakuopio","https:\/\/www.instagram.com\/syketta_kpo\/","https:\/\/www.youtube.com\/channel\/UCtz5z3e0YQYE69xVWjsU7Uw","https:\/\/www.tiktok.com\/@syketta_kuopio"]}]}},"_links":{"self":[{"href":"https:\/\/xn--sykett-gua.fi\/kuopio\/wp-json\/wp\/v2\/pages\/1631","targetHints":{"allow":["GET"]}}],"collection":[{"href":"https:\/\/xn--sykett-gua.fi\/kuopio\/wp-json\/wp\/v2\/pages"}],"about":[{"href":"https:\/\/xn--sykett-gua.fi\/kuopio\/wp-json\/wp\/v2\/types\/page"}],"author":[{"embeddable":true,"href":"https:\/\/xn--sykett-gua.fi\/kuopio\/wp-json\/wp\/v2\/users\/3"}],"replies":[{"embeddable":true,"href":"https:\/\/xn--sykett-gua.fi\/kuopio\/wp-json\/wp\/v2\/comments?post=1631"}],"version-history":[{"count":26,"href":"https:\/\/xn--sykett-gua.fi\/kuopio\/wp-json\/wp\/v2\/pages\/1631\/revisions"}],"predecessor-version":[{"id":50922,"href":"https:\/\/xn--sykett-gua.fi\/kuopio\/wp-json\/wp\/v2\/pages\/1631\/revisions\/50922"}],"up":[{"embeddable":true,"href":"https:\/\/xn--sykett-gua.fi\/kuopio\/wp-json\/wp\/v2\/pages\/483"}],"wp:featuredmedia":[{"embeddable":true,"href":"https:\/\/xn--sykett-gua.fi\/kuopio\/wp-json\/wp\/v2\/media\/459"}],"wp:attachment":[{"href":"https:\/\/xn--sykett-gua.fi\/kuopio\/wp-json\/wp\/v2\/media?parent=1631"}],"curies":[{"name":"wp","href":"https:\/\/api.w.org\/{rel}","templated":true}]}}