{"id":1636,"date":"2024-10-22T13:01:49","date_gmt":"2024-10-22T10:01:49","guid":{"rendered":"https:\/\/xn--sykett-gua.fi\/kuopio\/?page_id=1636"},"modified":"2026-02-01T15:22:11","modified_gmt":"2026-02-01T13:22:11","slug":"ryhmaliikunta","status":"publish","type":"page","link":"https:\/\/xn--sykett-gua.fi\/kuopio\/tarjonta-jasenille\/ryhmaliikunta\/","title":{"rendered":"Ryhm\u00e4liikunta"},"content":{"rendered":"\t\t<div data-elementor-type=\"wp-page\" data-elementor-id=\"1636\" class=\"elementor elementor-1636\" data-elementor-post-type=\"page\">\n\t\t\t\t<div data-particle_enable=\"false\" data-particle-mobile-disabled=\"false\" class=\"elementor-element elementor-element-f8cf1aa e-flex e-con-boxed e-con e-parent\" data-id=\"f8cf1aa\" data-element_type=\"container\" data-e-type=\"container\">\n\t\t\t\t\t<div class=\"e-con-inner\">\n\t\t<div data-particle_enable=\"false\" data-particle-mobile-disabled=\"false\" class=\"elementor-element elementor-element-bb1f014 e-con-full e-flex e-con e-child\" data-id=\"bb1f014\" data-element_type=\"container\" data-e-type=\"container\">\n\t\t\t\t<div class=\"elementor-element elementor-element-661f3a4 elementor-widget elementor-widget-text-editor\" data-id=\"661f3a4\" data-element_type=\"widget\" data-e-type=\"widget\" data-widget_type=\"text-editor.default\">\n\t\t\t\t<div class=\"elementor-widget-container\">\n\t\t\t\t\t\t\t\t\t<p class=\"has-text-align-center\">Liikuntakalenterissamme on viikoittain yli 40 ohjattua ryhm\u00e4liikuntatuntia, joille voit osallistua, kun sinulla on SYKETT\u00c4-ryhm\u00e4liikuntatarra!<\/p><p>Valikoimasta l\u00f6ytyy muun muassa kehonhuoltoa, joogaa, tanssillisia ja vauhdikkaita syke-tunteja, lihaskuntotreeni\u00e4 sek\u00e4 sis\u00e4py\u00f6r\u00e4ily\u00e4. Tunteja j\u00e4rjestet\u00e4\u00e4n arkisin sek\u00e4 viikonloppuisin.\u00a0<\/p><p>Tunteja j\u00e4rjestet\u00e4\u00e4n sek\u00e4 kampuksilla ett\u00e4 yhteisty\u00f6kumppaneiden liikuntatiloissa ymp\u00e4ri kaupunkia.<\/p>\t\t\t\t\t\t\t\t<\/div>\n\t\t\t\t<\/div>\n\t\t\t\t<div class=\"elementor-element elementor-element-d835c80 elementor-widget elementor-widget-button\" data-id=\"d835c80\" data-element_type=\"widget\" data-e-type=\"widget\" data-widget_type=\"button.default\">\n\t\t\t\t<div class=\"elementor-widget-container\">\n\t\t\t\t\t\t\t\t\t<div class=\"elementor-button-wrapper\">\n\t\t\t\t\t<a class=\"elementor-button elementor-button-link elementor-size-sm\" href=\"\/kuopio\">\n\t\t\t\t\t\t<span class=\"elementor-button-content-wrapper\">\n\t\t\t\t\t\t\t\t\t<span class=\"elementor-button-text\">Varauskalenteri<\/span>\n\t\t\t\t\t<\/span>\n\t\t\t\t\t<\/a>\n\t\t\t\t<\/div>\n\t\t\t\t\t\t\t\t<\/div>\n\t\t\t\t<\/div>\n\t\t\t\t<div class=\"elementor-element elementor-element-2693513 elementor-widget elementor-widget-button\" data-id=\"2693513\" data-element_type=\"widget\" data-e-type=\"widget\" data-widget_type=\"button.default\">\n\t\t\t\t<div class=\"elementor-widget-container\">\n\t\t\t\t\t\t\t\t\t<div class=\"elementor-button-wrapper\">\n\t\t\t\t\t<a class=\"elementor-button elementor-button-link elementor-size-sm\" href=\"\/kuopio\/liikkujan-info\/tuntikaytannot\/\">\n\t\t\t\t\t\t<span class=\"elementor-button-content-wrapper\">\n\t\t\t\t\t\t\t\t\t<span class=\"elementor-button-text\">Tutustu my\u00f6s\u00a0tuntik\u00e4yt\u00e4nt\u00f6ihin!<\/span>\n\t\t\t\t\t<\/span>\n\t\t\t\t\t<\/a>\n\t\t\t\t<\/div>\n\t\t\t\t\t\t\t\t<\/div>\n\t\t\t\t<\/div>\n\t\t\t\t<\/div>\n\t\t<div data-particle_enable=\"false\" data-particle-mobile-disabled=\"false\" class=\"elementor-element elementor-element-006175f e-flex e-con-boxed e-con e-child\" data-id=\"006175f\" data-element_type=\"container\" data-e-type=\"container\">\n\t\t\t\t\t<div class=\"e-con-inner\">\n\t\t\t\t<div class=\"elementor-element elementor-element-2c057f7 elementor-widget elementor-widget-image\" data-id=\"2c057f7\" data-element_type=\"widget\" data-e-type=\"widget\" data-widget_type=\"image.default\">\n\t\t\t\t<div class=\"elementor-widget-container\">\n\t\t\t\t\t\t\t\t\t\t\t\t\t\t\t<img fetchpriority=\"high\" decoding=\"async\" width=\"800\" height=\"534\" src=\"https:\/\/xn--sykett-gua.fi\/kuopio\/wp-content\/uploads\/sites\/2\/2025\/02\/syketta21-1024x683.jpg\" class=\"attachment-large size-large wp-image-47213\" alt=\"\" srcset=\"https:\/\/xn--sykett-gua.fi\/kuopio\/wp-content\/uploads\/sites\/2\/2025\/02\/syketta21-1024x683.jpg 1024w, https:\/\/xn--sykett-gua.fi\/kuopio\/wp-content\/uploads\/sites\/2\/2025\/02\/syketta21-300x200.jpg 300w, https:\/\/xn--sykett-gua.fi\/kuopio\/wp-content\/uploads\/sites\/2\/2025\/02\/syketta21-768x512.jpg 768w, https:\/\/xn--sykett-gua.fi\/kuopio\/wp-content\/uploads\/sites\/2\/2025\/02\/syketta21.jpg 1200w\" sizes=\"(max-width: 800px) 100vw, 800px\" \/>\t\t\t\t\t\t\t\t\t\t\t\t\t\t\t<\/div>\n\t\t\t\t<\/div>\n\t\t\t\t\t<\/div>\n\t\t\t\t<\/div>\n\t\t\t\t\t<\/div>\n\t\t\t\t<\/div>\n\t\t<div data-particle_enable=\"false\" data-particle-mobile-disabled=\"false\" class=\"elementor-element elementor-element-bc66e61 e-flex e-con-boxed e-con e-parent\" data-id=\"bc66e61\" data-element_type=\"container\" data-e-type=\"container\">\n\t\t\t\t\t<div class=\"e-con-inner\">\n\t\t\t\t<div class=\"elementor-element elementor-element-34229e1 elementor-widget elementor-widget-heading\" data-id=\"34229e1\" data-element_type=\"widget\" data-e-type=\"widget\" data-widget_type=\"heading.default\">\n\t\t\t\t<div class=\"elementor-widget-container\">\n\t\t\t\t\t<h2 class=\"elementor-heading-title elementor-size-default\">Tutustu ryhm\u00e4liikuntatarjontaan<\/h2>\t\t\t\t<\/div>\n\t\t\t\t<\/div>\n\t\t\t\t<div class=\"elementor-element elementor-element-9ae2e1d elementor-widget elementor-widget-text-editor\" data-id=\"9ae2e1d\" data-element_type=\"widget\" data-e-type=\"widget\" data-widget_type=\"text-editor.default\">\n\t\t\t\t<div class=\"elementor-widget-container\">\n\t\t\t\t\t\t\t\t\t<p>Ryhm\u00e4liikuntatunneille osallistuaksesi et tarvitse aiempaa kokemusta, ellei tuntikohtaisessa kuvauksessa toisin mainita. Tarkemmat tuntikuvaukset l\u00f6yd\u00e4t varauskalenterista kunkin tunnin kohdalta.<\/p>\t\t\t\t\t\t\t\t<\/div>\n\t\t\t\t<\/div>\n\t\t\t\t\t<\/div>\n\t\t\t\t<\/div>\n\t\t<div data-particle_enable=\"false\" data-particle-mobile-disabled=\"false\" class=\"elementor-element elementor-element-4477e96 e-flex e-con-boxed e-con e-parent\" data-id=\"4477e96\" data-element_type=\"container\" data-e-type=\"container\">\n\t\t\t\t\t<div class=\"e-con-inner\">\n\t\t<div data-particle_enable=\"false\" data-particle-mobile-disabled=\"false\" class=\"elementor-element elementor-element-e0502c6 e-con-full e-flex e-con e-child\" data-id=\"e0502c6\" data-element_type=\"container\" data-e-type=\"container\">\n\t\t\t\t<div class=\"elementor-element elementor-element-62feaee elementor-widget elementor-widget-text-editor\" data-id=\"62feaee\" data-element_type=\"widget\" data-e-type=\"widget\" data-widget_type=\"text-editor.default\">\n\t\t\t\t<div class=\"elementor-widget-container\">\n\t\t\t\t\t\t\t\t\t<h3>Tehotunnit<\/h3><p>Tehotunnit ovat tunteja, joissa liikkuja p\u00e4\u00e4see haastaamaan itsens\u00e4 ja nostamaan sykkeet korkealle. Tunnin aiheesta riippuen sis\u00e4lt\u00f6\u00f6n voi kuulua my\u00f6s lihaskunnon harjoittamista sykkeennoston lis\u00e4ksi ja tunneilla voidaan hy\u00f6dynt\u00e4\u00e4 erilaisia v\u00e4lineit\u00e4.<\/p>\t\t\t\t\t\t\t\t<\/div>\n\t\t\t\t<\/div>\n\t\t\t\t<div class=\"elementor-element elementor-element-5a826c6 elementor-widget elementor-widget-text-editor\" data-id=\"5a826c6\" data-element_type=\"widget\" data-e-type=\"widget\" data-widget_type=\"text-editor.default\">\n\t\t\t\t<div class=\"elementor-widget-container\">\n\t\t\t\t\t\t\t\t\t<h3>Kehonhuolto<\/h3><p>Kehonhuoltotunnit ovat rauhallisia, kehon huoltamista ja palautumista edist\u00e4vi\u00e4 tunteja. Tunneilla voidaan hy\u00f6dynt\u00e4\u00e4 erilaisia v\u00e4lineit\u00e4 tai pelk\u00e4st\u00e4\u00e4n omaa kehoa erilaisia huoltavia harjoitteita varten.\u00a0<\/p>\t\t\t\t\t\t\t\t<\/div>\n\t\t\t\t<\/div>\n\t\t\t\t<\/div>\n\t\t<div data-particle_enable=\"false\" data-particle-mobile-disabled=\"false\" class=\"elementor-element elementor-element-96dd02e e-con-full e-flex e-con e-child\" data-id=\"96dd02e\" data-element_type=\"container\" data-e-type=\"container\">\n\t\t\t\t<div class=\"elementor-element elementor-element-30e5a7f elementor-widget elementor-widget-text-editor\" data-id=\"30e5a7f\" data-element_type=\"widget\" data-e-type=\"widget\" data-widget_type=\"text-editor.default\">\n\t\t\t\t<div class=\"elementor-widget-container\">\n\t\t\t\t\t\t\t\t\t<h3>Tanssillinen<\/h3><p>Tanssillisilla tunneilla tanssitaan tuntikuvauksen nimen mukaisen lajin eri rytmeiss\u00e4. Jokainen tunti on suunniteltu niin, ett\u00e4 voit osallistua tunnille miss\u00e4 vaiheessa kautta tahansa.\u00a0<\/p>\t\t\t\t\t\t\t\t<\/div>\n\t\t\t\t<\/div>\n\t\t\t\t<div class=\"elementor-element elementor-element-99bf274 elementor-widget elementor-widget-text-editor\" data-id=\"99bf274\" data-element_type=\"widget\" data-e-type=\"widget\" data-widget_type=\"text-editor.default\">\n\t\t\t\t<div class=\"elementor-widget-container\">\n\t\t\t\t\t\t\t\t\t<h3>Lihaskunto<\/h3><p>Lihaskuntotunneilla p\u00e4\u00e4paino on lihaskunnon haastamisessa ja kehitt\u00e4misess\u00e4 kehonpainon ja\/tai erilaisten v\u00e4lineiden, kuten esimerkiksi kahvakuulan, tangon tai kuminauhojen avulla. Tunneilla ohjaaja opastaa oikeat tekniikat kunkin liikkeen suorittamiseen.<\/p>\t\t\t\t\t\t\t\t<\/div>\n\t\t\t\t<\/div>\n\t\t\t\t<\/div>\n\t\t\t\t\t<\/div>\n\t\t\t\t<\/div>\n\t\t<div data-particle_enable=\"false\" data-particle-mobile-disabled=\"false\" class=\"elementor-element elementor-element-a25ca14 e-flex e-con-boxed e-con e-parent\" data-id=\"a25ca14\" data-element_type=\"container\" data-e-type=\"container\">\n\t\t\t\t\t<div class=\"e-con-inner\">\n\t\t<div data-particle_enable=\"false\" data-particle-mobile-disabled=\"false\" class=\"elementor-element elementor-element-88e3534 e-con-full e-flex e-con e-child\" data-id=\"88e3534\" data-element_type=\"container\" data-e-type=\"container\">\n\t\t\t\t<div class=\"elementor-element elementor-element-557e31e elementor-widget elementor-widget-text-editor\" data-id=\"557e31e\" data-element_type=\"widget\" data-e-type=\"widget\" data-widget_type=\"text-editor.default\">\n\t\t\t\t<div class=\"elementor-widget-container\">\n\t\t\t\t\t\t\t\t\t<h2>Bare Method Online-tunti<\/h2><h3>BYM Online k\u00e4ytt\u00f6ohje<br \/>Tervetuloa joogaaman aika- ja paikkariippumattomasti BYM Onlinessa!<\/h3><p>Palvelun k\u00e4ytt\u00f6oikeus on henkil\u00f6kohtainen ja voimassa vain<br \/>SYKETT\u00c4 j\u00e4senille. K\u00e4ytt\u00f6oikeus p\u00e4\u00e4ttyy j\u00e4senyyden tai ty\u00f6suhteen p\u00e4\u00e4ttyess\u00e4.<br \/>Harjoittelu tapahtuu omalla vastuulla. Kuuntele kehoasi ja tee liikkeet oman vointisi mukaan. Mik\u00e4li sinulla on vammoja, sairauksia, olet raskaana tai olet ep\u00e4varma harjoittelun soveltuvuudesta, suosittelemme keskustelemaan terveydenhuollon ammattilaisen kanssa ennen harjoittelua.<\/p><h3>1. Rekister\u00f6ityminen<\/h3><p>Rekister\u00f6idy <a href=\"https:\/\/www.bareyogamethod.fi\/ita-suomen-yliopisto-x-bare-yoga-method\/\">t\u00e4\u00e4ll\u00e4.<\/a><br \/>K\u00e4yt\u00e4 rekister\u00f6itymiseen aina organisaatiosi s\u00e4hk\u00f6postiosoitetta. Tunnukset ovat aina<br \/>henkil\u00f6kohtaiset ja niiden jakaminen ja v\u00e4\u00e4rink\u00e4ytt\u00f6 on kielletty\u00e4.<\/p><p>Rekister\u00f6itymisen j\u00e4lkeen p\u00e4\u00e4set <a href=\"https:\/\/www.bareyogamethod.fi\/bym-club-jasensivu\/\">Clubisivulle<\/a>, josta l\u00f6yd\u00e4t BYM Online viikkoharjoituksen sek\u00e4 clubilaisten keskustelualueen. Huomaathan, ett\u00e4 clubilaisten keskustelualue on avoin kaikille BYM Clubilaisille, ei vain organisaatiollesi. Keskustelualueella suosittelemme noudattamaan asiallista ja kunnioittavaa viestint\u00e4\u00e4 ja v\u00e4ltt\u00e4m\u00e4\u00e4n luottamuksellisten tai henkil\u00f6kohtaisten tietojen jakamista. Jatkossa voit kirjautua Clubisivulle verkkoalustan v\u00e4lilehdelt\u00e4 \u201cBYM Club &#8211; j\u00e4senille\u201d<\/p>\t\t\t\t\t\t\t\t<\/div>\n\t\t\t\t<\/div>\n\t\t\t\t<\/div>\n\t\t<div data-particle_enable=\"false\" data-particle-mobile-disabled=\"false\" class=\"elementor-element elementor-element-7692ad3 e-con-full e-flex e-con e-child\" data-id=\"7692ad3\" data-element_type=\"container\" data-e-type=\"container\">\n\t\t\t\t<div class=\"elementor-element elementor-element-272ecb3 elementor-widget elementor-widget-text-editor\" data-id=\"272ecb3\" data-element_type=\"widget\" data-e-type=\"widget\" data-widget_type=\"text-editor.default\">\n\t\t\t\t<div class=\"elementor-widget-container\">\n\t\t\t\t\t\t\t\t\t<h3>2. Sis\u00e4lt\u00f6<\/h3><p>BYM Online viikkoharjoitus vaihtuu 2 viikon v\u00e4lein maanantaiaamuisin klo 6:00, ja se on teht\u00e4viss\u00e4 aika- ja paikkariippumattomasti, niin monta kertaa kuin haluat. 30 minuutin harjoitukseen tarvitset vain joogamaton ja rauhallisen tilan. Harjoitus sopii eri tasoisille joogaajille ja liikkeet tulee tehd\u00e4 aina omaa<br \/>kehoa kuunnellen. Saat yhteyden ohjaajaan keskustelualueen kautta, jossa voit kysy\u00e4 harjoitukseen liittyvi\u00e4 yleisi\u00e4 kysymyksi\u00e4.<\/p><h3><br \/>3. K\u00e4ytt\u00f6ehdot<\/h3><p>Rekister\u00f6ityess\u00e4si, sinun tulee hyv\u00e4ksy\u00e4 palvelun k\u00e4ytt\u00f6ehdot. BYM Onlinen sis\u00e4ll\u00f6t (videot, tekstit ja materiaalit) ovat tekij\u00e4noikeuden alaisia ja tarkoitettu vain henkil\u00f6kohtaiseen k\u00e4ytt\u00f6\u00f6n my\u00f6s organisaation sis\u00e4ll\u00e4. Tallenteiden jakaminen, lataaminen tai edelleen levitt\u00e4minen on kielletty\u00e4.<\/p><h3>4. Tuki<\/h3><p>Mik\u00e4li sinulla on ongelmia k\u00e4ytt\u00f6oikeuteen tai rekister\u00f6itymiseen liittyen, ole ensisijaisesti<br \/>yhteydess\u00e4 omaan organisaatioosi. Ongelmatilanteissa, varmista aina ensin ett\u00e4 k\u00e4yt\u00e4t<br \/>organisaatiosi oikeaa s\u00e4hk\u00f6postiosoitetta ja ett\u00e4 salasanan vaihto ja palautus toimii.<br \/>Palvelun sis\u00e4lt\u00f6ihin liittyviss\u00e4 yleisiss\u00e4 kysymyksiss\u00e4 voit olla yhteydess\u00e4 Bare Yoga Methodin<br \/>tiimiin keskustelualueella<\/p>\t\t\t\t\t\t\t\t<\/div>\n\t\t\t\t<\/div>\n\t\t\t\t<\/div>\n\t\t\t\t\t<\/div>\n\t\t\t\t<\/div>\n\t\t\t\t<\/div>\n\t\t","protected":false},"excerpt":{"rendered":"<p>Liikuntakalenterissamme on viikoittain yli 40 ohjattua ryhm\u00e4liikuntatuntia, joille voit osallistua, kun sinulla on SYKETT\u00c4-ryhm\u00e4liikuntatarra! Valikoimasta l\u00f6ytyy muun muassa kehonhuoltoa, joogaa, tanssillisia ja vauhdikkaita syke-tunteja, lihaskuntotreeni\u00e4 sek\u00e4 sis\u00e4py\u00f6r\u00e4ily\u00e4. Tunteja j\u00e4rjestet\u00e4\u00e4n arkisin sek\u00e4 viikonloppuisin.\u00a0 Tunteja j\u00e4rjestet\u00e4\u00e4n sek\u00e4 kampuksilla ett\u00e4 yhteisty\u00f6kumppaneiden liikuntatiloissa ymp\u00e4ri kaupunkia. Varauskalenteri Tutustu my\u00f6s\u00a0tuntik\u00e4yt\u00e4nt\u00f6ihin! Tutustu ryhm\u00e4liikuntatarjontaan Ryhm\u00e4liikuntatunneille osallistuaksesi et tarvitse aiempaa kokemusta, ellei tuntikohtaisessa kuvauksessa [&hellip;]<\/p>\n","protected":false},"author":3,"featured_media":0,"parent":483,"menu_order":0,"comment_status":"closed","ping_status":"closed","template":"","meta":{"iawp_total_views":2371,"footnotes":""},"class_list":["post-1636","page","type-page","status-publish","hentry"],"yoast_head":"<!-- This site is optimized with the Yoast SEO plugin v27.5 - https:\/\/yoast.com\/product\/yoast-seo-wordpress\/ -->\n<title>Ryhm\u00e4liikunta - SYKETT\u00c4 Kuopio<\/title>\n<meta name=\"description\" content=\"Tutustu liikuntakalenterin kattavaan ryhm\u00e4liikuntatuntien valikoimaan joogasta sis\u00e4py\u00f6r\u00e4ilyyn tanssillisia tunteja unohtamatta.\" \/>\n<meta name=\"robots\" content=\"index, follow, max-snippet:-1, max-image-preview:large, max-video-preview:-1\" \/>\n<link rel=\"canonical\" href=\"https:\/\/xn--sykett-gua.fi\/kuopio\/tarjonta-jasenille\/ryhmaliikunta\/\" \/>\n<meta property=\"og:locale\" content=\"fi_FI\" \/>\n<meta property=\"og:type\" content=\"article\" \/>\n<meta property=\"og:title\" content=\"Ryhm\u00e4liikunta - SYKETT\u00c4 Kuopio\" \/>\n<meta property=\"og:description\" content=\"Tutustu liikuntakalenterin kattavaan ryhm\u00e4liikuntatuntien valikoimaan joogasta sis\u00e4py\u00f6r\u00e4ilyyn tanssillisia tunteja unohtamatta.\" \/>\n<meta property=\"og:url\" content=\"https:\/\/xn--sykett-gua.fi\/kuopio\/tarjonta-jasenille\/ryhmaliikunta\/\" \/>\n<meta property=\"og:site_name\" content=\"SYKETT\u00c4 Kuopio\" \/>\n<meta property=\"article:publisher\" content=\"https:\/\/www.facebook.com\/sykettakuopio\" \/>\n<meta property=\"article:modified_time\" content=\"2026-02-01T13:22:11+00:00\" \/>\n<meta property=\"og:image\" content=\"https:\/\/xn--sykett-gua.fi\/kuopio\/wp-content\/uploads\/sites\/2\/2025\/02\/syketta21.jpg\" \/>\n\t<meta property=\"og:image:width\" content=\"1200\" \/>\n\t<meta property=\"og:image:height\" content=\"800\" \/>\n\t<meta property=\"og:image:type\" content=\"image\/jpeg\" \/>\n<meta name=\"twitter:card\" content=\"summary_large_image\" \/>\n<meta name=\"twitter:label1\" content=\"Arvioitu lukuaika\" \/>\n\t<meta name=\"twitter:data1\" content=\"3 minuuttia\" \/>\n<script type=\"application\/ld+json\" class=\"yoast-schema-graph\">{\"@context\":\"https:\\\/\\\/schema.org\",\"@graph\":[{\"@type\":\"WebPage\",\"@id\":\"https:\\\/\\\/xn--sykett-gua.fi\\\/kuopio\\\/tarjonta-jasenille\\\/ryhmaliikunta\\\/\",\"url\":\"https:\\\/\\\/xn--sykett-gua.fi\\\/kuopio\\\/tarjonta-jasenille\\\/ryhmaliikunta\\\/\",\"name\":\"Ryhm\u00e4liikunta - SYKETT\u00c4 Kuopio\",\"isPartOf\":{\"@id\":\"https:\\\/\\\/xn--sykett-gua.fi\\\/kuopio\\\/#website\"},\"primaryImageOfPage\":{\"@id\":\"https:\\\/\\\/xn--sykett-gua.fi\\\/kuopio\\\/tarjonta-jasenille\\\/ryhmaliikunta\\\/#primaryimage\"},\"image\":{\"@id\":\"https:\\\/\\\/xn--sykett-gua.fi\\\/kuopio\\\/tarjonta-jasenille\\\/ryhmaliikunta\\\/#primaryimage\"},\"thumbnailUrl\":\"https:\\\/\\\/xn--sykett-gua.fi\\\/kuopio\\\/wp-content\\\/uploads\\\/sites\\\/2\\\/2025\\\/02\\\/syketta21-1024x683.jpg\",\"datePublished\":\"2024-10-22T10:01:49+00:00\",\"dateModified\":\"2026-02-01T13:22:11+00:00\",\"description\":\"Tutustu liikuntakalenterin kattavaan ryhm\u00e4liikuntatuntien valikoimaan joogasta sis\u00e4py\u00f6r\u00e4ilyyn tanssillisia tunteja unohtamatta.\",\"breadcrumb\":{\"@id\":\"https:\\\/\\\/xn--sykett-gua.fi\\\/kuopio\\\/tarjonta-jasenille\\\/ryhmaliikunta\\\/#breadcrumb\"},\"inLanguage\":\"fi\",\"potentialAction\":[{\"@type\":\"ReadAction\",\"target\":[\"https:\\\/\\\/xn--sykett-gua.fi\\\/kuopio\\\/tarjonta-jasenille\\\/ryhmaliikunta\\\/\"]}]},{\"@type\":\"ImageObject\",\"inLanguage\":\"fi\",\"@id\":\"https:\\\/\\\/xn--sykett-gua.fi\\\/kuopio\\\/tarjonta-jasenille\\\/ryhmaliikunta\\\/#primaryimage\",\"url\":\"https:\\\/\\\/xn--sykett-gua.fi\\\/kuopio\\\/wp-content\\\/uploads\\\/sites\\\/2\\\/2025\\\/02\\\/syketta21.jpg\",\"contentUrl\":\"https:\\\/\\\/xn--sykett-gua.fi\\\/kuopio\\\/wp-content\\\/uploads\\\/sites\\\/2\\\/2025\\\/02\\\/syketta21.jpg\",\"width\":1200,\"height\":800},{\"@type\":\"BreadcrumbList\",\"@id\":\"https:\\\/\\\/xn--sykett-gua.fi\\\/kuopio\\\/tarjonta-jasenille\\\/ryhmaliikunta\\\/#breadcrumb\",\"itemListElement\":[{\"@type\":\"ListItem\",\"position\":1,\"name\":\"Etusivu\",\"item\":\"https:\\\/\\\/xn--sykett-gua.fi\\\/kuopio\\\/\"},{\"@type\":\"ListItem\",\"position\":2,\"name\":\"Tarjonta j\u00e4senille\",\"item\":\"https:\\\/\\\/xn--sykett-gua.fi\\\/kuopio\\\/tarjonta-jasenille\\\/\"},{\"@type\":\"ListItem\",\"position\":3,\"name\":\"Ryhm\u00e4liikunta\"}]},{\"@type\":\"WebSite\",\"@id\":\"https:\\\/\\\/xn--sykett-gua.fi\\\/kuopio\\\/#website\",\"url\":\"https:\\\/\\\/xn--sykett-gua.fi\\\/kuopio\\\/\",\"name\":\"SYKETT\u00c4 Kuopio\",\"description\":\"Kuopion korkeakoululiikunta\",\"publisher\":{\"@id\":\"https:\\\/\\\/xn--sykett-gua.fi\\\/kuopio\\\/#organization\"},\"potentialAction\":[{\"@type\":\"SearchAction\",\"target\":{\"@type\":\"EntryPoint\",\"urlTemplate\":\"https:\\\/\\\/xn--sykett-gua.fi\\\/kuopio\\\/?s={search_term_string}\"},\"query-input\":{\"@type\":\"PropertyValueSpecification\",\"valueRequired\":true,\"valueName\":\"search_term_string\"}}],\"inLanguage\":\"fi\"},{\"@type\":\"Organization\",\"@id\":\"https:\\\/\\\/xn--sykett-gua.fi\\\/kuopio\\\/#organization\",\"name\":\"SYKETT\u00c4 Kuopio\",\"url\":\"https:\\\/\\\/xn--sykett-gua.fi\\\/kuopio\\\/\",\"logo\":{\"@type\":\"ImageObject\",\"inLanguage\":\"fi\",\"@id\":\"https:\\\/\\\/xn--sykett-gua.fi\\\/kuopio\\\/#\\\/schema\\\/logo\\\/image\\\/\",\"url\":\"https:\\\/\\\/xn--sykett-gua.fi\\\/kuopio\\\/wp-content\\\/uploads\\\/sites\\\/2\\\/2024\\\/06\\\/Sykettalogo-02.png\",\"contentUrl\":\"https:\\\/\\\/xn--sykett-gua.fi\\\/kuopio\\\/wp-content\\\/uploads\\\/sites\\\/2\\\/2024\\\/06\\\/Sykettalogo-02.png\",\"width\":313,\"height\":119,\"caption\":\"SYKETT\u00c4 Kuopio\"},\"image\":{\"@id\":\"https:\\\/\\\/xn--sykett-gua.fi\\\/kuopio\\\/#\\\/schema\\\/logo\\\/image\\\/\"},\"sameAs\":[\"https:\\\/\\\/www.facebook.com\\\/sykettakuopio\",\"https:\\\/\\\/www.instagram.com\\\/syketta_kpo\\\/\",\"https:\\\/\\\/www.youtube.com\\\/channel\\\/UCtz5z3e0YQYE69xVWjsU7Uw\",\"https:\\\/\\\/www.tiktok.com\\\/@syketta_kuopio\"]}]}<\/script>\n<!-- \/ Yoast SEO plugin. -->","yoast_head_json":{"title":"Ryhm\u00e4liikunta - SYKETT\u00c4 Kuopio","description":"Tutustu liikuntakalenterin kattavaan ryhm\u00e4liikuntatuntien valikoimaan joogasta sis\u00e4py\u00f6r\u00e4ilyyn tanssillisia tunteja unohtamatta.","robots":{"index":"index","follow":"follow","max-snippet":"max-snippet:-1","max-image-preview":"max-image-preview:large","max-video-preview":"max-video-preview:-1"},"canonical":"https:\/\/xn--sykett-gua.fi\/kuopio\/tarjonta-jasenille\/ryhmaliikunta\/","og_locale":"fi_FI","og_type":"article","og_title":"Ryhm\u00e4liikunta - SYKETT\u00c4 Kuopio","og_description":"Tutustu liikuntakalenterin kattavaan ryhm\u00e4liikuntatuntien valikoimaan joogasta sis\u00e4py\u00f6r\u00e4ilyyn tanssillisia tunteja unohtamatta.","og_url":"https:\/\/xn--sykett-gua.fi\/kuopio\/tarjonta-jasenille\/ryhmaliikunta\/","og_site_name":"SYKETT\u00c4 Kuopio","article_publisher":"https:\/\/www.facebook.com\/sykettakuopio","article_modified_time":"2026-02-01T13:22:11+00:00","og_image":[{"width":1200,"height":800,"url":"https:\/\/xn--sykett-gua.fi\/kuopio\/wp-content\/uploads\/sites\/2\/2025\/02\/syketta21.jpg","type":"image\/jpeg"}],"twitter_card":"summary_large_image","twitter_misc":{"Arvioitu lukuaika":"3 minuuttia"},"schema":{"@context":"https:\/\/schema.org","@graph":[{"@type":"WebPage","@id":"https:\/\/xn--sykett-gua.fi\/kuopio\/tarjonta-jasenille\/ryhmaliikunta\/","url":"https:\/\/xn--sykett-gua.fi\/kuopio\/tarjonta-jasenille\/ryhmaliikunta\/","name":"Ryhm\u00e4liikunta - SYKETT\u00c4 Kuopio","isPartOf":{"@id":"https:\/\/xn--sykett-gua.fi\/kuopio\/#website"},"primaryImageOfPage":{"@id":"https:\/\/xn--sykett-gua.fi\/kuopio\/tarjonta-jasenille\/ryhmaliikunta\/#primaryimage"},"image":{"@id":"https:\/\/xn--sykett-gua.fi\/kuopio\/tarjonta-jasenille\/ryhmaliikunta\/#primaryimage"},"thumbnailUrl":"https:\/\/xn--sykett-gua.fi\/kuopio\/wp-content\/uploads\/sites\/2\/2025\/02\/syketta21-1024x683.jpg","datePublished":"2024-10-22T10:01:49+00:00","dateModified":"2026-02-01T13:22:11+00:00","description":"Tutustu liikuntakalenterin kattavaan ryhm\u00e4liikuntatuntien valikoimaan joogasta sis\u00e4py\u00f6r\u00e4ilyyn tanssillisia tunteja unohtamatta.","breadcrumb":{"@id":"https:\/\/xn--sykett-gua.fi\/kuopio\/tarjonta-jasenille\/ryhmaliikunta\/#breadcrumb"},"inLanguage":"fi","potentialAction":[{"@type":"ReadAction","target":["https:\/\/xn--sykett-gua.fi\/kuopio\/tarjonta-jasenille\/ryhmaliikunta\/"]}]},{"@type":"ImageObject","inLanguage":"fi","@id":"https:\/\/xn--sykett-gua.fi\/kuopio\/tarjonta-jasenille\/ryhmaliikunta\/#primaryimage","url":"https:\/\/xn--sykett-gua.fi\/kuopio\/wp-content\/uploads\/sites\/2\/2025\/02\/syketta21.jpg","contentUrl":"https:\/\/xn--sykett-gua.fi\/kuopio\/wp-content\/uploads\/sites\/2\/2025\/02\/syketta21.jpg","width":1200,"height":800},{"@type":"BreadcrumbList","@id":"https:\/\/xn--sykett-gua.fi\/kuopio\/tarjonta-jasenille\/ryhmaliikunta\/#breadcrumb","itemListElement":[{"@type":"ListItem","position":1,"name":"Etusivu","item":"https:\/\/xn--sykett-gua.fi\/kuopio\/"},{"@type":"ListItem","position":2,"name":"Tarjonta j\u00e4senille","item":"https:\/\/xn--sykett-gua.fi\/kuopio\/tarjonta-jasenille\/"},{"@type":"ListItem","position":3,"name":"Ryhm\u00e4liikunta"}]},{"@type":"WebSite","@id":"https:\/\/xn--sykett-gua.fi\/kuopio\/#website","url":"https:\/\/xn--sykett-gua.fi\/kuopio\/","name":"SYKETT\u00c4 Kuopio","description":"Kuopion korkeakoululiikunta","publisher":{"@id":"https:\/\/xn--sykett-gua.fi\/kuopio\/#organization"},"potentialAction":[{"@type":"SearchAction","target":{"@type":"EntryPoint","urlTemplate":"https:\/\/xn--sykett-gua.fi\/kuopio\/?s={search_term_string}"},"query-input":{"@type":"PropertyValueSpecification","valueRequired":true,"valueName":"search_term_string"}}],"inLanguage":"fi"},{"@type":"Organization","@id":"https:\/\/xn--sykett-gua.fi\/kuopio\/#organization","name":"SYKETT\u00c4 Kuopio","url":"https:\/\/xn--sykett-gua.fi\/kuopio\/","logo":{"@type":"ImageObject","inLanguage":"fi","@id":"https:\/\/xn--sykett-gua.fi\/kuopio\/#\/schema\/logo\/image\/","url":"https:\/\/xn--sykett-gua.fi\/kuopio\/wp-content\/uploads\/sites\/2\/2024\/06\/Sykettalogo-02.png","contentUrl":"https:\/\/xn--sykett-gua.fi\/kuopio\/wp-content\/uploads\/sites\/2\/2024\/06\/Sykettalogo-02.png","width":313,"height":119,"caption":"SYKETT\u00c4 Kuopio"},"image":{"@id":"https:\/\/xn--sykett-gua.fi\/kuopio\/#\/schema\/logo\/image\/"},"sameAs":["https:\/\/www.facebook.com\/sykettakuopio","https:\/\/www.instagram.com\/syketta_kpo\/","https:\/\/www.youtube.com\/channel\/UCtz5z3e0YQYE69xVWjsU7Uw","https:\/\/www.tiktok.com\/@syketta_kuopio"]}]}},"_links":{"self":[{"href":"https:\/\/xn--sykett-gua.fi\/kuopio\/wp-json\/wp\/v2\/pages\/1636","targetHints":{"allow":["GET"]}}],"collection":[{"href":"https:\/\/xn--sykett-gua.fi\/kuopio\/wp-json\/wp\/v2\/pages"}],"about":[{"href":"https:\/\/xn--sykett-gua.fi\/kuopio\/wp-json\/wp\/v2\/types\/page"}],"author":[{"embeddable":true,"href":"https:\/\/xn--sykett-gua.fi\/kuopio\/wp-json\/wp\/v2\/users\/3"}],"replies":[{"embeddable":true,"href":"https:\/\/xn--sykett-gua.fi\/kuopio\/wp-json\/wp\/v2\/comments?post=1636"}],"version-history":[{"count":35,"href":"https:\/\/xn--sykett-gua.fi\/kuopio\/wp-json\/wp\/v2\/pages\/1636\/revisions"}],"predecessor-version":[{"id":51739,"href":"https:\/\/xn--sykett-gua.fi\/kuopio\/wp-json\/wp\/v2\/pages\/1636\/revisions\/51739"}],"up":[{"embeddable":true,"href":"https:\/\/xn--sykett-gua.fi\/kuopio\/wp-json\/wp\/v2\/pages\/483"}],"wp:attachment":[{"href":"https:\/\/xn--sykett-gua.fi\/kuopio\/wp-json\/wp\/v2\/media?parent=1636"}],"curies":[{"name":"wp","href":"https:\/\/api.w.org\/{rel}","templated":true}]}}