{"id":183,"date":"2024-06-10T14:25:50","date_gmt":"2024-06-10T11:25:50","guid":{"rendered":"https:\/\/xn--sykett-gua.fi\/kuopio\/wellness-center\/"},"modified":"2025-08-29T13:50:55","modified_gmt":"2025-08-29T10:50:55","slug":"wellness-center","status":"publish","type":"page","link":"https:\/\/xn--sykett-gua.fi\/kuopio\/tarjonta-jasenille\/wellness-center\/","title":{"rendered":"Wellness Center"},"content":{"rendered":"\t\t<div data-elementor-type=\"wp-page\" data-elementor-id=\"183\" class=\"elementor elementor-183\" data-elementor-post-type=\"page\">\n\t\t\t\t<div data-particle_enable=\"false\" data-particle-mobile-disabled=\"false\" class=\"elementor-element elementor-element-05f0ad7 e-flex e-con-boxed e-con e-parent\" data-id=\"05f0ad7\" data-element_type=\"container\" data-e-type=\"container\">\n\t\t\t\t\t<div class=\"e-con-inner\">\n\t\t<div data-particle_enable=\"false\" data-particle-mobile-disabled=\"false\" class=\"elementor-element elementor-element-8beb67c e-con-full e-flex e-con e-child\" data-id=\"8beb67c\" data-element_type=\"container\" data-e-type=\"container\">\n\t\t\t\t<div class=\"elementor-element elementor-element-1300caf8 elementor-widget__width-initial elementor-widget elementor-widget-text-editor\" data-id=\"1300caf8\" data-element_type=\"widget\" data-e-type=\"widget\" data-widget_type=\"text-editor.default\">\n\t\t\t\t<div class=\"elementor-widget-container\">\n\t\t\t\t\t\t\t\t\t<p>K\u00e4yt\u00f6ss\u00e4si on <a href=\"https:\/\/wellnesscenter.savonia.fi\/\" target=\"_blank\" rel=\"noopener\">Wellness Centerin<\/a> palvelut Savonian terveysalan opiskelijoilta suoraan SYKETT\u00c4-liikkujille! Wellness Centerill\u00e4 tehd\u00e4\u00e4n mm. suorituskyvyn testauksia ja ohjataan Sinua turvalliseen harjoitteluun. Wellness Center on avoinna kaikille, mutta SYKETT\u00c4-tarralla saat palveluja etuhintaan. Wellness Center on Savonian terveysalan opiskelijoiden oppimisymp\u00e4rist\u00f6.<\/p><p>Wellness Centerin l\u00f6yd\u00e4t Microkadun kampukselta osoitteesta Microkatu 1, 70210 Kuopio, 1. kerroksen B-osasta.<\/p>\t\t\t\t\t\t\t\t<\/div>\n\t\t\t\t<\/div>\n\t\t\t\t<\/div>\n\t\t<div data-particle_enable=\"false\" data-particle-mobile-disabled=\"false\" class=\"elementor-element elementor-element-fe8b8a4 e-con-full e-flex e-con e-child\" data-id=\"fe8b8a4\" data-element_type=\"container\" data-e-type=\"container\">\n\t\t\t\t<div class=\"elementor-element elementor-element-69c5f5ab elementor-widget elementor-widget-image\" data-id=\"69c5f5ab\" data-element_type=\"widget\" data-e-type=\"widget\" data-widget_type=\"image.default\">\n\t\t\t\t<div class=\"elementor-widget-container\">\n\t\t\t\t\t\t\t\t\t\t\t\t\t\t\t<img fetchpriority=\"high\" decoding=\"async\" width=\"1754\" height=\"1240\" src=\"https:\/\/xn--sykett-gua.fi\/kuopio\/wp-content\/uploads\/sites\/2\/2024\/10\/WC-logo-RGB-vihrea.png\" class=\"attachment-full size-full wp-image-1585\" alt=\"\" srcset=\"https:\/\/xn--sykett-gua.fi\/kuopio\/wp-content\/uploads\/sites\/2\/2024\/10\/WC-logo-RGB-vihrea.png 1754w, https:\/\/xn--sykett-gua.fi\/kuopio\/wp-content\/uploads\/sites\/2\/2024\/10\/WC-logo-RGB-vihrea-300x212.png 300w, https:\/\/xn--sykett-gua.fi\/kuopio\/wp-content\/uploads\/sites\/2\/2024\/10\/WC-logo-RGB-vihrea-1024x724.png 1024w, https:\/\/xn--sykett-gua.fi\/kuopio\/wp-content\/uploads\/sites\/2\/2024\/10\/WC-logo-RGB-vihrea-768x543.png 768w, https:\/\/xn--sykett-gua.fi\/kuopio\/wp-content\/uploads\/sites\/2\/2024\/10\/WC-logo-RGB-vihrea-1536x1086.png 1536w\" sizes=\"(max-width: 1754px) 100vw, 1754px\" \/>\t\t\t\t\t\t\t\t\t\t\t\t\t\t\t<\/div>\n\t\t\t\t<\/div>\n\t\t\t\t<\/div>\n\t\t\t\t\t<\/div>\n\t\t\t\t<\/div>\n\t\t<div data-particle_enable=\"false\" data-particle-mobile-disabled=\"false\" class=\"elementor-element elementor-element-51a6077b e-flex e-con-boxed e-con e-parent\" data-id=\"51a6077b\" data-element_type=\"container\" data-e-type=\"container\">\n\t\t\t\t\t<div class=\"e-con-inner\">\n\t\t<div data-particle_enable=\"false\" data-particle-mobile-disabled=\"false\" class=\"elementor-element elementor-element-220a9eef e-flex e-con-boxed e-con e-child\" data-id=\"220a9eef\" data-element_type=\"container\" data-e-type=\"container\">\n\t\t\t\t\t<div class=\"e-con-inner\">\n\t\t\t\t<div class=\"elementor-element elementor-element-69db0186 elementor-widget elementor-widget-text-editor\" data-id=\"69db0186\" data-element_type=\"widget\" data-e-type=\"widget\" data-widget_type=\"text-editor.default\">\n\t\t\t\t<div class=\"elementor-widget-container\">\n\t\t\t\t\t\t\t\t\t<h2>Hyvinvointi- ja terveysneuvonta sek\u00e4 mittauspalvelut<\/h2><p>Kiinnostaako sinua kehonkoostumus tai vaivaavatko esim. selk\u00e4kivut? Haluatko selvitt\u00e4\u00e4 kest\u00e4vyyskuntosi tilan sek\u00e4 maksimisykkeesi? Kaipaatko apua ravitsemuksen, unen, mielen hyvinvoinnin tai palautumisen suhteen? Tapojen muuttaminen ei ole helppoa ja joskus voi olla hankalaa hahmottaa, mist\u00e4 edes aloittaa. Wellness Centerin opiskelijat auttavat sinua mielell\u00e4\u00e4n!<\/p><h3>Hinnasto<\/h3><p>Vastaanottok\u00e4ynti 60 min 8 \u20ac<\/p><p>InBody-kehonkoostumusmittaus 8 \u20ac<\/p><p>Polkupy\u00f6r\u00e4ergometri 15 \u20ac<\/p><p>Kuntokartoitus (InBody ja polkupy\u00f6r\u00e4ergometri samalla k\u00e4ynnill\u00e4) 20 \u20ac<\/p>\t\t\t\t\t\t\t\t<\/div>\n\t\t\t\t<\/div>\n\t\t\t\t\t<\/div>\n\t\t\t\t<\/div>\n\t\t<div data-particle_enable=\"false\" data-particle-mobile-disabled=\"false\" class=\"elementor-element elementor-element-7d771973 e-flex e-con-boxed e-con e-child\" data-id=\"7d771973\" data-element_type=\"container\" data-e-type=\"container\">\n\t\t\t\t\t<div class=\"e-con-inner\">\n\t\t\t\t<div class=\"elementor-element elementor-element-41471e92 elementor-widget elementor-widget-text-editor\" data-id=\"41471e92\" data-element_type=\"widget\" data-e-type=\"widget\" data-widget_type=\"text-editor.default\">\n\t\t\t\t<div class=\"elementor-widget-container\">\n\t\t\t\t\t\t\t\t\t<h2>Ajanvaraus<\/h2><p><a href=\"https:\/\/wellnesscenter.savonia.fi\/\"><strong>Varaa aikasi suoraan Wellness Centerin oman ajavarauksen kautta!\u00a0<\/strong><\/a><\/p><p>Wellness Centerill\u00e4 on opiskelijoita harjoittelussa lukuvuoden aikana marras-toukokuussa, jolloin my\u00f6s palveluja on saatavilla.<\/p><h2>Maksaminen<\/h2><p><strong>Etuk\u00e4teen Savonia Study Storesta t\u00e4\u00e4lt\u00e4:\u00a0<\/strong><a href=\"https:\/\/studystore.savonia.fi\/tuote-osasto\/wellness-center-palvelut-syketta-liikkujille\/\">https:\/\/studystore.savonia.fi\/tuote-osasto\/wellness-center-palvelut-syketta-liikkujille\/<\/a>\u00a0(jos maksat etuk\u00e4teen, esit\u00e4 alennukseen oikeuttava SYKETT\u00c4-tarra k\u00e4yntisi yhteydess\u00e4 + ota n\u00e4ytt\u00f6kuva maksustasi). Maksun voit suorittaa my\u00f6s kortilla k\u00e4yntikerran yhteydess\u00e4.<\/p>\t\t\t\t\t\t\t\t<\/div>\n\t\t\t\t<\/div>\n\t\t\t\t<div class=\"elementor-element elementor-element-21ce302 elementor-widget elementor-widget-button\" data-id=\"21ce302\" data-element_type=\"widget\" data-e-type=\"widget\" data-widget_type=\"button.default\">\n\t\t\t\t<div class=\"elementor-widget-container\">\n\t\t\t\t\t\t\t\t\t<div class=\"elementor-button-wrapper\">\n\t\t\t\t\t<a class=\"elementor-button elementor-button-link elementor-size-sm\" href=\"https:\/\/wellnesscenter.savonia.fi\/\">\n\t\t\t\t\t\t<span class=\"elementor-button-content-wrapper\">\n\t\t\t\t\t\t\t\t\t<span class=\"elementor-button-text\">Siirry verkkosivuille<\/span>\n\t\t\t\t\t<\/span>\n\t\t\t\t\t<\/a>\n\t\t\t\t<\/div>\n\t\t\t\t\t\t\t\t<\/div>\n\t\t\t\t<\/div>\n\t\t\t\t\t<\/div>\n\t\t\t\t<\/div>\n\t\t\t\t\t<\/div>\n\t\t\t\t<\/div>\n\t\t\t\t<\/div>\n\t\t","protected":false},"excerpt":{"rendered":"<p>K\u00e4yt\u00f6ss\u00e4si on Wellness Centerin palvelut Savonian terveysalan opiskelijoilta suoraan SYKETT\u00c4-liikkujille! Wellness Centerill\u00e4 tehd\u00e4\u00e4n mm. suorituskyvyn testauksia ja ohjataan Sinua turvalliseen harjoitteluun.<\/p>\n","protected":false},"author":3,"featured_media":1585,"parent":483,"menu_order":5,"comment_status":"closed","ping_status":"closed","template":"","meta":{"iawp_total_views":369,"footnotes":""},"class_list":["post-183","page","type-page","status-publish","has-post-thumbnail","hentry"],"yoast_head":"<!-- This site is optimized with the Yoast SEO plugin v27.5 - https:\/\/yoast.com\/product\/yoast-seo-wordpress\/ -->\n<title>Wellness Center - SYKETT\u00c4 Kuopio<\/title>\n<meta name=\"description\" content=\"Wellness Center on Savonian terveysalan opiskelijoiden oppimisymp\u00e4rist\u00f6, jossa tehd\u00e4\u00e4n muun muassa suorituskyvyn testauksia ja ohjauksia turvalliseen harjoitteluun.\" \/>\n<meta name=\"robots\" content=\"index, follow, max-snippet:-1, max-image-preview:large, max-video-preview:-1\" \/>\n<link rel=\"canonical\" href=\"https:\/\/xn--sykett-gua.fi\/kuopio\/tarjonta-jasenille\/wellness-center\/\" \/>\n<meta property=\"og:locale\" content=\"fi_FI\" \/>\n<meta property=\"og:type\" content=\"article\" \/>\n<meta property=\"og:title\" content=\"Wellness Center - SYKETT\u00c4 Kuopio\" \/>\n<meta property=\"og:description\" content=\"Wellness Center on Savonian terveysalan opiskelijoiden oppimisymp\u00e4rist\u00f6, jossa tehd\u00e4\u00e4n muun muassa suorituskyvyn testauksia ja ohjauksia turvalliseen harjoitteluun.\" \/>\n<meta property=\"og:url\" content=\"https:\/\/xn--sykett-gua.fi\/kuopio\/tarjonta-jasenille\/wellness-center\/\" \/>\n<meta property=\"og:site_name\" content=\"SYKETT\u00c4 Kuopio\" \/>\n<meta property=\"article:publisher\" content=\"https:\/\/www.facebook.com\/sykettakuopio\" \/>\n<meta property=\"article:modified_time\" content=\"2025-08-29T10:50:55+00:00\" \/>\n<meta property=\"og:image\" content=\"https:\/\/xn--sykett-gua.fi\/kuopio\/wp-content\/uploads\/sites\/2\/2024\/10\/WC-logo-RGB-vihrea.png\" \/>\n\t<meta property=\"og:image:width\" content=\"1754\" \/>\n\t<meta property=\"og:image:height\" content=\"1240\" \/>\n\t<meta property=\"og:image:type\" content=\"image\/png\" \/>\n<meta name=\"twitter:card\" content=\"summary_large_image\" \/>\n<meta name=\"twitter:label1\" content=\"Arvioitu lukuaika\" \/>\n\t<meta name=\"twitter:data1\" content=\"2 minuuttia\" \/>\n<script type=\"application\/ld+json\" class=\"yoast-schema-graph\">{\"@context\":\"https:\\\/\\\/schema.org\",\"@graph\":[{\"@type\":\"WebPage\",\"@id\":\"https:\\\/\\\/xn--sykett-gua.fi\\\/kuopio\\\/tarjonta-jasenille\\\/wellness-center\\\/\",\"url\":\"https:\\\/\\\/xn--sykett-gua.fi\\\/kuopio\\\/tarjonta-jasenille\\\/wellness-center\\\/\",\"name\":\"Wellness Center - SYKETT\u00c4 Kuopio\",\"isPartOf\":{\"@id\":\"https:\\\/\\\/xn--sykett-gua.fi\\\/kuopio\\\/#website\"},\"primaryImageOfPage\":{\"@id\":\"https:\\\/\\\/xn--sykett-gua.fi\\\/kuopio\\\/tarjonta-jasenille\\\/wellness-center\\\/#primaryimage\"},\"image\":{\"@id\":\"https:\\\/\\\/xn--sykett-gua.fi\\\/kuopio\\\/tarjonta-jasenille\\\/wellness-center\\\/#primaryimage\"},\"thumbnailUrl\":\"https:\\\/\\\/xn--sykett-gua.fi\\\/kuopio\\\/wp-content\\\/uploads\\\/sites\\\/2\\\/2024\\\/10\\\/WC-logo-RGB-vihrea.png\",\"datePublished\":\"2024-06-10T11:25:50+00:00\",\"dateModified\":\"2025-08-29T10:50:55+00:00\",\"description\":\"Wellness Center on Savonian terveysalan opiskelijoiden oppimisymp\u00e4rist\u00f6, jossa tehd\u00e4\u00e4n muun muassa suorituskyvyn testauksia ja ohjauksia turvalliseen harjoitteluun.\",\"breadcrumb\":{\"@id\":\"https:\\\/\\\/xn--sykett-gua.fi\\\/kuopio\\\/tarjonta-jasenille\\\/wellness-center\\\/#breadcrumb\"},\"inLanguage\":\"fi\",\"potentialAction\":[{\"@type\":\"ReadAction\",\"target\":[\"https:\\\/\\\/xn--sykett-gua.fi\\\/kuopio\\\/tarjonta-jasenille\\\/wellness-center\\\/\"]}]},{\"@type\":\"ImageObject\",\"inLanguage\":\"fi\",\"@id\":\"https:\\\/\\\/xn--sykett-gua.fi\\\/kuopio\\\/tarjonta-jasenille\\\/wellness-center\\\/#primaryimage\",\"url\":\"https:\\\/\\\/xn--sykett-gua.fi\\\/kuopio\\\/wp-content\\\/uploads\\\/sites\\\/2\\\/2024\\\/10\\\/WC-logo-RGB-vihrea.png\",\"contentUrl\":\"https:\\\/\\\/xn--sykett-gua.fi\\\/kuopio\\\/wp-content\\\/uploads\\\/sites\\\/2\\\/2024\\\/10\\\/WC-logo-RGB-vihrea.png\",\"width\":1754,\"height\":1240},{\"@type\":\"BreadcrumbList\",\"@id\":\"https:\\\/\\\/xn--sykett-gua.fi\\\/kuopio\\\/tarjonta-jasenille\\\/wellness-center\\\/#breadcrumb\",\"itemListElement\":[{\"@type\":\"ListItem\",\"position\":1,\"name\":\"Etusivu\",\"item\":\"https:\\\/\\\/xn--sykett-gua.fi\\\/kuopio\\\/\"},{\"@type\":\"ListItem\",\"position\":2,\"name\":\"Tarjonta j\u00e4senille\",\"item\":\"https:\\\/\\\/xn--sykett-gua.fi\\\/kuopio\\\/tarjonta-jasenille\\\/\"},{\"@type\":\"ListItem\",\"position\":3,\"name\":\"Wellness Center\"}]},{\"@type\":\"WebSite\",\"@id\":\"https:\\\/\\\/xn--sykett-gua.fi\\\/kuopio\\\/#website\",\"url\":\"https:\\\/\\\/xn--sykett-gua.fi\\\/kuopio\\\/\",\"name\":\"SYKETT\u00c4 Kuopio\",\"description\":\"Kuopion korkeakoululiikunta\",\"publisher\":{\"@id\":\"https:\\\/\\\/xn--sykett-gua.fi\\\/kuopio\\\/#organization\"},\"potentialAction\":[{\"@type\":\"SearchAction\",\"target\":{\"@type\":\"EntryPoint\",\"urlTemplate\":\"https:\\\/\\\/xn--sykett-gua.fi\\\/kuopio\\\/?s={search_term_string}\"},\"query-input\":{\"@type\":\"PropertyValueSpecification\",\"valueRequired\":true,\"valueName\":\"search_term_string\"}}],\"inLanguage\":\"fi\"},{\"@type\":\"Organization\",\"@id\":\"https:\\\/\\\/xn--sykett-gua.fi\\\/kuopio\\\/#organization\",\"name\":\"SYKETT\u00c4 Kuopio\",\"url\":\"https:\\\/\\\/xn--sykett-gua.fi\\\/kuopio\\\/\",\"logo\":{\"@type\":\"ImageObject\",\"inLanguage\":\"fi\",\"@id\":\"https:\\\/\\\/xn--sykett-gua.fi\\\/kuopio\\\/#\\\/schema\\\/logo\\\/image\\\/\",\"url\":\"https:\\\/\\\/xn--sykett-gua.fi\\\/kuopio\\\/wp-content\\\/uploads\\\/sites\\\/2\\\/2024\\\/06\\\/Sykettalogo-02.png\",\"contentUrl\":\"https:\\\/\\\/xn--sykett-gua.fi\\\/kuopio\\\/wp-content\\\/uploads\\\/sites\\\/2\\\/2024\\\/06\\\/Sykettalogo-02.png\",\"width\":313,\"height\":119,\"caption\":\"SYKETT\u00c4 Kuopio\"},\"image\":{\"@id\":\"https:\\\/\\\/xn--sykett-gua.fi\\\/kuopio\\\/#\\\/schema\\\/logo\\\/image\\\/\"},\"sameAs\":[\"https:\\\/\\\/www.facebook.com\\\/sykettakuopio\",\"https:\\\/\\\/www.instagram.com\\\/syketta_kpo\\\/\",\"https:\\\/\\\/www.youtube.com\\\/channel\\\/UCtz5z3e0YQYE69xVWjsU7Uw\",\"https:\\\/\\\/www.tiktok.com\\\/@syketta_kuopio\"]}]}<\/script>\n<!-- \/ Yoast SEO plugin. -->","yoast_head_json":{"title":"Wellness Center - SYKETT\u00c4 Kuopio","description":"Wellness Center on Savonian terveysalan opiskelijoiden oppimisymp\u00e4rist\u00f6, jossa tehd\u00e4\u00e4n muun muassa suorituskyvyn testauksia ja ohjauksia turvalliseen harjoitteluun.","robots":{"index":"index","follow":"follow","max-snippet":"max-snippet:-1","max-image-preview":"max-image-preview:large","max-video-preview":"max-video-preview:-1"},"canonical":"https:\/\/xn--sykett-gua.fi\/kuopio\/tarjonta-jasenille\/wellness-center\/","og_locale":"fi_FI","og_type":"article","og_title":"Wellness Center - SYKETT\u00c4 Kuopio","og_description":"Wellness Center on Savonian terveysalan opiskelijoiden oppimisymp\u00e4rist\u00f6, jossa tehd\u00e4\u00e4n muun muassa suorituskyvyn testauksia ja ohjauksia turvalliseen harjoitteluun.","og_url":"https:\/\/xn--sykett-gua.fi\/kuopio\/tarjonta-jasenille\/wellness-center\/","og_site_name":"SYKETT\u00c4 Kuopio","article_publisher":"https:\/\/www.facebook.com\/sykettakuopio","article_modified_time":"2025-08-29T10:50:55+00:00","og_image":[{"width":1754,"height":1240,"url":"https:\/\/xn--sykett-gua.fi\/kuopio\/wp-content\/uploads\/sites\/2\/2024\/10\/WC-logo-RGB-vihrea.png","type":"image\/png"}],"twitter_card":"summary_large_image","twitter_misc":{"Arvioitu lukuaika":"2 minuuttia"},"schema":{"@context":"https:\/\/schema.org","@graph":[{"@type":"WebPage","@id":"https:\/\/xn--sykett-gua.fi\/kuopio\/tarjonta-jasenille\/wellness-center\/","url":"https:\/\/xn--sykett-gua.fi\/kuopio\/tarjonta-jasenille\/wellness-center\/","name":"Wellness Center - SYKETT\u00c4 Kuopio","isPartOf":{"@id":"https:\/\/xn--sykett-gua.fi\/kuopio\/#website"},"primaryImageOfPage":{"@id":"https:\/\/xn--sykett-gua.fi\/kuopio\/tarjonta-jasenille\/wellness-center\/#primaryimage"},"image":{"@id":"https:\/\/xn--sykett-gua.fi\/kuopio\/tarjonta-jasenille\/wellness-center\/#primaryimage"},"thumbnailUrl":"https:\/\/xn--sykett-gua.fi\/kuopio\/wp-content\/uploads\/sites\/2\/2024\/10\/WC-logo-RGB-vihrea.png","datePublished":"2024-06-10T11:25:50+00:00","dateModified":"2025-08-29T10:50:55+00:00","description":"Wellness Center on Savonian terveysalan opiskelijoiden oppimisymp\u00e4rist\u00f6, jossa tehd\u00e4\u00e4n muun muassa suorituskyvyn testauksia ja ohjauksia turvalliseen harjoitteluun.","breadcrumb":{"@id":"https:\/\/xn--sykett-gua.fi\/kuopio\/tarjonta-jasenille\/wellness-center\/#breadcrumb"},"inLanguage":"fi","potentialAction":[{"@type":"ReadAction","target":["https:\/\/xn--sykett-gua.fi\/kuopio\/tarjonta-jasenille\/wellness-center\/"]}]},{"@type":"ImageObject","inLanguage":"fi","@id":"https:\/\/xn--sykett-gua.fi\/kuopio\/tarjonta-jasenille\/wellness-center\/#primaryimage","url":"https:\/\/xn--sykett-gua.fi\/kuopio\/wp-content\/uploads\/sites\/2\/2024\/10\/WC-logo-RGB-vihrea.png","contentUrl":"https:\/\/xn--sykett-gua.fi\/kuopio\/wp-content\/uploads\/sites\/2\/2024\/10\/WC-logo-RGB-vihrea.png","width":1754,"height":1240},{"@type":"BreadcrumbList","@id":"https:\/\/xn--sykett-gua.fi\/kuopio\/tarjonta-jasenille\/wellness-center\/#breadcrumb","itemListElement":[{"@type":"ListItem","position":1,"name":"Etusivu","item":"https:\/\/xn--sykett-gua.fi\/kuopio\/"},{"@type":"ListItem","position":2,"name":"Tarjonta j\u00e4senille","item":"https:\/\/xn--sykett-gua.fi\/kuopio\/tarjonta-jasenille\/"},{"@type":"ListItem","position":3,"name":"Wellness Center"}]},{"@type":"WebSite","@id":"https:\/\/xn--sykett-gua.fi\/kuopio\/#website","url":"https:\/\/xn--sykett-gua.fi\/kuopio\/","name":"SYKETT\u00c4 Kuopio","description":"Kuopion korkeakoululiikunta","publisher":{"@id":"https:\/\/xn--sykett-gua.fi\/kuopio\/#organization"},"potentialAction":[{"@type":"SearchAction","target":{"@type":"EntryPoint","urlTemplate":"https:\/\/xn--sykett-gua.fi\/kuopio\/?s={search_term_string}"},"query-input":{"@type":"PropertyValueSpecification","valueRequired":true,"valueName":"search_term_string"}}],"inLanguage":"fi"},{"@type":"Organization","@id":"https:\/\/xn--sykett-gua.fi\/kuopio\/#organization","name":"SYKETT\u00c4 Kuopio","url":"https:\/\/xn--sykett-gua.fi\/kuopio\/","logo":{"@type":"ImageObject","inLanguage":"fi","@id":"https:\/\/xn--sykett-gua.fi\/kuopio\/#\/schema\/logo\/image\/","url":"https:\/\/xn--sykett-gua.fi\/kuopio\/wp-content\/uploads\/sites\/2\/2024\/06\/Sykettalogo-02.png","contentUrl":"https:\/\/xn--sykett-gua.fi\/kuopio\/wp-content\/uploads\/sites\/2\/2024\/06\/Sykettalogo-02.png","width":313,"height":119,"caption":"SYKETT\u00c4 Kuopio"},"image":{"@id":"https:\/\/xn--sykett-gua.fi\/kuopio\/#\/schema\/logo\/image\/"},"sameAs":["https:\/\/www.facebook.com\/sykettakuopio","https:\/\/www.instagram.com\/syketta_kpo\/","https:\/\/www.youtube.com\/channel\/UCtz5z3e0YQYE69xVWjsU7Uw","https:\/\/www.tiktok.com\/@syketta_kuopio"]}]}},"_links":{"self":[{"href":"https:\/\/xn--sykett-gua.fi\/kuopio\/wp-json\/wp\/v2\/pages\/183","targetHints":{"allow":["GET"]}}],"collection":[{"href":"https:\/\/xn--sykett-gua.fi\/kuopio\/wp-json\/wp\/v2\/pages"}],"about":[{"href":"https:\/\/xn--sykett-gua.fi\/kuopio\/wp-json\/wp\/v2\/types\/page"}],"author":[{"embeddable":true,"href":"https:\/\/xn--sykett-gua.fi\/kuopio\/wp-json\/wp\/v2\/users\/3"}],"replies":[{"embeddable":true,"href":"https:\/\/xn--sykett-gua.fi\/kuopio\/wp-json\/wp\/v2\/comments?post=183"}],"version-history":[{"count":29,"href":"https:\/\/xn--sykett-gua.fi\/kuopio\/wp-json\/wp\/v2\/pages\/183\/revisions"}],"predecessor-version":[{"id":49315,"href":"https:\/\/xn--sykett-gua.fi\/kuopio\/wp-json\/wp\/v2\/pages\/183\/revisions\/49315"}],"up":[{"embeddable":true,"href":"https:\/\/xn--sykett-gua.fi\/kuopio\/wp-json\/wp\/v2\/pages\/483"}],"wp:featuredmedia":[{"embeddable":true,"href":"https:\/\/xn--sykett-gua.fi\/kuopio\/wp-json\/wp\/v2\/media\/1585"}],"wp:attachment":[{"href":"https:\/\/xn--sykett-gua.fi\/kuopio\/wp-json\/wp\/v2\/media?parent=183"}],"curies":[{"name":"wp","href":"https:\/\/api.w.org\/{rel}","templated":true}]}}