{"id":46258,"date":"2024-11-07T12:44:35","date_gmt":"2024-11-07T10:44:35","guid":{"rendered":"https:\/\/xn--sykett-gua.fi\/kuopio\/?page_id=46258"},"modified":"2025-05-19T14:06:35","modified_gmt":"2025-05-19T11:06:35","slug":"gyms","status":"publish","type":"page","link":"https:\/\/xn--sykett-gua.fi\/kuopio\/en\/member-services\/gyms\/","title":{"rendered":"Gyms"},"content":{"rendered":"\t\t<div data-elementor-type=\"wp-page\" data-elementor-id=\"46258\" class=\"elementor elementor-46258\" data-elementor-post-type=\"page\">\n\t\t\t\t<div data-particle_enable=\"false\" data-particle-mobile-disabled=\"false\" class=\"elementor-element elementor-element-0c034f0 e-flex e-con-boxed e-con e-parent\" data-id=\"0c034f0\" data-element_type=\"container\" data-e-type=\"container\">\n\t\t\t\t\t<div class=\"e-con-inner\">\n\t\t<div data-particle_enable=\"false\" data-particle-mobile-disabled=\"false\" class=\"elementor-element elementor-element-0f8fb49 e-flex e-con-boxed e-con e-child\" data-id=\"0f8fb49\" data-element_type=\"container\" data-e-type=\"container\">\n\t\t\t\t\t<div class=\"e-con-inner\">\n\t\t<div data-particle_enable=\"false\" data-particle-mobile-disabled=\"false\" class=\"elementor-element elementor-element-16f20c2 e-flex e-con-boxed e-con e-child\" data-id=\"16f20c2\" data-element_type=\"container\" data-e-type=\"container\">\n\t\t\t\t\t<div class=\"e-con-inner\">\n\t\t\t\t<div class=\"elementor-element elementor-element-8caa9ec elementor-widget elementor-widget-text-editor\" data-id=\"8caa9ec\" data-element_type=\"widget\" data-e-type=\"widget\" data-widget_type=\"text-editor.default\">\n\t\t\t\t<div class=\"elementor-widget-container\">\n\t\t\t\t\t\t\t\t\t<h2 class=\"wp-block-heading has-text-align-center\">Luola \u2013 Sports and Events Centre in Savilahti<\/h2><p class=\"has-text-align-center\"><strong>With the SYKETT\u00c4 sticker, you can train at the gym of the sports and event centre Luola for a one-time fee of 1\u20ac (students) \/ 2\u20ac (staff).<\/strong> (prices without SYKETT\u00c4 sticker 5,00 \u20ac \/ 7,00 \u20ac).<\/p><p class=\"has-text-align-center\">You can get the advance price by showing a valid SYKETT\u00c4 sticker and ID at the Luola Cafe checkout.<\/p><p>The discount is valid during the opening hours of the Luola cafe:<\/p><ul class=\"wp-block-list\"><li>Mon\u2013Fri 8am to 9pm (sports facilities must be empty by 10pm)<\/li><li>Sat\u2013Sun 9\u201320 (sports hall must be empty by 9 pm)<\/li><\/ul><p>Read more about the Luola:\u00a0<a href=\"https:\/\/www.kuopio.fi\/en\/destinations\/luola-sports-and-events-centre-in-savilahti\">https:\/\/www.kuopio.fi\/en\/destinations\/luola-sports-and-events-centre-in-savilahti<\/a><\/p>\t\t\t\t\t\t\t\t<\/div>\n\t\t\t\t<\/div>\n\t\t\t\t<div class=\"elementor-element elementor-element-09e9712 elementor-align-left elementor-widget elementor-widget-button\" data-id=\"09e9712\" data-element_type=\"widget\" data-e-type=\"widget\" data-widget_type=\"button.default\">\n\t\t\t\t<div class=\"elementor-widget-container\">\n\t\t\t\t\t\t\t\t\t<div class=\"elementor-button-wrapper\">\n\t\t\t\t\t<a class=\"elementor-button elementor-button-link elementor-size-sm\" href=\"\/kuopio\/en\/sport-facilities\/luola\/\">\n\t\t\t\t\t\t<span class=\"elementor-button-content-wrapper\">\n\t\t\t\t\t\t\t\t\t<span class=\"elementor-button-text\">Luola<\/span>\n\t\t\t\t\t<\/span>\n\t\t\t\t\t<\/a>\n\t\t\t\t<\/div>\n\t\t\t\t\t\t\t\t<\/div>\n\t\t\t\t<\/div>\n\t\t\t\t\t<\/div>\n\t\t\t\t<\/div>\n\t\t<div data-particle_enable=\"false\" data-particle-mobile-disabled=\"false\" class=\"elementor-element elementor-element-15770f8 e-flex e-con-boxed e-con e-child\" data-id=\"15770f8\" data-element_type=\"container\" data-e-type=\"container\">\n\t\t\t\t\t<div class=\"e-con-inner\">\n\t\t\t\t<div class=\"elementor-element elementor-element-5f1e2b7 elementor-widget elementor-widget-image\" data-id=\"5f1e2b7\" data-element_type=\"widget\" data-e-type=\"widget\" data-widget_type=\"image.default\">\n\t\t\t\t<div class=\"elementor-widget-container\">\n\t\t\t\t\t\t\t\t\t\t\t\t\t\t\t<img fetchpriority=\"high\" decoding=\"async\" width=\"800\" height=\"800\" src=\"https:\/\/xn--sykett-gua.fi\/kuopio\/wp-content\/uploads\/sites\/2\/2024\/11\/Ig-kuvat-nelio-53-1024x1024-1.jpg\" class=\"attachment-large size-large wp-image-46105\" alt=\"Irtopainoteline kuntosalin peilin edess\u00e4\" srcset=\"https:\/\/xn--sykett-gua.fi\/kuopio\/wp-content\/uploads\/sites\/2\/2024\/11\/Ig-kuvat-nelio-53-1024x1024-1.jpg 1024w, https:\/\/xn--sykett-gua.fi\/kuopio\/wp-content\/uploads\/sites\/2\/2024\/11\/Ig-kuvat-nelio-53-1024x1024-1-300x300.jpg 300w, https:\/\/xn--sykett-gua.fi\/kuopio\/wp-content\/uploads\/sites\/2\/2024\/11\/Ig-kuvat-nelio-53-1024x1024-1-150x150.jpg 150w, https:\/\/xn--sykett-gua.fi\/kuopio\/wp-content\/uploads\/sites\/2\/2024\/11\/Ig-kuvat-nelio-53-1024x1024-1-768x768.jpg 768w\" sizes=\"(max-width: 800px) 100vw, 800px\" \/>\t\t\t\t\t\t\t\t\t\t\t\t\t\t\t<\/div>\n\t\t\t\t<\/div>\n\t\t\t\t\t<\/div>\n\t\t\t\t<\/div>\n\t\t\t\t\t<\/div>\n\t\t\t\t<\/div>\n\t\t\t\t\t<\/div>\n\t\t\t\t<\/div>\n\t\t<div data-particle_enable=\"false\" data-particle-mobile-disabled=\"false\" class=\"elementor-element elementor-element-4097bb0 e-flex e-con-boxed e-con e-parent\" data-id=\"4097bb0\" data-element_type=\"container\" data-e-type=\"container\">\n\t\t\t\t\t<div class=\"e-con-inner\">\n\t\t<div data-particle_enable=\"false\" data-particle-mobile-disabled=\"false\" class=\"elementor-element elementor-element-6c864bd e-flex e-con-boxed e-con e-child\" data-id=\"6c864bd\" data-element_type=\"container\" data-e-type=\"container\">\n\t\t\t\t\t<div class=\"e-con-inner\">\n\t\t<div data-particle_enable=\"false\" data-particle-mobile-disabled=\"false\" class=\"elementor-element elementor-element-9c81856 e-flex e-con-boxed e-con e-child\" data-id=\"9c81856\" data-element_type=\"container\" data-e-type=\"container\">\n\t\t\t\t\t<div class=\"e-con-inner\">\n\t\t\t\t<div class=\"elementor-element elementor-element-b3446e8 elementor-widget elementor-widget-text-editor\" data-id=\"b3446e8\" data-element_type=\"widget\" data-e-type=\"widget\" data-widget_type=\"text-editor.default\">\n\t\t\t\t<div class=\"elementor-widget-container\">\n\t\t\t\t\t\t\t\t\t<h2 class=\"wp-block-heading has-text-align-center\">Gyms in university campus<\/h2><p class=\"has-text-align-center\">SYKETT\u00c4 has two gyms in University campus. These halls and gyms are open for your use with a valid SYKETT\u00c4 sticker without any extra fee.<\/p>\t\t\t\t\t\t\t\t<\/div>\n\t\t\t\t<\/div>\n\t\t<div data-particle_enable=\"false\" data-particle-mobile-disabled=\"false\" class=\"elementor-element elementor-element-3a9d802 e-flex e-con-boxed e-con e-child\" data-id=\"3a9d802\" data-element_type=\"container\" data-e-type=\"container\">\n\t\t\t\t\t<div class=\"e-con-inner\">\n\t\t\t\t<div class=\"elementor-element elementor-element-69216dc elementor-mobile-align-center elementor-widget elementor-widget-button\" data-id=\"69216dc\" data-element_type=\"widget\" data-e-type=\"widget\" data-widget_type=\"button.default\">\n\t\t\t\t<div class=\"elementor-widget-container\">\n\t\t\t\t\t\t\t\t\t<div class=\"elementor-button-wrapper\">\n\t\t\t\t\t<a class=\"elementor-button elementor-button-link elementor-size-sm\" href=\"\/kuopio\/en\/sport-facilities\/studentia\/\">\n\t\t\t\t\t\t<span class=\"elementor-button-content-wrapper\">\n\t\t\t\t\t\t\t\t\t<span class=\"elementor-button-text\">Studentia<\/span>\n\t\t\t\t\t<\/span>\n\t\t\t\t\t<\/a>\n\t\t\t\t<\/div>\n\t\t\t\t\t\t\t\t<\/div>\n\t\t\t\t<\/div>\n\t\t\t\t<div class=\"elementor-element elementor-element-b33719c elementor-mobile-align-center elementor-widget elementor-widget-button\" data-id=\"b33719c\" data-element_type=\"widget\" data-e-type=\"widget\" data-widget_type=\"button.default\">\n\t\t\t\t<div class=\"elementor-widget-container\">\n\t\t\t\t\t\t\t\t\t<div class=\"elementor-button-wrapper\">\n\t\t\t\t\t<a class=\"elementor-button elementor-button-link elementor-size-sm\" href=\"\/kuopio\/en\/sport-facilities\/snellmania\/\">\n\t\t\t\t\t\t<span class=\"elementor-button-content-wrapper\">\n\t\t\t\t\t\t\t\t\t<span class=\"elementor-button-text\">snellmania<\/span>\n\t\t\t\t\t<\/span>\n\t\t\t\t\t<\/a>\n\t\t\t\t<\/div>\n\t\t\t\t\t\t\t\t<\/div>\n\t\t\t\t<\/div>\n\t\t\t\t\t<\/div>\n\t\t\t\t<\/div>\n\t\t\t\t\t<\/div>\n\t\t\t\t<\/div>\n\t\t<div data-particle_enable=\"false\" data-particle-mobile-disabled=\"false\" class=\"elementor-element elementor-element-019ce9b e-flex e-con-boxed e-con e-child\" data-id=\"019ce9b\" data-element_type=\"container\" data-e-type=\"container\">\n\t\t\t\t\t<div class=\"e-con-inner\">\n\t\t\t\t<div class=\"elementor-element elementor-element-a278e92 elementor-widget elementor-widget-image\" data-id=\"a278e92\" data-element_type=\"widget\" data-e-type=\"widget\" data-widget_type=\"image.default\">\n\t\t\t\t<div class=\"elementor-widget-container\">\n\t\t\t\t\t\t\t\t\t\t\t\t\t\t\t<img decoding=\"async\" width=\"800\" height=\"450\" src=\"https:\/\/xn--sykett-gua.fi\/kuopio\/wp-content\/uploads\/sites\/2\/2024\/09\/Infonayttokuvat-1920-\u00d7-1080-px-1-1024x576-1.jpg\" class=\"attachment-large size-large wp-image-1101\" alt=\"\" srcset=\"https:\/\/xn--sykett-gua.fi\/kuopio\/wp-content\/uploads\/sites\/2\/2024\/09\/Infonayttokuvat-1920-\u00d7-1080-px-1-1024x576-1.jpg 1024w, https:\/\/xn--sykett-gua.fi\/kuopio\/wp-content\/uploads\/sites\/2\/2024\/09\/Infonayttokuvat-1920-\u00d7-1080-px-1-1024x576-1-300x169.jpg 300w, https:\/\/xn--sykett-gua.fi\/kuopio\/wp-content\/uploads\/sites\/2\/2024\/09\/Infonayttokuvat-1920-\u00d7-1080-px-1-1024x576-1-768x432.jpg 768w\" sizes=\"(max-width: 800px) 100vw, 800px\" \/>\t\t\t\t\t\t\t\t\t\t\t\t\t\t\t<\/div>\n\t\t\t\t<\/div>\n\t\t\t\t\t<\/div>\n\t\t\t\t<\/div>\n\t\t\t\t\t<\/div>\n\t\t\t\t<\/div>\n\t\t\t\t\t<\/div>\n\t\t\t\t<\/div>\n\t\t\t\t<\/div>\n\t\t","protected":false},"excerpt":{"rendered":"<p>Luola \u2013 Sports and Events Centre in Savilahti With the SYKETT\u00c4 sticker, you can train at the gym of the sports and event centre Luola for a one-time fee of 1\u20ac (students) \/ 2\u20ac (staff). (prices without SYKETT\u00c4 sticker 5,00 \u20ac \/ 7,00 \u20ac). You can get the advance price by showing a valid SYKETT\u00c4 [&hellip;]<\/p>\n","protected":false},"author":3,"featured_media":459,"parent":502,"menu_order":3,"comment_status":"closed","ping_status":"closed","template":"","meta":{"iawp_total_views":381,"footnotes":""},"class_list":["post-46258","page","type-page","status-publish","has-post-thumbnail","hentry"],"yoast_head":"<!-- This site is optimized with the Yoast SEO plugin v27.5 - https:\/\/yoast.com\/product\/yoast-seo-wordpress\/ -->\n<title>Gyms - SYKETT\u00c4 Kuopio<\/title>\n<meta name=\"description\" content=\"SYKETT\u00c4 has two gyms in University campus are open for your use with a valid SYKETT\u00c4 sticker without any extra fee.\" \/>\n<meta name=\"robots\" content=\"index, follow, max-snippet:-1, max-image-preview:large, max-video-preview:-1\" \/>\n<link rel=\"canonical\" href=\"https:\/\/xn--sykett-gua.fi\/kuopio\/en\/member-services\/gyms\/\" \/>\n<meta property=\"og:locale\" content=\"fi_FI\" \/>\n<meta property=\"og:type\" content=\"article\" \/>\n<meta property=\"og:title\" content=\"Gyms - SYKETT\u00c4 Kuopio\" \/>\n<meta property=\"og:description\" content=\"SYKETT\u00c4 has two gyms in University campus are open for your use with a valid SYKETT\u00c4 sticker without any extra fee.\" \/>\n<meta property=\"og:url\" content=\"https:\/\/xn--sykett-gua.fi\/kuopio\/en\/member-services\/gyms\/\" \/>\n<meta property=\"og:site_name\" content=\"SYKETT\u00c4 Kuopio\" \/>\n<meta property=\"article:publisher\" content=\"https:\/\/www.facebook.com\/sykettakuopio\" \/>\n<meta property=\"article:modified_time\" content=\"2025-05-19T11:06:35+00:00\" \/>\n<meta property=\"og:image\" content=\"https:\/\/xn--sykett-gua.fi\/kuopio\/wp-content\/uploads\/sites\/2\/2024\/06\/placeholder-3.png\" \/>\n\t<meta property=\"og:image:width\" content=\"1200\" \/>\n\t<meta property=\"og:image:height\" content=\"800\" \/>\n\t<meta property=\"og:image:type\" content=\"image\/png\" \/>\n<meta name=\"twitter:card\" content=\"summary_large_image\" \/>\n<meta name=\"twitter:label1\" content=\"Arvioitu lukuaika\" \/>\n\t<meta name=\"twitter:data1\" content=\"2 minuuttia\" \/>\n<script type=\"application\/ld+json\" class=\"yoast-schema-graph\">{\"@context\":\"https:\\\/\\\/schema.org\",\"@graph\":[{\"@type\":\"WebPage\",\"@id\":\"https:\\\/\\\/xn--sykett-gua.fi\\\/kuopio\\\/en\\\/member-services\\\/gyms\\\/\",\"url\":\"https:\\\/\\\/xn--sykett-gua.fi\\\/kuopio\\\/en\\\/member-services\\\/gyms\\\/\",\"name\":\"Gyms - SYKETT\u00c4 Kuopio\",\"isPartOf\":{\"@id\":\"https:\\\/\\\/xn--sykett-gua.fi\\\/kuopio\\\/#website\"},\"primaryImageOfPage\":{\"@id\":\"https:\\\/\\\/xn--sykett-gua.fi\\\/kuopio\\\/en\\\/member-services\\\/gyms\\\/#primaryimage\"},\"image\":{\"@id\":\"https:\\\/\\\/xn--sykett-gua.fi\\\/kuopio\\\/en\\\/member-services\\\/gyms\\\/#primaryimage\"},\"thumbnailUrl\":\"https:\\\/\\\/xn--sykett-gua.fi\\\/kuopio\\\/wp-content\\\/uploads\\\/sites\\\/2\\\/2024\\\/06\\\/placeholder-3.png\",\"datePublished\":\"2024-11-07T10:44:35+00:00\",\"dateModified\":\"2025-05-19T11:06:35+00:00\",\"description\":\"SYKETT\u00c4 has two gyms in University campus are open for your use with a valid SYKETT\u00c4 sticker without any extra fee.\",\"breadcrumb\":{\"@id\":\"https:\\\/\\\/xn--sykett-gua.fi\\\/kuopio\\\/en\\\/member-services\\\/gyms\\\/#breadcrumb\"},\"inLanguage\":\"fi\",\"potentialAction\":[{\"@type\":\"ReadAction\",\"target\":[\"https:\\\/\\\/xn--sykett-gua.fi\\\/kuopio\\\/en\\\/member-services\\\/gyms\\\/\"]}]},{\"@type\":\"ImageObject\",\"inLanguage\":\"fi\",\"@id\":\"https:\\\/\\\/xn--sykett-gua.fi\\\/kuopio\\\/en\\\/member-services\\\/gyms\\\/#primaryimage\",\"url\":\"https:\\\/\\\/xn--sykett-gua.fi\\\/kuopio\\\/wp-content\\\/uploads\\\/sites\\\/2\\\/2024\\\/06\\\/placeholder-3.png\",\"contentUrl\":\"https:\\\/\\\/xn--sykett-gua.fi\\\/kuopio\\\/wp-content\\\/uploads\\\/sites\\\/2\\\/2024\\\/06\\\/placeholder-3.png\",\"width\":1200,\"height\":800},{\"@type\":\"BreadcrumbList\",\"@id\":\"https:\\\/\\\/xn--sykett-gua.fi\\\/kuopio\\\/en\\\/member-services\\\/gyms\\\/#breadcrumb\",\"itemListElement\":[{\"@type\":\"ListItem\",\"position\":1,\"name\":\"Etusivu\",\"item\":\"https:\\\/\\\/xn--sykett-gua.fi\\\/kuopio\\\/\"},{\"@type\":\"ListItem\",\"position\":2,\"name\":\"Member services\",\"item\":\"https:\\\/\\\/xn--sykett-gua.fi\\\/kuopio\\\/en\\\/member-services\\\/\"},{\"@type\":\"ListItem\",\"position\":3,\"name\":\"Gyms\"}]},{\"@type\":\"WebSite\",\"@id\":\"https:\\\/\\\/xn--sykett-gua.fi\\\/kuopio\\\/#website\",\"url\":\"https:\\\/\\\/xn--sykett-gua.fi\\\/kuopio\\\/\",\"name\":\"SYKETT\u00c4 Kuopio\",\"description\":\"Kuopion korkeakoululiikunta\",\"publisher\":{\"@id\":\"https:\\\/\\\/xn--sykett-gua.fi\\\/kuopio\\\/#organization\"},\"potentialAction\":[{\"@type\":\"SearchAction\",\"target\":{\"@type\":\"EntryPoint\",\"urlTemplate\":\"https:\\\/\\\/xn--sykett-gua.fi\\\/kuopio\\\/?s={search_term_string}\"},\"query-input\":{\"@type\":\"PropertyValueSpecification\",\"valueRequired\":true,\"valueName\":\"search_term_string\"}}],\"inLanguage\":\"fi\"},{\"@type\":\"Organization\",\"@id\":\"https:\\\/\\\/xn--sykett-gua.fi\\\/kuopio\\\/#organization\",\"name\":\"SYKETT\u00c4 Kuopio\",\"url\":\"https:\\\/\\\/xn--sykett-gua.fi\\\/kuopio\\\/\",\"logo\":{\"@type\":\"ImageObject\",\"inLanguage\":\"fi\",\"@id\":\"https:\\\/\\\/xn--sykett-gua.fi\\\/kuopio\\\/#\\\/schema\\\/logo\\\/image\\\/\",\"url\":\"https:\\\/\\\/xn--sykett-gua.fi\\\/kuopio\\\/wp-content\\\/uploads\\\/sites\\\/2\\\/2024\\\/06\\\/Sykettalogo-02.png\",\"contentUrl\":\"https:\\\/\\\/xn--sykett-gua.fi\\\/kuopio\\\/wp-content\\\/uploads\\\/sites\\\/2\\\/2024\\\/06\\\/Sykettalogo-02.png\",\"width\":313,\"height\":119,\"caption\":\"SYKETT\u00c4 Kuopio\"},\"image\":{\"@id\":\"https:\\\/\\\/xn--sykett-gua.fi\\\/kuopio\\\/#\\\/schema\\\/logo\\\/image\\\/\"},\"sameAs\":[\"https:\\\/\\\/www.facebook.com\\\/sykettakuopio\",\"https:\\\/\\\/www.instagram.com\\\/syketta_kpo\\\/\",\"https:\\\/\\\/www.youtube.com\\\/channel\\\/UCtz5z3e0YQYE69xVWjsU7Uw\",\"https:\\\/\\\/www.tiktok.com\\\/@syketta_kuopio\"]}]}<\/script>\n<!-- \/ Yoast SEO plugin. -->","yoast_head_json":{"title":"Gyms - SYKETT\u00c4 Kuopio","description":"SYKETT\u00c4 has two gyms in University campus are open for your use with a valid SYKETT\u00c4 sticker without any extra fee.","robots":{"index":"index","follow":"follow","max-snippet":"max-snippet:-1","max-image-preview":"max-image-preview:large","max-video-preview":"max-video-preview:-1"},"canonical":"https:\/\/xn--sykett-gua.fi\/kuopio\/en\/member-services\/gyms\/","og_locale":"fi_FI","og_type":"article","og_title":"Gyms - SYKETT\u00c4 Kuopio","og_description":"SYKETT\u00c4 has two gyms in University campus are open for your use with a valid SYKETT\u00c4 sticker without any extra fee.","og_url":"https:\/\/xn--sykett-gua.fi\/kuopio\/en\/member-services\/gyms\/","og_site_name":"SYKETT\u00c4 Kuopio","article_publisher":"https:\/\/www.facebook.com\/sykettakuopio","article_modified_time":"2025-05-19T11:06:35+00:00","og_image":[{"width":1200,"height":800,"url":"https:\/\/xn--sykett-gua.fi\/kuopio\/wp-content\/uploads\/sites\/2\/2024\/06\/placeholder-3.png","type":"image\/png"}],"twitter_card":"summary_large_image","twitter_misc":{"Arvioitu lukuaika":"2 minuuttia"},"schema":{"@context":"https:\/\/schema.org","@graph":[{"@type":"WebPage","@id":"https:\/\/xn--sykett-gua.fi\/kuopio\/en\/member-services\/gyms\/","url":"https:\/\/xn--sykett-gua.fi\/kuopio\/en\/member-services\/gyms\/","name":"Gyms - SYKETT\u00c4 Kuopio","isPartOf":{"@id":"https:\/\/xn--sykett-gua.fi\/kuopio\/#website"},"primaryImageOfPage":{"@id":"https:\/\/xn--sykett-gua.fi\/kuopio\/en\/member-services\/gyms\/#primaryimage"},"image":{"@id":"https:\/\/xn--sykett-gua.fi\/kuopio\/en\/member-services\/gyms\/#primaryimage"},"thumbnailUrl":"https:\/\/xn--sykett-gua.fi\/kuopio\/wp-content\/uploads\/sites\/2\/2024\/06\/placeholder-3.png","datePublished":"2024-11-07T10:44:35+00:00","dateModified":"2025-05-19T11:06:35+00:00","description":"SYKETT\u00c4 has two gyms in University campus are open for your use with a valid SYKETT\u00c4 sticker without any extra fee.","breadcrumb":{"@id":"https:\/\/xn--sykett-gua.fi\/kuopio\/en\/member-services\/gyms\/#breadcrumb"},"inLanguage":"fi","potentialAction":[{"@type":"ReadAction","target":["https:\/\/xn--sykett-gua.fi\/kuopio\/en\/member-services\/gyms\/"]}]},{"@type":"ImageObject","inLanguage":"fi","@id":"https:\/\/xn--sykett-gua.fi\/kuopio\/en\/member-services\/gyms\/#primaryimage","url":"https:\/\/xn--sykett-gua.fi\/kuopio\/wp-content\/uploads\/sites\/2\/2024\/06\/placeholder-3.png","contentUrl":"https:\/\/xn--sykett-gua.fi\/kuopio\/wp-content\/uploads\/sites\/2\/2024\/06\/placeholder-3.png","width":1200,"height":800},{"@type":"BreadcrumbList","@id":"https:\/\/xn--sykett-gua.fi\/kuopio\/en\/member-services\/gyms\/#breadcrumb","itemListElement":[{"@type":"ListItem","position":1,"name":"Etusivu","item":"https:\/\/xn--sykett-gua.fi\/kuopio\/"},{"@type":"ListItem","position":2,"name":"Member services","item":"https:\/\/xn--sykett-gua.fi\/kuopio\/en\/member-services\/"},{"@type":"ListItem","position":3,"name":"Gyms"}]},{"@type":"WebSite","@id":"https:\/\/xn--sykett-gua.fi\/kuopio\/#website","url":"https:\/\/xn--sykett-gua.fi\/kuopio\/","name":"SYKETT\u00c4 Kuopio","description":"Kuopion korkeakoululiikunta","publisher":{"@id":"https:\/\/xn--sykett-gua.fi\/kuopio\/#organization"},"potentialAction":[{"@type":"SearchAction","target":{"@type":"EntryPoint","urlTemplate":"https:\/\/xn--sykett-gua.fi\/kuopio\/?s={search_term_string}"},"query-input":{"@type":"PropertyValueSpecification","valueRequired":true,"valueName":"search_term_string"}}],"inLanguage":"fi"},{"@type":"Organization","@id":"https:\/\/xn--sykett-gua.fi\/kuopio\/#organization","name":"SYKETT\u00c4 Kuopio","url":"https:\/\/xn--sykett-gua.fi\/kuopio\/","logo":{"@type":"ImageObject","inLanguage":"fi","@id":"https:\/\/xn--sykett-gua.fi\/kuopio\/#\/schema\/logo\/image\/","url":"https:\/\/xn--sykett-gua.fi\/kuopio\/wp-content\/uploads\/sites\/2\/2024\/06\/Sykettalogo-02.png","contentUrl":"https:\/\/xn--sykett-gua.fi\/kuopio\/wp-content\/uploads\/sites\/2\/2024\/06\/Sykettalogo-02.png","width":313,"height":119,"caption":"SYKETT\u00c4 Kuopio"},"image":{"@id":"https:\/\/xn--sykett-gua.fi\/kuopio\/#\/schema\/logo\/image\/"},"sameAs":["https:\/\/www.facebook.com\/sykettakuopio","https:\/\/www.instagram.com\/syketta_kpo\/","https:\/\/www.youtube.com\/channel\/UCtz5z3e0YQYE69xVWjsU7Uw","https:\/\/www.tiktok.com\/@syketta_kuopio"]}]}},"_links":{"self":[{"href":"https:\/\/xn--sykett-gua.fi\/kuopio\/wp-json\/wp\/v2\/pages\/46258","targetHints":{"allow":["GET"]}}],"collection":[{"href":"https:\/\/xn--sykett-gua.fi\/kuopio\/wp-json\/wp\/v2\/pages"}],"about":[{"href":"https:\/\/xn--sykett-gua.fi\/kuopio\/wp-json\/wp\/v2\/types\/page"}],"author":[{"embeddable":true,"href":"https:\/\/xn--sykett-gua.fi\/kuopio\/wp-json\/wp\/v2\/users\/3"}],"replies":[{"embeddable":true,"href":"https:\/\/xn--sykett-gua.fi\/kuopio\/wp-json\/wp\/v2\/comments?post=46258"}],"version-history":[{"count":17,"href":"https:\/\/xn--sykett-gua.fi\/kuopio\/wp-json\/wp\/v2\/pages\/46258\/revisions"}],"predecessor-version":[{"id":48432,"href":"https:\/\/xn--sykett-gua.fi\/kuopio\/wp-json\/wp\/v2\/pages\/46258\/revisions\/48432"}],"up":[{"embeddable":true,"href":"https:\/\/xn--sykett-gua.fi\/kuopio\/wp-json\/wp\/v2\/pages\/502"}],"wp:featuredmedia":[{"embeddable":true,"href":"https:\/\/xn--sykett-gua.fi\/kuopio\/wp-json\/wp\/v2\/media\/459"}],"wp:attachment":[{"href":"https:\/\/xn--sykett-gua.fi\/kuopio\/wp-json\/wp\/v2\/media?parent=46258"}],"curies":[{"name":"wp","href":"https:\/\/api.w.org\/{rel}","templated":true}]}}