{"id":46436,"date":"2024-11-27T12:37:21","date_gmt":"2024-11-27T10:37:21","guid":{"rendered":"https:\/\/xn--sykett-gua.fi\/kuopio\/?page_id=46436"},"modified":"2025-10-23T13:10:15","modified_gmt":"2025-10-23T10:10:15","slug":"data-protection-records","status":"publish","type":"page","link":"https:\/\/xn--sykett-gua.fi\/kuopio\/en\/contact\/data-protection-records\/","title":{"rendered":"Data Protection Records"},"content":{"rendered":"\t\t<div data-elementor-type=\"wp-page\" data-elementor-id=\"46436\" class=\"elementor elementor-46436\" data-elementor-post-type=\"page\">\n\t\t\t\t<div data-particle_enable=\"false\" data-particle-mobile-disabled=\"false\" class=\"elementor-element elementor-element-e31383f e-flex e-con-boxed e-con e-parent\" data-id=\"e31383f\" data-element_type=\"container\" data-e-type=\"container\">\n\t\t\t\t\t<div class=\"e-con-inner\">\n\t\t\t\t<div class=\"elementor-element elementor-element-2e4e0fc elementor-widget elementor-widget-text-editor\" data-id=\"2e4e0fc\" data-element_type=\"widget\" data-e-type=\"widget\" data-widget_type=\"text-editor.default\">\n\t\t\t\t<div class=\"elementor-widget-container\">\n\t\t\t\t\t\t\t\t\t<h2 class=\"wp-block-heading\">Student Union of Savonia University of Applied Sciences (SAVOTTA)<br>SYKETT\u00c4 Kuopio Data Protection Records<\/h2>\n<p><em>NB: This document is a translation from the original document. This translation is not binding; its purpose is only to explain the contents of the original document in English. In case there are any obscurities in the translation, please check the original document for correct and binding expressions. The original document can be found on the Finnish website of SYKETT\u00c4.<\/em><\/p>\n<p>EU\u2019s General Data Protection Regulation, Articles 12, 13 and 14<br>Updated: 07.03.2025<\/p>\n<h3 class=\"wp-block-heading\">1. Controller of the register<\/h3>\n<p>Student Union of Savonia University of Applied Sciences (SAVOTTA)<br>Microkatu 1<br>70210 Kuopio<br>www.opiskelijakuntasavotta.fi<br>y-tunnus: 2084214-1<\/p>\n<h3 class=\"wp-block-heading\">2.&nbsp;Contact person of the controller<\/h3>\n<p>Executive Director Juha Asikainen<br>Mobile: +35844 785 5058<br>Email:&nbsp;<a href=\"mailto:toiminnanjohtaja@opiskelijakuntasavotta.fi\">toiminnanjohtaja@opiskelijakuntasavotta.fi<\/a><\/p>\n<h3 class=\"wp-block-heading\">3. Registry Title<\/h3>\n<p>SYKETT\u00c4 \u2013 Kuopio University Sports services<\/p>\n<h3 class=\"wp-block-heading\">4.&nbsp;Reasons for Data Processing<\/h3>\n<p>The retention and use of the register is to gather the information of the users of SYKETT\u00c4 sport services for usage of the services of SYKETT\u00c4 Universities\u2019 of Kuopio.<\/p>\n<p>Information of the user can be handled for the following purposes:<\/p>\n<ul class=\"wp-block-list\">\n<li>maintenance and development of the customer relationship<\/li>\n<li>executing the sport services<\/li>\n<li>verification of the customer transactions relating to the user<\/li>\n<li>customer service and development of the sport services<\/li>\n<li>marketing (monthly SYKETT\u00c4 newsletter)<\/li>\n<li>analyzing and statistics, monitoring and measuring the utilization rate<\/li>\n<li>to follow and to verificate misuse of the services<\/li>\n<li>management of user enrollments<\/li>\n<li>monitoring payment traffic<\/li>\n<li>maintenance of contacts<\/li>\n<li>other similar purposes<\/li>\n<\/ul>\n<h3 class=\"wp-block-heading\">5. Legal basis for the processing of personal data<\/h3>\n<p><em>Processing is based on Articles 6 or 9 of the Data Protection Regulation (at least one argument)<br>EU General Data Protection Regulation, Article 6, point 1,subsections a \u2013 f:<\/em><\/p>\n<p><strong>\u2612 &nbsp; &nbsp; &nbsp;&nbsp;<\/strong><strong>&nbsp;<\/strong><a href=\"https:\/\/www.sanakirja.fi\/english-finnish\/data%20subject's%20consent\">data subject\u2019s consent<\/a><\/p>\n<p><strong>\u2610 &nbsp; &nbsp;&nbsp;<\/strong><strong>&nbsp;<\/strong>&nbsp;&nbsp;the implementation of the contract (in which the data subject is a party), the contract<\/p>\n<p><strong>\u2610 &nbsp; &nbsp; &nbsp;&nbsp;<\/strong>&nbsp;compliance with the statutory obligation of the controller<\/p>\n<p><strong>\u2610 &nbsp; &nbsp;&nbsp;<\/strong>&nbsp;&nbsp;vital interest of a registered person or another natural person<\/p>\n<p><strong>\u2610&nbsp; &nbsp;&nbsp;<\/strong>&nbsp;&nbsp;&nbsp;exercise the authority of the public interest\/controller<\/p>\n<p><strong>\u2610&nbsp; &nbsp; &nbsp; &nbsp;&nbsp;<\/strong>information describing the position, tasks or treatment of a person<\/p>\n<p><strong>\u2610&nbsp; &nbsp; &nbsp; &nbsp;&nbsp;<\/strong>public interest authority task<\/p>\n<p><strong>\u2610 &nbsp; &nbsp; &nbsp; &nbsp;&nbsp;<\/strong>scientific or historical research or statistics<\/p>\n<p><strong>\u2610 &nbsp; &nbsp; &nbsp; &nbsp;&nbsp;<\/strong>archiving research materials and heritage materials<\/p>\n<p><strong>\u2612 &nbsp; &nbsp;&nbsp;<\/strong>&nbsp;&nbsp;&nbsp;the legitimate interests of the controller or third party<\/p>\n<p>&nbsp;What legitimate interest is in question: the customer relationship<\/p>\n<h3 class=\"wp-block-heading\">6. Data content of the registry and storage time<\/h3>\n<p>The register contains the following information about the profile of the user:<\/p>\n<p><strong>User data<\/strong><strong><br><\/strong>Name (first and last), email address, phone number, type of user (student, staff, instructor), University, Field of study<\/p>\n<p><em>If the registration is done before 8\/2018:&nbsp;<\/em>Name (first and last)<em>, date of birth, gender, email address, phone number, postal address, University,&nbsp;<\/em><em>college education sector\/unit\/degree program, status higher education<\/em><\/p>\n<p><strong>Service data<\/strong><\/p>\n<p><strong>Sports stickers:<\/strong>&nbsp;type of the sticker, date and time of the creation of the sticker, date and time of the payment, the information of who has confirmed the payment<\/p>\n<p><strong>Cross-use<\/strong><strong>:&nbsp;<\/strong>city, where the user wants to cross-use the service<\/p>\n<p><strong>Physical activity<\/strong><strong>:&nbsp;<\/strong>past and future physical activity events for which the user is enrolled in<\/p>\n<p><strong>Sanctions:&nbsp;<\/strong>exercise events for which the mover has enrolled, but does not have participated<\/p>\n<p><strong>Use bans<\/strong><strong>:&nbsp;<\/strong>After two sanctions the user is momentarily banned from enrolling and participating events<\/p>\n<p>Personal data will be kept in SYKETT\u00c4 register for as long as the user is an active user. Active user means a person with whom one or more of the following conditions are met.<\/p>\n<p><strong>1)&nbsp; &nbsp;&nbsp;<\/strong>&nbsp;&nbsp;The person has a valid SYKETT\u00c4 sticker<br><strong>2) &nbsp;&nbsp;<\/strong>&nbsp;&nbsp;The person has had a valid SYKETT\u00c4 sticker for two preceding semesters (from present). SYKETT\u00c4 semesters are 1.1.-31.8. and 1.9.-31.12.<br><strong>3) &nbsp;&nbsp;&nbsp;&nbsp;&nbsp;<\/strong>The person has a key fob to a SYKETT\u00c4 sports facility<\/p>\n<p>Personal data will be deleted from the SYKETT\u00c4 system after none of the above conditions are met.<\/p>\n<h3 class=\"wp-block-heading\">7. Regular sources of information<\/h3>\n<p>The information is provided by users themselves via SYKETT\u00c4 registration form. The services can be used only after filling up the SYKETT\u00c4 registration form via SYKETT\u00c4 web page. Consent to the processing of personal data is asked at the time of registration.&nbsp;<\/p>\n<p>At the ISYY office is a list of UEF staff members<strong>&nbsp;<\/strong>from where the right to use SYKETT\u00c4 sticker is checked. A student\u2019s degree leading to a degree in the college is checked from Oodi.<\/p>\n<h3 class=\"wp-block-heading\">8. Processing information systems<\/h3>\n<p>Personal data, that is collected in the SYKETT\u00c4 system, are used in the following information systems:<\/p>\n<ul class=\"wp-block-list\">\n<li>&nbsp;SYKETT\u00c4 website and mobile app\n<ul>\n<li>User register<\/li>\n<\/ul>\n<\/li>\n<li>Google Drive\n<ul>\n<li>Register of the granted key fobs<\/li>\n<li>Register of the granted free stickers<\/li>\n<li>Register of the sessions that are inspected by a SYKETT\u00c4 inspector<\/li>\n<\/ul>\n<\/li>\n<\/ul>\n<h3 class=\"wp-block-heading\">9. Use of cookies<\/h3>\n<p>Personal data processing in browser-based information systems uses cookies. A cookie is a small text file that the browser saves in the user\u2019s device<strong>.&nbsp;<\/strong>Cookies are used to implement services, make it easier to sign in to services as well as allowing the use of services for statistical purposes. In your browser program, you can block the use of cookies, but this can prevent the proper functioning of the system.<\/p>\n<p><strong>Cookies are used in the processing of personal data:<\/strong><\/p>\n<p>\u2612 Yes,&nbsp;Cookies are used in the browser-based information systems of data processing,&nbsp;<em>SYKETT\u00c4 Kuopio<\/em><em style=\"font-weight: bold;\"><br><\/em>\u2610 No<\/p>\n<h3 class=\"wp-block-heading\">10. Disclosure and transfer of information in the EU or European Economic Area<\/h3>\n<p>The information is collected only to be used by SYKETT\u00c4-staff. Personal information will never be disclosed to third parties. The information may be disclosed to police for example in case of a criminal investigation.<br>Regular disclosure of information and transfer of data outside the EU or the European Economic Area. The data will not be given or transferred outside of EU or economic region of Europe.<\/p>\n<h3 class=\"wp-block-heading\">11. Regular transfers and disclosures<\/h3>\n<p>Personal data are disclosed regularly for the following parties:<\/p>\n<p><strong>1)&nbsp; &nbsp; &nbsp; Student Union of the Savonia University of Applied Sciences, SAVOTTA<\/strong><\/p>\n<p>Student Union of the Savonia University of Applied Sciences, SAVOTTA, operates as a processor of the SYKETT\u00c4 user register\u2019s personal data.<strong>&nbsp;<\/strong>At SAVOTTA\u2019s&nbsp; payroll there is an SYKETT\u00c4 employee. SAVOTTA\u2019s employees have access to the personal data to the extent that their work duties require&nbsp; (for example, for collecting the sports fees).<\/p>\n<p><strong>2) &nbsp; &nbsp; &nbsp; Student Union of the Karelia University of Applied Sciences, POKA<\/strong><\/p>\n<p>Student Union of the Karelia University of Applied Sciences,POKA<strong>&nbsp;<\/strong>operates as a processor of the SYKETT\u00c4 user register\u2019s personal data in Joensuu. When a person, who has registered in the SYKETT\u00c4 Kuopio website and purchased a SYKETT\u00c4 sticker, wants to cross-use the services in Joensuu, the person has to first activate the cross-usage to Joensuu campus on their own user profile. After this, the person\u2019s data transfers from their user profile into the user register of SYKETT\u00c4 Joensuu. Thus the person can be given access to SYKETT\u00c4 services in Joensuu.<\/p>\n<p><strong>3) &nbsp; &nbsp; Design Center Savonia<\/strong><\/p>\n<p>Design Center Savonia is an administrator of the SYKETT\u00c4 website and operates as a processor of the SYKETT\u00c4 user register\u2019s personal data. In order to guarantee the operational reliability, Design Center Savonia shall have access to all data in the SYKETT\u00c4 system.<\/p>\n<p><strong>4) &nbsp; &nbsp; Co-operation companies that hold sport classes for SYKETT\u00c4 customers<\/strong><\/p>\n<p>Co-operation companies that hold SYKETT\u00c4 classes operate also as processors of the SYKETT\u00c4 user register\u2019s personal data. Disclosure of the personal data concerns those users, who have enrolled in a class that is held by a co-operation company. Disclosure of the information&nbsp; is made so that the instructor of the class can verify the participants to the SYKETT\u00c4 system. Participating in the classes is monitored to prevent abuse of the services.<\/p>\n<p><strong>5)&nbsp; &nbsp; The student union of the University of Eastern Finland (ISYY)<\/strong><\/p>\n<p>The student union of the University of Eastern Finland operates as a processor of the SYKETT\u00c4 user register\u2019s personal data. At the ISYY\u2019s payroll is an SYKETT\u00c4 employee. ISYY\u2019s employees have access to the personal data to the extent that their work duties require (for example, for collecting the sports fees).<\/p>\n<h3 class=\"wp-block-heading\">12.&nbsp;Security of the data<\/h3>\n<p>Every person who has access to the database has a personal access right admitted by the registry owner (username and a password). Only the persons who need the personal information for their work have access to the database.<\/p>\n<p>Different access rights<br>1)&nbsp; &nbsp; &nbsp; Administrator<br>2)&nbsp; &nbsp; &nbsp; Inspector<br>3)&nbsp; &nbsp; &nbsp; Instructor<\/p>\n<p>The access rights are granted based on the work duties of an employee. With instructor status the instructor can only see users who have enrolled in the classes they teach.<\/p>\n<p>SYKETT\u00c4 web site is protected by SSL certificate. It is not possible to sign in to the website without e-mail account from university.<\/p>\n<h3 class=\"wp-block-heading\">13.&nbsp;Right of inspection<\/h3>\n<p>Every user has the right to know what personal data is recorded in the user register referred in this registration description. Everyone is also able to check that there is no data concerning them in this register. The data can be checked once in a year without a charge. A request for data check-up has to be signed and personally delivered or delivered in another secured manner to the address of the registry owner.<\/p>\n<p>The data can also be checked by visiting the registry owner in person. There will be an ID check-up before any data is given. The right to check-up data can only be denied in a case of exception. If the right to check-up data is denied a written letter of denial will be given. The person in question has the right to contact the Data Protection Ombudsman who will settle the case: The Office of Data Protection Ombudsman, PL 315, 00181 HELSINKI.<\/p>\n<p>A request for a revised decision concerning data can be done by sending it to the registry owner\u2019s address or by visiting the office in person. The ID of the person will be checked.<\/p>\n<p>If the correction of data is denied a written letter of denial will be given. The person in question has the right to contact the Data Protection Ombudsman who will settle the case: The Office of Data Protection Ombudsman, PL 315, 00181 HELSINKI.<\/p>\n<h3 class=\"wp-block-heading\">14.&nbsp;Right to demand that information be corrected<\/h3>\n<p>SYKETT\u00c4 Kuopio Universities\u2019 sport services, supplies and deletes incorrect, unnecessary, defective and outdated data from the register.<\/p>\n<p>A user has the right to request correction of his or her incorrect information if he or she has detected any errors in his or her information when checking their information or otherwise.<\/p>\n<p>SYKETT\u00c4 Kuopio Universities\u2019 sport services must correct the incorrect information within three (3) months. If SYKETT\u00c4 Kuopio Universities\u2019 sport services refuses to repair the information, a written denial certificate will be issued to the user.<\/p>\n<h3>15.&nbsp;The right to be informed of the data breach against the controller<\/h3>\n<p>Without undue delay, SYKETT\u00c4 Kuopio Universities\u2019 sport services must inform the users of any security breach of the registry that violate SYKETT\u00c4 user\u2019s rights or freedoms.<\/p>\n<h3 class=\"wp-block-heading\">16.&nbsp;The right to appeal to the Authority<\/h3>\n<p>Every user has a right to make a complaint to Data Protection Ombudsman, in cases the user suspects that the EU General Data Protection Regulation is violated. The person in question has the right to contact Data Protection Ombudsman who will settle the case: The Office of Data Protection Ombudsman, PL 315, 00181 HELSINKI.<\/p>\t\t\t\t\t\t\t\t<\/div>\n\t\t\t\t<\/div>\n\t\t\t\t\t<\/div>\n\t\t\t\t<\/div>\n\t\t\t\t<\/div>\n\t\t","protected":false},"excerpt":{"rendered":"<p>Student Union of Savonia University of Applied Sciences (SAVOTTA)SYKETT\u00c4 Kuopio Data Protection Records NB: This document is a translation from the original document. This translation is not binding; its purpose is only to explain the contents of the original document in English. In case there are any obscurities in the translation, please check the original [&hellip;]<\/p>\n","protected":false},"author":3,"featured_media":0,"parent":596,"menu_order":0,"comment_status":"closed","ping_status":"closed","template":"","meta":{"iawp_total_views":16,"footnotes":""},"class_list":["post-46436","page","type-page","status-publish","hentry"],"yoast_head":"<!-- This site is optimized with the Yoast SEO plugin v27.4 - https:\/\/yoast.com\/product\/yoast-seo-wordpress\/ -->\n<title>Data Protection Records - SYKETT\u00c4 Kuopio<\/title>\n<meta name=\"robots\" content=\"index, follow, max-snippet:-1, max-image-preview:large, max-video-preview:-1\" \/>\n<link rel=\"canonical\" href=\"https:\/\/xn--sykett-gua.fi\/kuopio\/en\/contact\/data-protection-records\/\" \/>\n<meta property=\"og:locale\" content=\"fi_FI\" \/>\n<meta property=\"og:type\" content=\"article\" \/>\n<meta property=\"og:title\" content=\"Data Protection Records - SYKETT\u00c4 Kuopio\" \/>\n<meta property=\"og:description\" content=\"Student Union of Savonia University of Applied Sciences (SAVOTTA)SYKETT\u00c4 Kuopio Data Protection Records NB: This document is a translation from the original document. This translation is not binding; its purpose is only to explain the contents of the original document in English. In case there are any obscurities in the translation, please check the original [&hellip;]\" \/>\n<meta property=\"og:url\" content=\"https:\/\/xn--sykett-gua.fi\/kuopio\/en\/contact\/data-protection-records\/\" \/>\n<meta property=\"og:site_name\" content=\"SYKETT\u00c4 Kuopio\" \/>\n<meta property=\"article:publisher\" content=\"https:\/\/www.facebook.com\/sykettakuopio\" \/>\n<meta property=\"article:modified_time\" content=\"2025-10-23T10:10:15+00:00\" \/>\n<meta name=\"twitter:card\" content=\"summary_large_image\" \/>\n<meta name=\"twitter:label1\" content=\"Arvioitu lukuaika\" \/>\n\t<meta name=\"twitter:data1\" content=\"12 minuuttia\" \/>\n<script type=\"application\/ld+json\" class=\"yoast-schema-graph\">{\"@context\":\"https:\\\/\\\/schema.org\",\"@graph\":[{\"@type\":\"WebPage\",\"@id\":\"https:\\\/\\\/xn--sykett-gua.fi\\\/kuopio\\\/en\\\/contact\\\/data-protection-records\\\/\",\"url\":\"https:\\\/\\\/xn--sykett-gua.fi\\\/kuopio\\\/en\\\/contact\\\/data-protection-records\\\/\",\"name\":\"Data Protection Records - SYKETT\u00c4 Kuopio\",\"isPartOf\":{\"@id\":\"https:\\\/\\\/xn--sykett-gua.fi\\\/kuopio\\\/#website\"},\"datePublished\":\"2024-11-27T10:37:21+00:00\",\"dateModified\":\"2025-10-23T10:10:15+00:00\",\"breadcrumb\":{\"@id\":\"https:\\\/\\\/xn--sykett-gua.fi\\\/kuopio\\\/en\\\/contact\\\/data-protection-records\\\/#breadcrumb\"},\"inLanguage\":\"fi\",\"potentialAction\":[{\"@type\":\"ReadAction\",\"target\":[\"https:\\\/\\\/xn--sykett-gua.fi\\\/kuopio\\\/en\\\/contact\\\/data-protection-records\\\/\"]}]},{\"@type\":\"BreadcrumbList\",\"@id\":\"https:\\\/\\\/xn--sykett-gua.fi\\\/kuopio\\\/en\\\/contact\\\/data-protection-records\\\/#breadcrumb\",\"itemListElement\":[{\"@type\":\"ListItem\",\"position\":1,\"name\":\"Etusivu\",\"item\":\"https:\\\/\\\/xn--sykett-gua.fi\\\/kuopio\\\/\"},{\"@type\":\"ListItem\",\"position\":2,\"name\":\"Contact\",\"item\":\"https:\\\/\\\/xn--sykett-gua.fi\\\/kuopio\\\/en\\\/contact\\\/\"},{\"@type\":\"ListItem\",\"position\":3,\"name\":\"Data Protection Records\"}]},{\"@type\":\"WebSite\",\"@id\":\"https:\\\/\\\/xn--sykett-gua.fi\\\/kuopio\\\/#website\",\"url\":\"https:\\\/\\\/xn--sykett-gua.fi\\\/kuopio\\\/\",\"name\":\"SYKETT\u00c4 Kuopio\",\"description\":\"Kuopion korkeakoululiikunta\",\"publisher\":{\"@id\":\"https:\\\/\\\/xn--sykett-gua.fi\\\/kuopio\\\/#organization\"},\"potentialAction\":[{\"@type\":\"SearchAction\",\"target\":{\"@type\":\"EntryPoint\",\"urlTemplate\":\"https:\\\/\\\/xn--sykett-gua.fi\\\/kuopio\\\/?s={search_term_string}\"},\"query-input\":{\"@type\":\"PropertyValueSpecification\",\"valueRequired\":true,\"valueName\":\"search_term_string\"}}],\"inLanguage\":\"fi\"},{\"@type\":\"Organization\",\"@id\":\"https:\\\/\\\/xn--sykett-gua.fi\\\/kuopio\\\/#organization\",\"name\":\"SYKETT\u00c4 Kuopio\",\"url\":\"https:\\\/\\\/xn--sykett-gua.fi\\\/kuopio\\\/\",\"logo\":{\"@type\":\"ImageObject\",\"inLanguage\":\"fi\",\"@id\":\"https:\\\/\\\/xn--sykett-gua.fi\\\/kuopio\\\/#\\\/schema\\\/logo\\\/image\\\/\",\"url\":\"https:\\\/\\\/xn--sykett-gua.fi\\\/kuopio\\\/wp-content\\\/uploads\\\/sites\\\/2\\\/2024\\\/06\\\/Sykettalogo-02.png\",\"contentUrl\":\"https:\\\/\\\/xn--sykett-gua.fi\\\/kuopio\\\/wp-content\\\/uploads\\\/sites\\\/2\\\/2024\\\/06\\\/Sykettalogo-02.png\",\"width\":313,\"height\":119,\"caption\":\"SYKETT\u00c4 Kuopio\"},\"image\":{\"@id\":\"https:\\\/\\\/xn--sykett-gua.fi\\\/kuopio\\\/#\\\/schema\\\/logo\\\/image\\\/\"},\"sameAs\":[\"https:\\\/\\\/www.facebook.com\\\/sykettakuopio\",\"https:\\\/\\\/www.instagram.com\\\/syketta_kpo\\\/\",\"https:\\\/\\\/www.youtube.com\\\/channel\\\/UCtz5z3e0YQYE69xVWjsU7Uw\",\"https:\\\/\\\/www.tiktok.com\\\/@syketta_kuopio\"]}]}<\/script>\n<!-- \/ Yoast SEO plugin. -->","yoast_head_json":{"title":"Data Protection Records - SYKETT\u00c4 Kuopio","robots":{"index":"index","follow":"follow","max-snippet":"max-snippet:-1","max-image-preview":"max-image-preview:large","max-video-preview":"max-video-preview:-1"},"canonical":"https:\/\/xn--sykett-gua.fi\/kuopio\/en\/contact\/data-protection-records\/","og_locale":"fi_FI","og_type":"article","og_title":"Data Protection Records - SYKETT\u00c4 Kuopio","og_description":"Student Union of Savonia University of Applied Sciences (SAVOTTA)SYKETT\u00c4 Kuopio Data Protection Records NB: This document is a translation from the original document. This translation is not binding; its purpose is only to explain the contents of the original document in English. In case there are any obscurities in the translation, please check the original [&hellip;]","og_url":"https:\/\/xn--sykett-gua.fi\/kuopio\/en\/contact\/data-protection-records\/","og_site_name":"SYKETT\u00c4 Kuopio","article_publisher":"https:\/\/www.facebook.com\/sykettakuopio","article_modified_time":"2025-10-23T10:10:15+00:00","twitter_card":"summary_large_image","twitter_misc":{"Arvioitu lukuaika":"12 minuuttia"},"schema":{"@context":"https:\/\/schema.org","@graph":[{"@type":"WebPage","@id":"https:\/\/xn--sykett-gua.fi\/kuopio\/en\/contact\/data-protection-records\/","url":"https:\/\/xn--sykett-gua.fi\/kuopio\/en\/contact\/data-protection-records\/","name":"Data Protection Records - SYKETT\u00c4 Kuopio","isPartOf":{"@id":"https:\/\/xn--sykett-gua.fi\/kuopio\/#website"},"datePublished":"2024-11-27T10:37:21+00:00","dateModified":"2025-10-23T10:10:15+00:00","breadcrumb":{"@id":"https:\/\/xn--sykett-gua.fi\/kuopio\/en\/contact\/data-protection-records\/#breadcrumb"},"inLanguage":"fi","potentialAction":[{"@type":"ReadAction","target":["https:\/\/xn--sykett-gua.fi\/kuopio\/en\/contact\/data-protection-records\/"]}]},{"@type":"BreadcrumbList","@id":"https:\/\/xn--sykett-gua.fi\/kuopio\/en\/contact\/data-protection-records\/#breadcrumb","itemListElement":[{"@type":"ListItem","position":1,"name":"Etusivu","item":"https:\/\/xn--sykett-gua.fi\/kuopio\/"},{"@type":"ListItem","position":2,"name":"Contact","item":"https:\/\/xn--sykett-gua.fi\/kuopio\/en\/contact\/"},{"@type":"ListItem","position":3,"name":"Data Protection Records"}]},{"@type":"WebSite","@id":"https:\/\/xn--sykett-gua.fi\/kuopio\/#website","url":"https:\/\/xn--sykett-gua.fi\/kuopio\/","name":"SYKETT\u00c4 Kuopio","description":"Kuopion korkeakoululiikunta","publisher":{"@id":"https:\/\/xn--sykett-gua.fi\/kuopio\/#organization"},"potentialAction":[{"@type":"SearchAction","target":{"@type":"EntryPoint","urlTemplate":"https:\/\/xn--sykett-gua.fi\/kuopio\/?s={search_term_string}"},"query-input":{"@type":"PropertyValueSpecification","valueRequired":true,"valueName":"search_term_string"}}],"inLanguage":"fi"},{"@type":"Organization","@id":"https:\/\/xn--sykett-gua.fi\/kuopio\/#organization","name":"SYKETT\u00c4 Kuopio","url":"https:\/\/xn--sykett-gua.fi\/kuopio\/","logo":{"@type":"ImageObject","inLanguage":"fi","@id":"https:\/\/xn--sykett-gua.fi\/kuopio\/#\/schema\/logo\/image\/","url":"https:\/\/xn--sykett-gua.fi\/kuopio\/wp-content\/uploads\/sites\/2\/2024\/06\/Sykettalogo-02.png","contentUrl":"https:\/\/xn--sykett-gua.fi\/kuopio\/wp-content\/uploads\/sites\/2\/2024\/06\/Sykettalogo-02.png","width":313,"height":119,"caption":"SYKETT\u00c4 Kuopio"},"image":{"@id":"https:\/\/xn--sykett-gua.fi\/kuopio\/#\/schema\/logo\/image\/"},"sameAs":["https:\/\/www.facebook.com\/sykettakuopio","https:\/\/www.instagram.com\/syketta_kpo\/","https:\/\/www.youtube.com\/channel\/UCtz5z3e0YQYE69xVWjsU7Uw","https:\/\/www.tiktok.com\/@syketta_kuopio"]}]}},"_links":{"self":[{"href":"https:\/\/xn--sykett-gua.fi\/kuopio\/wp-json\/wp\/v2\/pages\/46436","targetHints":{"allow":["GET"]}}],"collection":[{"href":"https:\/\/xn--sykett-gua.fi\/kuopio\/wp-json\/wp\/v2\/pages"}],"about":[{"href":"https:\/\/xn--sykett-gua.fi\/kuopio\/wp-json\/wp\/v2\/types\/page"}],"author":[{"embeddable":true,"href":"https:\/\/xn--sykett-gua.fi\/kuopio\/wp-json\/wp\/v2\/users\/3"}],"replies":[{"embeddable":true,"href":"https:\/\/xn--sykett-gua.fi\/kuopio\/wp-json\/wp\/v2\/comments?post=46436"}],"version-history":[{"count":13,"href":"https:\/\/xn--sykett-gua.fi\/kuopio\/wp-json\/wp\/v2\/pages\/46436\/revisions"}],"predecessor-version":[{"id":50880,"href":"https:\/\/xn--sykett-gua.fi\/kuopio\/wp-json\/wp\/v2\/pages\/46436\/revisions\/50880"}],"up":[{"embeddable":true,"href":"https:\/\/xn--sykett-gua.fi\/kuopio\/wp-json\/wp\/v2\/pages\/596"}],"wp:attachment":[{"href":"https:\/\/xn--sykett-gua.fi\/kuopio\/wp-json\/wp\/v2\/media?parent=46436"}],"curies":[{"name":"wp","href":"https:\/\/api.w.org\/{rel}","templated":true}]}}