{"id":46832,"date":"2025-02-24T16:14:55","date_gmt":"2025-02-24T14:14:55","guid":{"rendered":"https:\/\/xn--sykett-gua.fi\/kuopio\/?page_id=46832"},"modified":"2026-02-12T09:11:00","modified_gmt":"2026-02-12T07:11:00","slug":"appro","status":"publish","type":"page","link":"https:\/\/xn--sykett-gua.fi\/kuopio\/muut-palvelut\/appro\/","title":{"rendered":"Appro"},"content":{"rendered":"\t\t<div data-elementor-type=\"wp-page\" data-elementor-id=\"46832\" class=\"elementor elementor-46832\" data-elementor-post-type=\"page\">\n\t\t\t\t<div data-particle_enable=\"false\" data-particle-mobile-disabled=\"false\" class=\"elementor-element elementor-element-10bd107 e-flex e-con-boxed e-con e-parent\" data-id=\"10bd107\" data-element_type=\"container\" data-e-type=\"container\">\n\t\t\t\t\t<div class=\"e-con-inner\">\n\t\t<div data-particle_enable=\"false\" data-particle-mobile-disabled=\"false\" class=\"elementor-element elementor-element-7bd72b7 e-con-full e-flex e-con e-child\" data-id=\"7bd72b7\" data-element_type=\"container\" data-e-type=\"container\">\n\t\t\t\t<div class=\"elementor-element elementor-element-8b1c458 elementor-widget elementor-widget-heading\" data-id=\"8b1c458\" data-element_type=\"widget\" data-e-type=\"widget\" data-widget_type=\"heading.default\">\n\t\t\t\t<div class=\"elementor-widget-container\">\n\t\t\t\t\t<h2 class=\"elementor-heading-title elementor-size-default\">Ilmainen liikuntaviikko \u00a023.2.\u20131.3. ja SYKETT\u00c4 Appro<\/h2>\t\t\t\t<\/div>\n\t\t\t\t<\/div>\n\t\t\t\t<div class=\"elementor-element elementor-element-e50f452 elementor-widget elementor-widget-posts\" data-id=\"e50f452\" data-element_type=\"widget\" data-e-type=\"widget\" data-settings=\"{&quot;full_content_row_gap&quot;:{&quot;unit&quot;:&quot;px&quot;,&quot;size&quot;:35,&quot;sizes&quot;:[]}}\" data-widget_type=\"posts.full_content\">\n\t\t\t\t<div class=\"elementor-widget-container\">\n\t\t\t\t\t\t\t<div class=\"elementor-posts-container elementor-posts elementor-posts--skin-full_content elementor-grid\" role=\"list\">\n\t\t\t\t<article class=\"elementor-post elementor-grid-item post-51867 post type-post status-publish format-standard has-post-thumbnail hentry category-appro\" role=\"listitem\">\n\t\t\t\t<div class=\"elementor-post__text\">\n\t\t<div class=\"elementor-post__content\"><style>.elementor-51867 .elementor-element.elementor-element-17fa276f{--display:flex;}<\/style>\t\t<div data-elementor-type=\"wp-post\" data-elementor-id=\"51867\" class=\"elementor elementor-51867\" data-elementor-post-type=\"post\">\n\t\t\t\t<div data-particle_enable=\"false\" data-particle-mobile-disabled=\"false\" class=\"elementor-element elementor-element-17fa276f e-flex e-con-boxed e-con e-parent\" data-id=\"17fa276f\" data-element_type=\"container\" data-e-type=\"container\">\n\t\t\t\t\t<div class=\"e-con-inner\">\n\t\t\t\t<div class=\"elementor-element elementor-element-35f5901b elementor-widget elementor-widget-text-editor\" data-id=\"35f5901b\" data-element_type=\"widget\" data-e-type=\"widget\" data-widget_type=\"text-editor.default\">\n\t\t\t\t<div class=\"elementor-widget-container\">\n\t\t\t\t\t\t\t\t\t\n<p><strong>Kokeile, l\u00f6yd\u00e4, innostu! Ilmainen liikuntaviikkomme tarjoaa sinulle mahdollisuuden tutustua laajaan valikoimaamme t\u00e4ysin maksutta. Olitpa sitten etsim\u00e4ss\u00e4 rentoa liikuntaa arkeen tai haastavampaa treeni\u00e4, meid\u00e4n\u00a0<a href=\"https:\/\/xn--sykett-gua.fi\/kuopio\/tarjonta-jasenille\/liikuntakalenteri\/\">ryhm\u00e4liikunta- ja palloilutunneiltamme<\/a>\u00a0l\u00f6yd\u00e4t varmasti itsellesi sopivaa tekemist\u00e4.\u00a0<\/strong>(Luolan kuntosali ja trainer-palvelut eiv\u00e4t ole osa ilmaista liikuntaviikkoa.)<\/p>\n\n<p><strong>Toimi n\u00e4in:<\/strong><br \/>1) Rekister\u00f6idy SYKETT\u00c4-palvelun k\u00e4ytt\u00e4j\u00e4ksi\u00a0<a href=\"https:\/\/xn--sykett-gua.fi\/kuopio\/fi\/\">t\u00e4\u00e4ll\u00e4<\/a>\u00a0(jos et ole sit\u00e4 viel\u00e4 tehnyt!). Se on ilmaista ja helppoa.<br \/>2) Tutki valikoimaa syksyn\u00a0<a href=\"https:\/\/xn--sykett-gua.fi\/kuopio\/fi\/tarjonta\/liikuntakalenteri\/\">ryhm\u00e4liikunta- ja palloilutarjonnasta.<\/a><br \/>3) Kirjaudu sivustolle verkkosivun yl\u00e4palkin kautta ja ilmoittaudu haluamillesi tunneille kalenterin kautta\u00a0<a href=\"https:\/\/xn--sykett-gua.fi\/kuopio\/fi\/\">t\u00e4\u00e4lt\u00e4.<\/a>\u00a0Ilmaisella liikuntaviikolla ilmoittautuminen ei maksa mit\u00e4\u00e4n!<\/p>\n\n<p><strong>SYKETT\u00c4 Appro 2026 on It\u00e4-Suomen yliopiston ylioppilaskunnan (ISYY),\u00a0ja\u00a0Savonia-amk:n opiskelijakunta SAVOTTAn j\u00e4rjest\u00e4m\u00e4 liikunnallinen tapahtuma kuopiolaisille korkeakouluopiskelijoille.<\/strong><\/p>\n\n<p>Approssa ideana on ker\u00e4t\u00e4 merkint\u00f6j\u00e4 liikuntasuorituksista appropassiin. Palauttamalla appropassin saat suoritusm\u00e4\u00e4r\u00e4\u00e4si vastaavan haalarimerkin. Jokainen passin palauttanut osallistuu palkintojen arvontaan!<\/p>\n\n<p>Approon osallistuvilla on k\u00e4ytett\u00e4viss\u00e4 kaikki Kuopion SYKETT\u00c4-liikuntapalveluiden ohjatut tunnit, ellei toisin mainita, sek\u00e4 sellaiset palloiluvuorot, joissa on paikalla ohjaaja tai vastuuhenkil\u00f6. Lis\u00e4ksi, voit itse kirjata kuntosalik\u00e4yntisi passiin. SYKETT\u00c4 Approssa on mukana extratunteja, jotka julkaistaan t\u00e4ll\u00e4 sivulla ennen appron alkamista. Kaikille tunneille ilmoittaudutaan varauskalenterin kautta.<\/p>\n\n<h2 class=\"wp-block-heading\">Appron extratunnit<\/h2>\n\n<p>Tapahtumien ilmoittautumis- ja perumisk\u00e4yt\u00e4nn\u00e4t voivat vaihdella, joten luethan tuntikuvauksen tarkkaan. Appron extratunnit ovat ilmaisia rekister\u00f6ityneille SYKETT\u00c4 Kuopion liikkujille!<\/p>\n\n<p>Ilmoittautumiset varauskalenterin kautta.<\/p>\n\n<p><strong>Joogastudio<\/strong><\/p>\n\n<p>to 26.2 klo 15.15-16.00 Les Mills Shapes tunti, max 17 hl\u00f6\u00e4.<\/p>\n\n<p>Les Mills Shapes\u2122<br \/>LES MILLS SHAPES\u2122 on treeni, jota et tiennyt tarvitsevasi. Virkist\u00e4v\u00e4 sekoitus Pilatesta ja Power Joogaa nykyaikaisen musiikin rytmiin. Pienill\u00e4, kontrolloiduilla liikkeill\u00e4 muotoilet ja vahvistat kehosi t\u00e4rkeimpi\u00e4 lihasryhmi\u00e4, kehit\u00e4t liikkuvuutta, sek\u00e4 saat liikkeet tuntumaan juuri siell\u00e4 miss\u00e4 pit\u00e4\u00e4. Matalasykkeinen, mutta tehokas 45min treeni koko keholle. Tunnilla k\u00e4ytet\u00e4\u00e4n irtopainoja, minikuminauhoja ja slaidereita, muttakaikki liikkeet voi my\u00f6s tehd\u00e4 ilman v\u00e4lineit\u00e4. Treeni sopii jokaiselle kuntotasolle.<\/p>\n<p><strong>Kunnonsali<\/strong><br \/><br \/>ti 24.2. klo 19.30 -20.30, sis\u00e4py\u00f6r\u00e4ily, max 30 hl\u00f6\u00e4<\/p>\n\n<p><strong>Pole Center<\/strong><\/p>\n\n<p>ke 25.2. Klo 14-15, ilmajooga, max 15<br \/>la\u00a0\u00a028.2. Klo 13.15-14.15, liina-akro, max 15<\/p>\n\n<p><strong>Studio Tempo<\/strong><\/p>\n\n<p>ma 23.2. klo 16.20 Les Mills DANCE 45 min, 12 paikkaa<br \/>ma 23.2. klo 18.05 Les Mills BODYBALANCE Flex 45 min<br \/>ma 23.2. klo 19.00 \u00c4\u00e4nimaljarentoutus 45 min 15 paikkaa<br \/>ti\u00a0 \u00a0 24.2. klo 10.00 Tempo Pilates 45 min 12 paikkaa<br \/>to \u00a0 26.2. klo 17.50 LattariMix 45 min 12 paikkaa<br \/>pe \u00a0 27.2. klo 10.00 Kiinteytys 30 min 15 paikkaa<\/p>\n\n<p>\u00a0<\/p>\n\n<h2 class=\"wp-block-heading\">Osallistumisohjeet<\/h2>\n\n<p>1.\u00a0Rekister\u00f6idy k\u00e4ytt\u00e4j\u00e4ksi\u00a0<a href=\"https:\/\/xn--sykett-gua.fi\/kuopio\/fi\/\">SYKETT\u00c4-verkkosivuilla<\/a>\u00a0ja nouda\u00a0ilmainen\u00a0appropassi Kuopion\u00a0<a href=\"https:\/\/www.isyy.fi\/mika-isyy\/yhteystiedot.html\" target=\"_blank\" rel=\"noreferrer noopener\">ISYY:n<\/a>\u00a0toimistolta tai Savonia-amk:lta Microkadun kampukselta\u00a0<a href=\"https:\/\/opiskelijakuntasavotta.fi\/palvelut\/cafesavotta\/\" target=\"_blank\" rel=\"noreferrer noopener\">Caf\u00e9 SAVOTTAsta<\/a>\u00a0tai\u00a0<a href=\"https:\/\/www.opiskelijakuntasavotta.fi\/palvelut\/kahvilat\/bar-cafesavotta\/\" target=\"_blank\" rel=\"noreferrer noopener\">Bar&amp;Cafe SAVOTTAsta.<\/a>\u00a0Passin voi noutaa 18.2. &#8211; 23.2.\u00a0v\u00e4lisen\u00e4 aikana aukioloaikojen puitteissa.\u00a0Passeja on rajoitettu m\u00e4\u00e4r\u00e4.<\/p>\n\n<p>2.\u00a0Ilmoittaudu tunnille etuk\u00e4teen\u00a0<a href=\"https:\/\/xn--sykett-gua.fi\/kuopio\/fi\/\" target=\"_blank\" rel=\"noreferrer noopener\">SYKETT\u00c4-varauskalenterin<\/a>\u00a0kautta.<\/p>\n\n<p>3.\u00a0Ole ajoissa tunnilla!<\/p>\n\n<p>4.\u00a0Muista ottaa appropassi mukaan ja n\u00e4ytt\u00e4\u00e4 se tunnin j\u00e4lkeen ohjaajalle. Ohjaaja antaa osallistujalle suoritusmerkinn\u00e4n passiin.<\/p>\n\n<p>5.\u00a0Jokainen liikuntasuoritus oikeuttaa yhteen merkint\u00e4\u00e4n. Samasta lajista voi saada korkeintaan kaksi merkint\u00e4\u00e4.<\/p>\n\n<p>6.\u00a0P\u00e4iv\u00e4n aikana saa osallistua niin moneen lajiin kuin haluaa. Suoritusmerkint\u00f6j\u00e4 voi ker\u00e4t\u00e4 23.2. -1.3. v\u00e4lisen ajan.<\/p>\n\n<p>7.\u00a0Palauta appropassi\u00a0ISYY:n kampustoimistolle, Yliopistonranta 3, Studentia-rakennus tai Savonia Amk:lle Cafe SAVOTTAan tai Bar&amp;Cafe SAVOTTAan. Palauta passi SYKETT\u00c4 Appro j\u00e4lkeen 9-12.3. 2026 palautuspisteen aukioloaikojen puitteissa.\u00a0Muistathan j\u00e4tt\u00e4\u00e4 yhteystietosi passiin, mik\u00e4li haluat osallistua arvontaan.<\/p>\n\n<p>8.\u00a0Passin palauttaneet osallistuvat palkintojen arvontaan ja saavat suoritusm\u00e4\u00e4r\u00e4\u00e4n vastaavan haalarimerkin seuraavasti:<\/p>\n\n<ul class=\"wp-block-list\">\n<li>1 merkint\u00e4 = p\u00e4\u00e4set osallistumaan arvontaan<\/li>\n\n<li>2 merkint\u00e4\u00e4 = Puuskuttava Pronssi + arvonta<\/li>\n\n<li>3 merkint\u00e4\u00e4 = Huhkiva Hopea + arvonta<\/li>\n\n<li>5 merkint\u00e4\u00e4 = Kunnokas Kulta + arvonta\u00a0<\/li>\n\n<li>7+ merkint\u00e4\u00e4 = Timmi Timantti + arvonta<\/li>\n<\/ul>\n\n<p>9.\u00a0Arvonta suoritetaan 18.3.2026 ja voittajille ilmoitetaan henkil\u00f6kohtaisesti.<\/p>\n\n<h2 class=\"wp-block-heading\">Palkinnot<\/h2>\n<h3>2 x\u00a0 50 \u20ac lahjakortti <a href=\"https:\/\/greasyspoon.fi\/?gad_source=1&amp;gad_campaignid=21896395655&amp;gbraid=0AAAAA-b8gpFLlup6U0wXn9zk2NiHX2XQB&amp;gclid=Cj0KCQiA7-rMBhCFARIsAKnLKtDR9wTnvBk_27g-UrqJSDN--4ceCqOzvpa3mm7shSE-hAWV5x0Z7XoaAjySEALw_wcB\">Greasy Spoon<\/a><\/h3>\n<p>Makua tihkuvat grilliherkut, mm. kaupungin parhaaksi valittu Burger, ja virvoittavan viile\u00e4t juomat yhdistyv\u00e4t Bar Freetimen aktiviteetteihin!<br \/>Join the cult \u2013 and chill while we grill!<\/p>\n<h3>2 x\u00a0 50\u20ac lahjakortti <a href=\"https:\/\/www.ravintolapanza.fi\/\">ravintola Panza<\/a><\/h3>\n<p>Kuopion K\u00e4sity\u00f6kadulla olevaan meksikolaiseen ruokaravintolaan arvotaan 2 x 50\u20ac lahjakortti.<br \/>Eat Tacos &#8211; live forever.<\/p>\n\n<h3 class=\"wp-block-heading\">3 x Kunnonpaketti, aikuinen \u2013 <a href=\"https:\/\/kunnonpaikka.com\/\">Kunnonpaikka<\/a><\/h3>\n\n<p>Sis\u00e4lt\u00e4en kylpyl\u00e4n k\u00e4yt\u00f6n sek\u00e4 p\u00e4iv\u00e4n lounaan tai p\u00e4iv\u00e4llisen, voimassa ma\u2013su (ei juhlapyhin\u00e4). Huomioithan, ett\u00e4 palvelun tuotteet on k\u00e4ytett\u00e4v\u00e4 saman p\u00e4iv\u00e4n aikana.<\/p>\n\n<h3 class=\"wp-block-heading\">4 x 24\u20ac Lahjakortti \u2013 <a href=\"https:\/\/www.luotokuopio.fi\/\">Luoto<\/a><\/h3>\n\n<p>K\u00e4ytett\u00e4viss\u00e4 esimerkiksi perjantain aamusaunaan:<\/p>\n\n<p>Aamusaunan hinta 24\u20ac sis\u00e4lt\u00e4\u00e4 p\u00e4\u00e4syn Haiku -s\u00e4hk\u00f6saunaan, vilvoittelutila Loimuun, Kallaveteen sek\u00e4 aamupalalle. Aamusauna on varattava ja maksettava ennakkoon. Varauskalenteri sulkeutuu aina 2 vuorokautta ennen aamusaunaa.<\/p>\n\n<p>Aamupalaan kuuluu muun muassa puuroa, marjoja, hedelmi\u00e4, leip\u00e4\u00e4 ja leiv\u00e4n p\u00e4\u00e4llisi\u00e4. Aamupalan tarjoilut voivat vaihtelevat kauden sek\u00e4 saatavuuden mukaan. Ilmoitathan mahdolliset ruoka-aineallergiat varauksen yhteydess\u00e4.<\/p>\n\n<p>\u00a0<\/p>\n\t\t\t\t\t\t\t\t<\/div>\n\t\t\t\t<\/div>\n\t\t\t\t\t<\/div>\n\t\t\t\t<\/div>\n\t\t\t\t<\/div>\n\t\t<\/div>\t\t<\/div>\n\t\t\t\t<\/article>\n\t\t\t\t<\/div>\n\t\t\n\t\t\t\t\t\t<\/div>\n\t\t\t\t<\/div>\n\t\t\t\t<\/div>\n\t\t<div data-particle_enable=\"false\" data-particle-mobile-disabled=\"false\" class=\"elementor-element elementor-element-a98afcf e-con-full e-flex e-con e-child\" data-id=\"a98afcf\" data-element_type=\"container\" data-e-type=\"container\">\n\t\t\t\t<div class=\"elementor-element elementor-element-8487f30 elementor-widget elementor-widget-image\" data-id=\"8487f30\" data-element_type=\"widget\" data-e-type=\"widget\" data-widget_type=\"image.default\">\n\t\t\t\t<div class=\"elementor-widget-container\">\n\t\t\t\t\t\t\t\t\t\t\t\t\t\t\t<img fetchpriority=\"high\" decoding=\"async\" width=\"760\" height=\"950\" src=\"https:\/\/xn--sykett-gua.fi\/kuopio\/wp-content\/uploads\/sites\/2\/2025\/02\/SYKETTA-APPROTkokeilu-kuopio-nelio@0.5x-100.jpg\" class=\"attachment-large size-large wp-image-46834\" alt=\"\" srcset=\"https:\/\/xn--sykett-gua.fi\/kuopio\/wp-content\/uploads\/sites\/2\/2025\/02\/SYKETTA-APPROTkokeilu-kuopio-nelio@0.5x-100.jpg 760w, https:\/\/xn--sykett-gua.fi\/kuopio\/wp-content\/uploads\/sites\/2\/2025\/02\/SYKETTA-APPROTkokeilu-kuopio-nelio@0.5x-100-240x300.jpg 240w\" sizes=\"(max-width: 760px) 100vw, 760px\" \/>\t\t\t\t\t\t\t\t\t\t\t\t\t\t\t<\/div>\n\t\t\t\t<\/div>\n\t\t\t\t<\/div>\n\t\t\t\t\t<\/div>\n\t\t\t\t<\/div>\n\t\t\t\t<\/div>\n\t\t","protected":false},"excerpt":{"rendered":"<p>Ilmainen liikuntaviikko \u00a023.2.\u20131.3. ja SYKETT\u00c4 Appro<\/p>\n","protected":false},"author":3,"featured_media":0,"parent":249,"menu_order":0,"comment_status":"closed","ping_status":"closed","template":"","meta":{"iawp_total_views":1280,"footnotes":""},"class_list":["post-46832","page","type-page","status-publish","hentry"],"yoast_head":"<!-- This site is optimized with the Yoast SEO plugin v27.5 - https:\/\/yoast.com\/product\/yoast-seo-wordpress\/ -->\n<title>Appro - SYKETT\u00c4 Kuopio<\/title>\n<meta name=\"description\" content=\"SYKETT\u00c4 Kuopion Appro on ilmainen liikuntaviikko, joka tarjoaa korkeakouluopiskelijoille mahdollisuuden tutustua liikuntavalikoimaan.\" \/>\n<meta name=\"robots\" content=\"index, follow, max-snippet:-1, max-image-preview:large, max-video-preview:-1\" \/>\n<link rel=\"canonical\" href=\"https:\/\/xn--sykett-gua.fi\/kuopio\/muut-palvelut\/appro\/\" \/>\n<meta property=\"og:locale\" content=\"fi_FI\" \/>\n<meta property=\"og:type\" content=\"article\" \/>\n<meta property=\"og:title\" content=\"Appro - SYKETT\u00c4 Kuopio\" \/>\n<meta property=\"og:description\" content=\"SYKETT\u00c4 Kuopion Appro on ilmainen liikuntaviikko, joka tarjoaa korkeakouluopiskelijoille mahdollisuuden tutustua liikuntavalikoimaan.\" \/>\n<meta property=\"og:url\" content=\"https:\/\/xn--sykett-gua.fi\/kuopio\/muut-palvelut\/appro\/\" \/>\n<meta property=\"og:site_name\" content=\"SYKETT\u00c4 Kuopio\" \/>\n<meta property=\"article:publisher\" content=\"https:\/\/www.facebook.com\/sykettakuopio\" \/>\n<meta property=\"article:modified_time\" content=\"2026-02-12T07:11:00+00:00\" \/>\n<meta property=\"og:image\" content=\"https:\/\/xn--sykett-gua.fi\/kuopio\/wp-content\/uploads\/sites\/2\/2025\/02\/SYKETTA-APPROTkokeilu-kuopio-nelio@0.5x-100.jpg\" \/>\n\t<meta property=\"og:image:width\" content=\"760\" \/>\n\t<meta property=\"og:image:height\" content=\"950\" \/>\n\t<meta property=\"og:image:type\" content=\"image\/jpeg\" \/>\n<meta name=\"twitter:card\" content=\"summary_large_image\" \/>\n<meta name=\"twitter:label1\" content=\"Arvioitu lukuaika\" \/>\n\t<meta name=\"twitter:data1\" content=\"7 minuuttia\" \/>\n<script type=\"application\/ld+json\" class=\"yoast-schema-graph\">{\"@context\":\"https:\\\/\\\/schema.org\",\"@graph\":[{\"@type\":\"WebPage\",\"@id\":\"https:\\\/\\\/xn--sykett-gua.fi\\\/kuopio\\\/muut-palvelut\\\/appro\\\/\",\"url\":\"https:\\\/\\\/xn--sykett-gua.fi\\\/kuopio\\\/muut-palvelut\\\/appro\\\/\",\"name\":\"Appro - SYKETT\u00c4 Kuopio\",\"isPartOf\":{\"@id\":\"https:\\\/\\\/xn--sykett-gua.fi\\\/kuopio\\\/#website\"},\"primaryImageOfPage\":{\"@id\":\"https:\\\/\\\/xn--sykett-gua.fi\\\/kuopio\\\/muut-palvelut\\\/appro\\\/#primaryimage\"},\"image\":{\"@id\":\"https:\\\/\\\/xn--sykett-gua.fi\\\/kuopio\\\/muut-palvelut\\\/appro\\\/#primaryimage\"},\"thumbnailUrl\":\"https:\\\/\\\/xn--sykett-gua.fi\\\/kuopio\\\/wp-content\\\/uploads\\\/sites\\\/2\\\/2025\\\/02\\\/SYKETTA-APPROTkokeilu-kuopio-nelio@0.5x-100.jpg\",\"datePublished\":\"2025-02-24T14:14:55+00:00\",\"dateModified\":\"2026-02-12T07:11:00+00:00\",\"description\":\"SYKETT\u00c4 Kuopion Appro on ilmainen liikuntaviikko, joka tarjoaa korkeakouluopiskelijoille mahdollisuuden tutustua liikuntavalikoimaan.\",\"breadcrumb\":{\"@id\":\"https:\\\/\\\/xn--sykett-gua.fi\\\/kuopio\\\/muut-palvelut\\\/appro\\\/#breadcrumb\"},\"inLanguage\":\"fi\",\"potentialAction\":[{\"@type\":\"ReadAction\",\"target\":[\"https:\\\/\\\/xn--sykett-gua.fi\\\/kuopio\\\/muut-palvelut\\\/appro\\\/\"]}]},{\"@type\":\"ImageObject\",\"inLanguage\":\"fi\",\"@id\":\"https:\\\/\\\/xn--sykett-gua.fi\\\/kuopio\\\/muut-palvelut\\\/appro\\\/#primaryimage\",\"url\":\"https:\\\/\\\/xn--sykett-gua.fi\\\/kuopio\\\/wp-content\\\/uploads\\\/sites\\\/2\\\/2025\\\/02\\\/SYKETTA-APPROTkokeilu-kuopio-nelio@0.5x-100.jpg\",\"contentUrl\":\"https:\\\/\\\/xn--sykett-gua.fi\\\/kuopio\\\/wp-content\\\/uploads\\\/sites\\\/2\\\/2025\\\/02\\\/SYKETTA-APPROTkokeilu-kuopio-nelio@0.5x-100.jpg\",\"width\":760,\"height\":950},{\"@type\":\"BreadcrumbList\",\"@id\":\"https:\\\/\\\/xn--sykett-gua.fi\\\/kuopio\\\/muut-palvelut\\\/appro\\\/#breadcrumb\",\"itemListElement\":[{\"@type\":\"ListItem\",\"position\":1,\"name\":\"Etusivu\",\"item\":\"https:\\\/\\\/xn--sykett-gua.fi\\\/kuopio\\\/\"},{\"@type\":\"ListItem\",\"position\":2,\"name\":\"Muut palvelut\",\"item\":\"https:\\\/\\\/xn--sykett-gua.fi\\\/kuopio\\\/muut-palvelut\\\/\"},{\"@type\":\"ListItem\",\"position\":3,\"name\":\"Appro\"}]},{\"@type\":\"WebSite\",\"@id\":\"https:\\\/\\\/xn--sykett-gua.fi\\\/kuopio\\\/#website\",\"url\":\"https:\\\/\\\/xn--sykett-gua.fi\\\/kuopio\\\/\",\"name\":\"SYKETT\u00c4 Kuopio\",\"description\":\"Kuopion korkeakoululiikunta\",\"publisher\":{\"@id\":\"https:\\\/\\\/xn--sykett-gua.fi\\\/kuopio\\\/#organization\"},\"potentialAction\":[{\"@type\":\"SearchAction\",\"target\":{\"@type\":\"EntryPoint\",\"urlTemplate\":\"https:\\\/\\\/xn--sykett-gua.fi\\\/kuopio\\\/?s={search_term_string}\"},\"query-input\":{\"@type\":\"PropertyValueSpecification\",\"valueRequired\":true,\"valueName\":\"search_term_string\"}}],\"inLanguage\":\"fi\"},{\"@type\":\"Organization\",\"@id\":\"https:\\\/\\\/xn--sykett-gua.fi\\\/kuopio\\\/#organization\",\"name\":\"SYKETT\u00c4 Kuopio\",\"url\":\"https:\\\/\\\/xn--sykett-gua.fi\\\/kuopio\\\/\",\"logo\":{\"@type\":\"ImageObject\",\"inLanguage\":\"fi\",\"@id\":\"https:\\\/\\\/xn--sykett-gua.fi\\\/kuopio\\\/#\\\/schema\\\/logo\\\/image\\\/\",\"url\":\"https:\\\/\\\/xn--sykett-gua.fi\\\/kuopio\\\/wp-content\\\/uploads\\\/sites\\\/2\\\/2024\\\/06\\\/Sykettalogo-02.png\",\"contentUrl\":\"https:\\\/\\\/xn--sykett-gua.fi\\\/kuopio\\\/wp-content\\\/uploads\\\/sites\\\/2\\\/2024\\\/06\\\/Sykettalogo-02.png\",\"width\":313,\"height\":119,\"caption\":\"SYKETT\u00c4 Kuopio\"},\"image\":{\"@id\":\"https:\\\/\\\/xn--sykett-gua.fi\\\/kuopio\\\/#\\\/schema\\\/logo\\\/image\\\/\"},\"sameAs\":[\"https:\\\/\\\/www.facebook.com\\\/sykettakuopio\",\"https:\\\/\\\/www.instagram.com\\\/syketta_kpo\\\/\",\"https:\\\/\\\/www.youtube.com\\\/channel\\\/UCtz5z3e0YQYE69xVWjsU7Uw\",\"https:\\\/\\\/www.tiktok.com\\\/@syketta_kuopio\"]}]}<\/script>\n<!-- \/ Yoast SEO plugin. -->","yoast_head_json":{"title":"Appro - SYKETT\u00c4 Kuopio","description":"SYKETT\u00c4 Kuopion Appro on ilmainen liikuntaviikko, joka tarjoaa korkeakouluopiskelijoille mahdollisuuden tutustua liikuntavalikoimaan.","robots":{"index":"index","follow":"follow","max-snippet":"max-snippet:-1","max-image-preview":"max-image-preview:large","max-video-preview":"max-video-preview:-1"},"canonical":"https:\/\/xn--sykett-gua.fi\/kuopio\/muut-palvelut\/appro\/","og_locale":"fi_FI","og_type":"article","og_title":"Appro - SYKETT\u00c4 Kuopio","og_description":"SYKETT\u00c4 Kuopion Appro on ilmainen liikuntaviikko, joka tarjoaa korkeakouluopiskelijoille mahdollisuuden tutustua liikuntavalikoimaan.","og_url":"https:\/\/xn--sykett-gua.fi\/kuopio\/muut-palvelut\/appro\/","og_site_name":"SYKETT\u00c4 Kuopio","article_publisher":"https:\/\/www.facebook.com\/sykettakuopio","article_modified_time":"2026-02-12T07:11:00+00:00","og_image":[{"width":760,"height":950,"url":"https:\/\/xn--sykett-gua.fi\/kuopio\/wp-content\/uploads\/sites\/2\/2025\/02\/SYKETTA-APPROTkokeilu-kuopio-nelio@0.5x-100.jpg","type":"image\/jpeg"}],"twitter_card":"summary_large_image","twitter_misc":{"Arvioitu lukuaika":"7 minuuttia"},"schema":{"@context":"https:\/\/schema.org","@graph":[{"@type":"WebPage","@id":"https:\/\/xn--sykett-gua.fi\/kuopio\/muut-palvelut\/appro\/","url":"https:\/\/xn--sykett-gua.fi\/kuopio\/muut-palvelut\/appro\/","name":"Appro - SYKETT\u00c4 Kuopio","isPartOf":{"@id":"https:\/\/xn--sykett-gua.fi\/kuopio\/#website"},"primaryImageOfPage":{"@id":"https:\/\/xn--sykett-gua.fi\/kuopio\/muut-palvelut\/appro\/#primaryimage"},"image":{"@id":"https:\/\/xn--sykett-gua.fi\/kuopio\/muut-palvelut\/appro\/#primaryimage"},"thumbnailUrl":"https:\/\/xn--sykett-gua.fi\/kuopio\/wp-content\/uploads\/sites\/2\/2025\/02\/SYKETTA-APPROTkokeilu-kuopio-nelio@0.5x-100.jpg","datePublished":"2025-02-24T14:14:55+00:00","dateModified":"2026-02-12T07:11:00+00:00","description":"SYKETT\u00c4 Kuopion Appro on ilmainen liikuntaviikko, joka tarjoaa korkeakouluopiskelijoille mahdollisuuden tutustua liikuntavalikoimaan.","breadcrumb":{"@id":"https:\/\/xn--sykett-gua.fi\/kuopio\/muut-palvelut\/appro\/#breadcrumb"},"inLanguage":"fi","potentialAction":[{"@type":"ReadAction","target":["https:\/\/xn--sykett-gua.fi\/kuopio\/muut-palvelut\/appro\/"]}]},{"@type":"ImageObject","inLanguage":"fi","@id":"https:\/\/xn--sykett-gua.fi\/kuopio\/muut-palvelut\/appro\/#primaryimage","url":"https:\/\/xn--sykett-gua.fi\/kuopio\/wp-content\/uploads\/sites\/2\/2025\/02\/SYKETTA-APPROTkokeilu-kuopio-nelio@0.5x-100.jpg","contentUrl":"https:\/\/xn--sykett-gua.fi\/kuopio\/wp-content\/uploads\/sites\/2\/2025\/02\/SYKETTA-APPROTkokeilu-kuopio-nelio@0.5x-100.jpg","width":760,"height":950},{"@type":"BreadcrumbList","@id":"https:\/\/xn--sykett-gua.fi\/kuopio\/muut-palvelut\/appro\/#breadcrumb","itemListElement":[{"@type":"ListItem","position":1,"name":"Etusivu","item":"https:\/\/xn--sykett-gua.fi\/kuopio\/"},{"@type":"ListItem","position":2,"name":"Muut palvelut","item":"https:\/\/xn--sykett-gua.fi\/kuopio\/muut-palvelut\/"},{"@type":"ListItem","position":3,"name":"Appro"}]},{"@type":"WebSite","@id":"https:\/\/xn--sykett-gua.fi\/kuopio\/#website","url":"https:\/\/xn--sykett-gua.fi\/kuopio\/","name":"SYKETT\u00c4 Kuopio","description":"Kuopion korkeakoululiikunta","publisher":{"@id":"https:\/\/xn--sykett-gua.fi\/kuopio\/#organization"},"potentialAction":[{"@type":"SearchAction","target":{"@type":"EntryPoint","urlTemplate":"https:\/\/xn--sykett-gua.fi\/kuopio\/?s={search_term_string}"},"query-input":{"@type":"PropertyValueSpecification","valueRequired":true,"valueName":"search_term_string"}}],"inLanguage":"fi"},{"@type":"Organization","@id":"https:\/\/xn--sykett-gua.fi\/kuopio\/#organization","name":"SYKETT\u00c4 Kuopio","url":"https:\/\/xn--sykett-gua.fi\/kuopio\/","logo":{"@type":"ImageObject","inLanguage":"fi","@id":"https:\/\/xn--sykett-gua.fi\/kuopio\/#\/schema\/logo\/image\/","url":"https:\/\/xn--sykett-gua.fi\/kuopio\/wp-content\/uploads\/sites\/2\/2024\/06\/Sykettalogo-02.png","contentUrl":"https:\/\/xn--sykett-gua.fi\/kuopio\/wp-content\/uploads\/sites\/2\/2024\/06\/Sykettalogo-02.png","width":313,"height":119,"caption":"SYKETT\u00c4 Kuopio"},"image":{"@id":"https:\/\/xn--sykett-gua.fi\/kuopio\/#\/schema\/logo\/image\/"},"sameAs":["https:\/\/www.facebook.com\/sykettakuopio","https:\/\/www.instagram.com\/syketta_kpo\/","https:\/\/www.youtube.com\/channel\/UCtz5z3e0YQYE69xVWjsU7Uw","https:\/\/www.tiktok.com\/@syketta_kuopio"]}]}},"_links":{"self":[{"href":"https:\/\/xn--sykett-gua.fi\/kuopio\/wp-json\/wp\/v2\/pages\/46832","targetHints":{"allow":["GET"]}}],"collection":[{"href":"https:\/\/xn--sykett-gua.fi\/kuopio\/wp-json\/wp\/v2\/pages"}],"about":[{"href":"https:\/\/xn--sykett-gua.fi\/kuopio\/wp-json\/wp\/v2\/types\/page"}],"author":[{"embeddable":true,"href":"https:\/\/xn--sykett-gua.fi\/kuopio\/wp-json\/wp\/v2\/users\/3"}],"replies":[{"embeddable":true,"href":"https:\/\/xn--sykett-gua.fi\/kuopio\/wp-json\/wp\/v2\/comments?post=46832"}],"version-history":[{"count":30,"href":"https:\/\/xn--sykett-gua.fi\/kuopio\/wp-json\/wp\/v2\/pages\/46832\/revisions"}],"predecessor-version":[{"id":51866,"href":"https:\/\/xn--sykett-gua.fi\/kuopio\/wp-json\/wp\/v2\/pages\/46832\/revisions\/51866"}],"up":[{"embeddable":true,"href":"https:\/\/xn--sykett-gua.fi\/kuopio\/wp-json\/wp\/v2\/pages\/249"}],"wp:attachment":[{"href":"https:\/\/xn--sykett-gua.fi\/kuopio\/wp-json\/wp\/v2\/media?parent=46832"}],"curies":[{"name":"wp","href":"https:\/\/api.w.org\/{rel}","templated":true}]}}