{"id":835,"date":"2024-06-26T09:29:25","date_gmt":"2024-06-26T06:29:25","guid":{"rendered":"https:\/\/xn--sykett-gua.fi\/kuopio\/?page_id=835"},"modified":"2025-12-12T12:33:15","modified_gmt":"2025-12-12T10:33:15","slug":"liikuntakalenteri","status":"publish","type":"page","link":"https:\/\/xn--sykett-gua.fi\/kuopio\/tarjonta-jasenille\/liikuntakalenteri\/","title":{"rendered":"Liikuntakalenteri"},"content":{"rendered":"\t\t<div data-elementor-type=\"wp-page\" data-elementor-id=\"835\" class=\"elementor elementor-835\" data-elementor-post-type=\"page\">\n\t\t\t\t<div data-particle_enable=\"false\" data-particle-mobile-disabled=\"false\" class=\"elementor-element elementor-element-53ff1ce e-flex e-con-boxed e-con e-parent\" data-id=\"53ff1ce\" data-element_type=\"container\" data-e-type=\"container\">\n\t\t\t\t\t<div class=\"e-con-inner\">\n\t\t<div data-particle_enable=\"false\" data-particle-mobile-disabled=\"false\" class=\"elementor-element elementor-element-3578b80 e-flex e-con-boxed e-con e-child\" data-id=\"3578b80\" data-element_type=\"container\" data-e-type=\"container\">\n\t\t\t\t\t<div class=\"e-con-inner\">\n\t\t\t\t<div class=\"elementor-element elementor-element-582d0e5 elementor-widget elementor-widget-text-editor\" data-id=\"582d0e5\" data-element_type=\"widget\" data-e-type=\"widget\" data-widget_type=\"text-editor.default\">\n\t\t\t\t<div class=\"elementor-widget-container\">\n\t\t\t\t\t\t\t\t\t<h2 class=\"wp-block-heading\">Liikuntakalenteri voimassa 7.1.-29.4.2026<\/h2><p><strong>Avoimet lajivuorot <a href=\"\/kuopio\/tilat\/studentia\/\">Studentialla<\/a>:<\/strong> alk. 2.1.<br \/><strong>Avoimet lajivuorot <a href=\"\/kuopio\/tilat\/luola\/\">Luolassa<\/a><\/strong>: alk. 9.1.<br \/><strong>Ohjatut ryhm\u00e4liikuntatunnit:<\/strong>\u00a0alk. 7.1.<\/p><p><span style=\"color: inherit; font-size: 22px; font-weight: bold;\">Poikkeukset kauden aikatauluissa:<\/span><\/p><p><strong>Hiihtoloma vk 10:<\/strong> Ei ohjattua ryhm\u00e4liikuntaa. Palloiluvuorot ja kuntosalit normaalisti.<br \/><strong>P\u00e4\u00e4si\u00e4isloma 1.4.-7.4.:<\/strong>\u00a0Ei ohjattua ryhm\u00e4liikuntaa, j\u00e4\u00e4kiekkoa. Palloiluvuorot ja kuntosalit normaalisti.<\/p><p>Ryhm\u00e4liikuntatunnit p\u00e4\u00e4ttyv\u00e4t 29.4.2026<\/p><p>Kaikista muutoksista ilmoitetaan\u00a0<a href=\"https:\/\/xn--sykett-gua.fi\/\">varauskalenterissa<\/a>!<\/p><p class=\"wp-block-heading\">Klikkaa kalenteria saadaksesi sen suuremmaksi!<\/p><p><em><strong>P\u00e4ivitetty 12\/25. Muutokset mahdollisia!<\/strong><\/em><\/p>\t\t\t\t\t\t\t\t<\/div>\n\t\t\t\t<\/div>\n\t\t\t\t\t<\/div>\n\t\t\t\t<\/div>\n\t\t\t\t\t<\/div>\n\t\t\t\t<\/div>\n\t\t<div data-particle_enable=\"false\" data-particle-mobile-disabled=\"false\" class=\"elementor-element elementor-element-5a7a086 e-flex e-con-boxed e-con e-parent\" data-id=\"5a7a086\" data-element_type=\"container\" data-e-type=\"container\" data-settings=\"{&quot;background_background&quot;:&quot;classic&quot;}\">\n\t\t\t\t\t<div class=\"e-con-inner\">\n\t\t\t\t<div class=\"elementor-element elementor-element-6751bad elementor-widget elementor-widget-image\" data-id=\"6751bad\" data-element_type=\"widget\" data-e-type=\"widget\" data-widget_type=\"image.default\">\n\t\t\t\t<div class=\"elementor-widget-container\">\n\t\t\t\t\t\t\t\t\t\t\t\t<figure class=\"wp-caption\">\n\t\t\t\t\t\t\t\t\t\t\t<a href=\"https:\/\/xn--sykett-gua.fi\/kuopio\/wp-content\/uploads\/sites\/2\/2025\/12\/Liikuntakalenteri-kevat2026.xlsx-Kevat-2025-1.pdf\" target=\"_blank\">\n\t\t\t\t\t\t\t<img fetchpriority=\"high\" decoding=\"async\" width=\"1404\" height=\"895\" src=\"https:\/\/xn--sykett-gua.fi\/kuopio\/wp-content\/uploads\/sites\/2\/2025\/12\/Kalenteri-K2026.png\" class=\"attachment-full size-full wp-image-51202\" alt=\"\" srcset=\"https:\/\/xn--sykett-gua.fi\/kuopio\/wp-content\/uploads\/sites\/2\/2025\/12\/Kalenteri-K2026.png 1404w, https:\/\/xn--sykett-gua.fi\/kuopio\/wp-content\/uploads\/sites\/2\/2025\/12\/Kalenteri-K2026-300x191.png 300w, https:\/\/xn--sykett-gua.fi\/kuopio\/wp-content\/uploads\/sites\/2\/2025\/12\/Kalenteri-K2026-1024x653.png 1024w, https:\/\/xn--sykett-gua.fi\/kuopio\/wp-content\/uploads\/sites\/2\/2025\/12\/Kalenteri-K2026-768x490.png 768w\" sizes=\"(max-width: 1404px) 100vw, 1404px\" \/>\t\t\t\t\t\t\t\t<\/a>\n\t\t\t\t\t\t\t\t\t\t\t<figcaption class=\"widget-image-caption wp-caption-text\">Avaa .PDF klikkaamalla kuvaa<\/figcaption>\n\t\t\t\t\t\t\t\t\t\t<\/figure>\n\t\t\t\t\t\t\t\t\t<\/div>\n\t\t\t\t<\/div>\n\t\t\t\t\t<\/div>\n\t\t\t\t<\/div>\n\t\t\t\t<\/div>\n\t\t","protected":false},"excerpt":{"rendered":"<p>Lorem ipsum dolor sit amet, consectetur adipiscing elit, sed do eiusmod tempor incididunt ut labore et dolore magna aliqua. Ut enim ad minim veniam, quis nostrud exercitation ullamco laboris nisi ut aliquip ex ea.<\/p>\n","protected":false},"author":3,"featured_media":459,"parent":483,"menu_order":1,"comment_status":"closed","ping_status":"closed","template":"","meta":{"iawp_total_views":6686,"footnotes":""},"class_list":["post-835","page","type-page","status-publish","has-post-thumbnail","hentry"],"yoast_head":"<!-- This site is optimized with the Yoast SEO plugin v27.5 - https:\/\/yoast.com\/product\/yoast-seo-wordpress\/ -->\n<title>Liikuntakalenteri - SYKETT\u00c4 Kuopio<\/title>\n<meta name=\"description\" content=\"Liikuntakalenterista l\u00f6yd\u00e4t kuluvan kauden aikataulut sek\u00e4 mahdolliset poikkeukset aikatauluhin.\" \/>\n<meta name=\"robots\" content=\"index, follow, max-snippet:-1, max-image-preview:large, max-video-preview:-1\" \/>\n<link rel=\"canonical\" href=\"https:\/\/xn--sykett-gua.fi\/kuopio\/tarjonta-jasenille\/liikuntakalenteri\/\" \/>\n<meta property=\"og:locale\" content=\"fi_FI\" \/>\n<meta property=\"og:type\" content=\"article\" \/>\n<meta property=\"og:title\" content=\"Liikuntakalenteri - SYKETT\u00c4 Kuopio\" \/>\n<meta property=\"og:description\" content=\"Liikuntakalenterista l\u00f6yd\u00e4t kuluvan kauden aikataulut sek\u00e4 mahdolliset poikkeukset aikatauluhin.\" \/>\n<meta property=\"og:url\" content=\"https:\/\/xn--sykett-gua.fi\/kuopio\/tarjonta-jasenille\/liikuntakalenteri\/\" \/>\n<meta property=\"og:site_name\" content=\"SYKETT\u00c4 Kuopio\" \/>\n<meta property=\"article:publisher\" content=\"https:\/\/www.facebook.com\/sykettakuopio\" \/>\n<meta property=\"article:modified_time\" content=\"2025-12-12T10:33:15+00:00\" \/>\n<meta property=\"og:image\" content=\"https:\/\/xn--sykett-gua.fi\/kuopio\/wp-content\/uploads\/sites\/2\/2024\/06\/placeholder-3.png\" \/>\n\t<meta property=\"og:image:width\" content=\"1200\" \/>\n\t<meta property=\"og:image:height\" content=\"800\" \/>\n\t<meta property=\"og:image:type\" content=\"image\/png\" \/>\n<meta name=\"twitter:card\" content=\"summary_large_image\" \/>\n<meta name=\"twitter:label1\" content=\"Arvioitu lukuaika\" \/>\n\t<meta name=\"twitter:data1\" content=\"1 minuutti\" \/>\n<script type=\"application\/ld+json\" class=\"yoast-schema-graph\">{\"@context\":\"https:\\\/\\\/schema.org\",\"@graph\":[{\"@type\":\"WebPage\",\"@id\":\"https:\\\/\\\/xn--sykett-gua.fi\\\/kuopio\\\/tarjonta-jasenille\\\/liikuntakalenteri\\\/\",\"url\":\"https:\\\/\\\/xn--sykett-gua.fi\\\/kuopio\\\/tarjonta-jasenille\\\/liikuntakalenteri\\\/\",\"name\":\"Liikuntakalenteri - SYKETT\u00c4 Kuopio\",\"isPartOf\":{\"@id\":\"https:\\\/\\\/xn--sykett-gua.fi\\\/kuopio\\\/#website\"},\"primaryImageOfPage\":{\"@id\":\"https:\\\/\\\/xn--sykett-gua.fi\\\/kuopio\\\/tarjonta-jasenille\\\/liikuntakalenteri\\\/#primaryimage\"},\"image\":{\"@id\":\"https:\\\/\\\/xn--sykett-gua.fi\\\/kuopio\\\/tarjonta-jasenille\\\/liikuntakalenteri\\\/#primaryimage\"},\"thumbnailUrl\":\"https:\\\/\\\/xn--sykett-gua.fi\\\/kuopio\\\/wp-content\\\/uploads\\\/sites\\\/2\\\/2024\\\/06\\\/placeholder-3.png\",\"datePublished\":\"2024-06-26T06:29:25+00:00\",\"dateModified\":\"2025-12-12T10:33:15+00:00\",\"description\":\"Liikuntakalenterista l\u00f6yd\u00e4t kuluvan kauden aikataulut sek\u00e4 mahdolliset poikkeukset aikatauluhin.\",\"breadcrumb\":{\"@id\":\"https:\\\/\\\/xn--sykett-gua.fi\\\/kuopio\\\/tarjonta-jasenille\\\/liikuntakalenteri\\\/#breadcrumb\"},\"inLanguage\":\"fi\",\"potentialAction\":[{\"@type\":\"ReadAction\",\"target\":[\"https:\\\/\\\/xn--sykett-gua.fi\\\/kuopio\\\/tarjonta-jasenille\\\/liikuntakalenteri\\\/\"]}]},{\"@type\":\"ImageObject\",\"inLanguage\":\"fi\",\"@id\":\"https:\\\/\\\/xn--sykett-gua.fi\\\/kuopio\\\/tarjonta-jasenille\\\/liikuntakalenteri\\\/#primaryimage\",\"url\":\"https:\\\/\\\/xn--sykett-gua.fi\\\/kuopio\\\/wp-content\\\/uploads\\\/sites\\\/2\\\/2024\\\/06\\\/placeholder-3.png\",\"contentUrl\":\"https:\\\/\\\/xn--sykett-gua.fi\\\/kuopio\\\/wp-content\\\/uploads\\\/sites\\\/2\\\/2024\\\/06\\\/placeholder-3.png\",\"width\":1200,\"height\":800},{\"@type\":\"BreadcrumbList\",\"@id\":\"https:\\\/\\\/xn--sykett-gua.fi\\\/kuopio\\\/tarjonta-jasenille\\\/liikuntakalenteri\\\/#breadcrumb\",\"itemListElement\":[{\"@type\":\"ListItem\",\"position\":1,\"name\":\"Etusivu\",\"item\":\"https:\\\/\\\/xn--sykett-gua.fi\\\/kuopio\\\/\"},{\"@type\":\"ListItem\",\"position\":2,\"name\":\"Tarjonta j\u00e4senille\",\"item\":\"https:\\\/\\\/xn--sykett-gua.fi\\\/kuopio\\\/tarjonta-jasenille\\\/\"},{\"@type\":\"ListItem\",\"position\":3,\"name\":\"Liikuntakalenteri\"}]},{\"@type\":\"WebSite\",\"@id\":\"https:\\\/\\\/xn--sykett-gua.fi\\\/kuopio\\\/#website\",\"url\":\"https:\\\/\\\/xn--sykett-gua.fi\\\/kuopio\\\/\",\"name\":\"SYKETT\u00c4 Kuopio\",\"description\":\"Kuopion korkeakoululiikunta\",\"publisher\":{\"@id\":\"https:\\\/\\\/xn--sykett-gua.fi\\\/kuopio\\\/#organization\"},\"potentialAction\":[{\"@type\":\"SearchAction\",\"target\":{\"@type\":\"EntryPoint\",\"urlTemplate\":\"https:\\\/\\\/xn--sykett-gua.fi\\\/kuopio\\\/?s={search_term_string}\"},\"query-input\":{\"@type\":\"PropertyValueSpecification\",\"valueRequired\":true,\"valueName\":\"search_term_string\"}}],\"inLanguage\":\"fi\"},{\"@type\":\"Organization\",\"@id\":\"https:\\\/\\\/xn--sykett-gua.fi\\\/kuopio\\\/#organization\",\"name\":\"SYKETT\u00c4 Kuopio\",\"url\":\"https:\\\/\\\/xn--sykett-gua.fi\\\/kuopio\\\/\",\"logo\":{\"@type\":\"ImageObject\",\"inLanguage\":\"fi\",\"@id\":\"https:\\\/\\\/xn--sykett-gua.fi\\\/kuopio\\\/#\\\/schema\\\/logo\\\/image\\\/\",\"url\":\"https:\\\/\\\/xn--sykett-gua.fi\\\/kuopio\\\/wp-content\\\/uploads\\\/sites\\\/2\\\/2024\\\/06\\\/Sykettalogo-02.png\",\"contentUrl\":\"https:\\\/\\\/xn--sykett-gua.fi\\\/kuopio\\\/wp-content\\\/uploads\\\/sites\\\/2\\\/2024\\\/06\\\/Sykettalogo-02.png\",\"width\":313,\"height\":119,\"caption\":\"SYKETT\u00c4 Kuopio\"},\"image\":{\"@id\":\"https:\\\/\\\/xn--sykett-gua.fi\\\/kuopio\\\/#\\\/schema\\\/logo\\\/image\\\/\"},\"sameAs\":[\"https:\\\/\\\/www.facebook.com\\\/sykettakuopio\",\"https:\\\/\\\/www.instagram.com\\\/syketta_kpo\\\/\",\"https:\\\/\\\/www.youtube.com\\\/channel\\\/UCtz5z3e0YQYE69xVWjsU7Uw\",\"https:\\\/\\\/www.tiktok.com\\\/@syketta_kuopio\"]}]}<\/script>\n<!-- \/ Yoast SEO plugin. -->","yoast_head_json":{"title":"Liikuntakalenteri - SYKETT\u00c4 Kuopio","description":"Liikuntakalenterista l\u00f6yd\u00e4t kuluvan kauden aikataulut sek\u00e4 mahdolliset poikkeukset aikatauluhin.","robots":{"index":"index","follow":"follow","max-snippet":"max-snippet:-1","max-image-preview":"max-image-preview:large","max-video-preview":"max-video-preview:-1"},"canonical":"https:\/\/xn--sykett-gua.fi\/kuopio\/tarjonta-jasenille\/liikuntakalenteri\/","og_locale":"fi_FI","og_type":"article","og_title":"Liikuntakalenteri - SYKETT\u00c4 Kuopio","og_description":"Liikuntakalenterista l\u00f6yd\u00e4t kuluvan kauden aikataulut sek\u00e4 mahdolliset poikkeukset aikatauluhin.","og_url":"https:\/\/xn--sykett-gua.fi\/kuopio\/tarjonta-jasenille\/liikuntakalenteri\/","og_site_name":"SYKETT\u00c4 Kuopio","article_publisher":"https:\/\/www.facebook.com\/sykettakuopio","article_modified_time":"2025-12-12T10:33:15+00:00","og_image":[{"width":1200,"height":800,"url":"https:\/\/xn--sykett-gua.fi\/kuopio\/wp-content\/uploads\/sites\/2\/2024\/06\/placeholder-3.png","type":"image\/png"}],"twitter_card":"summary_large_image","twitter_misc":{"Arvioitu lukuaika":"1 minuutti"},"schema":{"@context":"https:\/\/schema.org","@graph":[{"@type":"WebPage","@id":"https:\/\/xn--sykett-gua.fi\/kuopio\/tarjonta-jasenille\/liikuntakalenteri\/","url":"https:\/\/xn--sykett-gua.fi\/kuopio\/tarjonta-jasenille\/liikuntakalenteri\/","name":"Liikuntakalenteri - SYKETT\u00c4 Kuopio","isPartOf":{"@id":"https:\/\/xn--sykett-gua.fi\/kuopio\/#website"},"primaryImageOfPage":{"@id":"https:\/\/xn--sykett-gua.fi\/kuopio\/tarjonta-jasenille\/liikuntakalenteri\/#primaryimage"},"image":{"@id":"https:\/\/xn--sykett-gua.fi\/kuopio\/tarjonta-jasenille\/liikuntakalenteri\/#primaryimage"},"thumbnailUrl":"https:\/\/xn--sykett-gua.fi\/kuopio\/wp-content\/uploads\/sites\/2\/2024\/06\/placeholder-3.png","datePublished":"2024-06-26T06:29:25+00:00","dateModified":"2025-12-12T10:33:15+00:00","description":"Liikuntakalenterista l\u00f6yd\u00e4t kuluvan kauden aikataulut sek\u00e4 mahdolliset poikkeukset aikatauluhin.","breadcrumb":{"@id":"https:\/\/xn--sykett-gua.fi\/kuopio\/tarjonta-jasenille\/liikuntakalenteri\/#breadcrumb"},"inLanguage":"fi","potentialAction":[{"@type":"ReadAction","target":["https:\/\/xn--sykett-gua.fi\/kuopio\/tarjonta-jasenille\/liikuntakalenteri\/"]}]},{"@type":"ImageObject","inLanguage":"fi","@id":"https:\/\/xn--sykett-gua.fi\/kuopio\/tarjonta-jasenille\/liikuntakalenteri\/#primaryimage","url":"https:\/\/xn--sykett-gua.fi\/kuopio\/wp-content\/uploads\/sites\/2\/2024\/06\/placeholder-3.png","contentUrl":"https:\/\/xn--sykett-gua.fi\/kuopio\/wp-content\/uploads\/sites\/2\/2024\/06\/placeholder-3.png","width":1200,"height":800},{"@type":"BreadcrumbList","@id":"https:\/\/xn--sykett-gua.fi\/kuopio\/tarjonta-jasenille\/liikuntakalenteri\/#breadcrumb","itemListElement":[{"@type":"ListItem","position":1,"name":"Etusivu","item":"https:\/\/xn--sykett-gua.fi\/kuopio\/"},{"@type":"ListItem","position":2,"name":"Tarjonta j\u00e4senille","item":"https:\/\/xn--sykett-gua.fi\/kuopio\/tarjonta-jasenille\/"},{"@type":"ListItem","position":3,"name":"Liikuntakalenteri"}]},{"@type":"WebSite","@id":"https:\/\/xn--sykett-gua.fi\/kuopio\/#website","url":"https:\/\/xn--sykett-gua.fi\/kuopio\/","name":"SYKETT\u00c4 Kuopio","description":"Kuopion korkeakoululiikunta","publisher":{"@id":"https:\/\/xn--sykett-gua.fi\/kuopio\/#organization"},"potentialAction":[{"@type":"SearchAction","target":{"@type":"EntryPoint","urlTemplate":"https:\/\/xn--sykett-gua.fi\/kuopio\/?s={search_term_string}"},"query-input":{"@type":"PropertyValueSpecification","valueRequired":true,"valueName":"search_term_string"}}],"inLanguage":"fi"},{"@type":"Organization","@id":"https:\/\/xn--sykett-gua.fi\/kuopio\/#organization","name":"SYKETT\u00c4 Kuopio","url":"https:\/\/xn--sykett-gua.fi\/kuopio\/","logo":{"@type":"ImageObject","inLanguage":"fi","@id":"https:\/\/xn--sykett-gua.fi\/kuopio\/#\/schema\/logo\/image\/","url":"https:\/\/xn--sykett-gua.fi\/kuopio\/wp-content\/uploads\/sites\/2\/2024\/06\/Sykettalogo-02.png","contentUrl":"https:\/\/xn--sykett-gua.fi\/kuopio\/wp-content\/uploads\/sites\/2\/2024\/06\/Sykettalogo-02.png","width":313,"height":119,"caption":"SYKETT\u00c4 Kuopio"},"image":{"@id":"https:\/\/xn--sykett-gua.fi\/kuopio\/#\/schema\/logo\/image\/"},"sameAs":["https:\/\/www.facebook.com\/sykettakuopio","https:\/\/www.instagram.com\/syketta_kpo\/","https:\/\/www.youtube.com\/channel\/UCtz5z3e0YQYE69xVWjsU7Uw","https:\/\/www.tiktok.com\/@syketta_kuopio"]}]}},"_links":{"self":[{"href":"https:\/\/xn--sykett-gua.fi\/kuopio\/wp-json\/wp\/v2\/pages\/835","targetHints":{"allow":["GET"]}}],"collection":[{"href":"https:\/\/xn--sykett-gua.fi\/kuopio\/wp-json\/wp\/v2\/pages"}],"about":[{"href":"https:\/\/xn--sykett-gua.fi\/kuopio\/wp-json\/wp\/v2\/types\/page"}],"author":[{"embeddable":true,"href":"https:\/\/xn--sykett-gua.fi\/kuopio\/wp-json\/wp\/v2\/users\/3"}],"replies":[{"embeddable":true,"href":"https:\/\/xn--sykett-gua.fi\/kuopio\/wp-json\/wp\/v2\/comments?post=835"}],"version-history":[{"count":84,"href":"https:\/\/xn--sykett-gua.fi\/kuopio\/wp-json\/wp\/v2\/pages\/835\/revisions"}],"predecessor-version":[{"id":51229,"href":"https:\/\/xn--sykett-gua.fi\/kuopio\/wp-json\/wp\/v2\/pages\/835\/revisions\/51229"}],"up":[{"embeddable":true,"href":"https:\/\/xn--sykett-gua.fi\/kuopio\/wp-json\/wp\/v2\/pages\/483"}],"wp:featuredmedia":[{"embeddable":true,"href":"https:\/\/xn--sykett-gua.fi\/kuopio\/wp-json\/wp\/v2\/media\/459"}],"wp:attachment":[{"href":"https:\/\/xn--sykett-gua.fi\/kuopio\/wp-json\/wp\/v2\/media?parent=835"}],"curies":[{"name":"wp","href":"https:\/\/api.w.org\/{rel}","templated":true}]}}