{"id":879,"date":"2025-05-05T09:03:37","date_gmt":"2025-05-05T06:03:37","guid":{"rendered":"https:\/\/xn--sykett-gua.fi\/kuopio\/?page_id=879"},"modified":"2025-05-20T10:36:51","modified_gmt":"2025-05-20T07:36:51","slug":"vakiovuoro-ohjeistus","status":"publish","type":"page","link":"https:\/\/xn--sykett-gua.fi\/kuopio\/tarjonta-jasenille\/vakiovuoro-ohjeistus\/","title":{"rendered":"Vakiovuoro-ohjeistus"},"content":{"rendered":"\t\t<div data-elementor-type=\"wp-page\" data-elementor-id=\"879\" class=\"elementor elementor-879\" data-elementor-post-type=\"page\">\n\t\t\t\t<div data-particle_enable=\"false\" data-particle-mobile-disabled=\"false\" class=\"elementor-element elementor-element-984ebb6 e-flex e-con-boxed e-con e-parent\" data-id=\"984ebb6\" data-element_type=\"container\" data-e-type=\"container\">\n\t\t\t\t\t<div class=\"e-con-inner\">\n\t\t<div data-particle_enable=\"false\" data-particle-mobile-disabled=\"false\" class=\"elementor-element elementor-element-8e73608 e-flex e-con-boxed e-con e-child\" data-id=\"8e73608\" data-element_type=\"container\" data-e-type=\"container\">\n\t\t\t\t\t<div class=\"e-con-inner\">\n\t\t\t\t<div class=\"elementor-element elementor-element-e308678 elementor-widget elementor-widget-text-editor\" data-id=\"e308678\" data-element_type=\"widget\" data-e-type=\"widget\" data-widget_type=\"text-editor.default\">\n\t\t\t\t<div class=\"elementor-widget-container\">\n\t\t\t\t\t\t\t\t\t<h2 class=\"wp-block-heading\">1 \u2013 Vakiovuoroa voivat hakea:<\/h2><p>Kuopion korkeakoulujen opiskelija- ja henkil\u00f6st\u00f6ryhm\u00e4t, esimerkiksi eri ainej\u00e4rjest\u00f6jen, opiskelijayhdistysten, vuosikurssien ja yksik\u00f6iden\/laitosten ryhm\u00e4t. Muita vuorotoiveita k\u00e4sittelemme tapauskohtaisesti.<\/p><p>Vakiovuoron k\u00e4ytt\u00e4jien on oltava kuopiolaisten korkeakoulujen opiskelijoita\/henkil\u00f6kuntaa ja heill\u00e4 on oltava SYKETT\u00c4-liikuntatarra!<br \/><br \/><\/p><h2 class=\"wp-block-heading\">2 \u2013 Mit\u00e4 edellyt\u00e4mme vakiovuorolaisilta<\/h2><ul><li>Jokaisella vuoroa k\u00e4ytt\u00e4v\u00e4ll\u00e4 tulee olla voimassa oleva SYKETT\u00c4-tarra.<\/li><li>Vuorolla on nimetty vastuuhenkil\u00f6, jonka nimi ja s\u00e4hk\u00f6postiosoite ovat n\u00e4kyvill\u00e4 SYKETT\u00c4-liikuntakalenterissa.<\/li><li>Vuorojen vastuuhenkil\u00f6ille luodaan yhteinen viestiryhm\u00e4 tiedottamista varten.<\/li><li>Vuorolle ilmoittaudutaan aina liikuntakalenterin kautta. Vastuu ilmoittautumisesta on yksitt\u00e4isell\u00e4 liikkujalla, ei vakiovuoron vastaavalla.<\/li><li>Vuoron yksitt\u00e4inen peruutus tehd\u00e4\u00e4n s\u00e4hk\u00f6postilla liikuntasuunnittelijalle mahdollisimman aikaisin, jotta vuoro voidaan vapauttaa muiden k\u00e4ytt\u00f6\u00f6n.<\/li><li>Jos\u00a0vuorolle\u00a0ei ole en\u00e4\u00e4 tarvetta, ilmoittakaa asiasta mahdollisimman pian liikuntasuunnittelijalle<br \/><br \/><\/li><\/ul><h2 class=\"wp-block-heading\">3 \u2013 Vakiovuorojen jakoperusteet<\/h2><ul><li>Ryhm\u00e4 voi hakea useampaa vuoroa, mutta l\u00e4ht\u00f6kohtaisesti my\u00f6nn\u00e4mme:<br \/>\u2013 Studentialle 1 vuoro \/ ryhm\u00e4, k\u00e4yt\u00f6ss\u00e4 1 lohko \/ ryhm\u00e4, vuoron kesto 55 minuuttia<\/li><li>Hakulomakkeessa ilmoitetaan arvioitu k\u00e4vij\u00e4m\u00e4\u00e4r\u00e4 sek\u00e4 kuvaus, mit\u00e4 vuorolla tehd\u00e4\u00e4n.<\/li><li>Pyrimme jakamaan vuoroja ensisijaisen hakutoiveen mukaan.<br \/>Mik\u00e4li se ei ole mahdollista, pyrimme toteuttamaan toisen hakutoiveen jne.\u00a0Viimeisen\u00e4 vaihtoehtona on, ett\u00e4 arvomme vuorot.<br \/><br \/><\/li><\/ul><h2 class=\"wp-block-heading\">4 \u2013 Vakiovuorohaku kes\u00e4lle 2025 ja lukuvuodelle 2025-2026 Studentian liikuntasaliin ja Snellmanian peiliaulaan<\/h2><p>Ensi lukuvuodelle vakiovuoroja on tarjolla Studentian liikuntasalissa. Kes\u00e4vuoroja on tarjolla Studentian liikuntasalissa kes\u00e4- ja hein\u00e4kuussa.<br \/><br \/><\/p><h2 class=\"wp-block-heading\">5 \u2013 Hakulomake \u2013 vakiovuoro kaudelle 2025-2026<\/h2><p class=\"has-luminous-vivid-amber-background-color has-background\">Vuorojen haku p\u00e4\u00e4ttyy 22.5.2025.\u00a0<br \/><br \/><\/p><h2 class=\"wp-block-heading\">6 \u2013 K\u00e4ytt\u00f6asteen seuranta<\/h2><p>Vakiovuorojen k\u00e4ytt\u00f6astetta seurataan tarkkailemalla ilmoittautuneiden m\u00e4\u00e4ri\u00e4 sek\u00e4 satunnaisilla tarkastuksilla vuoroilla. K\u00e4ytt\u00e4m\u00e4tt\u00f6m\u00e4t vakiovuorot perutaan ja luovutetaan seuraavalle ryhm\u00e4lle.<\/p>\t\t\t\t\t\t\t\t<\/div>\n\t\t\t\t<\/div>\n\t\t\t\t\t<\/div>\n\t\t\t\t<\/div>\n\t\t\t\t\t<\/div>\n\t\t\t\t<\/div>\n\t\t<div data-particle_enable=\"false\" data-particle-mobile-disabled=\"false\" class=\"elementor-element elementor-element-3e1a7a0 e-flex e-con-boxed e-con e-parent\" data-id=\"3e1a7a0\" data-element_type=\"container\" data-e-type=\"container\">\n\t\t\t\t\t<div class=\"e-con-inner\">\n\t\t\t\t<div class=\"elementor-element elementor-element-e381e2d elementor-widget elementor-widget-heading\" data-id=\"e381e2d\" data-element_type=\"widget\" data-e-type=\"widget\" data-widget_type=\"heading.default\">\n\t\t\t\t<div class=\"elementor-widget-container\">\n\t\t\t\t\t<h2 class=\"elementor-heading-title elementor-size-default\">Hakulomake:<br><br><\/h2>\t\t\t\t<\/div>\n\t\t\t\t<\/div>\n\t\t\t\t<div class=\"elementor-element elementor-element-e0ae16d elementor-widget elementor-widget-button\" data-id=\"e0ae16d\" data-element_type=\"widget\" data-e-type=\"widget\" data-widget_type=\"button.default\">\n\t\t\t\t<div class=\"elementor-widget-container\">\n\t\t\t\t\t\t\t\t\t<div class=\"elementor-button-wrapper\">\n\t\t\t\t\t<a class=\"elementor-button elementor-button-link elementor-size-sm\" href=\"https:\/\/docs.google.com\/forms\/d\/e\/1FAIpQLSeFDeekiKpeZWl6tQdAMPlco33JxWvnyGJZnwYYXJPhnAJd7A\/viewform\">\n\t\t\t\t\t\t<span class=\"elementor-button-content-wrapper\">\n\t\t\t\t\t\t\t\t\t<span class=\"elementor-button-text\">vakiovuorojen hakulomake<\/span>\n\t\t\t\t\t<\/span>\n\t\t\t\t\t<\/a>\n\t\t\t\t<\/div>\n\t\t\t\t\t\t\t\t<\/div>\n\t\t\t\t<\/div>\n\t\t\t\t\t<\/div>\n\t\t\t\t<\/div>\n\t\t\t\t<\/div>\n\t\t","protected":false},"excerpt":{"rendered":"<p>1 \u2013 Vakiovuoroa voivat hakea: Kuopion korkeakoulujen opiskelija- ja henkil\u00f6st\u00f6ryhm\u00e4t, esimerkiksi eri ainej\u00e4rjest\u00f6jen, opiskelijayhdistysten, vuosikurssien ja yksik\u00f6iden\/laitosten ryhm\u00e4t. Muita vuorotoiveita k\u00e4sittelemme tapauskohtaisesti. Vakiovuoron k\u00e4ytt\u00e4jien on oltava kuopiolaisten korkeakoulujen opiskelijoita\/henkil\u00f6kuntaa ja heill\u00e4 on oltava SYKETT\u00c4-liikuntatarra! 2 \u2013 Mit\u00e4 edellyt\u00e4mme vakiovuorolaisilta Jokaisella vuoroa k\u00e4ytt\u00e4v\u00e4ll\u00e4 tulee olla voimassa oleva SYKETT\u00c4-tarra. Vuorolla on nimetty vastuuhenkil\u00f6, jonka nimi ja s\u00e4hk\u00f6postiosoite [&hellip;]<\/p>\n","protected":false},"author":3,"featured_media":0,"parent":483,"menu_order":0,"comment_status":"closed","ping_status":"closed","template":"","meta":{"iawp_total_views":89,"footnotes":""},"class_list":["post-879","page","type-page","status-publish","hentry"],"yoast_head":"<!-- This site is optimized with the Yoast SEO plugin v27.5 - https:\/\/yoast.com\/product\/yoast-seo-wordpress\/ -->\n<title>Vakiovuoro-ohjeistus - SYKETT\u00c4 Kuopio<\/title>\n<meta name=\"robots\" content=\"index, follow, max-snippet:-1, max-image-preview:large, max-video-preview:-1\" \/>\n<link rel=\"canonical\" href=\"https:\/\/xn--sykett-gua.fi\/kuopio\/tarjonta-jasenille\/vakiovuoro-ohjeistus\/\" \/>\n<meta property=\"og:locale\" content=\"fi_FI\" \/>\n<meta property=\"og:type\" content=\"article\" \/>\n<meta property=\"og:title\" content=\"Vakiovuoro-ohjeistus - SYKETT\u00c4 Kuopio\" \/>\n<meta property=\"og:description\" content=\"1 \u2013 Vakiovuoroa voivat hakea: Kuopion korkeakoulujen opiskelija- ja henkil\u00f6st\u00f6ryhm\u00e4t, esimerkiksi eri ainej\u00e4rjest\u00f6jen, opiskelijayhdistysten, vuosikurssien ja yksik\u00f6iden\/laitosten ryhm\u00e4t. Muita vuorotoiveita k\u00e4sittelemme tapauskohtaisesti. Vakiovuoron k\u00e4ytt\u00e4jien on oltava kuopiolaisten korkeakoulujen opiskelijoita\/henkil\u00f6kuntaa ja heill\u00e4 on oltava SYKETT\u00c4-liikuntatarra! 2 \u2013 Mit\u00e4 edellyt\u00e4mme vakiovuorolaisilta Jokaisella vuoroa k\u00e4ytt\u00e4v\u00e4ll\u00e4 tulee olla voimassa oleva SYKETT\u00c4-tarra. Vuorolla on nimetty vastuuhenkil\u00f6, jonka nimi ja s\u00e4hk\u00f6postiosoite [&hellip;]\" \/>\n<meta property=\"og:url\" content=\"https:\/\/xn--sykett-gua.fi\/kuopio\/tarjonta-jasenille\/vakiovuoro-ohjeistus\/\" \/>\n<meta property=\"og:site_name\" content=\"SYKETT\u00c4 Kuopio\" \/>\n<meta property=\"article:publisher\" content=\"https:\/\/www.facebook.com\/sykettakuopio\" \/>\n<meta property=\"article:modified_time\" content=\"2025-05-20T07:36:51+00:00\" \/>\n<meta name=\"twitter:card\" content=\"summary_large_image\" \/>\n<meta name=\"twitter:label1\" content=\"Arvioitu lukuaika\" \/>\n\t<meta name=\"twitter:data1\" content=\"2 minuuttia\" \/>\n<script type=\"application\/ld+json\" class=\"yoast-schema-graph\">{\"@context\":\"https:\\\/\\\/schema.org\",\"@graph\":[{\"@type\":\"WebPage\",\"@id\":\"https:\\\/\\\/xn--sykett-gua.fi\\\/kuopio\\\/tarjonta-jasenille\\\/vakiovuoro-ohjeistus\\\/\",\"url\":\"https:\\\/\\\/xn--sykett-gua.fi\\\/kuopio\\\/tarjonta-jasenille\\\/vakiovuoro-ohjeistus\\\/\",\"name\":\"Vakiovuoro-ohjeistus - SYKETT\u00c4 Kuopio\",\"isPartOf\":{\"@id\":\"https:\\\/\\\/xn--sykett-gua.fi\\\/kuopio\\\/#website\"},\"datePublished\":\"2025-05-05T06:03:37+00:00\",\"dateModified\":\"2025-05-20T07:36:51+00:00\",\"breadcrumb\":{\"@id\":\"https:\\\/\\\/xn--sykett-gua.fi\\\/kuopio\\\/tarjonta-jasenille\\\/vakiovuoro-ohjeistus\\\/#breadcrumb\"},\"inLanguage\":\"fi\",\"potentialAction\":[{\"@type\":\"ReadAction\",\"target\":[\"https:\\\/\\\/xn--sykett-gua.fi\\\/kuopio\\\/tarjonta-jasenille\\\/vakiovuoro-ohjeistus\\\/\"]}]},{\"@type\":\"BreadcrumbList\",\"@id\":\"https:\\\/\\\/xn--sykett-gua.fi\\\/kuopio\\\/tarjonta-jasenille\\\/vakiovuoro-ohjeistus\\\/#breadcrumb\",\"itemListElement\":[{\"@type\":\"ListItem\",\"position\":1,\"name\":\"Etusivu\",\"item\":\"https:\\\/\\\/xn--sykett-gua.fi\\\/kuopio\\\/\"},{\"@type\":\"ListItem\",\"position\":2,\"name\":\"Tarjonta j\u00e4senille\",\"item\":\"https:\\\/\\\/xn--sykett-gua.fi\\\/kuopio\\\/tarjonta-jasenille\\\/\"},{\"@type\":\"ListItem\",\"position\":3,\"name\":\"Vakiovuoro-ohjeistus\"}]},{\"@type\":\"WebSite\",\"@id\":\"https:\\\/\\\/xn--sykett-gua.fi\\\/kuopio\\\/#website\",\"url\":\"https:\\\/\\\/xn--sykett-gua.fi\\\/kuopio\\\/\",\"name\":\"SYKETT\u00c4 Kuopio\",\"description\":\"Kuopion korkeakoululiikunta\",\"publisher\":{\"@id\":\"https:\\\/\\\/xn--sykett-gua.fi\\\/kuopio\\\/#organization\"},\"potentialAction\":[{\"@type\":\"SearchAction\",\"target\":{\"@type\":\"EntryPoint\",\"urlTemplate\":\"https:\\\/\\\/xn--sykett-gua.fi\\\/kuopio\\\/?s={search_term_string}\"},\"query-input\":{\"@type\":\"PropertyValueSpecification\",\"valueRequired\":true,\"valueName\":\"search_term_string\"}}],\"inLanguage\":\"fi\"},{\"@type\":\"Organization\",\"@id\":\"https:\\\/\\\/xn--sykett-gua.fi\\\/kuopio\\\/#organization\",\"name\":\"SYKETT\u00c4 Kuopio\",\"url\":\"https:\\\/\\\/xn--sykett-gua.fi\\\/kuopio\\\/\",\"logo\":{\"@type\":\"ImageObject\",\"inLanguage\":\"fi\",\"@id\":\"https:\\\/\\\/xn--sykett-gua.fi\\\/kuopio\\\/#\\\/schema\\\/logo\\\/image\\\/\",\"url\":\"https:\\\/\\\/xn--sykett-gua.fi\\\/kuopio\\\/wp-content\\\/uploads\\\/sites\\\/2\\\/2024\\\/06\\\/Sykettalogo-02.png\",\"contentUrl\":\"https:\\\/\\\/xn--sykett-gua.fi\\\/kuopio\\\/wp-content\\\/uploads\\\/sites\\\/2\\\/2024\\\/06\\\/Sykettalogo-02.png\",\"width\":313,\"height\":119,\"caption\":\"SYKETT\u00c4 Kuopio\"},\"image\":{\"@id\":\"https:\\\/\\\/xn--sykett-gua.fi\\\/kuopio\\\/#\\\/schema\\\/logo\\\/image\\\/\"},\"sameAs\":[\"https:\\\/\\\/www.facebook.com\\\/sykettakuopio\",\"https:\\\/\\\/www.instagram.com\\\/syketta_kpo\\\/\",\"https:\\\/\\\/www.youtube.com\\\/channel\\\/UCtz5z3e0YQYE69xVWjsU7Uw\",\"https:\\\/\\\/www.tiktok.com\\\/@syketta_kuopio\"]}]}<\/script>\n<!-- \/ Yoast SEO plugin. -->","yoast_head_json":{"title":"Vakiovuoro-ohjeistus - SYKETT\u00c4 Kuopio","robots":{"index":"index","follow":"follow","max-snippet":"max-snippet:-1","max-image-preview":"max-image-preview:large","max-video-preview":"max-video-preview:-1"},"canonical":"https:\/\/xn--sykett-gua.fi\/kuopio\/tarjonta-jasenille\/vakiovuoro-ohjeistus\/","og_locale":"fi_FI","og_type":"article","og_title":"Vakiovuoro-ohjeistus - SYKETT\u00c4 Kuopio","og_description":"1 \u2013 Vakiovuoroa voivat hakea: Kuopion korkeakoulujen opiskelija- ja henkil\u00f6st\u00f6ryhm\u00e4t, esimerkiksi eri ainej\u00e4rjest\u00f6jen, opiskelijayhdistysten, vuosikurssien ja yksik\u00f6iden\/laitosten ryhm\u00e4t. Muita vuorotoiveita k\u00e4sittelemme tapauskohtaisesti. Vakiovuoron k\u00e4ytt\u00e4jien on oltava kuopiolaisten korkeakoulujen opiskelijoita\/henkil\u00f6kuntaa ja heill\u00e4 on oltava SYKETT\u00c4-liikuntatarra! 2 \u2013 Mit\u00e4 edellyt\u00e4mme vakiovuorolaisilta Jokaisella vuoroa k\u00e4ytt\u00e4v\u00e4ll\u00e4 tulee olla voimassa oleva SYKETT\u00c4-tarra. Vuorolla on nimetty vastuuhenkil\u00f6, jonka nimi ja s\u00e4hk\u00f6postiosoite [&hellip;]","og_url":"https:\/\/xn--sykett-gua.fi\/kuopio\/tarjonta-jasenille\/vakiovuoro-ohjeistus\/","og_site_name":"SYKETT\u00c4 Kuopio","article_publisher":"https:\/\/www.facebook.com\/sykettakuopio","article_modified_time":"2025-05-20T07:36:51+00:00","twitter_card":"summary_large_image","twitter_misc":{"Arvioitu lukuaika":"2 minuuttia"},"schema":{"@context":"https:\/\/schema.org","@graph":[{"@type":"WebPage","@id":"https:\/\/xn--sykett-gua.fi\/kuopio\/tarjonta-jasenille\/vakiovuoro-ohjeistus\/","url":"https:\/\/xn--sykett-gua.fi\/kuopio\/tarjonta-jasenille\/vakiovuoro-ohjeistus\/","name":"Vakiovuoro-ohjeistus - SYKETT\u00c4 Kuopio","isPartOf":{"@id":"https:\/\/xn--sykett-gua.fi\/kuopio\/#website"},"datePublished":"2025-05-05T06:03:37+00:00","dateModified":"2025-05-20T07:36:51+00:00","breadcrumb":{"@id":"https:\/\/xn--sykett-gua.fi\/kuopio\/tarjonta-jasenille\/vakiovuoro-ohjeistus\/#breadcrumb"},"inLanguage":"fi","potentialAction":[{"@type":"ReadAction","target":["https:\/\/xn--sykett-gua.fi\/kuopio\/tarjonta-jasenille\/vakiovuoro-ohjeistus\/"]}]},{"@type":"BreadcrumbList","@id":"https:\/\/xn--sykett-gua.fi\/kuopio\/tarjonta-jasenille\/vakiovuoro-ohjeistus\/#breadcrumb","itemListElement":[{"@type":"ListItem","position":1,"name":"Etusivu","item":"https:\/\/xn--sykett-gua.fi\/kuopio\/"},{"@type":"ListItem","position":2,"name":"Tarjonta j\u00e4senille","item":"https:\/\/xn--sykett-gua.fi\/kuopio\/tarjonta-jasenille\/"},{"@type":"ListItem","position":3,"name":"Vakiovuoro-ohjeistus"}]},{"@type":"WebSite","@id":"https:\/\/xn--sykett-gua.fi\/kuopio\/#website","url":"https:\/\/xn--sykett-gua.fi\/kuopio\/","name":"SYKETT\u00c4 Kuopio","description":"Kuopion korkeakoululiikunta","publisher":{"@id":"https:\/\/xn--sykett-gua.fi\/kuopio\/#organization"},"potentialAction":[{"@type":"SearchAction","target":{"@type":"EntryPoint","urlTemplate":"https:\/\/xn--sykett-gua.fi\/kuopio\/?s={search_term_string}"},"query-input":{"@type":"PropertyValueSpecification","valueRequired":true,"valueName":"search_term_string"}}],"inLanguage":"fi"},{"@type":"Organization","@id":"https:\/\/xn--sykett-gua.fi\/kuopio\/#organization","name":"SYKETT\u00c4 Kuopio","url":"https:\/\/xn--sykett-gua.fi\/kuopio\/","logo":{"@type":"ImageObject","inLanguage":"fi","@id":"https:\/\/xn--sykett-gua.fi\/kuopio\/#\/schema\/logo\/image\/","url":"https:\/\/xn--sykett-gua.fi\/kuopio\/wp-content\/uploads\/sites\/2\/2024\/06\/Sykettalogo-02.png","contentUrl":"https:\/\/xn--sykett-gua.fi\/kuopio\/wp-content\/uploads\/sites\/2\/2024\/06\/Sykettalogo-02.png","width":313,"height":119,"caption":"SYKETT\u00c4 Kuopio"},"image":{"@id":"https:\/\/xn--sykett-gua.fi\/kuopio\/#\/schema\/logo\/image\/"},"sameAs":["https:\/\/www.facebook.com\/sykettakuopio","https:\/\/www.instagram.com\/syketta_kpo\/","https:\/\/www.youtube.com\/channel\/UCtz5z3e0YQYE69xVWjsU7Uw","https:\/\/www.tiktok.com\/@syketta_kuopio"]}]}},"_links":{"self":[{"href":"https:\/\/xn--sykett-gua.fi\/kuopio\/wp-json\/wp\/v2\/pages\/879","targetHints":{"allow":["GET"]}}],"collection":[{"href":"https:\/\/xn--sykett-gua.fi\/kuopio\/wp-json\/wp\/v2\/pages"}],"about":[{"href":"https:\/\/xn--sykett-gua.fi\/kuopio\/wp-json\/wp\/v2\/types\/page"}],"author":[{"embeddable":true,"href":"https:\/\/xn--sykett-gua.fi\/kuopio\/wp-json\/wp\/v2\/users\/3"}],"replies":[{"embeddable":true,"href":"https:\/\/xn--sykett-gua.fi\/kuopio\/wp-json\/wp\/v2\/comments?post=879"}],"version-history":[{"count":40,"href":"https:\/\/xn--sykett-gua.fi\/kuopio\/wp-json\/wp\/v2\/pages\/879\/revisions"}],"predecessor-version":[{"id":48486,"href":"https:\/\/xn--sykett-gua.fi\/kuopio\/wp-json\/wp\/v2\/pages\/879\/revisions\/48486"}],"up":[{"embeddable":true,"href":"https:\/\/xn--sykett-gua.fi\/kuopio\/wp-json\/wp\/v2\/pages\/483"}],"wp:attachment":[{"href":"https:\/\/xn--sykett-gua.fi\/kuopio\/wp-json\/wp\/v2\/media?parent=879"}],"curies":[{"name":"wp","href":"https:\/\/api.w.org\/{rel}","templated":true}]}}